{"id":133,"date":"2011-05-19T16:47:46","date_gmt":"2011-05-19T16:47:46","guid":{"rendered":"http:\/\/localhost\/unidades\/bonfim\/?page_id=133"},"modified":"2025-03-13T09:22:21","modified_gmt":"2025-03-13T12:22:21","slug":"contatos-2","status":"publish","type":"page","link":"https:\/\/www.ifbaiano.edu.br\/unidades\/urucuca\/contatos-2\/","title":{"rendered":"Contatos"},"content":{"rendered":"\n<figure class=\"wp-block-table is-style-stripes\"><table><tbody><tr><td><strong>GABINETE DA DIRE\u00c7\u00c3O-GERAL<\/strong><\/td><td>gabinete@urucuca.ifbaiano.edu.br    <br>WhatsApp: (71) 99345-7955                                            <\/td><\/tr><tr><td><strong>DIRETORIA ACAD\u00caMICA<\/strong><\/td><td>da@urucuca.ifbaiano.edu.br<\/td><\/tr><tr><td><strong>DIRETORIA ADMINISTRATIVA<\/strong><\/td><td>dap@urucuca.ifbaiano.edu.br<\/td><\/tr><tr><td><strong>SECRETARIA &#8211; Certifica\u00e7\u00e3o \/ Transfer\u00eancia \/ Documenta\u00e7\u00e3o<\/strong><\/td><td>secretaria@urucuca.ifbaiano.edu.br<br>WhatsApp: (73) 99939-9390<\/td><\/tr><tr><td><strong>ASSESSORIA DE COMUNICA\u00c7\u00c3O (ASCOM)<\/strong><\/td><td>ascom@urucuca.ifbaiano.edu.br<\/td><\/tr><tr><td><strong>BIBLIOTECA<\/strong><\/td><td>biblioteca@urucuca.ifbaiano.edu.br<\/td><\/tr><tr><td><strong>COORDENA\u00c7\u00c3O DE ASSUNTOS ESTUDANTIS (CAE)<\/strong><\/td><td>cae@urucuca.ifbaiano.edu.br<br>assistenciaestudantil@urucuca.ifbaiano.edu.br<br>WhatsApp: (73) 98226-8115<\/td><\/tr><tr><td><strong>COORDENA\u00c7\u00c3O DE ENSINO<\/strong><\/td><td>ce@urucuca.ifbaiano.edu.br <\/td><\/tr><tr><td><strong>COORDENA\u00c7\u00c3O DE EXTENS\u00c3O<\/strong><\/td><td>extensao@urucuca.ifbaiano.edu.br<\/td><\/tr><tr><td><strong>COORDENA\u00c7\u00c3O DE PESQUISA<\/strong><\/td><td>pesquisa@urucuca.ifbaiano.edu.br<\/td><\/tr><tr><td><strong>N\u00daCLEO DE APOIO A GEST\u00c3O DE PESSOAS (NAGP)<\/strong><\/td><td>nagp@urucuca.ifbaiano.edu.br<br><\/td><\/tr><tr><td><strong>ENSINO M\u00c9DIO INTEGRADO<\/strong><\/td><td>WhatsApp (73) 99124-8645<\/td><\/tr><tr><td><strong>N\u00daCLEO DE ATENDIMENTO A PESSOAS COM NECESSIDADES ESPEC\u00cdFICAS (NAPNE)<\/strong><\/td><td>napne@urucuca.ifbaiano.edu.br<br><\/td><\/tr><tr><td><strong>N\u00daCLEO DE ESTUDOS DE G\u00caNERO E SEXUALIDADE (GENI)<\/strong><\/td><td>geni@urucuca.ifbaiano.edu.br<\/td><\/tr><tr><td><strong>N\u00daCLEO DE ESTUDOS AFRO-BRASILEIROS E IND\u00cdGENAS  (NEABI)<\/strong><\/td><td>neabi@urucuca.ifbaiano.edu.br<\/td><\/tr><tr><td><strong>COORDENA\u00c7\u00c3O FINANCEIRA E CONT\u00c1BIL<\/strong><\/td><td>cfc@urucuca.ifbaiano.edu.br<\/td><\/tr><tr><td><strong>N\u00daCLEO DE COMPRAS E LICITA\u00c7\u00d5ES<\/strong><\/td><td>compras@urucuca.ifbaiano.edu.br<\/td><\/tr><tr><td><strong>N\u00daCLEO DE CONTRATOS (GERCONT)<\/strong><\/td><td>contratos@urucuca.ifbaiano.edu.br<\/td><\/tr><tr><td><strong>N\u00daCLEO DE GEST\u00c3O DE TECNOLOGIA DE INFORMA\u00c7\u00c3O (NGTI)<\/strong><\/td><td>ngti@urucuca.ifbaiano.edu.br<\/td><\/tr><tr><td><strong>N\u00daCLEO DE ASSESSORIA T\u00c9CNICO-PEDAG\u00d3GICA (NATEPE)<\/strong><\/td><td>natepe@urucuca.ifbaiano.edu.br<\/td><\/tr><tr><td><strong>N\u00daCLEO DE PLANEJAMENTO DE PARCERIAS INSTITUCIONAIS (NUPPI)<\/strong><\/td><td>nuppi@urucuca.ifbaiano.edu.br<\/td><\/tr><tr><td><strong>N\u00daCLEO DE GEST\u00c3O DE RES\u00cdDUOS S\u00d3LIDOS E EDUCA\u00c7\u00c3O AMBIENTAL (NUGEA)<\/strong><\/td><td>nugea@urucuca.ifbaiano.edu.br<\/td><\/tr><tr><td><strong><strong>COORDENA\u00c7\u00c3O<\/strong> DO CURSO DE INFORM\u00c1TICA<\/strong><\/td><td>nuinf@urucuca.ifbaiano.edu.br<\/td><\/tr><tr><td><strong><strong>COORDENA\u00c7\u00c3O<\/strong> DO CURSO DE GUIA DE TURISMO<\/strong><\/td><td>nuint@urucuca.ifbaiano.edu.br<\/td><\/tr><tr><td><strong><strong>COORDENA\u00c7\u00c3O<\/strong> DO CURSO DE AGROPECU\u00c1RIA<\/strong><\/td><td>agropecuaria@urucuca.ifbaiano.edu.br<\/td><\/tr><tr><td><strong><strong>COORDENA\u00c7\u00c3O<\/strong> DO CURSO DE AGRIMENSURA<\/strong><\/td><td>subsequente.agrimensura@urucuca.ifbaiano.edu.br<\/td><\/tr><tr><td><strong><strong>COORDENA\u00c7\u00c3O<\/strong> <\/strong> <strong>DO CURSO DE ALIMENTOS<\/strong><\/td><td>subsequente.alimentos@urucuca.ifbaiano.edu.br<\/td><\/tr><tr><td><strong><strong>COORDENA\u00c7\u00c3O<\/strong>  DO CURSO DE AGROECOLOGIA<\/strong><\/td><td>coordenacao.agroecologia@urucuca.ifbaiano.edu.br<\/td><\/tr><tr><td><strong><strong>COORDENA\u00c7\u00c3O<\/strong> <\/strong> <strong>DO CURSO DE ENGENHARIA DE ALIMENTOS<\/strong><\/td><td>engenharia.alimentos@urucuca.ifbaiano.edu.br<\/td><\/tr><tr><td><strong><strong>COORDENA\u00c7\u00c3O<\/strong> <\/strong> <strong>DO CURSO DE GEST\u00c3O DE TURISMO<\/strong><\/td><td>coordenacaocht@urucuca.ifbaiano.edu.br<\/td><\/tr><tr><td><strong>CUEC<\/strong><\/td><td>cuec@urucuca.ifbaiano.edu.br<\/td><\/tr><tr><td><strong>COORDENA\u00c7\u00c3O DE EDUCA\u00c7\u00c3O \u00c0 DIST\u00c2NCIA<\/strong><\/td><td>cead.uru@ead.ifbaiano.edu.br<\/td><\/tr><tr><td><strong>P\u00d3S-GRADUA\u00c7\u00c3O EM CI\u00caNCIA  E TECNOLOGIA DE ALIMENTOS COM \u00caNFASE EM CACAU E CHOCOLATE<\/strong><\/td><td>pos.alim@urucuca.ifbaiano.edu.br<\/td><\/tr><tr><td><strong>P\u00d3S-GRADUA\u00c7\u00c3O EM DESENVOLVIMENTO REGIONAL REGIONAL SUSTENT\u00c1VEL <\/strong><\/td><td>pos.drs@urucuca.ifbaiano.edu.br<\/td><\/tr><tr><td><strong><strong>P\u00d3S-GRADUA\u00c7\u00c3O EM<\/strong> EDUCA\u00c7\u00c3O CIENT\u00cdFICA E CIDADANIA<\/strong><\/td><td>pos.educ@urucuca.ifbaiano.edu.br<\/td><\/tr><tr><td><strong>ALMOXARIFADO<\/strong><\/td><td>almoxarifado@urucuca.ifbaiano.edu.br<\/td><\/tr><tr><td><strong>SETOR DE TRANSPORTES E COORDENA\u00c7\u00c3O DE SUPRIMENTOS E LOG\u00cdSTICA<\/strong><\/td><td>transporte@urucuca.ifbaiano.edu.br<\/td><\/tr><tr><td><strong>PORTARIA<\/strong><\/td><td>73 99132-2614<\/td><\/tr><\/tbody><\/table><\/figure>\n","protected":false},"excerpt":{"rendered":"<p>GABINETE DA DIRE\u00c7\u00c3O-GERAL gabinete@urucuca.ifbaiano.edu.br WhatsApp: (71) 99345-7955 DIRETORIA ACAD\u00caMICA da@urucuca.ifbaiano.edu.br DIRETORIA ADMINISTRATIVA dap@urucuca.ifbaiano.edu.br SECRETARIA &#8211; Certifica\u00e7\u00e3o \/ Transfer\u00eancia \/ Documenta\u00e7\u00e3o secretaria@urucuca.ifbaiano.edu.brWhatsApp: (73) 99939-9390 ASSESSORIA DE COMUNICA\u00c7\u00c3O (ASCOM) ascom@urucuca.ifbaiano.edu.br BIBLIOTECA biblioteca@urucuca.ifbaiano.edu.br COORDENA\u00c7\u00c3O DE ASSUNTOS ESTUDANTIS (CAE) cae@urucuca.ifbaiano.edu.brassistenciaestudantil@urucuca.ifbaiano.edu.brWhatsApp: (73) 98226-8115 COORDENA\u00c7\u00c3O DE ENSINO ce@urucuca.ifbaiano.edu.br COORDENA\u00c7\u00c3O DE EXTENS\u00c3O extensao@urucuca.ifbaiano.edu.br COORDENA\u00c7\u00c3O DE PESQUISA pesquisa@urucuca.ifbaiano.edu.br N\u00daCLEO DE APOIO A GEST\u00c3O [&hellip;]<\/p>\n","protected":false},"author":1,"featured_media":0,"parent":0,"menu_order":0,"comment_status":"closed","ping_status":"closed","template":"","meta":[],"_links":{"self":[{"href":"https:\/\/www.ifbaiano.edu.br\/unidades\/urucuca\/wp-json\/wp\/v2\/pages\/133"}],"collection":[{"href":"https:\/\/www.ifbaiano.edu.br\/unidades\/urucuca\/wp-json\/wp\/v2\/pages"}],"about":[{"href":"https:\/\/www.ifbaiano.edu.br\/unidades\/urucuca\/wp-json\/wp\/v2\/types\/page"}],"author":[{"embeddable":true,"href":"https:\/\/www.ifbaiano.edu.br\/unidades\/urucuca\/wp-json\/wp\/v2\/users\/1"}],"replies":[{"embeddable":true,"href":"https:\/\/www.ifbaiano.edu.br\/unidades\/urucuca\/wp-json\/wp\/v2\/comments?post=133"}],"version-history":[{"count":186,"href":"https:\/\/www.ifbaiano.edu.br\/unidades\/urucuca\/wp-json\/wp\/v2\/pages\/133\/revisions"}],"predecessor-version":[{"id":11498,"href":"https:\/\/www.ifbaiano.edu.br\/unidades\/urucuca\/wp-json\/wp\/v2\/pages\/133\/revisions\/11498"}],"wp:attachment":[{"href":"https:\/\/www.ifbaiano.edu.br\/unidades\/urucuca\/wp-json\/wp\/v2\/media?parent=133"}],"curies":[{"name":"wp","href":"https:\/\/api.w.org\/{rel}","templated":true}]}}