{"id":13628,"date":"2026-02-11T10:03:21","date_gmt":"2026-02-11T13:03:21","guid":{"rendered":"https:\/\/www.ifbaiano.edu.br\/unidades\/urucuca\/?page_id=13628"},"modified":"2026-02-11T10:03:22","modified_gmt":"2026-02-11T13:03:22","slug":"boletins-de-servico-interno-anos-anteriores","status":"publish","type":"page","link":"https:\/\/www.ifbaiano.edu.br\/unidades\/urucuca\/boletins-de-servico-interno-anos-anteriores\/","title":{"rendered":"Boletins de Servi\u00e7o Interno &#8211; anos anteriores"},"content":{"rendered":"\n<p>O Boletim de Servi\u00e7o Interno \u00e9 uma publica\u00e7\u00e3o mensal, elaborado pela Diretoria-Geral do Instituto Federal de Educa\u00e7\u00e3o, Ci\u00eancia e Tecnologia Baiano \u2013 campus Uru\u00e7uca, vinculado ao Minist\u00e9rio da Educa\u00e7\u00e3o. <\/p>\n\n\n\n<p><\/p>\n\n\n\n<figure class=\"wp-block-table alignleft is-style-stripes\"><table class=\"has-background has-fixed-layout\" style=\"background-color:#006400\"><thead><tr><th><\/th><\/tr><\/thead><tbody><tr><td><strong>Ano: 2024<\/strong><br><\/td><\/tr><\/tbody><\/table><figcaption class=\"wp-element-caption\"><a rel=\"noreferrer noopener\" href=\"https:\/\/www.ifbaiano.edu.br\/unidades\/urucuca\/files\/2024\/02\/BSI-Janeiro-3.pdf\" data-type=\"URL\" data-id=\"https:\/\/www.ifbaiano.edu.br\/unidades\/urucuca\/files\/2024\/02\/BSI-Janeiro-3.pdf\" target=\"_blank\">Janeiro<\/a> <br><a rel=\"noreferrer noopener\" href=\"https:\/\/www.ifbaiano.edu.br\/unidades\/urucuca\/files\/2024\/03\/BSI-Fevereiro-1.pdf\" data-type=\"URL\" data-id=\"https:\/\/www.ifbaiano.edu.br\/unidades\/urucuca\/files\/2024\/03\/BSI-Fevereiro-1.pdf\" target=\"_blank\">Fevereiro<\/a><br><a rel=\"noreferrer noopener\" href=\"https:\/\/www.ifbaiano.edu.br\/unidades\/urucuca\/files\/2024\/04\/BSI-Marco.pdf\" data-type=\"URL\" data-id=\"https:\/\/www.ifbaiano.edu.br\/unidades\/urucuca\/files\/2024\/04\/BSI-Marco.pdf\" target=\"_blank\">Mar\u00e7o<\/a><br><a rel=\"noreferrer noopener\" href=\"https:\/\/www.ifbaiano.edu.br\/unidades\/urucuca\/files\/2024\/05\/BSI-Abril-1.pdf\" data-type=\"URL\" data-id=\"https:\/\/www.ifbaiano.edu.br\/unidades\/urucuca\/files\/2024\/05\/BSI-Abril-1.pdf\" target=\"_blank\">Abril<\/a><br><a rel=\"noreferrer noopener\" href=\"https:\/\/www.ifbaiano.edu.br\/unidades\/urucuca\/files\/2024\/07\/Maio.Junho_.pdf\" data-type=\"URL\" data-id=\"https:\/\/www.ifbaiano.edu.br\/unidades\/urucuca\/files\/2024\/07\/Maio.Junho_.pdf\" target=\"_blank\">Maio<\/a><br><a rel=\"noreferrer noopener\" href=\"https:\/\/www.ifbaiano.edu.br\/unidades\/urucuca\/files\/2024\/07\/Maio.Junho_.pdf\" data-type=\"URL\" data-id=\"https:\/\/www.ifbaiano.edu.br\/unidades\/urucuca\/files\/2024\/07\/Maio.Junho_.pdf\" target=\"_blank\">Junho<\/a><br><a rel=\"noreferrer noopener\" href=\"https:\/\/www.ifbaiano.edu.br\/unidades\/urucuca\/files\/2024\/08\/Julho.pdf\" data-type=\"URL\" data-id=\"https:\/\/www.ifbaiano.edu.br\/unidades\/urucuca\/files\/2024\/08\/Julho.pdf\" target=\"_blank\">Julho<\/a><br><a href=\"https:\/\/www.ifbaiano.edu.br\/unidades\/urucuca\/files\/2024\/09\/Agosto.pdf\" data-type=\"URL\" data-id=\"https:\/\/www.ifbaiano.edu.br\/unidades\/urucuca\/files\/2024\/09\/Agosto.pdf\">Agosto<\/a><br><a rel=\"noreferrer noopener\" href=\"https:\/\/www.ifbaiano.edu.br\/unidades\/urucuca\/files\/2024\/10\/Setembro.pdf\" data-type=\"URL\" data-id=\"https:\/\/www.ifbaiano.edu.br\/unidades\/urucuca\/files\/2024\/10\/Setembro.pdf\" target=\"_blank\">Setembro<\/a><br><a rel=\"noreferrer noopener\" href=\"https:\/\/www.ifbaiano.edu.br\/unidades\/urucuca\/files\/2024\/11\/BSI-Outubro.pdf\" data-type=\"URL\" data-id=\"https:\/\/www.ifbaiano.edu.br\/unidades\/urucuca\/files\/2024\/11\/BSI-Outubro.pdf\" target=\"_blank\">Outubro<\/a><br><a rel=\"noreferrer noopener\" href=\"https:\/\/www.ifbaiano.edu.br\/unidades\/urucuca\/files\/2025\/01\/Novembro-1.pdf\" data-type=\"URL\" data-id=\"https:\/\/www.ifbaiano.edu.br\/unidades\/urucuca\/files\/2025\/01\/Novembro-1.pdf\" target=\"_blank\">Novembro<\/a><br><a href=\"https:\/\/www.ifbaiano.edu.br\/unidades\/urucuca\/files\/2025\/02\/Dezembro.pdf\" data-type=\"URL\" data-id=\"https:\/\/www.ifbaiano.edu.br\/unidades\/urucuca\/files\/2025\/02\/Dezembro.pdf\" target=\"_blank\" rel=\"noreferrer noopener\">Dezembro<\/a><a rel=\"noreferrer noopener\" href=\"https:\/\/www.ifbaiano.edu.br\/unidades\/urucuca\/files\/2025\/01\/Novembro-1.pdf\" data-type=\"URL\" data-id=\"https:\/\/www.ifbaiano.edu.br\/unidades\/urucuca\/files\/2025\/01\/Novembro-1.pdf\" target=\"_blank\"><br><\/a><br><\/figcaption><\/figure>\n\n\n\n<figure class=\"wp-block-table alignleft is-style-stripes\"><table class=\"has-background has-fixed-layout\" style=\"background-color:#006400\"><thead><tr><th><\/th><\/tr><\/thead><tbody><tr><td><strong><span style=\"color:#006400\" class=\"has-inline-color\">Ano: 2023<\/span><\/strong><br><\/td><\/tr><\/tbody><\/table><figcaption class=\"wp-element-caption\"><a rel=\"noreferrer noopener\" href=\"https:\/\/www.ifbaiano.edu.br\/unidades\/urucuca\/files\/2023\/02\/BSI-Janeiro-1.pdf\" data-type=\"URL\" data-id=\"https:\/\/www.ifbaiano.edu.br\/unidades\/urucuca\/files\/2023\/02\/BSI-Janeiro-1.pdf\" target=\"_blank\">Janeiro<\/a> <br><a rel=\"noreferrer noopener\" href=\"https:\/\/www.ifbaiano.edu.br\/unidades\/urucuca\/files\/2023\/03\/BSI-Fevereiro.pdf\" data-type=\"URL\" data-id=\"https:\/\/www.ifbaiano.edu.br\/unidades\/urucuca\/files\/2023\/03\/BSI-Fevereiro.pdf\" target=\"_blank\">Fevereiro<\/a><br><a rel=\"noreferrer noopener\" href=\"https:\/\/www.ifbaiano.edu.br\/unidades\/urucuca\/files\/2023\/04\/BSI-Marco.pdf\" data-type=\"URL\" data-id=\"https:\/\/www.ifbaiano.edu.br\/unidades\/urucuca\/files\/2023\/04\/BSI-Marco.pdf\" target=\"_blank\">Mar\u00e7o<\/a><br><a rel=\"noreferrer noopener\" href=\"https:\/\/www.ifbaiano.edu.br\/unidades\/urucuca\/files\/2023\/05\/BSI-Abril.pdf\" data-type=\"URL\" data-id=\"https:\/\/www.ifbaiano.edu.br\/unidades\/urucuca\/files\/2023\/05\/BSI-Abril.pdf\" target=\"_blank\">Abril<\/a><br><a rel=\"noreferrer noopener\" href=\"https:\/\/www.ifbaiano.edu.br\/unidades\/urucuca\/files\/2023\/06\/BSI-MAIO.pdf\" data-type=\"URL\" data-id=\"https:\/\/www.ifbaiano.edu.br\/unidades\/urucuca\/files\/2023\/06\/BSI-MAIO.pdf\" target=\"_blank\">Maio<\/a><br><a rel=\"noreferrer noopener\" href=\"https:\/\/www.ifbaiano.edu.br\/unidades\/urucuca\/files\/2023\/07\/BSI-Junho.pdf\" data-type=\"URL\" data-id=\"https:\/\/www.ifbaiano.edu.br\/unidades\/urucuca\/files\/2023\/07\/BSI-Junho.pdf\" target=\"_blank\">Junho<\/a><br><a rel=\"noreferrer noopener\" href=\"https:\/\/www.ifbaiano.edu.br\/unidades\/urucuca\/files\/2023\/08\/BSI-Julho.pdf\" data-type=\"URL\" data-id=\"https:\/\/www.ifbaiano.edu.br\/unidades\/urucuca\/files\/2023\/08\/BSI-Julho.pdf\" target=\"_blank\">Julho<\/a><br><a rel=\"noreferrer noopener\" href=\"https:\/\/www.ifbaiano.edu.br\/unidades\/urucuca\/files\/2023\/09\/BSI-Agosto-1.pdf\" data-type=\"URL\" data-id=\"https:\/\/www.ifbaiano.edu.br\/unidades\/urucuca\/files\/2023\/09\/BSI-Agosto-1.pdf\" target=\"_blank\">Agosto<\/a><br><a rel=\"noreferrer noopener\" href=\"https:\/\/www.ifbaiano.edu.br\/unidades\/urucuca\/files\/2023\/10\/BSI-Setembro-1.pdf\" data-type=\"URL\" data-id=\"https:\/\/www.ifbaiano.edu.br\/unidades\/urucuca\/files\/2023\/10\/BSI-Setembro-1.pdf\" target=\"_blank\">Setembro<\/a><br><a rel=\"noreferrer noopener\" href=\"https:\/\/www.ifbaiano.edu.br\/unidades\/urucuca\/files\/2023\/12\/BSI-Outubro.pdf\" data-type=\"URL\" data-id=\"https:\/\/www.ifbaiano.edu.br\/unidades\/urucuca\/files\/2023\/12\/BSI-Outubro.pdf\" target=\"_blank\">Outubro<\/a><br><a rel=\"noreferrer noopener\" href=\"https:\/\/www.ifbaiano.edu.br\/unidades\/urucuca\/files\/2023\/12\/BSI-Novembro-1.pdf\" data-type=\"URL\" data-id=\"https:\/\/www.ifbaiano.edu.br\/unidades\/urucuca\/files\/2023\/12\/BSI-Novembro-1.pdf\" target=\"_blank\">Novembro<\/a><br><a href=\"https:\/\/www.ifbaiano.edu.br\/unidades\/urucuca\/files\/2024\/01\/BSI-Dezembro-1.pdf\" data-type=\"URL\" data-id=\"https:\/\/www.ifbaiano.edu.br\/unidades\/urucuca\/files\/2024\/01\/BSI-Dezembro-1.pdf\" target=\"_blank\" rel=\"noreferrer noopener\">Dezembro<\/a><br><br><\/figcaption><\/figure>\n\n\n\n<p><\/p>\n\n\n\n<p><\/p>\n\n\n\n<p><\/p>\n\n\n\n<p><\/p>\n\n\n\n<p><\/p>\n\n\n\n<p><\/p>\n\n\n\n<p><\/p>\n\n\n\n<figure class=\"wp-block-table alignleft is-style-stripes\"><table class=\"has-background has-fixed-layout\" style=\"background-color:#006400\"><thead><tr><th><\/th><\/tr><\/thead><tbody><tr><td><strong><span style=\"color:#006400\" class=\"has-inline-color\">Ano: 2022<\/span><\/strong><br><\/td><\/tr><\/tbody><\/table><figcaption class=\"wp-element-caption\"> <a rel=\"noreferrer noopener\" href=\"https:\/\/www.ifbaiano.edu.br\/unidades\/urucuca\/files\/2022\/03\/Boletim-de-Servico-Interno-Janeiro-2022.pdf\" target=\"_blank\">Janeiro<\/a> <br><a rel=\"noreferrer noopener\" href=\"https:\/\/www.ifbaiano.edu.br\/unidades\/urucuca\/files\/2022\/04\/Boletim-de-Servico-Interno-Fevereiro.pdf\" target=\"_blank\">Fevereiro<\/a><br><a rel=\"noreferrer noopener\" href=\"https:\/\/www.ifbaiano.edu.br\/unidades\/urucuca\/files\/2022\/04\/Boletim-de-Servico-Interno-Marco.pdf\" target=\"_blank\">Mar\u00e7o<\/a><br><a rel=\"noreferrer noopener\" href=\"https:\/\/www.ifbaiano.edu.br\/unidades\/urucuca\/files\/2022\/05\/Boletim-Servico-Interno-Abril2022.pdf\" target=\"_blank\">Abril<\/a><br><a rel=\"noreferrer noopener\" href=\"https:\/\/www.ifbaiano.edu.br\/unidades\/urucuca\/files\/2022\/07\/BSI-maio.pdf\" target=\"_blank\">Maio<\/a> <br><a rel=\"noreferrer noopener\" href=\"https:\/\/www.ifbaiano.edu.br\/unidades\/urucuca\/files\/2022\/07\/BSI-Junho.pdf\" data-type=\"URL\" data-id=\"https:\/\/www.ifbaiano.edu.br\/unidades\/urucuca\/files\/2022\/07\/BSI-Junho.pdf\" target=\"_blank\">Junho<\/a> <br><a rel=\"noreferrer noopener\" href=\"https:\/\/www.ifbaiano.edu.br\/unidades\/urucuca\/files\/2022\/08\/BSI-Julho.2022.pdf\" data-type=\"URL\" data-id=\"https:\/\/www.ifbaiano.edu.br\/unidades\/urucuca\/files\/2022\/08\/BSI-Julho.2022.pdf\" target=\"_blank\">Julho<\/a> <br><a rel=\"noreferrer noopener\" href=\"https:\/\/www.ifbaiano.edu.br\/unidades\/urucuca\/files\/2022\/09\/BSI-Agosto.pdf\" data-type=\"URL\" data-id=\"https:\/\/www.ifbaiano.edu.br\/unidades\/urucuca\/files\/2022\/09\/BSI-Agosto.pdf\" target=\"_blank\">Agosto<\/a><br> <a href=\"https:\/\/www.ifbaiano.edu.br\/unidades\/urucuca\/files\/2023\/03\/BSI-Setembro-1.pdf\" data-type=\"URL\" data-id=\"https:\/\/www.ifbaiano.edu.br\/unidades\/urucuca\/files\/2023\/03\/BSI-Setembro-1.pdf\" target=\"_blank\" rel=\"noreferrer noopener\">Setembro<\/a><br><a rel=\"noreferrer noopener\" href=\"https:\/\/www.ifbaiano.edu.br\/unidades\/urucuca\/files\/2022\/11\/BSI-Outubro.pdf\" data-type=\"URL\" data-id=\"https:\/\/www.ifbaiano.edu.br\/unidades\/urucuca\/files\/2022\/11\/BSI-Outubro.pdf\" target=\"_blank\">Outubro<\/a><br><a rel=\"noreferrer noopener\" href=\"https:\/\/www.ifbaiano.edu.br\/unidades\/urucuca\/files\/2023\/01\/BSI-Novembro.pdf\" data-type=\"URL\" data-id=\"https:\/\/www.ifbaiano.edu.br\/unidades\/urucuca\/files\/2023\/01\/BSI-Novembro.pdf\" target=\"_blank\">Novembro<\/a><br><a rel=\"noreferrer noopener\" href=\"https:\/\/www.ifbaiano.edu.br\/unidades\/urucuca\/files\/2023\/01\/BSI-Dezembro.pdf\" data-type=\"URL\" data-id=\"https:\/\/www.ifbaiano.edu.br\/unidades\/urucuca\/files\/2023\/01\/BSI-Dezembro.pdf\" target=\"_blank\">Dezembro<\/a><\/figcaption><\/figure>\n\n\n\n<p><\/p>\n\n\n\n<p><\/p>\n\n\n\n<p><\/p>\n\n\n\n<p><\/p>\n\n\n\n<p><\/p>\n\n\n\n<p><\/p>\n\n\n\n<p><\/p>\n\n\n\n<p><\/p>\n\n\n\n<p><\/p>\n\n\n\n<p><\/p>\n\n\n\n<p><\/p>\n\n\n\n<figure class=\"wp-block-table alignleft is-style-stripes\"><table class=\"has-background has-fixed-layout\" style=\"background-color:#006400\"><thead><tr><th><\/th><\/tr><\/thead><tbody><tr><td><strong><span style=\"color:#006400\" class=\"has-inline-color\">Ano: 2021<\/span><\/strong><br><\/td><\/tr><\/tbody><\/table><figcaption class=\"wp-element-caption\"><a href=\"https:\/\/www.ifbaiano.edu.br\/unidades\/urucuca\/files\/2021\/02\/Boletim-de-Servico-Interno-Janeiro-2021.pdf\">Janeiro<\/a><br><a rel=\"noreferrer noopener\" href=\"https:\/\/www.ifbaiano.edu.br\/unidades\/urucuca\/files\/2021\/03\/Boletim-de-Servico-Interno-Fevereiro.pdf\" target=\"_blank\">Fevereiro<\/a><br><a rel=\"noreferrer noopener\" href=\"https:\/\/www.ifbaiano.edu.br\/unidades\/urucuca\/files\/2021\/04\/Boletim-de-Servico-Interno-Marco.pdf\" target=\"_blank\">Mar\u00e7o<\/a><br><a rel=\"noreferrer noopener\" href=\"https:\/\/www.ifbaiano.edu.br\/unidades\/urucuca\/files\/2021\/05\/Boletim-de-Servico-Interno-Abril.pdf\" target=\"_blank\">Abril<\/a><br><a rel=\"noreferrer noopener\" href=\"https:\/\/www.ifbaiano.edu.br\/unidades\/urucuca\/files\/2021\/06\/Boletim-de-Servico-Interno-MAIO.pdf\" target=\"_blank\">Maio<\/a><br><a rel=\"noreferrer noopener\" href=\"https:\/\/www.ifbaiano.edu.br\/unidades\/urucuca\/files\/2021\/07\/Boletim-de-Servico-Interno-JUNHO.pdf\" target=\"_blank\">Junho<\/a><br><a rel=\"noreferrer noopener\" href=\"https:\/\/www.ifbaiano.edu.br\/unidades\/urucuca\/files\/2022\/02\/Boletim-de-Servico-Interno-Julho-2021.pdf\" target=\"_blank\">Julho<\/a><br><a rel=\"noreferrer noopener\" href=\"https:\/\/www.ifbaiano.edu.br\/unidades\/urucuca\/files\/2022\/02\/Boletim-de-Servico-Interno-Agosto-2021.pdf\" target=\"_blank\">Agosto<\/a><br><a rel=\"noreferrer noopener\" href=\"https:\/\/www.ifbaiano.edu.br\/unidades\/urucuca\/files\/2022\/02\/Boletim-de-Servico-Interno-Setembro-2021.pdf\" target=\"_blank\">Setembro<\/a><br><a rel=\"noreferrer noopener\" href=\"https:\/\/www.ifbaiano.edu.br\/unidades\/urucuca\/files\/2022\/02\/Boletim-de-Servico-Interno-Outubro-2021.pdf\" target=\"_blank\">Outubro<\/a><br><a rel=\"noreferrer noopener\" href=\"https:\/\/www.ifbaiano.edu.br\/unidades\/urucuca\/files\/2022\/01\/Boletim-de-Servico-Interno-Novembro-2021.pdf\" target=\"_blank\">Novembro<\/a><br><a rel=\"noreferrer noopener\" href=\"https:\/\/www.ifbaiano.edu.br\/unidades\/urucuca\/files\/2022\/01\/Boletim-de-Servico-Interno-Dezembro-2021.pdf\" target=\"_blank\">Dezembro<\/a><\/figcaption><\/figure>\n\n\n\n<p><\/p>\n\n\n\n<p><\/p>\n\n\n\n<p><\/p>\n\n\n\n<p><\/p>\n\n\n\n<p><\/p>\n\n\n\n<p><\/p>\n\n\n\n<p><\/p>\n\n\n\n<p><\/p>\n\n\n\n<p><\/p>\n\n\n\n<p><\/p>\n\n\n\n<figure class=\"wp-block-table alignleft is-style-stripes\"><table class=\"has-background has-fixed-layout\" style=\"background-color:#006400\"><thead><tr><th><\/th><\/tr><\/thead><tbody><tr><td><strong><span style=\"color:#006400\" class=\"has-inline-color\">Ano: 2020<\/span><\/strong><br><\/td><\/tr><\/tbody><\/table><figcaption class=\"wp-element-caption\"><a href=\"https:\/\/www.ifbaiano.edu.br\/unidades\/urucuca\/files\/2020\/08\/Boletim-de-Servi\u00e7o-Interno-Janeiro-2020.pdf\">Janeiro<\/a><br><a href=\"https:\/\/www.ifbaiano.edu.br\/unidades\/urucuca\/files\/2020\/08\/Boletim-de-Servi\u00e7o-Interno-Fevereiro-2020.pdf\">Fevereiro<\/a><br><a href=\"https:\/\/www.ifbaiano.edu.br\/unidades\/urucuca\/files\/2020\/08\/Boletim-de-Servi\u00e7o-Interno-Mar\u00e7o-2020.pdf\">Mar\u00e7o<\/a><br><a href=\"https:\/\/www.ifbaiano.edu.br\/unidades\/urucuca\/files\/2020\/08\/Boletim-de-Servi\u00e7o-Interno-Abril-2020.pdf\">Abril<\/a><br><a href=\"https:\/\/www.ifbaiano.edu.br\/unidades\/urucuca\/files\/2020\/08\/Boletim-de-Servi\u00e7o-Interno-Maio-2020.pdf\">Maio<\/a><br><a href=\"https:\/\/www.ifbaiano.edu.br\/unidades\/urucuca\/files\/2020\/08\/Boletim-de-Servi\u00e7o-Interno-Junho-2020.pdf\">Junho<\/a><br><a href=\"https:\/\/www.ifbaiano.edu.br\/unidades\/urucuca\/files\/2020\/08\/Boletim-de-Servi\u00e7o-Interno-Julho-2020.pdf\">Julho<\/a><br><a rel=\"noreferrer noopener\" href=\"https:\/\/www.ifbaiano.edu.br\/unidades\/urucuca\/files\/2021\/01\/Boletim-de-Servico-Interno-Agosto-2020.pdf\" target=\"_blank\">Agosto<\/a><br><a rel=\"noreferrer noopener\" href=\"https:\/\/www.ifbaiano.edu.br\/unidades\/urucuca\/files\/2021\/01\/Boletim-de-Servico-Interno-Setembro-2020.pdf\" target=\"_blank\">Setembro<\/a><br><a rel=\"noreferrer noopener\" href=\"https:\/\/www.ifbaiano.edu.br\/unidades\/urucuca\/files\/2021\/01\/Boletim-de-Servico-Interno-Outubro-2020.pdf\" target=\"_blank\">Outubro<\/a><br><a rel=\"noreferrer noopener\" href=\"https:\/\/www.ifbaiano.edu.br\/unidades\/urucuca\/files\/2021\/01\/Boletim-de-Servico-Interno-Novembro-2020.pdf\" target=\"_blank\">Novembro<\/a><br><a rel=\"noreferrer noopener\" href=\"https:\/\/www.ifbaiano.edu.br\/unidades\/urucuca\/files\/2021\/01\/Boletim-de-Servico-Interno-Dezembro-2020.pdf\" target=\"_blank\">Dezembro<\/a><\/figcaption><\/figure>\n\n\n\n<p><\/p>\n\n\n\n<p><\/p>\n\n\n\n<p><\/p>\n\n\n\n<p><\/p>\n\n\n\n<p><\/p>\n\n\n\n<p><\/p>\n\n\n\n<p><\/p>\n\n\n\n<p><\/p>\n\n\n\n<p><\/p>\n\n\n\n<p><\/p>\n\n\n\n<figure class=\"wp-block-table alignleft is-style-stripes\"><table class=\"has-background has-fixed-layout\" style=\"background-color:#006400\"><thead><tr><th><\/th><\/tr><\/thead><tbody><tr><td><strong><span style=\"color:#006400\" class=\"has-inline-color\">Ano: 2019<\/span><\/strong><br><\/td><\/tr><\/tbody><\/table><figcaption class=\"wp-element-caption\"><a rel=\"noreferrer noopener\" href=\"http:\/\/www.ifbaiano.edu.br\/unidades\/urucuca\/files\/2019\/09\/Agosto.pdf\" target=\"_blank\">Agosto<\/a><br><a rel=\"noreferrer noopener\" href=\"http:\/\/www.ifbaiano.edu.br\/unidades\/urucuca\/files\/2019\/12\/Boletim-de-Servi\u00e7o-Interno-Setembro-2019.pdf\" target=\"_blank\">Setembro<\/a><br><a rel=\"noreferrer noopener\" href=\"http:\/\/www.ifbaiano.edu.br\/unidades\/urucuca\/files\/2019\/12\/Boletim-de-Servi\u00e7o-Interno-Outubro-2019.pdf\" target=\"_blank\">Outubro<\/a><br><a rel=\"noreferrer noopener\" href=\"http:\/\/www.ifbaiano.edu.br\/unidades\/urucuca\/files\/2019\/12\/Boletim-de-Servi\u00e7o-Interno-Novembro-2019.pdf\" target=\"_blank\">Novembro<\/a><br><a href=\"https:\/\/www.ifbaiano.edu.br\/unidades\/urucuca\/files\/2020\/08\/Boletim-de-Servi\u00e7o-Interno-Dezembro-2019.pdf\">Dezembro<\/a><\/figcaption><\/figure>\n","protected":false},"excerpt":{"rendered":"<p>O Boletim de Servi\u00e7o Interno \u00e9 uma publica\u00e7\u00e3o mensal, elaborado pela Diretoria-Geral do Instituto Federal de Educa\u00e7\u00e3o, Ci\u00eancia e Tecnologia Baiano \u2013 campus Uru\u00e7uca, vinculado ao Minist\u00e9rio da Educa\u00e7\u00e3o. Ano: 2024 Janeiro FevereiroMar\u00e7oAbrilMaioJunhoJulhoAgostoSetembroOutubroNovembroDezembro Ano: 2023 Janeiro FevereiroMar\u00e7oAbrilMaioJunhoJulhoAgostoSetembroOutubroNovembroDezembro Ano: 2022 Janeiro FevereiroMar\u00e7oAbrilMaio Junho Julho Agosto SetembroOutubroNovembroDezembro Ano: 2021 JaneiroFevereiroMar\u00e7oAbrilMaioJunhoJulhoAgostoSetembroOutubroNovembroDezembro Ano: 2020 JaneiroFevereiroMar\u00e7oAbrilMaioJunhoJulhoAgostoSetembroOutubroNovembroDezembro Ano: 2019 AgostoSetembroOutubroNovembroDezembro<\/p>\n","protected":false},"author":154,"featured_media":0,"parent":0,"menu_order":0,"comment_status":"closed","ping_status":"closed","template":"","meta":[],"_links":{"self":[{"href":"https:\/\/www.ifbaiano.edu.br\/unidades\/urucuca\/wp-json\/wp\/v2\/pages\/13628"}],"collection":[{"href":"https:\/\/www.ifbaiano.edu.br\/unidades\/urucuca\/wp-json\/wp\/v2\/pages"}],"about":[{"href":"https:\/\/www.ifbaiano.edu.br\/unidades\/urucuca\/wp-json\/wp\/v2\/types\/page"}],"author":[{"embeddable":true,"href":"https:\/\/www.ifbaiano.edu.br\/unidades\/urucuca\/wp-json\/wp\/v2\/users\/154"}],"replies":[{"embeddable":true,"href":"https:\/\/www.ifbaiano.edu.br\/unidades\/urucuca\/wp-json\/wp\/v2\/comments?post=13628"}],"version-history":[{"count":1,"href":"https:\/\/www.ifbaiano.edu.br\/unidades\/urucuca\/wp-json\/wp\/v2\/pages\/13628\/revisions"}],"predecessor-version":[{"id":13632,"href":"https:\/\/www.ifbaiano.edu.br\/unidades\/urucuca\/wp-json\/wp\/v2\/pages\/13628\/revisions\/13632"}],"wp:attachment":[{"href":"https:\/\/www.ifbaiano.edu.br\/unidades\/urucuca\/wp-json\/wp\/v2\/media?parent=13628"}],"curies":[{"name":"wp","href":"https:\/\/api.w.org\/{rel}","templated":true}]}}