{"id":26,"date":"2011-05-18T18:48:11","date_gmt":"2011-05-18T18:48:11","guid":{"rendered":"http:\/\/localhost\/unidades\/bonfim\/?page_id=26"},"modified":"2024-03-08T14:47:49","modified_gmt":"2024-03-08T17:47:49","slug":"infra-estrutura","status":"publish","type":"page","link":"https:\/\/www.ifbaiano.edu.br\/unidades\/urucuca\/infra-estrutura\/","title":{"rendered":"Infraestrutura"},"content":{"rendered":"\n<p>O <em>Campus<\/em> Uru\u00e7uca \u00e9 dotado de uma excepcional \u00e1rea total de 155 hectares.<\/p>\n\n\n\n<p>O espa\u00e7o administrativo, cercado de verde, conta com 25 salas de aula, 01 biblioteca, 04 laborat\u00f3rios de Inform\u00e1tica, 01 laborat\u00f3rio de Geom\u00e1tica, refeit\u00f3rio, audit\u00f3rio com capacidade para 200 pessoas, quadra de esportes, campo de futebol, posto m\u00e9dico e odontol\u00f3gico al\u00e9m de 24 laborat\u00f3rios:<\/p>\n\n\n\n<ul>\n<li>10 no CTA (5 anal\u00edticos + 5 processamentos)<\/li>\n\n\n\n<li>11 no Bloco do Integrado (Artes, Educa\u00e7\u00e3o F\u00edsica, Qu\u00edmica, Biologia, F\u00edsica, Linguagens, Matem\u00e1tica, Humanidades)<\/li>\n\n\n\n<li>05 de inform\u00e1tica<\/li>\n\n\n\n<li>1 de Geom\u00e1tica<\/li>\n<\/ul>\n\n\n\n<p>Seu Centro de Tecnologia de Alimentos (CTA) est\u00e1 entre os mais modernos do Brasil, o que p\u00f5e o campus como refer\u00eancia nacional em cacau e chocolate.<\/p>\n\n\n\n<p>.Na \u00e1rea de campo, os alunos e professores dos cursos desenvolvem diferentes atividades. Ela \u00e9 composta por:<\/p>\n\n\n\n<ul>\n<li>Viveiro<\/li>\n\n\n\n<li>Est\u00e1bulo;<\/li>\n\n\n\n<li>Horta;<\/li>\n\n\n\n<li>Apicultura e Meliponicultura;<\/li>\n\n\n\n<li>Suinocultura;<\/li>\n\n\n\n<li>Bovinocultura;<\/li>\n\n\n\n<li>Avicultura;<\/li>\n\n\n\n<li>Pomar;<\/li>\n\n\n\n<li>SAF (Sistemas Agroflorestais);<\/li>\n\n\n\n<li>Campo de compostagem;<\/li>\n\n\n\n<li>Esta\u00e7\u00e3o de tratamento de \u00e1gua;<\/li>\n\n\n\n<li>Esta\u00e7\u00e3o meteorol\u00f3gica<\/li>\n<\/ul>\n\n\n\n<p>H\u00e1 ainda a \u201cMatinha\u201d (fragmento de Mata Atl\u00e2ntica), com cerca de 18 hectares, onde alunos do curso de Guia de Turismo e Gest\u00e3o de Turismo realizam aulas pr\u00e1ticas de guiamento e abertura de trilhas ecol\u00f3gicas interpretativas. Nesse local, realizam-se ainda passeios guiados com grupos de alunos e demais interessados em conhecer e estudar a reserva.<\/p>\n\n\n\n<p><a href=\"https:\/\/www.ifbaiano.edu.br\/unidades\/urucuca\/files\/2024\/03\/Salas-SUAP_-Sistema-Unificado-de-Administracao-Publica.pdf\" data-type=\"URL\" data-id=\"https:\/\/www.ifbaiano.edu.br\/unidades\/urucuca\/files\/2024\/03\/Salas-SUAP_-Sistema-Unificado-de-Administracao-Publica.pdf\" target=\"_blank\" rel=\"noreferrer noopener\">Infraestrutura<\/a><\/p>\n\n\n\n<pre class=\"wp-block-preformatted\"><\/pre>\n","protected":false},"excerpt":{"rendered":"<p>O Campus Uru\u00e7uca \u00e9 dotado de uma excepcional \u00e1rea total de 155 hectares. O espa\u00e7o administrativo, cercado de verde, conta com 25 salas de aula, 01 biblioteca, 04 laborat\u00f3rios de Inform\u00e1tica, 01 laborat\u00f3rio de Geom\u00e1tica, refeit\u00f3rio, audit\u00f3rio com capacidade para 200 pessoas, quadra de esportes, campo de futebol, posto m\u00e9dico e odontol\u00f3gico al\u00e9m de 24 [&hellip;]<\/p>\n","protected":false},"author":1,"featured_media":0,"parent":0,"menu_order":0,"comment_status":"closed","ping_status":"closed","template":"","meta":[],"_links":{"self":[{"href":"https:\/\/www.ifbaiano.edu.br\/unidades\/urucuca\/wp-json\/wp\/v2\/pages\/26"}],"collection":[{"href":"https:\/\/www.ifbaiano.edu.br\/unidades\/urucuca\/wp-json\/wp\/v2\/pages"}],"about":[{"href":"https:\/\/www.ifbaiano.edu.br\/unidades\/urucuca\/wp-json\/wp\/v2\/types\/page"}],"author":[{"embeddable":true,"href":"https:\/\/www.ifbaiano.edu.br\/unidades\/urucuca\/wp-json\/wp\/v2\/users\/1"}],"replies":[{"embeddable":true,"href":"https:\/\/www.ifbaiano.edu.br\/unidades\/urucuca\/wp-json\/wp\/v2\/comments?post=26"}],"version-history":[{"count":5,"href":"https:\/\/www.ifbaiano.edu.br\/unidades\/urucuca\/wp-json\/wp\/v2\/pages\/26\/revisions"}],"predecessor-version":[{"id":9567,"href":"https:\/\/www.ifbaiano.edu.br\/unidades\/urucuca\/wp-json\/wp\/v2\/pages\/26\/revisions\/9567"}],"wp:attachment":[{"href":"https:\/\/www.ifbaiano.edu.br\/unidades\/urucuca\/wp-json\/wp\/v2\/media?parent=26"}],"curies":[{"name":"wp","href":"https:\/\/api.w.org\/{rel}","templated":true}]}}