{"id":2723,"date":"2016-02-27T20:33:04","date_gmt":"2016-02-27T23:33:04","guid":{"rendered":"http:\/\/www.ifbaiano.edu.br\/unidades\/urucuca\/?page_id=2723"},"modified":"2016-02-27T21:54:53","modified_gmt":"2016-02-28T00:54:53","slug":"atividades-do-curso","status":"publish","type":"page","link":"https:\/\/www.ifbaiano.edu.br\/unidades\/urucuca\/superiordetecnologia\/tecnologia-em-gestao-de-turismo\/atividades-do-curso\/","title":{"rendered":"Atividades do Curso"},"content":{"rendered":"<p><a href=\"http:\/\/www.ifbaiano.edu.br\/unidades\/urucuca\/files\/2016\/02\/Registro-de-Aulas-Praticas-Matinha.pdf\" target=\"_blank\">Registro de Aulas Pr\u00e1ticas Matinha<\/a><\/p>\n<p><a href=\"http:\/\/www.ifbaiano.edu.br\/unidades\/urucuca\/files\/2016\/02\/Registro-de-Aula-Pratica-de-Alimentos-e-Bebidas2.pdf\">Registro de Aula Pr\u00e1tica de Alimentos e Bebidas<\/a><\/p>\n<p><a href=\"http:\/\/www.ifbaiano.edu.br\/unidades\/urucuca\/files\/2016\/02\/Registro-de-Aula-Pratica-Aeroporto.pdf\">Registro de Aula Pr\u00e1tica &#8211; Aeroporto<\/a><\/p>\n<p><a href=\"http:\/\/www.ifbaiano.edu.br\/unidades\/urucuca\/files\/2016\/02\/RELATORIO-DA-3-VISITA-TECNICA.pdf\" target=\"_blank\">Relat\u00f3rio Visita T\u00e9cnica<\/a><\/p>\n<p>&nbsp;<\/p>\n<p>&nbsp;<\/p>\n","protected":false},"excerpt":{"rendered":"<p>Registro de Aulas Pr\u00e1ticas Matinha Registro de Aula Pr\u00e1tica de Alimentos e Bebidas Registro de Aula Pr\u00e1tica &#8211; Aeroporto Relat\u00f3rio Visita T\u00e9cnica &nbsp; &nbsp;<\/p>\n","protected":false},"author":69,"featured_media":0,"parent":2603,"menu_order":0,"comment_status":"closed","ping_status":"open","template":"","meta":[],"_links":{"self":[{"href":"https:\/\/www.ifbaiano.edu.br\/unidades\/urucuca\/wp-json\/wp\/v2\/pages\/2723"}],"collection":[{"href":"https:\/\/www.ifbaiano.edu.br\/unidades\/urucuca\/wp-json\/wp\/v2\/pages"}],"about":[{"href":"https:\/\/www.ifbaiano.edu.br\/unidades\/urucuca\/wp-json\/wp\/v2\/types\/page"}],"author":[{"embeddable":true,"href":"https:\/\/www.ifbaiano.edu.br\/unidades\/urucuca\/wp-json\/wp\/v2\/users\/69"}],"replies":[{"embeddable":true,"href":"https:\/\/www.ifbaiano.edu.br\/unidades\/urucuca\/wp-json\/wp\/v2\/comments?post=2723"}],"version-history":[{"count":9,"href":"https:\/\/www.ifbaiano.edu.br\/unidades\/urucuca\/wp-json\/wp\/v2\/pages\/2723\/revisions"}],"predecessor-version":[{"id":2731,"href":"https:\/\/www.ifbaiano.edu.br\/unidades\/urucuca\/wp-json\/wp\/v2\/pages\/2723\/revisions\/2731"}],"up":[{"embeddable":true,"href":"https:\/\/www.ifbaiano.edu.br\/unidades\/urucuca\/wp-json\/wp\/v2\/pages\/2603"}],"wp:attachment":[{"href":"https:\/\/www.ifbaiano.edu.br\/unidades\/urucuca\/wp-json\/wp\/v2\/media?parent=2723"}],"curies":[{"name":"wp","href":"https:\/\/api.w.org\/{rel}","templated":true}]}}