{"id":2836,"date":"2016-04-07T18:44:23","date_gmt":"2016-04-07T21:44:23","guid":{"rendered":"http:\/\/www.ifbaiano.edu.br\/unidades\/urucuca\/?page_id=2836"},"modified":"2025-08-14T14:20:16","modified_gmt":"2025-08-14T17:20:16","slug":"secretaria-de-registros-academicos","status":"publish","type":"page","link":"https:\/\/www.ifbaiano.edu.br\/unidades\/urucuca\/secretaria-de-registros-academicos\/","title":{"rendered":"Secretaria de Registros Acad\u00eamicos &#8211; SRA"},"content":{"rendered":"\n<p class=\"has-text-align-left\">A Secretaria de Registros Acad\u00eamicos (SRA) \u00e9 um setor respons\u00e1vel pelo registro, verifica\u00e7\u00e3o, controle, manuten\u00e7\u00e3o e arquivamento de documentos que integram a vida acad\u00eamica dos discentes, desde o ingresso na institui\u00e7\u00e3o at\u00e9 a conclus\u00e3o do curso. Integram as atividades do setor: receber solicita\u00e7\u00f5es como declara\u00e7\u00f5es, hist\u00f3rico escolar, diplomas\/certificados, matr\u00edcula, renova\u00e7\u00e3o de matr\u00edcula, trancamento de matr\u00edcula, cancelamento de matr\u00edcula, aproveitamento de estudos, exerc\u00edcio domiciliar, justificativa de faltas, solicita\u00e7\u00e3o de segunda chamada de avalia\u00e7\u00f5es, cola\u00e7\u00e3o de grau e demais documentos referentes \u00e0 quest\u00f5es acad\u00eamicas.<\/p>\n\n\n\n<h3 class=\"wp-block-heading has-white-color has-text-color has-background\" style=\"background-color:#006400\"><strong>Hor\u00e1rios de Atendimento<\/strong><\/h3>\n\n\n\n<p><strong>Segunda&nbsp;\u00e0 sexta<\/strong><\/p>\n\n\n\n<p>&#8211; Manh\u00e3: 08h30 \u00e0s 11h 30<br>&#8211; Tarde: 13h30 \u00e0s 16h<\/p>\n\n\n\n<h3 class=\"wp-block-heading has-white-color has-text-color has-background\" style=\"background-color:#006400\"><strong>Prazos de entrega de documentos<\/strong><\/h3>\n\n\n\n<figure class=\"wp-block-table is-style-stripes\"><table class=\"has-fixed-layout\"><thead><tr><th><strong>Procedimento<\/strong><\/th><th><strong>Prazo (dias \u00fateis)<\/strong><\/th><\/tr><\/thead><tbody><tr><td>Declara\u00e7\u00e3o\/Atestado<\/td><td>3 dias \u00fateis<\/td><\/tr><tr><td>Hist\u00f3rico Escolar \/ certificado<\/td><td>15  dias \u00fateis <\/td><\/tr><tr><td>Hist\u00f3rico Escolar (anterior ao Sistema SUAP)<\/td><td>30 dias \u00fateis <\/td><\/tr><tr><td>Diploma de Gradua\u00e7\u00e3o<\/td><td>90 dias \u00fateis <\/td><\/tr><tr><td>Transfer\u00eancia Escolar<\/td><td>15 dias \u00fateis <\/td><\/tr><tr><td>Certid\u00e3o de Aluno Aprendiz<\/td><td>30 dias \u00fateis <\/td><\/tr><\/tbody><\/table><\/figure>\n\n\n\n<p><\/p>\n\n\n\n<h3 class=\"wp-block-heading has-white-color has-text-color has-background\" style=\"background-color:#006400\"><strong><strong>Solicita\u00e7\u00f5es e documentos para procedimentos<\/strong><\/strong><\/h3>\n\n\n\n<p>&#8211;<strong>Matr\u00edcula: <\/strong>\u00e9 o ato formal pelo qual se inicia a vincula\u00e7\u00e3o acad\u00eamica do estudante \u00e0 Institui\u00e7\u00e3o de Ensino. Ela pode ser efetuada pelo estudante, por seu respons\u00e1vel legal ou por procurador legalmente constitu\u00eddo.<\/p>\n\n\n\n<ul>\n<li><strong>Documentos necess\u00e1rios para Matr\u00edcula de Alunos Novos:<br><\/strong>I &#8211; RG;<br>II &#8211; CPF;<br>III &#8211; Cart\u00e3o Sus;<br>IV &#8211; 1 Foto 3\u00d74;<br>V &#8211; Certid\u00e3o de Nascimento ou Casamento;<br>VI &#8211; Hist\u00f3rico Escolar;<br>VII &#8211; Cart\u00e3o de Vacina;<br>VIII &#8211; Reservista \u2013 Maior de 18 Anos;<br>IX &#8211; Tipo Sangu\u00edneo;<br>X &#8211; Quita\u00e7\u00e3o Eleitoral;<br>XI &#8211; Comprovante de Resid\u00eancia;<br>XII RG e CPF do Respons\u00e1vel pela Matr\u00edcula (Caso Seja Menor).<br><strong>OBS: Os documentos dever\u00e3o ser apresentados c\u00f3pia com original<\/strong><\/li>\n\n\n\n<li><strong>Documentos necess\u00e1rios para Cancelamento de Matr\u00edcula:<\/strong><br>I \u2013 RG original;<br>II \u2013 Nada consta da Biblioteca e da CAE; III \u2013 Obrigat\u00f3rio o preenchimento integral deste formul\u00e1rio: <a href=\"https:\/\/docs.google.com\/forms\/d\/e\/1FAIpQLSdWLozW1VyqhxF_m6CYky9Dcd2wZ8sY3Z5F4jghe7RSE7P6hA\/viewform\">https:\/\/docs.google.com\/forms\/d\/e\/1FAIpQLSdWLozW1VyqhxF_m6CYky9Dcd2wZ8sY3Z5F4jghe7RSE7P6hA\/viewform<\/a><\/li>\n<\/ul>\n\n\n\n<p>&#8211;<strong>Renova\u00e7\u00e3o de matr\u00edcula: <\/strong>a matr\u00edcula dever\u00e1 ser renovada a cada novo per\u00edodo letivo, sendo que a n\u00e3o renova\u00e7\u00e3o da matr\u00edcula pelo estudante, sem justificativa legal, caracterizar\u00e1 o abandono do curso e consequente desvincula\u00e7\u00e3o da institui\u00e7\u00e3o. Para efetivar a renova\u00e7\u00e3o da matr\u00edcula, o estudante ou dever\u00e1 acessar o Suap, no per\u00edodo previamente divulgado, e efetivar a renova\u00e7\u00e3o de matr\u00edcula online. O(A) aluno(a) poder\u00e1 acessar o tutorial de renova\u00e7\u00e3o de matr\u00edcula dispon\u00edvel no link: <a href=\"https:\/\/wiki.ifbaiano.edu.br\/bin\/view\/Wikis\/DGTI\/CODES\/Sistemas\/SUAP\/Alunos\/Rematricula\/\">https:\/\/wiki.ifbaiano.edu.br\/bin\/view\/Wikis\/DGTI\/CODES\/Sistemas\/SUAP\/Alunos\/Rematricula\/<\/a><\/p>\n\n\n\n<p>&#8211;<strong>Trancamento de matr\u00edcula: <\/strong>poder\u00e1 ser feito atrav\u00e9s de requerimento do estudante, para interrup\u00e7\u00e3o tempor\u00e1ria dos estudos, respeitados o processo legal e os prazos estabelecidos no calend\u00e1rio acad\u00eamico. Segue o link do requerimento para preenchimento: <a href=\"https:\/\/www.ifbaiano.edu.br\/unidades\/urucuca\/files\/2023\/05\/Requerimento-Diversos.pdf\"><strong><a rel=\"noreferrer noopener\" href=\"https:\/\/www.ifbaiano.edu.br\/unidades\/urucuca\/files\/2025\/08\/FORMULARIO-PARA-REQUERIMENTO.pdf\" target=\"_blank\">https:\/\/www.ifbaiano.edu.br\/unidades\/urucuca\/files\/2025\/08\/FORMULARIO-PARA-REQUERIMENTO.pdf<\/a><\/strong><\/a><\/p>\n\n\n\n<ul>\n<li><strong>Documentos necess\u00e1rios para o trancamento da Matr\u00edcula:<\/strong> I \u2013 Obrigat\u00f3rio o preenchimento integral deste formul\u00e1rio: <a href=\"https:\/\/docs.google.com\/forms\/d\/e\/1FAIpQLSdWLozW1VyqhxF_m6CYky9Dcd2wZ8sY3Z5F4jghe7RSE7P6hA\/viewform\">https:\/\/docs.google.com\/forms\/d\/e\/1FAIpQLSdWLozW1VyqhxF_m6CYky9Dcd2wZ8sY3Z5F4jghe7RSE7P6hA\/viewform<\/a><\/li>\n<\/ul>\n\n\n\n<p>&#8211;<strong>Aproveitamento de estudos: <\/strong>processo de reconhecimento de componentes curriculares cursados com aprova\u00e7\u00e3o em cursos de EPTNM, desde que diretamente relacionados com o perfil profissional de conclus\u00e3o da respectiva habilita\u00e7\u00e3o profissional. Para essa solicita\u00e7\u00e3o, o estudante dever\u00e1 adotar os procedimentos a seguir. Segue o link do requerimento para preenchimento: <a href=\"https:\/\/www.ifbaiano.edu.br\/unidades\/urucuca\/files\/2025\/08\/FORMULARIO-PARA-REQUERIMENTO.pdf\" target=\"_blank\" rel=\"noreferrer noopener\">https:\/\/www.ifbaiano.edu.br\/unidades\/urucuca\/files\/2025\/08\/FORMULARIO-PARA-REQUERIMENTO.pdf<\/a><\/p>\n\n\n\n<ul>\n<li><strong>Documentos necess\u00e1rios para Aproveitamento de Estudos:<\/strong><br>I \u2013 Requerimento preenchdo e assinado;<br>II \u2013 Ementas das disciplinas cursadas;<br>III \u2013 Hist\u00f3rico Escolar do Curso anteriormente estudado.<\/li>\n\n\n\n<li><strong>Documentos necess\u00e1rios para Cancelamento de Matr\u00edcula:<\/strong><br>I \u2013 RG original;<br>II \u2013 Nada consta da Biblioteca e da CAE; III \u2013 Obrigat\u00f3rio o preenchimento integral deste formul\u00e1rio: <a href=\"https:\/\/docs.google.com\/forms\/d\/e\/1FAIpQLSdWLozW1VyqhxF_m6CYky9Dcd2wZ8sY3Z5F4jghe7RSE7P6hA\/viewform\">https:\/\/docs.google.com\/forms\/d\/e\/1FAIpQLSdWLozW1VyqhxF_m6CYky9Dcd2wZ8sY3Z5F4jghe7RSE7P6hA\/viewform<\/a><\/li>\n<\/ul>\n\n\n\n<p>&#8211;<strong>Segunda chamada de avalia\u00e7\u00e3o: p<\/strong>oder\u00e1 ser feito atrav\u00e9s de requerimento do estudante, para interrup\u00e7\u00e3o tempor\u00e1ria dos estudos, respeitados o processo legal e os prazos estabelecidos no calend\u00e1rio acad\u00eamico. Segue o link do requerimento para preenchimento: <a rel=\"noreferrer noopener\" href=\"https:\/\/www.ifbaiano.edu.br\/unidades\/urucuca\/files\/2025\/08\/FORMULARIO-PARA-REQUERIMENTO.pdf\" target=\"_blank\">https:\/\/www.ifbaiano.edu.br\/unidades\/urucuca\/files\/2025\/08\/FORMULARIO-PARA-REQUERIMENTO.pdf<\/a><\/p>\n\n\n\n<ul>\n<li><strong>Documentos necess\u00e1rios para justificativa de faltas ou solicita\u00e7\u00e3o de 2\u00ba chamada:<\/strong><br>I \u2013 Atestado M\u00e9dico ou de Comparecimento original ou qualquer outro documento que<br>comprove aus\u00eancia;<br><strong>OBS: No caso de 2\u00ba chamada requerimento preenchido e assinado;<\/strong><br><strong>PRAZO M\u00c1XIMO: 1 dia ap\u00f3s o fim do tempo descrito no documento comprobat\u00f3rio da aus\u00eancia.<\/strong><\/li>\n<\/ul>\n\n\n\n<p>&#8211;<strong>Exerc\u00edcio domiciliar: <\/strong>corresponde a equival\u00eancia de estudos, por aus\u00eancia \u00e0s aulas, concedida ao estudante amparado pelo Decreto Lei n\u00ba 1.044\/69 e pela Lei n\u00ba 6.202\/75.<strong> Segue o link do requerimento para preenchimento: <\/strong><a rel=\"noreferrer noopener\" href=\"https:\/\/www.ifbaiano.edu.br\/unidades\/urucuca\/files\/2025\/08\/FORMULARIO-PARA-REQUERIMENTO.pdf\" target=\"_blank\">https:\/\/www.ifbaiano.edu.br\/unidades\/urucuca\/files\/2025\/08\/FORMULARIO-PARA-REQUERIMENTO.pdf<\/a><\/p>\n\n\n\n<ul>\n<li><strong>Documentos necess\u00e1rios para o exerc\u00edcio domiciliar:<\/strong><\/li>\n<\/ul>\n\n\n\n<p>I \u2013 Preencher formul\u00e1rio na Secretaria de Registros Acad\u00eamicos \u2013 SRA;<\/p>\n\n\n\n<p>II &#8211; laudo m\u00e9dico que comprove uma das situa\u00e7\u00f5es estabelecidas pelo Decreto Lei n\u00ba 1.044\/69 e na Lei n\u00ba 6.202\/75.<\/p>\n\n\n\n<p>&#8211;<strong>Solicita\u00e7\u00e3o de Certificado ou Diploma: <\/strong>o estudante ou seu representante legal poder\u00e1 requerer o diploma em qualquer tempo, desde que tenha sido aprovado em todos os componentes curriculares, conclu\u00eddo o est\u00e1gio supervisionado (quando obrigat\u00f3rio) e\/ou o Trabalho de Conclus\u00e3o de Curso e\/ou Atividade Complementar, conforme determinado no Projeto Pedag\u00f3gico do Curso \u2013 PPC e nas Normas do Instituto.<\/p>\n\n\n\n<ul>\n<li><strong>Documentos necess\u00e1rios para certificado ou diploma:<br><\/strong>I- Certid\u00e3o de Nascimento ou Casamento;<br>II \u2013Documento de identifica\u00e7\u00e3o oficial com foto, conforme lei 12.037\/2009;<br>III\u2013 CPF, podendo ser junto com a identidade;<br>IV\u2013 Hist\u00f3rico Escolar N\u00edvel Fundamental para cursos integrados ao M\u00e9dio; Hist\u00f3rico Escolar de N\u00edvel M\u00e9dio para cursos Subsequentes ao M\u00e9dio e Gradua\u00e7\u00e3o, Hist\u00f3rico Escolar da Gradua\u00e7\u00e3o e Diploma para cursos de P\u00f3s-gradua\u00e7\u00e3o;<strong><br><\/strong>V\u2013 Certid\u00e3o de Quita\u00e7\u00e3o Eleitoral emitido pelo site do TRE, para maiores de 18 anos;<strong><br><\/strong>VI- Comprovante de Quita\u00e7\u00e3o do Servi\u00e7o Militar, para os concluintes do sexo masculino,<br>maiores de 18 anos (frente, verso e a parte interna em alguns casos);<\/li>\n<\/ul>\n\n\n\n<p><\/p>\n\n\n\n<ul>\n<li><a rel=\"noreferrer noopener\" href=\"https:\/\/www.ifbaiano.edu.br\/unidades\/urucuca\/files\/2025\/08\/Solicitacao_Diploma_Certificado_Colacao-de-Grau.pdf\" data-type=\"URL\" data-id=\"https:\/\/www.ifbaiano.edu.br\/unidades\/urucuca\/files\/2025\/08\/Solicitacao_Diploma_Certificado_Colacao-de-Grau.pdf\" target=\"_blank\">REQUERIMENTO DE DIPLOMA\/CERTIFICADO E COLA\u00c7\u00c3O DE GRAU<\/a> <\/li>\n\n\n\n<li><a href=\"https:\/\/www.ifbaiano.edu.br\/unidades\/urucuca\/files\/2025\/08\/Termo-de-Responsabilidade.pdf\" data-type=\"URL\" data-id=\"https:\/\/www.ifbaiano.edu.br\/unidades\/urucuca\/files\/2025\/08\/Termo-de-Responsabilidade.pdf\" target=\"_blank\" rel=\"noreferrer noopener\">Termo de Responsabilidade<\/a> &#8211; O requerimento deve ser preenchido e entregue pessoalmente na SRA ou enviado por e-mail (secretaria@urucuca.ifbaiano.edu.br).<\/li>\n<\/ul>\n\n\n\n<p><\/p>\n\n\n\n<h3 class=\"wp-block-heading has-white-color has-text-color has-background\" style=\"background-color:#006400\"><strong>Demais requerimento<\/strong>s<\/h3>\n\n\n\n<p>&#8211; Trancamentos;<br>&#8211; Revis\u00f5es de notas;<br>&#8211; Certid\u00f5es de tempo de servi\u00e7o;<br>&#8211; Diplomas (egressos);<br>&#8211; Hist\u00f3ricos escolares;<br>&#8211; Atestados escolares.<\/p>\n\n\n\n<p><em><em><a rel=\"noreferrer noopener\" href=\"https:\/\/www.ifbaiano.edu.br\/unidades\/urucuca\/files\/2025\/08\/FORMULARIO-PARA-REQUERIMENTO.pdf\" data-type=\"URL\" data-id=\"https:\/\/www.ifbaiano.edu.br\/unidades\/urucuca\/files\/2025\/08\/FORMULARIO-PARA-REQUERIMENTO.pdf\" target=\"_blank\"><strong>Download aqui.<\/strong><\/a><\/em><\/em><\/p>\n\n\n\n<p>O requerimento deve ser preenchido e entregue pessoalmente na SRA ou enviado por e-mail (secretaria@urucuca.ifbaiano.edu.br).<br><\/p>\n\n\n\n<h3 class=\"wp-block-heading has-white-color has-text-color has-background\" style=\"background-color:#006400\"><strong>Contatos<\/strong><\/h3>\n\n\n\n<p><strong>Secret\u00e1rio de Registros Acad\u00eamicos<\/strong>: Ricardo Mota dos Santos<br>E-mail: secretaria@urucuca.ifbaiano.edu.br<br><\/p>\n","protected":false},"excerpt":{"rendered":"<p>A Secretaria de Registros Acad\u00eamicos (SRA) \u00e9 um setor respons\u00e1vel pelo registro, verifica\u00e7\u00e3o, controle, manuten\u00e7\u00e3o e arquivamento de documentos que integram a vida acad\u00eamica dos discentes, desde o ingresso na institui\u00e7\u00e3o at\u00e9 a conclus\u00e3o do curso. Integram as atividades do setor: receber solicita\u00e7\u00f5es como declara\u00e7\u00f5es, hist\u00f3rico escolar, diplomas\/certificados, matr\u00edcula, renova\u00e7\u00e3o de matr\u00edcula, trancamento de matr\u00edcula, [&hellip;]<\/p>\n","protected":false},"author":69,"featured_media":0,"parent":0,"menu_order":0,"comment_status":"closed","ping_status":"open","template":"","meta":[],"_links":{"self":[{"href":"https:\/\/www.ifbaiano.edu.br\/unidades\/urucuca\/wp-json\/wp\/v2\/pages\/2836"}],"collection":[{"href":"https:\/\/www.ifbaiano.edu.br\/unidades\/urucuca\/wp-json\/wp\/v2\/pages"}],"about":[{"href":"https:\/\/www.ifbaiano.edu.br\/unidades\/urucuca\/wp-json\/wp\/v2\/types\/page"}],"author":[{"embeddable":true,"href":"https:\/\/www.ifbaiano.edu.br\/unidades\/urucuca\/wp-json\/wp\/v2\/users\/69"}],"replies":[{"embeddable":true,"href":"https:\/\/www.ifbaiano.edu.br\/unidades\/urucuca\/wp-json\/wp\/v2\/comments?post=2836"}],"version-history":[{"count":27,"href":"https:\/\/www.ifbaiano.edu.br\/unidades\/urucuca\/wp-json\/wp\/v2\/pages\/2836\/revisions"}],"predecessor-version":[{"id":12527,"href":"https:\/\/www.ifbaiano.edu.br\/unidades\/urucuca\/wp-json\/wp\/v2\/pages\/2836\/revisions\/12527"}],"wp:attachment":[{"href":"https:\/\/www.ifbaiano.edu.br\/unidades\/urucuca\/wp-json\/wp\/v2\/media?parent=2836"}],"curies":[{"name":"wp","href":"https:\/\/api.w.org\/{rel}","templated":true}]}}