{"id":2999,"date":"2016-08-22T07:07:50","date_gmt":"2016-08-22T10:07:50","guid":{"rendered":"http:\/\/www.ifbaiano.edu.br\/unidades\/urucuca\/?page_id=2999"},"modified":"2025-12-30T11:57:30","modified_gmt":"2025-12-30T14:57:30","slug":"licitacoes","status":"publish","type":"page","link":"https:\/\/www.ifbaiano.edu.br\/unidades\/urucuca\/licitacoes\/","title":{"rendered":"Compras e Licita\u00e7\u00f5es"},"content":{"rendered":"<p><strong>Chefe<\/strong>: Ta\u00eds Mara Cerqueira Concei\u00e7\u00e3o<br><strong>Chefe Substituta<\/strong>: Paula Fons\u00eaca da Silva<br><strong>E-mail<\/strong>: compras@urucuca.ifbaiano.edu.br<\/p>\n\n\n<figure class=\"wp-block-table is-style-stripes\"><table class=\"has-background\" style=\"background-color:#006400\"><thead><tr><th>\ufeff<\/th><\/tr><\/thead><tbody><tr><td><strong>2025<\/strong><\/td><\/tr><\/tbody><\/table><figcaption class=\"wp-element-caption\"><a rel=\"noreferrer noopener\" href=\"https:\/\/www.gov.br\/agu\/pt-br\/comunicacao\/noticias\/instrumento-de-padronizacao-dos-procedimentos.pdf\" data-type=\"URL\" data-id=\"https:\/\/www.gov.br\/agu\/pt-br\/comunicacao\/noticias\/instrumento-de-padronizacao-dos-procedimentos.pdf\" target=\"_blank\">INSTRUMENTO DE PADRONIZA\u00c7\u00c3O DOS PROCEDIMENTOS DE CONTRATA\u00c7\u00c3O<\/a><br><a rel=\"noreferrer noopener\" href=\"https:\/\/www.ifbaiano.edu.br\/unidades\/urucuca\/files\/2025\/12\/controle-de-adesoes-2025.pdf\" data-type=\"URL\" data-id=\"https:\/\/www.ifbaiano.edu.br\/unidades\/urucuca\/files\/2025\/12\/controle-de-adesoes-2025.pdf\" target=\"_blank\">Controle de Ades\u00f5es<\/a><br><a rel=\"noreferrer noopener\" href=\"https:\/\/www.ifbaiano.edu.br\/unidades\/urucuca\/files\/2025\/12\/Controle-de-Inexigibilidade-2025.pdf\" data-type=\"URL\" data-id=\"https:\/\/www.ifbaiano.edu.br\/unidades\/urucuca\/files\/2025\/12\/Controle-de-Inexigibilidade-2025.pdf\" target=\"_blank\">Controle de Inexigibilidade<\/a><br><a rel=\"noreferrer noopener\" href=\"https:\/\/www.ifbaiano.edu.br\/unidades\/urucuca\/files\/2025\/12\/controle-de-participacao-em-pregoes-2025.pdf\" data-type=\"URL\" data-id=\"https:\/\/www.ifbaiano.edu.br\/unidades\/urucuca\/files\/2025\/12\/controle-de-participacao-em-pregoes-2025.pdf\" target=\"_blank\">Controle de Participa\u00e7\u00e3o em Preg\u00f5es<\/a><br><a rel=\"noreferrer noopener\" href=\"https:\/\/www.ifbaiano.edu.br\/unidades\/urucuca\/files\/2025\/12\/controle-de-dispensas-2025.pdf\" data-type=\"URL\" data-id=\"https:\/\/www.ifbaiano.edu.br\/unidades\/urucuca\/files\/2025\/12\/controle-de-dispensas-2025.pdf\" target=\"_blank\">Controle de Dispensas<\/a><br><a rel=\"noreferrer noopener\" href=\"https:\/\/www.ifbaiano.edu.br\/unidades\/urucuca\/files\/2025\/12\/controle-de-licitacoes-2025.pdf\" data-type=\"URL\" data-id=\"https:\/\/www.ifbaiano.edu.br\/unidades\/urucuca\/files\/2025\/12\/controle-de-licitacoes-2025.pdf\" target=\"_blank\">Controle de Licita\u00e7\u00f5es<\/a><br><a href=\"https:\/\/www.ifbaiano.edu.br\/unidades\/urucuca\/files\/2025\/12\/controles-de-atas-2025.pdf\" data-type=\"URL\" data-id=\"https:\/\/www.ifbaiano.edu.br\/unidades\/urucuca\/files\/2025\/12\/controles-de-atas-2025.pdf\" target=\"_blank\" rel=\"noreferrer noopener\">Controles de Atas<\/a><br><\/figcaption><\/figure>\n\n\n\n<figure class=\"wp-block-table is-style-stripes\"><table class=\"has-background\" style=\"background-color:#006400\"><thead><tr><th>\ufeff<\/th><\/tr><\/thead><tbody><tr><td><strong>2024<\/strong><\/td><\/tr><\/tbody><\/table><figcaption class=\"wp-element-caption\"><a rel=\"noreferrer noopener\" href=\"https:\/\/www.ifbaiano.edu.br\/unidades\/urucuca\/files\/2024\/04\/Modelo-do-Fluxograma-novo-2024.pdf\" data-type=\"URL\" data-id=\"https:\/\/www.ifbaiano.edu.br\/unidades\/urucuca\/files\/2024\/04\/Modelo-do-Fluxograma-novo-2024.pdf\" target=\"_blank\">Fluxograma &#8211; processo de compras<\/a><br><a rel=\"noreferrer noopener\" href=\"https:\/\/www.ifbaiano.edu.br\/unidades\/urucuca\/files\/2025\/01\/LICITACOES-2024.pdf\" data-type=\"URL\" data-id=\"https:\/\/www.ifbaiano.edu.br\/unidades\/urucuca\/files\/2025\/01\/LICITACOES-2024.pdf\" target=\"_blank\">Licita\u00e7\u00f5es<\/a><br><a rel=\"noreferrer noopener\" href=\"https:\/\/www.ifbaiano.edu.br\/unidades\/urucuca\/files\/2025\/01\/Controle-de-Dispensa-2024.pdf\" data-type=\"URL\" data-id=\"https:\/\/www.ifbaiano.edu.br\/unidades\/urucuca\/files\/2025\/01\/Controle-de-Dispensa-2024.pdf\" target=\"_blank\">Controle de Dispensa<\/a><br><a rel=\"noreferrer noopener\" href=\"https:\/\/www.ifbaiano.edu.br\/unidades\/urucuca\/files\/2025\/01\/Controle-de-Inexigibilidade-2024.pdf\" data-type=\"URL\" data-id=\"https:\/\/www.ifbaiano.edu.br\/unidades\/urucuca\/files\/2025\/01\/Controle-de-Inexigibilidade-2024.pdf\" target=\"_blank\">Controle de Inexigibilidade<\/a><br><a rel=\"noreferrer noopener\" href=\"https:\/\/www.ifbaiano.edu.br\/unidades\/urucuca\/files\/2025\/01\/Controle-de-Atas-2024_divulg.pdf\" data-type=\"URL\" data-id=\"https:\/\/www.ifbaiano.edu.br\/unidades\/urucuca\/files\/2025\/01\/Controle-de-Atas-2024_divulg.pdf\" target=\"_blank\">Controle de Atas<\/a><br><a rel=\"noreferrer noopener\" href=\"https:\/\/www.ifbaiano.edu.br\/unidades\/urucuca\/plano-de-contratacoes-anual\/\" data-type=\"URL\" data-id=\"https:\/\/www.ifbaiano.edu.br\/unidades\/urucuca\/plano-de-contratacoes-anual\/\" target=\"_blank\">Plano de Contrata\u00e7\u00f5es Anual<\/a><br><\/figcaption><\/figure>\n\n\n\n<figure class=\"wp-block-table is-style-stripes\"><table class=\"has-background\" style=\"background-color:#006400\"><thead><tr><th>\ufeff<\/th><\/tr><\/thead><tbody><tr><td><strong>2023<\/strong><\/td><\/tr><\/tbody><\/table><figcaption class=\"wp-element-caption\"><a rel=\"noreferrer noopener\" href=\"https:\/\/www.ifbaiano.edu.br\/unidades\/urucuca\/files\/2024\/01\/LICITACOES-2023.pdf\" data-type=\"URL\" data-id=\"https:\/\/www.ifbaiano.edu.br\/unidades\/urucuca\/files\/2024\/01\/LICITACOES-2023.pdf\" target=\"_blank\">Licita\u00e7\u00f5es<\/a><br><a rel=\"noreferrer noopener\" href=\"https:\/\/www.ifbaiano.edu.br\/unidades\/urucuca\/files\/2024\/01\/Controle-de-Adesao-2023.pdf\" data-type=\"URL\" data-id=\"https:\/\/www.ifbaiano.edu.br\/unidades\/urucuca\/files\/2024\/01\/Controle-de-Adesao-2023.pdf\" target=\"_blank\">Controle de Ades\u00e3o<br><\/a><a rel=\"noreferrer noopener\" href=\"https:\/\/www.ifbaiano.edu.br\/unidades\/urucuca\/files\/2024\/01\/Controle-de-Dispensa-2023.pdf\" data-type=\"URL\" data-id=\"https:\/\/www.ifbaiano.edu.br\/unidades\/urucuca\/files\/2024\/01\/Controle-de-Dispensa-2023.pdf\" target=\"_blank\">Controle de Dispensa<\/a><\/figcaption><\/figure>\n\n\n\n<figure class=\"wp-block-table is-style-stripes\"><table class=\"has-background\" style=\"background-color:#006400\"><thead><tr><th>\ufeff<\/th><\/tr><\/thead><tbody><tr><td><strong>2022<\/strong><\/td><\/tr><\/tbody><\/table><figcaption class=\"wp-element-caption\"><a rel=\"noreferrer noopener\" href=\"https:\/\/www.ifbaiano.edu.br\/unidades\/urucuca\/files\/2023\/01\/LICITACOES-2022.pdf\" target=\"_blank\" data-type=\"URL\" data-id=\"https:\/\/www.ifbaiano.edu.br\/unidades\/urucuca\/files\/2023\/01\/LICITACOES-2022.pdf\">Licita\u00e7\u00f5es<\/a><br><a rel=\"noreferrer noopener\" href=\"https:\/\/www.ifbaiano.edu.br\/unidades\/urucuca\/files\/2023\/01\/Controle-de-Adesao-2022.pdf\" target=\"_blank\" data-type=\"URL\" data-id=\"https:\/\/www.ifbaiano.edu.br\/unidades\/urucuca\/files\/2023\/01\/Controle-de-Adesao-2022.pdf\">Controle de Ades\u00e3o<\/a><br><a href=\"https:\/\/www.ifbaiano.edu.br\/unidades\/urucuca\/files\/2023\/01\/Controle-de-Atas-2022.ods\" data-type=\"URL\" data-id=\"https:\/\/www.ifbaiano.edu.br\/unidades\/urucuca\/files\/2023\/01\/Controle-de-Atas-2022.ods\" target=\"_blank\" rel=\"noreferrer noopener\">Controle de Atas<\/a><a rel=\"noreferrer noopener\" href=\"https:\/\/www.ifbaiano.edu.br\/unidades\/urucuca\/files\/2022\/06\/Controle-de-Adesao-2022.pdf\" target=\"_blank\"><br><\/a><a rel=\"noreferrer noopener\" href=\"https:\/\/www.ifbaiano.edu.br\/unidades\/urucuca\/files\/2023\/01\/Controle-de-Inexigibilidade-2022.pdf\" target=\"_blank\" data-type=\"URL\" data-id=\"https:\/\/www.ifbaiano.edu.br\/unidades\/urucuca\/files\/2023\/01\/Controle-de-Inexigibilidade-2022.pdf\">Controle de Inexigibilidade<\/a><br><a rel=\"noreferrer noopener\" href=\"https:\/\/www.ifbaiano.edu.br\/unidades\/urucuca\/files\/2023\/01\/Controle-de-Dispensa-e-Suprimentos-de-Fundos-2022.pdf\" data-type=\"URL\" data-id=\"https:\/\/www.ifbaiano.edu.br\/unidades\/urucuca\/files\/2023\/01\/Controle-de-Dispensa-e-Suprimentos-de-Fundos-2022.pdf\" target=\"_blank\">Controle de Dispensa e Suprimentos de Fundos<\/a><\/figcaption><\/figure>\n\n\n\n<figure class=\"wp-block-table is-style-stripes\"><table class=\"has-background\" style=\"background-color:#006400\"><thead><tr><th><\/th><\/tr><\/thead><tbody><tr><td><strong>2021<\/strong><\/td><\/tr><\/tbody><\/table><figcaption class=\"wp-element-caption\"><a href=\"https:\/\/www.ifbaiano.edu.br\/unidades\/urucuca\/files\/2022\/05\/LICITACOES-2021-1.pdf\" target=\"_blank\" rel=\"noreferrer noopener\">Licita\u00e7\u00f5es<br><\/a><a href=\"https:\/\/www.ifbaiano.edu.br\/unidades\/urucuca\/files\/2022\/05\/Controle-de-Dispensa-e-Suprimentos-de-Fundos-2021.pdf\" target=\"_blank\" rel=\"noreferrer noopener\">Controle de Dispensa<br><\/a><a href=\"https:\/\/www.ifbaiano.edu.br\/unidades\/urucuca\/files\/2022\/05\/Controle-de-Adesao-2021.pdf\" target=\"_blank\" rel=\"noreferrer noopener\">Controle de Ades\u00e3o<\/a><\/figcaption><\/figure>\n\n\n\n<figure class=\"wp-block-table is-style-stripes\"><table class=\"has-background\" style=\"background-color:#006400\"><thead><tr><th><\/th><\/tr><\/thead><tbody><tr><td><strong>2020<\/strong><\/td><\/tr><tr><td><\/td><\/tr><\/tbody><\/table><figcaption class=\"wp-element-caption\"><a href=\"https:\/\/www.ifbaiano.edu.br\/unidades\/urucuca\/files\/2020\/10\/LICITACOES-2020.pdf\">Licita\u00e7\u00f5es<\/a><br><a href=\"https:\/\/www.ifbaiano.edu.br\/unidades\/urucuca\/files\/2020\/10\/Controle-de-Inexigibilidade-2020.pdf\">Controle de Inexigibilidade<\/a><br><a href=\"https:\/\/www.ifbaiano.edu.br\/unidades\/urucuca\/files\/2020\/10\/Controle-de-Dispensa-e-Suprimentos-de-Fundos-2020.pdf\">Controle de Dispensa e Suprimentos de Fundos<\/a><br><a href=\"https:\/\/www.ifbaiano.edu.br\/unidades\/urucuca\/files\/2020\/10\/Controle-de-Adesao-2020.pdf\">Controle de Ades\u00e3o<\/a><br><a href=\"https:\/\/www.ifbaiano.edu.br\/unidades\/urucuca\/files\/2020\/10\/Controle-de-Atas-2020.pdf\">Controle de Atas<\/a><\/figcaption><\/figure>\n\n\n\n<figure class=\"wp-block-table is-style-stripes\"><table class=\"has-background\" style=\"background-color:#006400\"><thead><tr><th><\/th><\/tr><\/thead><tbody><tr><td><strong>2019<\/strong><\/td><\/tr><tr><td><\/td><\/tr><\/tbody><\/table><figcaption class=\"wp-element-caption\"><a rel=\"noreferrer noopener\" href=\"https:\/\/www.ifbaiano.edu.br\/unidades\/urucuca\/files\/2020\/10\/LICITACOES-2019.pdf\" target=\"_blank\">Licita\u00e7\u00f5es<\/a><br><a href=\"https:\/\/www.ifbaiano.edu.br\/unidades\/urucuca\/files\/2020\/10\/Controle-de-Inexigibilidade-2019.pdf\">Controle de Inexigibilidade<\/a><br><a href=\"https:\/\/www.ifbaiano.edu.br\/unidades\/urucuca\/files\/2020\/10\/Controle-de-Dispensa-e-Suprimentos-de-Fundos-2019.pdf\">Controle de Dispensa e Suprimentos de Fundos<\/a><br><a href=\"https:\/\/www.ifbaiano.edu.br\/unidades\/urucuca\/files\/2020\/10\/Controle-de-Adesao-2019-II.pdf\">Controle de Ades\u00e3o<\/a><br><a href=\"https:\/\/www.ifbaiano.edu.br\/unidades\/urucuca\/files\/2020\/10\/Controle-de-Atas-2019-II.pdf\">Controle de Atas<\/a><\/figcaption><\/figure>\n\n\n\n<figure class=\"wp-block-table is-style-stripes\"><table class=\"has-background\" style=\"background-color:#006400\"><thead><tr><th><\/th><\/tr><\/thead><tbody><tr><td><strong>2018<\/strong><\/td><\/tr><tr><td><\/td><\/tr><\/tbody><\/table><figcaption class=\"wp-element-caption\"><a href=\"http:\/\/www.ifbaiano.edu.br\/unidades\/urucuca\/files\/2016\/08\/Edital-Chamada-P\u00fablica-n\u00ba-01-de-2018.pdf\">Edital Chamada P\u00fablica n\u00ba 01 de 2018<\/a>&nbsp;<br><a rel=\"noreferrer noopener\" href=\"http:\/\/www.ifbaiano.edu.br\/unidades\/urucuca\/files\/2019\/03\/LICITA\u00c7\u00d5ES-2018-1.pdf\" target=\"_blank\">Licita\u00e7\u00f5es<\/a><br><a href=\"http:\/\/www.ifbaiano.edu.br\/unidades\/urucuca\/files\/2016\/08\/Controle-de-Inexigibilidade-2018-1.pdf\">Controle de Inexigibilidade<\/a><br><a rel=\"noreferrer noopener\" href=\"http:\/\/www.ifbaiano.edu.br\/unidades\/urucuca\/files\/2016\/08\/Controle-de-Dispensa-e-Suprimentos-de-Fundos-2018.pdf\" target=\"_blank\">Controle de Dispensa e Suprimentos de Fundos<\/a><br><a href=\"http:\/\/www.ifbaiano.edu.br\/unidades\/urucuca\/files\/2016\/08\/Controle-de-Ades\u00e3o-2018.pdf\">Controle de Ades\u00e3o<\/a><\/figcaption><\/figure>\n\n\n\n<figure class=\"wp-block-table is-style-stripes\"><table class=\"has-background\" style=\"background-color:#006400\"><thead><tr><th><\/th><\/tr><\/thead><tbody><tr><td><strong>2016<\/strong><\/td><\/tr><tr><td><\/td><\/tr><\/tbody><\/table><figcaption class=\"wp-element-caption\"><a rel=\"noreferrer noopener\" href=\"http:\/\/www.ifbaiano.edu.br\/unidades\/urucuca\/files\/2016\/08\/CHAMADA-P%C3%9ABLICA-PNAE-2016.pdf\" target=\"_blank\">Edital de Chamada P\u00fablica 01\/2016<\/a><\/figcaption><\/figure>\n\n\n\n\n\n<p>Nota: anos de 2015 a 2017 <strong>EM CONSTRU\u00c7\u00c3O. <\/strong>Per\u00edodo n\u00e3o atualizado devido \u00e0 pandemia com restri\u00e7\u00e3o de acesso aos arquivos f\u00edsicos.<\/p>\n","protected":false},"excerpt":{"rendered":"<p>Chefe: Ta\u00eds Mara Cerqueira Concei\u00e7\u00e3oChefe Substituta: Paula Fons\u00eaca da SilvaE-mail: compras@urucuca.ifbaiano.edu.br \ufeff 2025 INSTRUMENTO DE PADRONIZA\u00c7\u00c3O DOS PROCEDIMENTOS DE CONTRATA\u00c7\u00c3OControle de Ades\u00f5esControle de InexigibilidadeControle de Participa\u00e7\u00e3o em Preg\u00f5esControle de DispensasControle de Licita\u00e7\u00f5esControles de Atas \ufeff 2024 Fluxograma &#8211; processo de comprasLicita\u00e7\u00f5esControle de DispensaControle de InexigibilidadeControle de AtasPlano de Contrata\u00e7\u00f5es Anual \ufeff 2023 Licita\u00e7\u00f5esControle de Ades\u00e3oControle [&hellip;]<\/p>\n","protected":false},"author":69,"featured_media":0,"parent":0,"menu_order":0,"comment_status":"closed","ping_status":"open","template":"","meta":[],"_links":{"self":[{"href":"https:\/\/www.ifbaiano.edu.br\/unidades\/urucuca\/wp-json\/wp\/v2\/pages\/2999"}],"collection":[{"href":"https:\/\/www.ifbaiano.edu.br\/unidades\/urucuca\/wp-json\/wp\/v2\/pages"}],"about":[{"href":"https:\/\/www.ifbaiano.edu.br\/unidades\/urucuca\/wp-json\/wp\/v2\/types\/page"}],"author":[{"embeddable":true,"href":"https:\/\/www.ifbaiano.edu.br\/unidades\/urucuca\/wp-json\/wp\/v2\/users\/69"}],"replies":[{"embeddable":true,"href":"https:\/\/www.ifbaiano.edu.br\/unidades\/urucuca\/wp-json\/wp\/v2\/comments?post=2999"}],"version-history":[{"count":71,"href":"https:\/\/www.ifbaiano.edu.br\/unidades\/urucuca\/wp-json\/wp\/v2\/pages\/2999\/revisions"}],"predecessor-version":[{"id":13539,"href":"https:\/\/www.ifbaiano.edu.br\/unidades\/urucuca\/wp-json\/wp\/v2\/pages\/2999\/revisions\/13539"}],"wp:attachment":[{"href":"https:\/\/www.ifbaiano.edu.br\/unidades\/urucuca\/wp-json\/wp\/v2\/media?parent=2999"}],"curies":[{"name":"wp","href":"https:\/\/api.w.org\/{rel}","templated":true}]}}