{"id":3043,"date":"2016-09-05T12:40:58","date_gmt":"2016-09-05T15:40:58","guid":{"rendered":"http:\/\/www.ifbaiano.edu.br\/unidades\/urucuca\/?page_id=3043"},"modified":"2025-01-15T11:03:10","modified_gmt":"2025-01-15T14:03:10","slug":"diretoria-academica","status":"publish","type":"page","link":"https:\/\/www.ifbaiano.edu.br\/unidades\/urucuca\/diretoria-academica\/","title":{"rendered":"Diretor(a) Acad\u00eamico(a)"},"content":{"rendered":"\n<p>A Diretoria Acad\u00eamica (DA) \u00e9 um setor executivo, vinculado \u00e0 Dire\u00e7\u00e3o-Geral, respons\u00e1vel por planejar, desenvolver, monitorar e avaliar, de forma articulada com seus setores, a execu\u00e7\u00e3o das pol\u00edticas do ensino, pesquisa e extens\u00e3o em suas diversas modalidades e n\u00edveis, promovendo a\u00e7\u00f5es que garantam a perman\u00eancia e \u00eaxito do corpo discente, bem como o desenvolvimento acad\u00eamico.<\/p>\n\n\n\n<p><a rel=\"noreferrer noopener\" href=\"https:\/\/www.ifbaiano.edu.br\/unidades\/urucuca\/files\/2023\/03\/Reunioes-Regulares-2023.pdf\" target=\"_blank\">Calend\u00e1rio de Reuni\u00f5es Regulares &#8211; 2023<\/a><\/p>\n\n\n\n<p class=\"has-white-color has-text-color has-background\" style=\"background-color:#006f14d9\"><strong>CONTATOS<\/strong><\/p>\n\n\n\n<p><strong>Diretor: <\/strong>Jo\u00e3o Victor da Silva Santos<\/p>\n\n\n\n<p><strong>Contato:<\/strong> <a href=\"mailto:da@urucucuca.ifbaiano.edu.br\">da@urucucuca.ifbaiano.edu.br<\/a><\/p>\n","protected":false},"excerpt":{"rendered":"<p>A Diretoria Acad\u00eamica (DA) \u00e9 um setor executivo, vinculado \u00e0 Dire\u00e7\u00e3o-Geral, respons\u00e1vel por planejar, desenvolver, monitorar e avaliar, de forma articulada com seus setores, a execu\u00e7\u00e3o das pol\u00edticas do ensino, pesquisa e extens\u00e3o em suas diversas modalidades e n\u00edveis, promovendo a\u00e7\u00f5es que garantam a perman\u00eancia e \u00eaxito do corpo discente, bem como o desenvolvimento acad\u00eamico. [&hellip;]<\/p>\n","protected":false},"author":69,"featured_media":0,"parent":0,"menu_order":0,"comment_status":"closed","ping_status":"open","template":"","meta":[],"_links":{"self":[{"href":"https:\/\/www.ifbaiano.edu.br\/unidades\/urucuca\/wp-json\/wp\/v2\/pages\/3043"}],"collection":[{"href":"https:\/\/www.ifbaiano.edu.br\/unidades\/urucuca\/wp-json\/wp\/v2\/pages"}],"about":[{"href":"https:\/\/www.ifbaiano.edu.br\/unidades\/urucuca\/wp-json\/wp\/v2\/types\/page"}],"author":[{"embeddable":true,"href":"https:\/\/www.ifbaiano.edu.br\/unidades\/urucuca\/wp-json\/wp\/v2\/users\/69"}],"replies":[{"embeddable":true,"href":"https:\/\/www.ifbaiano.edu.br\/unidades\/urucuca\/wp-json\/wp\/v2\/comments?post=3043"}],"version-history":[{"count":19,"href":"https:\/\/www.ifbaiano.edu.br\/unidades\/urucuca\/wp-json\/wp\/v2\/pages\/3043\/revisions"}],"predecessor-version":[{"id":11037,"href":"https:\/\/www.ifbaiano.edu.br\/unidades\/urucuca\/wp-json\/wp\/v2\/pages\/3043\/revisions\/11037"}],"wp:attachment":[{"href":"https:\/\/www.ifbaiano.edu.br\/unidades\/urucuca\/wp-json\/wp\/v2\/media?parent=3043"}],"curies":[{"name":"wp","href":"https:\/\/api.w.org\/{rel}","templated":true}]}}