{"id":3385,"date":"2017-03-24T11:10:55","date_gmt":"2017-03-24T14:10:55","guid":{"rendered":"http:\/\/www.ifbaiano.edu.br\/unidades\/urucuca\/?page_id=3385"},"modified":"2023-03-20T15:59:52","modified_gmt":"2023-03-20T18:59:52","slug":"cursos","status":"publish","type":"page","link":"https:\/\/www.ifbaiano.edu.br\/unidades\/urucuca\/diretoria-academica\/cursos\/","title":{"rendered":"Cursos T\u00e9cnicos"},"content":{"rendered":"<h3><span style=\"color: #ff0000\"><a style=\"color: #ff0000\" href=\"http:\/\/www.ifbaiano.edu.br\/unidades\/urucuca\/tecnico-integrado\/\"><strong>T\u00e9cnico Integrado<\/strong><\/a><\/span><\/h3>\n<p>Destinado aos&nbsp;concluintes do Ensino Fundamental. Os cursos tem dura\u00e7\u00e3o de 3 anos e o estudante faz o curso t\u00e9cnico junto com o ensino m\u00e9dio. Ingresso atrav\u00e9s do Processo Seletivo. Cursos:<\/p>\n<ul>\n<li>Guia de Turismo<\/li>\n<li>Inform\u00e1tica<\/li>\n<\/ul>\n<h3><span style=\"color: #ff0000\"><a style=\"color: #ff0000\" href=\"http:\/\/www.ifbaiano.edu.br\/unidades\/urucuca\/tecnico-concomitante-ou-subsequente\/\"><strong>T\u00e9cnico Subsequente<\/strong><\/a><\/span><\/h3>\n<p>Destinado aos concluintes do Ensino M\u00e9dio.&nbsp;Os cursos tem dura\u00e7\u00e3o de 2 anos.&nbsp;&nbsp;Ingresso atrav\u00e9s do Processo Seletivo. Cursos:<\/p>\n<ul>\n<li>Alimentos<\/li>\n<li>Agropecu\u00e1ria<\/li>\n<li>Agrimensura<\/li>\n<\/ul>\n<h3><span style=\"color: #ff0000\"><a style=\"color: #ff0000\" href=\"http:\/\/www.ifbaiano.edu.br\/unidades\/urucuca\/superiordetecnologia\/\"><strong>Superior<\/strong><\/a><\/span><\/h3>\n<p>Destinado aos estudantes que realizaram o ENEM. Ingresso atrav\u00e9s do SISU. Cursos<\/p>\n<ul>\n<li>Agroecologia<\/li>\n<li>Gest\u00e3o de Turismo<\/li>\n<li>Bacharelado em Engenharia de Alimentos<\/li>\n<\/ul>\n<h3><strong><span style=\"color: #ff0000\">P\u00f3s-Gradua\u00e7\u00e3o (Especializa\u00e7\u00e3o)<\/span><\/strong><\/h3>\n<p>Destinado a profissionais graduados. Ingresso atrav\u00e9s de editais espec\u00edficos. Modalidade presencial. Cursos <em>Lato Sensu<\/em>:<\/p>\n<ul>\n<li>Desenvolvimento Regional e Sustent\u00e1vel<\/li>\n<li>Ci\u00eancia e Tecnologia de Alimentos com \u00eanfase em cacau e chocolate<\/li>\n<li>Educa\u00e7\u00e3o Cient\u00edfica e Cidadania<\/li>\n<\/ul>\n","protected":false},"excerpt":{"rendered":"<p>T\u00e9cnico Integrado Destinado aos&nbsp;concluintes do Ensino Fundamental. Os cursos tem dura\u00e7\u00e3o de 3 anos e o estudante faz o curso t\u00e9cnico junto com o ensino m\u00e9dio. Ingresso atrav\u00e9s do Processo Seletivo. Cursos: Guia de Turismo Inform\u00e1tica T\u00e9cnico Subsequente Destinado aos concluintes do Ensino M\u00e9dio.&nbsp;Os cursos tem dura\u00e7\u00e3o de 2 anos.&nbsp;&nbsp;Ingresso atrav\u00e9s do Processo Seletivo. Cursos: [&hellip;]<\/p>\n","protected":false},"author":69,"featured_media":0,"parent":3043,"menu_order":0,"comment_status":"closed","ping_status":"closed","template":"","meta":[],"_links":{"self":[{"href":"https:\/\/www.ifbaiano.edu.br\/unidades\/urucuca\/wp-json\/wp\/v2\/pages\/3385"}],"collection":[{"href":"https:\/\/www.ifbaiano.edu.br\/unidades\/urucuca\/wp-json\/wp\/v2\/pages"}],"about":[{"href":"https:\/\/www.ifbaiano.edu.br\/unidades\/urucuca\/wp-json\/wp\/v2\/types\/page"}],"author":[{"embeddable":true,"href":"https:\/\/www.ifbaiano.edu.br\/unidades\/urucuca\/wp-json\/wp\/v2\/users\/69"}],"replies":[{"embeddable":true,"href":"https:\/\/www.ifbaiano.edu.br\/unidades\/urucuca\/wp-json\/wp\/v2\/comments?post=3385"}],"version-history":[{"count":9,"href":"https:\/\/www.ifbaiano.edu.br\/unidades\/urucuca\/wp-json\/wp\/v2\/pages\/3385\/revisions"}],"predecessor-version":[{"id":8178,"href":"https:\/\/www.ifbaiano.edu.br\/unidades\/urucuca\/wp-json\/wp\/v2\/pages\/3385\/revisions\/8178"}],"up":[{"embeddable":true,"href":"https:\/\/www.ifbaiano.edu.br\/unidades\/urucuca\/wp-json\/wp\/v2\/pages\/3043"}],"wp:attachment":[{"href":"https:\/\/www.ifbaiano.edu.br\/unidades\/urucuca\/wp-json\/wp\/v2\/media?parent=3385"}],"curies":[{"name":"wp","href":"https:\/\/api.w.org\/{rel}","templated":true}]}}