{"id":3884,"date":"2017-11-10T10:28:27","date_gmt":"2017-11-10T13:28:27","guid":{"rendered":"http:\/\/www.ifbaiano.edu.br\/unidades\/urucuca\/?page_id=3884"},"modified":"2025-03-18T15:24:53","modified_gmt":"2025-03-18T18:24:53","slug":"nucleo-de-execucao-orcamentaria-e-financeira","status":"publish","type":"page","link":"https:\/\/www.ifbaiano.edu.br\/unidades\/urucuca\/nucleo-de-execucao-orcamentaria-e-financeira\/","title":{"rendered":"Coordena\u00e7\u00e3o Financeira e Cont\u00e1bil &#8211; CFC"},"content":{"rendered":"\n<p>Coordena\u00e7\u00e3o Or\u00e7ament\u00e1ria, Financeira e Cont\u00e1bil (CFC) \u00e9 respons\u00e1vel por coordenar e monitorar as atividades relativas \u00e0 execu\u00e7\u00e3o or\u00e7ament\u00e1ria, financeira e cont\u00e1bil do campus em parceria com a Diretoria Administrativa e Dire\u00e7\u00e3o-Geral.&nbsp;<\/p>\n\n\n\n<p><strong>Respons\u00e1vel<\/strong>: Itamar de Santana Guimar\u00e3es&nbsp;<br><strong>Contato: <\/strong>cfc@urucuca.ifbaiano.edu.br<\/p>\n\n\n\n<p><\/p>\n\n\n\n<p><a rel=\"noreferrer noopener\" href=\"https:\/\/www.ifbaiano.edu.br\/unidades\/urucuca\/licitacoes\/\" data-type=\"URL\" data-id=\"https:\/\/www.ifbaiano.edu.br\/unidades\/urucuca\/licitacoes\/\" target=\"_blank\">Compras e Licita\u00e7\u00f5es<\/a><br><a rel=\"noreferrer noopener\" href=\"https:\/\/www.ifbaiano.edu.br\/unidades\/urucuca\/contratos\/\" data-type=\"URL\" data-id=\"https:\/\/www.ifbaiano.edu.br\/unidades\/urucuca\/contratos\/\" target=\"_blank\">Contratos<\/a><br><a href=\"https:\/\/www.ifbaiano.edu.br\/unidades\/urucuca\/nucleo-de-execucao-orcamentaria-financeira-e-contabil-neof\/\" data-type=\"URL\" data-id=\"https:\/\/www.ifbaiano.edu.br\/unidades\/urucuca\/nucleo-de-execucao-orcamentaria-financeira-e-contabil-neof\/\" target=\"_blank\" rel=\"noreferrer noopener\">N\u00facleo de Execu\u00e7\u00e3o Or\u00e7ament\u00e1ria, Financeira e Cont\u00e1bil \u2013 NEOF<\/a><\/p>\n\n\n\n<p><\/p>\n\n\n\n<figure class=\"wp-block-table is-style-stripes\"><table class=\"has-background\" style=\"background-color:#006400\"><thead><tr><th>\ufeff<\/th><\/tr><\/thead><tbody><tr><td><strong>Documentos<\/strong><\/td><\/tr><\/tbody><\/table><figcaption class=\"wp-element-caption\"><a rel=\"noreferrer noopener\" href=\"https:\/\/www.ifbaiano.edu.br\/unidades\/urucuca\/files\/2022\/03\/Fluxograma-de-Liquidacao-e-Pagamento.pdf\" target=\"_blank\">Liquida\u00e7\u00e3o e Pagamento<\/a><br><a href=\"https:\/\/www.ifbaiano.edu.br\/unidades\/urucuca\/files\/2025\/03\/DESCENTRALIZACOES-E-TED-2024.pdf\" data-type=\"URL\" data-id=\"https:\/\/www.ifbaiano.edu.br\/unidades\/urucuca\/files\/2025\/03\/DESCENTRALIZACOES-E-TED-2024.pdf\" target=\"_blank\" rel=\"noreferrer noopener\">DESCENTRALIZA\u00c7\u00d5ES E TED 2024<\/a><br><a href=\"https:\/\/www.ifbaiano.edu.br\/unidades\/urucuca\/files\/2025\/03\/CONTROLE-ORCAMENTARIO-E-FINANCEIRO-2024.pdf\" data-type=\"URL\" data-id=\"https:\/\/www.ifbaiano.edu.br\/unidades\/urucuca\/files\/2025\/03\/CONTROLE-ORCAMENTARIO-E-FINANCEIRO-2024.pdf\" target=\"_blank\" rel=\"noreferrer noopener\">CONTROLE OR\u00c7AMENT\u00c1RIO E FINANCEIRO 2024<\/a><\/figcaption><\/figure>\n\n\n\n<p><\/p>\n\n\n\n<p><strong>Planilhas de ordem cronol\u00f3gica de pagamento conforme IN n\u00ba 02, de 06\/12\/2016<\/strong><\/p>\n\n\n\n<p><strong>2024 <\/strong><\/p>\n\n\n\n<p><a href=\"https:\/\/www.ifbaiano.edu.br\/unidades\/urucuca\/files\/2024\/09\/Controle-de-pagamentos_geral-2024-2.xlsx-Relatorio-despesas-mes-08.pdf\">Controle de pagamento &#8211; Agosto<\/a><\/p>\n\n\n\n<p><a href=\"https:\/\/www.ifbaiano.edu.br\/unidades\/urucuca\/controle-de-pagamento-janeiro-a-julho-2024\/\">Controle de pagamento &#8211; Atualizado de Janeiro \u00e0 Julho\/2024<\/a><\/p>\n\n\n\n<p><strong>2023<\/strong><\/p>\n\n\n\n<p><a href=\"https:\/\/www.ifbaiano.edu.br\/unidades\/urucuca\/cronograma-de-pagamento-maio-a-setembro-2023\/\" target=\"_blank\" rel=\"noopener noreferrer\">Cronograma para Pagamento &#8211; Atualizado de maio \u00e0 setembro\/2023<\/a><\/p>\n\n\n\n<p><strong>2019<\/strong><\/p>\n\n\n\n<p><a href=\"http:\/\/www.ifbaiano.edu.br\/unidades\/urucuca\/files\/2019\/10\/Cronograma-para-Pagamento-\u2013-Atualizado-at\u00e9-setembro-de-2019.ods\" target=\"_blank\" rel=\"noopener noreferrer\">Cronograma para Pagamento &#8211; Atualizado at\u00e9 Setembro de 2019<\/a><\/p>\n\n\n\n<p><a href=\"http:\/\/www.ifbaiano.edu.br\/unidades\/urucuca\/files\/2019\/08\/Cronograma-de-pagamento-Atualizada-at\u00e9-Julho-2019.pdf\" target=\"_blank\" rel=\"noopener noreferrer\">Cronograma para Pagamento &#8211; Atualizado at\u00e9 Julho de 2019<\/a><\/p>\n\n\n\n<p><a href=\"http:\/\/www.ifbaiano.edu.br\/unidades\/urucuca\/files\/2017\/11\/PLANILHA-PARA-AUTORIZA\u00c7\u00c3O-DE-PAGAMENTO-PUBLICA\u00c7\u00c3O-2019.ods\">Cronograma para Pagamento &#8211; Janeiro<\/a><\/p>\n\n\n\n<p><strong><span style=\"text-decoration: underline\">2018<\/span><\/strong><\/p>\n\n\n\n<p><a href=\"http:\/\/www.ifbaiano.edu.br\/unidades\/urucuca\/files\/2017\/11\/PLANILHA-PARA-AUTORIZA\u00c7\u00c3O-DE-PAGAMENTO-PUBLICA\u00c7\u00c3O-2018-2.ods\">Cronograma para pagamento &#8211; Novembro e Dezembro<\/a><\/p>\n\n\n\n<p><a href=\"http:\/\/www.ifbaiano.edu.br\/unidades\/urucuca\/files\/2018\/11\/PLANILHA-PARA-AUTORIZA\u00c7\u00c3O-DE-PAGAMENTO-PUBLICA\u00c7\u00c3O-2018.ods\">Cronograma para pagamento &#8211; Outubro<\/a><\/p>\n\n\n\n<p><a href=\"http:\/\/www.ifbaiano.edu.br\/unidades\/urucuca\/files\/2017\/11\/PLANILHA-PARA-AUTORIZA\u00c7\u00c3O-DE-PAGAMENTO-PUBLICA\u00c7\u00c3O-2018-1.ods\" target=\"_blank\" rel=\"noopener noreferrer\">Cronograma para pagamento &#8211; Setembro<\/a><\/p>\n\n\n\n<p><a href=\"http:\/\/www.ifbaiano.edu.br\/unidades\/urucuca\/files\/2017\/11\/PLANILHA-PARA-AUTORIZA\u00c7\u00c3O-DE-PAGAMENTO-PUBLICA\u00c7\u00c3O-2018.ods\">Cronograma para pagamento &#8211; Agosto<\/a><\/p>\n\n\n\n<p><a href=\"http:\/\/www.ifbaiano.edu.br\/unidades\/urucuca\/files\/2017\/11\/Cronograma-para-pagamento-Abril-a-Julho.pdf\" target=\"_blank\" rel=\"noopener noreferrer\">Cronograma para pagamento &#8211; Abril a Julho<\/a><\/p>\n\n\n\n<p><a href=\"http:\/\/www.ifbaiano.edu.br\/unidades\/urucuca\/files\/2018\/05\/PLANILHA-PARA-PAGAMENTO-ABRIL-2018.pdf\" target=\"_blank\" rel=\"noopener noreferrer\">Abril<\/a><\/p>\n\n\n\n<p><a rel=\"noopener noreferrer\" href=\"http:\/\/www.ifbaiano.edu.br\/unidades\/urucuca\/files\/2018\/05\/PLANILHA-PARA-PAGAMENTO-MAIO-2018.pdf\" target=\"_blank\">Maio<\/a><\/p>\n","protected":false},"excerpt":{"rendered":"<p>Coordena\u00e7\u00e3o Or\u00e7ament\u00e1ria, Financeira e Cont\u00e1bil (CFC) \u00e9 respons\u00e1vel por coordenar e monitorar as atividades relativas \u00e0 execu\u00e7\u00e3o or\u00e7ament\u00e1ria, financeira e cont\u00e1bil do campus em parceria com a Diretoria Administrativa e Dire\u00e7\u00e3o-Geral.&nbsp; Respons\u00e1vel: Itamar de Santana Guimar\u00e3es&nbsp;Contato: cfc@urucuca.ifbaiano.edu.br Compras e Licita\u00e7\u00f5esContratosN\u00facleo de Execu\u00e7\u00e3o Or\u00e7ament\u00e1ria, Financeira e Cont\u00e1bil \u2013 NEOF \ufeff Documentos Liquida\u00e7\u00e3o e PagamentoDESCENTRALIZA\u00c7\u00d5ES E TED [&hellip;]<\/p>\n","protected":false},"author":67,"featured_media":0,"parent":0,"menu_order":0,"comment_status":"closed","ping_status":"closed","template":"","meta":[],"_links":{"self":[{"href":"https:\/\/www.ifbaiano.edu.br\/unidades\/urucuca\/wp-json\/wp\/v2\/pages\/3884"}],"collection":[{"href":"https:\/\/www.ifbaiano.edu.br\/unidades\/urucuca\/wp-json\/wp\/v2\/pages"}],"about":[{"href":"https:\/\/www.ifbaiano.edu.br\/unidades\/urucuca\/wp-json\/wp\/v2\/types\/page"}],"author":[{"embeddable":true,"href":"https:\/\/www.ifbaiano.edu.br\/unidades\/urucuca\/wp-json\/wp\/v2\/users\/67"}],"replies":[{"embeddable":true,"href":"https:\/\/www.ifbaiano.edu.br\/unidades\/urucuca\/wp-json\/wp\/v2\/comments?post=3884"}],"version-history":[{"count":32,"href":"https:\/\/www.ifbaiano.edu.br\/unidades\/urucuca\/wp-json\/wp\/v2\/pages\/3884\/revisions"}],"predecessor-version":[{"id":11553,"href":"https:\/\/www.ifbaiano.edu.br\/unidades\/urucuca\/wp-json\/wp\/v2\/pages\/3884\/revisions\/11553"}],"wp:attachment":[{"href":"https:\/\/www.ifbaiano.edu.br\/unidades\/urucuca\/wp-json\/wp\/v2\/media?parent=3884"}],"curies":[{"name":"wp","href":"https:\/\/api.w.org\/{rel}","templated":true}]}}