{"id":4057,"date":"2018-02-19T13:20:40","date_gmt":"2018-02-19T16:20:40","guid":{"rendered":"http:\/\/www.ifbaiano.edu.br\/unidades\/urucuca\/?page_id=4057"},"modified":"2019-03-19T14:20:40","modified_gmt":"2019-03-19T17:20:40","slug":"pos-graduacao","status":"publish","type":"page","link":"https:\/\/www.ifbaiano.edu.br\/unidades\/urucuca\/diretoria-academica\/cursos\/pos-graduacao\/","title":{"rendered":"P\u00f3s-gradua\u00e7\u00e3o"},"content":{"rendered":"<p style=\"text-align: justify\">O curso de P\u00f3s-Gradua\u00e7\u00e3o Lato sensu, denominado Curso de <strong>Especializa\u00e7\u00e3o<\/strong>, conforme os artigos 30 e 44 da Lei n. \u00ba 9.394, de 20 de dezembro de 1996 (BRASIL,1996), \u00e9 programa de n\u00edvel superior, de forma\u00e7\u00e3o continuada, com os objetivos de complementar a forma\u00e7\u00e3o inicial, atualizar, incorporar compet\u00eancias e desenvolver perfis profissionais, tendo em vista o aprimoramento para a atua\u00e7\u00e3o no mundo do trabalho.<\/p>\n<p>Todos s\u00e3o de cursos <strong>presenciais<\/strong> e o ingresso se d\u00e1 atrav\u00e9s de <strong>editais espec\u00edficos<\/strong>.<br \/>\nS\u00e3o eles:<\/p>\n<ul>\n<li><strong><a href=\"http:\/\/www.ifbaiano.edu.br\/unidades\/urucuca\/desenvolvimento-regional-e-sustentavel\/\">Desenvolvimento Regional e Sustent\u00e1vel<\/a><\/strong><\/li>\n<li><strong><a href=\"http:\/\/www.ifbaiano.edu.br\/unidades\/urucuca\/ciencia-e-tecnologia-de-alimentos-enfase-em-cacau-e-chocolate\/\">Ci\u00eancia e Tecnologia de Alimentos com \u00eanfase em cacau e chocolate<\/a><\/strong><\/li>\n<li><strong><a href=\"http:\/\/www.ifbaiano.edu.br\/unidades\/urucuca\/educacao-cientifica-e-cidadania\/\">Educa\u00e7\u00e3o Cient\u00edfica e Cidadania<\/a><\/strong><\/li>\n<\/ul>\n","protected":false},"excerpt":{"rendered":"<p>O curso de P\u00f3s-Gradua\u00e7\u00e3o Lato sensu, denominado Curso de Especializa\u00e7\u00e3o, conforme os artigos 30 e 44 da Lei n. \u00ba 9.394, de 20 de dezembro de 1996 (BRASIL,1996), \u00e9 programa de n\u00edvel superior, de forma\u00e7\u00e3o continuada, com os objetivos de complementar a forma\u00e7\u00e3o inicial, atualizar, incorporar compet\u00eancias e desenvolver perfis profissionais, tendo em vista o [&hellip;]<\/p>\n","protected":false},"author":67,"featured_media":0,"parent":3385,"menu_order":0,"comment_status":"closed","ping_status":"closed","template":"","meta":[],"_links":{"self":[{"href":"https:\/\/www.ifbaiano.edu.br\/unidades\/urucuca\/wp-json\/wp\/v2\/pages\/4057"}],"collection":[{"href":"https:\/\/www.ifbaiano.edu.br\/unidades\/urucuca\/wp-json\/wp\/v2\/pages"}],"about":[{"href":"https:\/\/www.ifbaiano.edu.br\/unidades\/urucuca\/wp-json\/wp\/v2\/types\/page"}],"author":[{"embeddable":true,"href":"https:\/\/www.ifbaiano.edu.br\/unidades\/urucuca\/wp-json\/wp\/v2\/users\/67"}],"replies":[{"embeddable":true,"href":"https:\/\/www.ifbaiano.edu.br\/unidades\/urucuca\/wp-json\/wp\/v2\/comments?post=4057"}],"version-history":[{"count":9,"href":"https:\/\/www.ifbaiano.edu.br\/unidades\/urucuca\/wp-json\/wp\/v2\/pages\/4057\/revisions"}],"predecessor-version":[{"id":5013,"href":"https:\/\/www.ifbaiano.edu.br\/unidades\/urucuca\/wp-json\/wp\/v2\/pages\/4057\/revisions\/5013"}],"up":[{"embeddable":true,"href":"https:\/\/www.ifbaiano.edu.br\/unidades\/urucuca\/wp-json\/wp\/v2\/pages\/3385"}],"wp:attachment":[{"href":"https:\/\/www.ifbaiano.edu.br\/unidades\/urucuca\/wp-json\/wp\/v2\/media?parent=4057"}],"curies":[{"name":"wp","href":"https:\/\/api.w.org\/{rel}","templated":true}]}}