{"id":4111,"date":"2018-03-02T09:08:18","date_gmt":"2018-03-02T12:08:18","guid":{"rendered":"http:\/\/www.ifbaiano.edu.br\/unidades\/urucuca\/?page_id=4111"},"modified":"2025-11-10T10:52:38","modified_gmt":"2025-11-10T13:52:38","slug":"calendario-academico","status":"publish","type":"page","link":"https:\/\/www.ifbaiano.edu.br\/unidades\/urucuca\/calendario-academico\/","title":{"rendered":"Calend\u00e1rios Acad\u00eamicos"},"content":{"rendered":"\n<p><strong>2026<br><\/strong><a href=\"https:\/\/www.ifbaiano.edu.br\/unidades\/urucuca\/files\/2025\/11\/Minuta-Calendario-Academico-2026-INTEGRADO.pdf\">Minuta Cursos Integrados<br><\/a><a href=\"https:\/\/www.ifbaiano.edu.br\/unidades\/urucuca\/files\/2025\/11\/Minuta-Calendario-Academico-2026-SUBSEQUENTE.pdf\">Minuta Cursos Subsequentes<\/a><br><a href=\"https:\/\/www.ifbaiano.edu.br\/unidades\/urucuca\/files\/2025\/11\/Minuta-Calendario-Academico-2026-SUPERIOR.pdf\">Minuta Cursos Superiores<\/a><\/p>\n\n\n\n<p><strong>2025<br><\/strong><a href=\"https:\/\/www.ifbaiano.edu.br\/unidades\/urucuca\/files\/2024\/12\/Minuta-Calendario-Academico-2025-INTEGRADO.pdf\">Cursos Integrados<\/a><br><a href=\"https:\/\/www.ifbaiano.edu.br\/unidades\/urucuca\/files\/2024\/12\/Minuta-Calendario-Academico-2025-SUBSEQUENTE.pdf\">Cursos Subsequentes<\/a><br><a href=\"https:\/\/www.ifbaiano.edu.br\/unidades\/urucuca\/files\/2024\/12\/Minuta-Calendario-Academico-2025-SUPERIOR.pdf\">Cursos Superiores<\/a><br><a href=\"https:\/\/www.ifbaiano.edu.br\/unidades\/urucuca\/files\/2025\/09\/Calendario-Academico-2025-Ingressantes-em-2024-1.pdf\">Cursos EAD &#8211; per\u00edodo letivo 2025.1 &#8211; (Turma Ingressante 2024)<\/a><br><a href=\"https:\/\/www.ifbaiano.edu.br\/unidades\/urucuca\/files\/2025\/09\/Calendario-Academico-2025-Ingressantes-em-2025-1.pdf\">Cursos EAD &#8211; per\u00edodo letivo 2025.1 &#8211; (Turma Ingressante 2025)<\/a><\/p>\n\n\n\n<p><strong><em>Calend\u00e1rios P\u00f3s-Greve<br><\/em><\/strong><a href=\"https:\/\/www.ifbaiano.edu.br\/unidades\/urucuca\/files\/2024\/09\/Minuta-Calendario-Academico-2024-POS-GREVE-INTEGRADO-1.pdf\">Cursos Integrados &#8211;&nbsp; Per\u00edodo letivo 2024<\/a><br><a href=\"https:\/\/www.ifbaiano.edu.br\/unidades\/urucuca\/files\/2024\/09\/Minuta-Calendario-Academico-2024-POS-GREVE-SUBSEQUENTE-1.pdf\">Cursos Subsequentes &#8211; Per\u00edodo letivo 2024<\/a><br><a href=\"https:\/\/www.ifbaiano.edu.br\/unidades\/urucuca\/files\/2024\/09\/Minuta-Calendario-Academico-2023-POS-GREVE-SUPERIOR-1.pdf\">Cursos Superiores &#8211; Per\u00edodo letivo 2023<\/a><br><a href=\"https:\/\/www.ifbaiano.edu.br\/unidades\/urucuca\/files\/2024\/09\/Minuta-Calendario-Academico-2024-POS-GREVE-SUPERIOR-1.pdf\">Cursos Superiores &#8211; Per\u00edodo letivo 2024<\/a><\/p>\n\n\n\n<p><a href=\"https:\/\/www.ifbaiano.edu.br\/unidades\/urucuca\/calendarios-academicos-anos-anteriores\/\" data-type=\"URL\" data-id=\"https:\/\/www.ifbaiano.edu.br\/unidades\/urucuca\/calendarios-academicos-anos-anteriores\/\" target=\"_blank\" rel=\"noreferrer noopener\">Anos anteriores<\/a><\/p>\n","protected":false},"excerpt":{"rendered":"<p>2026Minuta Cursos IntegradosMinuta Cursos SubsequentesMinuta Cursos Superiores 2025Cursos IntegradosCursos SubsequentesCursos SuperioresCursos EAD &#8211; per\u00edodo letivo 2025.1 &#8211; (Turma Ingressante 2024)Cursos EAD &#8211; per\u00edodo letivo 2025.1 &#8211; (Turma Ingressante 2025) Calend\u00e1rios P\u00f3s-GreveCursos Integrados &#8211;&nbsp; Per\u00edodo letivo 2024Cursos Subsequentes &#8211; Per\u00edodo letivo 2024Cursos Superiores &#8211; Per\u00edodo letivo 2023Cursos Superiores &#8211; Per\u00edodo letivo 2024 Anos anteriores<\/p>\n","protected":false},"author":67,"featured_media":0,"parent":0,"menu_order":0,"comment_status":"closed","ping_status":"closed","template":"","meta":[],"_links":{"self":[{"href":"https:\/\/www.ifbaiano.edu.br\/unidades\/urucuca\/wp-json\/wp\/v2\/pages\/4111"}],"collection":[{"href":"https:\/\/www.ifbaiano.edu.br\/unidades\/urucuca\/wp-json\/wp\/v2\/pages"}],"about":[{"href":"https:\/\/www.ifbaiano.edu.br\/unidades\/urucuca\/wp-json\/wp\/v2\/types\/page"}],"author":[{"embeddable":true,"href":"https:\/\/www.ifbaiano.edu.br\/unidades\/urucuca\/wp-json\/wp\/v2\/users\/67"}],"replies":[{"embeddable":true,"href":"https:\/\/www.ifbaiano.edu.br\/unidades\/urucuca\/wp-json\/wp\/v2\/comments?post=4111"}],"version-history":[{"count":28,"href":"https:\/\/www.ifbaiano.edu.br\/unidades\/urucuca\/wp-json\/wp\/v2\/pages\/4111\/revisions"}],"predecessor-version":[{"id":13417,"href":"https:\/\/www.ifbaiano.edu.br\/unidades\/urucuca\/wp-json\/wp\/v2\/pages\/4111\/revisions\/13417"}],"wp:attachment":[{"href":"https:\/\/www.ifbaiano.edu.br\/unidades\/urucuca\/wp-json\/wp\/v2\/media?parent=4111"}],"curies":[{"name":"wp","href":"https:\/\/api.w.org\/{rel}","templated":true}]}}