{"id":4158,"date":"2018-03-20T10:08:32","date_gmt":"2018-03-20T13:08:32","guid":{"rendered":"http:\/\/www.ifbaiano.edu.br\/unidades\/urucuca\/?page_id=4158"},"modified":"2025-03-18T14:27:11","modified_gmt":"2025-03-18T17:27:11","slug":"contratos","status":"publish","type":"page","link":"https:\/\/www.ifbaiano.edu.br\/unidades\/urucuca\/contratos\/","title":{"rendered":"Contratos"},"content":{"rendered":"\n<p>Chefe do setor de Contratos: <strong>Makson Souza<\/strong><\/p>\n\n\n\n<p><strong>E-mail do setor: <\/strong><a href=\"mailto:licitacoes@urucuca.ifbaiano.edu.br\">contratos@urucuca.ifbaiano.edu.br<\/a><\/p>\n\n\n\n<p class=\"has-white-color has-text-color has-background\" style=\"background-color:#035c0a\"><strong>DOCUMENTOS<\/strong><\/p>\n\n\n\n<p><strong>Fluxogramas<br><\/strong><a rel=\"noreferrer noopener\" href=\"https:\/\/www.ifbaiano.edu.br\/unidades\/urucuca\/files\/2022\/03\/Fluxograma-de-Processos-de-Formalizacao-de-Contrato-Administrativo.pdf\" target=\"_blank\">Processos de Formaliza\u00e7\u00e3o de Contrato Administrativo<\/a><\/p>\n\n\n\n<p><br><a href=\"http:\/\/www.ifbaiano.edu.br\/unidades\/urucuca\/files\/2018\/03\/Rela\u00e7\u00e3o-de-contratos-firmados.pdf\">Rela\u00e7\u00e3o de contratos celebrados e aditivos &#8211; 2018<\/a> (inclu\u00eddo em 25\/02\/2019)<\/p>\n\n\n\n<p><a href=\"http:\/\/www.ifbaiano.edu.br\/unidades\/urucuca\/files\/2018\/03\/rELA\u00c7\u00c3O-TERCEIRIZADO.pdf\">Rela\u00e7\u00e3o dos Funcion\u00e1rios Terceirizados<\/a> (inclu\u00eddo em 26\/02\/2019)<\/p>\n","protected":false},"excerpt":{"rendered":"<p>Chefe do setor de Contratos: Makson Souza E-mail do setor: contratos@urucuca.ifbaiano.edu.br DOCUMENTOS FluxogramasProcessos de Formaliza\u00e7\u00e3o de Contrato Administrativo Rela\u00e7\u00e3o de contratos celebrados e aditivos &#8211; 2018 (inclu\u00eddo em 25\/02\/2019) Rela\u00e7\u00e3o dos Funcion\u00e1rios Terceirizados (inclu\u00eddo em 26\/02\/2019)<\/p>\n","protected":false},"author":67,"featured_media":0,"parent":0,"menu_order":0,"comment_status":"closed","ping_status":"closed","template":"","meta":[],"_links":{"self":[{"href":"https:\/\/www.ifbaiano.edu.br\/unidades\/urucuca\/wp-json\/wp\/v2\/pages\/4158"}],"collection":[{"href":"https:\/\/www.ifbaiano.edu.br\/unidades\/urucuca\/wp-json\/wp\/v2\/pages"}],"about":[{"href":"https:\/\/www.ifbaiano.edu.br\/unidades\/urucuca\/wp-json\/wp\/v2\/types\/page"}],"author":[{"embeddable":true,"href":"https:\/\/www.ifbaiano.edu.br\/unidades\/urucuca\/wp-json\/wp\/v2\/users\/67"}],"replies":[{"embeddable":true,"href":"https:\/\/www.ifbaiano.edu.br\/unidades\/urucuca\/wp-json\/wp\/v2\/comments?post=4158"}],"version-history":[{"count":13,"href":"https:\/\/www.ifbaiano.edu.br\/unidades\/urucuca\/wp-json\/wp\/v2\/pages\/4158\/revisions"}],"predecessor-version":[{"id":11536,"href":"https:\/\/www.ifbaiano.edu.br\/unidades\/urucuca\/wp-json\/wp\/v2\/pages\/4158\/revisions\/11536"}],"wp:attachment":[{"href":"https:\/\/www.ifbaiano.edu.br\/unidades\/urucuca\/wp-json\/wp\/v2\/media?parent=4158"}],"curies":[{"name":"wp","href":"https:\/\/api.w.org\/{rel}","templated":true}]}}