{"id":4680,"date":"2019-02-07T10:32:43","date_gmt":"2019-02-07T13:32:43","guid":{"rendered":"http:\/\/www.ifbaiano.edu.br\/unidades\/urucuca\/?page_id=4680"},"modified":"2026-03-31T11:46:20","modified_gmt":"2026-03-31T14:46:20","slug":"neabi","status":"publish","type":"page","link":"https:\/\/www.ifbaiano.edu.br\/unidades\/urucuca\/neabi\/","title":{"rendered":"NEABI"},"content":{"rendered":"\n<p><strong>O que \u00e9 o NEABI?<\/strong><br>N\u00facleo de Estudos Afro-brasileiros e Ind\u00edgenas, de natureza propositiva, consultiva e deliberativa no tocante \u00e0s quest\u00f5es da diversidade na perspectiva dos princ\u00edpios multiculturais, tendo como escopo o fomento de quest\u00f5es \u00e9tnico-raciais e o desenvolvimento de a\u00e7\u00f5es de valoriza\u00e7\u00e3o das identidades afro e ind\u00edgena.<br><\/p>\n\n\n\n<p><strong>Para que serve o NEABI?<\/strong><br>Fomentar a discuss\u00e3o, articular e promover a\u00e7\u00f5es referentes ao respeito \u00e0 diversidade \u00e9tnico-racial e \u00e0 prote\u00e7\u00e3o de direitos de pessoas e grupos \u00e9tnicos atingidos por atos discriminat\u00f3rios, a exemplo do racismo, atrav\u00e9s do assessoramento ao ensino, \u00e0 pesquisa e \u00e0 extens\u00e3o.<br><br><strong>Quem pode participar?<br><\/strong>Servidores do IF Baiano do campus (efetivos, substitutos e terceirizados), estudantes e&nbsp;representantes da comunidade externa.<br><\/p>\n\n\n\n<p><\/p>\n\n\n\n<p><\/p>\n\n\n\n<p><strong>Contato:<\/strong><br><strong>Coordena\u00e7\u00e3o Colegiada:<\/strong> Maria Elia de Carvalho e Livia Santana dos Santos<br><strong>e-ma<\/strong>il: neabi@urucuca.ifbaiano.edu.br<\/p>\n","protected":false},"excerpt":{"rendered":"<p>O que \u00e9 o NEABI?N\u00facleo de Estudos Afro-brasileiros e Ind\u00edgenas, de natureza propositiva, consultiva e deliberativa no tocante \u00e0s quest\u00f5es da diversidade na perspectiva dos princ\u00edpios multiculturais, tendo como escopo o fomento de quest\u00f5es \u00e9tnico-raciais e o desenvolvimento de a\u00e7\u00f5es de valoriza\u00e7\u00e3o das identidades afro e ind\u00edgena. Para que serve o NEABI?Fomentar a discuss\u00e3o, articular [&hellip;]<\/p>\n","protected":false},"author":67,"featured_media":0,"parent":0,"menu_order":0,"comment_status":"closed","ping_status":"closed","template":"","meta":[],"_links":{"self":[{"href":"https:\/\/www.ifbaiano.edu.br\/unidades\/urucuca\/wp-json\/wp\/v2\/pages\/4680"}],"collection":[{"href":"https:\/\/www.ifbaiano.edu.br\/unidades\/urucuca\/wp-json\/wp\/v2\/pages"}],"about":[{"href":"https:\/\/www.ifbaiano.edu.br\/unidades\/urucuca\/wp-json\/wp\/v2\/types\/page"}],"author":[{"embeddable":true,"href":"https:\/\/www.ifbaiano.edu.br\/unidades\/urucuca\/wp-json\/wp\/v2\/users\/67"}],"replies":[{"embeddable":true,"href":"https:\/\/www.ifbaiano.edu.br\/unidades\/urucuca\/wp-json\/wp\/v2\/comments?post=4680"}],"version-history":[{"count":6,"href":"https:\/\/www.ifbaiano.edu.br\/unidades\/urucuca\/wp-json\/wp\/v2\/pages\/4680\/revisions"}],"predecessor-version":[{"id":13770,"href":"https:\/\/www.ifbaiano.edu.br\/unidades\/urucuca\/wp-json\/wp\/v2\/pages\/4680\/revisions\/13770"}],"wp:attachment":[{"href":"https:\/\/www.ifbaiano.edu.br\/unidades\/urucuca\/wp-json\/wp\/v2\/media?parent=4680"}],"curies":[{"name":"wp","href":"https:\/\/api.w.org\/{rel}","templated":true}]}}