{"id":4905,"date":"2019-03-15T14:06:48","date_gmt":"2019-03-15T17:06:48","guid":{"rendered":"http:\/\/www.ifbaiano.edu.br\/unidades\/urucuca\/?page_id=4905"},"modified":"2025-12-22T08:56:19","modified_gmt":"2025-12-22T11:56:19","slug":"agroecologia","status":"publish","type":"page","link":"https:\/\/www.ifbaiano.edu.br\/unidades\/urucuca\/agroecologia\/","title":{"rendered":"Agroecologia"},"content":{"rendered":"\n<figure class=\"wp-block-table is-style-stripes\"><table class=\"has-background\" style=\"background-color:#006400\"><thead><tr><th><\/th><th><\/th><\/tr><\/thead><tbody><tr><td><strong>SOBRE O CURSO<\/strong><\/td><td><\/td><\/tr><\/tbody><\/table><figcaption class=\"wp-element-caption\">O Curso Superior de Tecnologia em Agroecologia forma profissionais para desenvolver, de modo pleno e inovador, atendendo aos desafios da produ\u00e7\u00e3o agropecu\u00e1ria e agroindustrial com a utiliza\u00e7\u00e3o sustent\u00e1vel dos recursos naturais conciliando o conhecimento cient\u00edfico, tecnol\u00f3gico e tradicional para acolher os anseios da sociedade, principalmente, os relacionados \u00e0 demanda de tecnologias sociais adaptadas aos biomas brasileiros visando o desenvolvimento com sustentabilidade.<br>Eixo Tecnol\u00f3gico: Recursos Naturais<br>Turno: Integral<br>Dura\u00e7\u00e3o: 3 anos<br>Carga hor\u00e1ria: 2640 horas<\/figcaption><\/figure>\n\n\n\n<p><\/p>\n\n\n\n<figure class=\"wp-block-table is-style-stripes\"><table class=\"has-background\" style=\"background-color:#006400\"><thead><tr><th><\/th><th><\/th><\/tr><\/thead><tbody><tr><td><mark style=\"color:#006400\" class=\"has-inline-color\"><strong>INGRESSO<\/strong><\/mark><\/td><td><\/td><\/tr><\/tbody><\/table><figcaption class=\"wp-element-caption\">A forma de ingresso ao curso de Tecnologia em Agroecologia, do IFBAIANO \u2013 Campus Uru\u00e7uca dar-se-\u00e1 conforme estabelecido pela Organiza\u00e7\u00e3o Did\u00e1tica dos Cursos Superiores (Aprovada pela Resolu\u00e7\u00e3o n\u00ba 19 \u2013 Conselho Superior\/IFBAIANO, 22 de outubro de 2010; Revis\u00e3o\/Altera\u00e7\u00e3o Aprovada pela Resolu\u00e7\u00e3o n\u00ba 18 \u2013 Conselho Superior\/IFBAIANO, 31 de outubro de 2012, mediante:<br>I \u2013 Sistema de Sele\u00e7\u00e3o Unificada (<a href=\"http:\/\/sisu.mec.gov.br\/\">SISU<\/a>), considerando o desempenho obtido no Exame Nacional do Ensino M\u00e9dio (ENEM);<br>II \u2013 Transfer\u00eancia interna por reop\u00e7\u00e3o de curso;<br>III \u2013 Transfer\u00eancia externa de outras Institui\u00e7\u00f5es devidamente credenciadas pelo Minist\u00e9rio da Educa\u00e7\u00e3o (MEC);<br>IV \u2013 Portador de diploma de cursos superiores de gradua\u00e7\u00e3o em \u00e1reas afins;<br>V \u2013 Conv\u00eanio cultural.<br>Observa\u00e7\u00e3o: Os itens II a V ser\u00e3o cumpridos mediante a exist\u00eancia de vagas e crit\u00e9rios definidos em edital espec\u00edfico.<\/figcaption><\/figure>\n\n\n\n<figure class=\"wp-block-table is-style-stripes\"><table class=\"has-background\" style=\"background-color:#006400\"><thead><tr><th><\/th><th><\/th><\/tr><\/thead><tbody><tr><td><mark style=\"color:#006400\" class=\"has-inline-color\"><strong>PERFIL DO EGRESSO<\/strong><\/mark><\/td><td><\/td><\/tr><\/tbody><\/table><figcaption class=\"wp-element-caption\">O egresso do Curso Superior de Tecnologia em Agroecologia realiza diagn\u00f3stico, planeja, monitora e avalia participativamente cadeias de valor e da sociobiodiversidade, adotando m\u00e9todos, t\u00e9cnicas e processos na forma\u00e7\u00e3o, adequa\u00e7\u00e3o e gest\u00e3o de sistemas integrados de produ\u00e7\u00e3o vegetal e animal sustent\u00e1veis, considerando o multiculturalismo e as potencialidades territoriais, para atuar especificamente em:<br>\u2022 Implanta\u00e7\u00e3o, avalia\u00e7\u00e3o e adequa\u00e7\u00e3o de sistemas agroflorestais biodiversos e sistemas integrados lavoura, pecu\u00e1ria e floresta;<br>\u2022 Execu\u00e7\u00e3o de projetos para implanta\u00e7\u00e3o e manejo de transi\u00e7\u00e3o agroecol\u00f3gico de sistemas de produ\u00e7\u00e3o;<br>\u2022 Coordena\u00e7\u00e3o de equipe multidisciplinar na organiza\u00e7\u00e3o, inspe\u00e7\u00e3o e acredita\u00e7\u00e3o de processos de certifica\u00e7\u00e3o participativa e de auditoria em sistemas de produ\u00e7\u00e3o vegetal, animal, agroindustrial e florestal;<br>\u2022 Promo\u00e7\u00e3o de processos de rastreabilidade, reconhecimento, desenvolvimento de selos, certifica\u00e7\u00e3o de origem e indica\u00e7\u00e3o geogr\u00e1fica de produtos animais, vegetais, agroindustriais e florestais;<br>\u2022 Atua\u00e7\u00e3o na implanta\u00e7\u00e3o, prospec\u00e7\u00e3o, desenvolvimento e gest\u00e3o de produtos e processos para nichos de mercado agroecol\u00f3gico, com\u00e9rcio justo e sustent\u00e1vel;<br>\u2022 Promo\u00e7\u00e3o da identifica\u00e7\u00e3o, resgate, conserva\u00e7\u00e3o, produ\u00e7\u00e3o e processamento de produtos da agrobiodiversidade e do extrativismo sustent\u00e1vel associado \u00e0 cultura dos territ\u00f3rios;<br>\u2022 Aplica\u00e7\u00e3o e utiliza\u00e7\u00e3o de metodologias participativas na implanta\u00e7\u00e3o e gest\u00e3o de projetos de extens\u00e3o e pesquisa agroecol\u00f3gica; Desenvolvimento de projetos de zoneamento, adequa\u00e7\u00e3o e licenciamento ambiental de im\u00f3veis rurais e agroindustriais;<br>\u2022 Implanta\u00e7\u00e3o e gest\u00e3o de unidades de conserva\u00e7\u00e3o e seu entorno;<br>\u2022 Contribui\u00e7\u00e3o na promo\u00e7\u00e3o de pol\u00edticas de desenvolvimento sustent\u00e1vel e da Agroecologia, utilizando a abordagem sist\u00eamica e o entendimento da complexidade da realidade agr\u00edcola e agr\u00e1ria, al\u00e9m da compreens\u00e3o do funcionamento e organiza\u00e7\u00e3o dos agroecossistemas dos povos, comunidades, organiza\u00e7\u00f5es e movimentos sociais;<br>\u2022 Atua\u00e7\u00e3o em projetos de conserva\u00e7\u00e3o produtiva florestal sustent\u00e1vel, silvicultura tropical biodiversa e produtos n\u00e3o madeireiros;<br>\u2022 Coordena\u00e7\u00e3o de projetos de extens\u00e3o inovadora e pesquisas participativas envolvendo equipes multidisciplinares para a promo\u00e7\u00e3o da agroecologia e desenvolvimento sustent\u00e1vel.<br>\u2022 Contribui\u00e7\u00e3o frente ao desenvolvimento da economia regional, considerando os saberes locais e tradicionais e o uso sustent\u00e1vel dos recursos naturais.<br>\u2022 Colabora\u00e7\u00e3o frente \u00e0 forma\u00e7\u00e3o de processos de governan\u00e7a democr\u00e1tica, redes sociais e forma\u00e7\u00e3o de arranjos produtivos locais, aumentando o controle social e o empoderamento das comunidades;<br>\u2022 Promover o aperfei\u00e7oamento cont\u00ednuo a partir das mudan\u00e7as nas condi\u00e7\u00f5es de trabalho e desenvolvimento tecnol\u00f3gico, bem como propiciar o prosseguimento de estudos em cursos de p\u00f3s-gradua\u00e7\u00e3o.<\/figcaption><\/figure>\n\n\n\n<figure class=\"wp-block-table is-style-stripes\"><table class=\"has-background\" style=\"background-color:#006400\"><thead><tr><th><\/th><th><\/th><\/tr><\/thead><tbody><tr><td><mark style=\"color:#006400\" class=\"has-inline-color\"><strong>DOCUMENTOS<\/strong><\/mark><\/td><td><\/td><\/tr><\/tbody><\/table><figcaption class=\"wp-element-caption\"><a rel=\"noreferrer noopener\" href=\"https:\/\/www.ifbaiano.edu.br\/unidades\/urucuca\/files\/2025\/01\/Projeto-Pedagogico-do-Curso_Tecnologia-em-Agroecologia_Ensino-Superior.pdf\" target=\"_blank\">Projeto Pedag\u00f3gico do Curso<\/a><br><a rel=\"noreferrer noopener\" href=\"https:\/\/www.ifbaiano.edu.br\/unidades\/urucuca\/files\/2023\/10\/REGULAMENTO-DO-COLEGIADO_2020.pdf\" target=\"_blank\">Regulamento Colegiado<\/a><br><a rel=\"noreferrer noopener\" href=\"http:\/\/www.ifbaiano.edu.br\/unidades\/urucuca\/files\/2019\/03\/Regulamento-TCC.pdf\" target=\"_blank\">Regulamento TCC<\/a><br><a rel=\"noreferrer noopener\" href=\"https:\/\/www.ifbaiano.edu.br\/unidades\/urucuca\/files\/2023\/10\/Regulamento-de-atividades-complementares_2020.pdf\" target=\"_blank\">Regulamento de atividades complementares<\/a><\/figcaption><\/figure>\n\n\n\n<figure class=\"wp-block-table is-style-stripes\"><table class=\"has-background\" style=\"background-color:#006400\"><thead><tr><th><\/th><th><\/th><\/tr><\/thead><tbody><tr><td><mark style=\"color:#006400\" class=\"has-inline-color\"><strong>EST\u00c1GIO<\/strong><\/mark><\/td><td><\/td><\/tr><\/tbody><\/table><figcaption class=\"wp-element-caption\"><a rel=\"noreferrer noopener\" href=\"http:\/\/www.ifbaiano.edu.br\/unidades\/urucuca\/files\/2019\/03\/Regulamento-Est%C3%A1gio.pdf\" target=\"_blank\">Regulamento Est\u00e1gio<\/a><br><a rel=\"noreferrer noopener\" href=\"http:\/\/www.ifbaiano.edu.br\/unidades\/urucuca\/files\/2019\/10\/Roteiro-est%C3%A1gio-supervisionado-agroecologia.pdf\" target=\"_blank\">Roteiro est\u00e1gio supervisionado<\/a><br><a rel=\"noreferrer noopener\" href=\"http:\/\/www.ifbaiano.edu.br\/unidades\/urucuca\/files\/2019\/10\/Termo-de-compromisso-do-est%C3%A1gio.docx\" target=\"_blank\">Termo de compromisso<\/a><br><a rel=\"noreferrer noopener\" href=\"http:\/\/www.ifbaiano.edu.br\/unidades\/urucuca\/files\/2019\/10\/ANEXO-I_Carta-de-solita%C3%A7%C3%A3o-do-est%C3%A1gio.pdf\" target=\"_blank\">ANEXO I: Carta de solicita\u00e7\u00e3o do est\u00e1gio<\/a><br><a rel=\"noreferrer noopener\" href=\"http:\/\/www.ifbaiano.edu.br\/unidades\/urucuca\/files\/2019\/10\/ANEXO-II_Declara%C3%A7%C3%A3o_Orientador.pdf\" target=\"_blank\">ANEXO II: Declara\u00e7\u00e3o do Orientador<\/a><br><a rel=\"noreferrer noopener\" href=\"http:\/\/www.ifbaiano.edu.br\/unidades\/urucuca\/files\/2019\/10\/ANEXO-III_Formul%C3%A1rio-acompanhamento-estagi%C3%A1rio-pelo-supervisor.pdf\" target=\"_blank\">ANEXO III: Formul\u00e1rio de acompanhamento estagi\u00e1rio pelo supervisor<\/a><br><a rel=\"noreferrer noopener\" href=\"http:\/\/www.ifbaiano.edu.br\/unidades\/urucuca\/files\/2019\/10\/ANEXO-IV-Modelo-relat%C3%B3rio-final.pdf\" target=\"_blank\">ANEXO IV: Modelo relat\u00f3rio final<\/a><br><a rel=\"noreferrer noopener\" href=\"http:\/\/www.ifbaiano.edu.br\/unidades\/urucuca\/files\/2019\/10\/ANEXO-V_Formul%C3%A1rio-acompanhamento-estagi%C3%A1rio-pelo-professor.pdf\" target=\"_blank\">ANEXO V: Formul\u00e1rio acompanhamento estagi\u00e1rio pelo professor<\/a><\/figcaption><\/figure>\n\n\n\n<figure class=\"wp-block-table is-style-stripes\"><table class=\"has-background\" style=\"background-color:#006400\"><thead><tr><th><\/th><th><\/th><\/tr><\/thead><tbody><tr><td><mark style=\"color:#006400\" class=\"has-inline-color\"><strong>TCCs<\/strong><\/mark><\/td><td><\/td><\/tr><\/tbody><\/table><figcaption class=\"wp-element-caption\"><a rel=\"noreferrer noopener\" href=\"https:\/\/www.ifbaiano.edu.br\/unidades\/urucuca\/files\/2025\/12\/Catalogo-de-Macrofungo.pdf\" data-type=\"URL\" data-id=\"https:\/\/www.ifbaiano.edu.br\/unidades\/urucuca\/files\/2025\/12\/Catalogo-de-Macrofungo.pdf\" target=\"_blank\">Cat\u00e1logo de Macrofungos do IF Baiano Campus Uru\u00e7uca<\/a> &#8211; Vit\u00f3ria Pereira Santos Matias\u00a0<\/figcaption><\/figure>\n\n\n\n<figure class=\"wp-block-table is-style-stripes\"><table class=\"has-background\" style=\"background-color:#006400\"><thead><tr><th><\/th><th><\/th><\/tr><\/thead><tbody><tr><td><mark style=\"color:#006400\" class=\"has-inline-color\"><strong>CONTATO<\/strong><\/mark><\/td><td><\/td><\/tr><\/tbody><\/table><figcaption class=\"wp-element-caption\">coordenacao.agroecologia@urucuca.ifbaiano.edu.br<\/figcaption><\/figure>\n\n\n\n<p><\/p>\n\n\n\n<p><br><\/p>\n","protected":false},"excerpt":{"rendered":"<p>SOBRE O CURSO O Curso Superior de Tecnologia em Agroecologia forma profissionais para desenvolver, de modo pleno e inovador, atendendo aos desafios da produ\u00e7\u00e3o agropecu\u00e1ria e agroindustrial com a utiliza\u00e7\u00e3o sustent\u00e1vel dos recursos naturais conciliando o conhecimento cient\u00edfico, tecnol\u00f3gico e tradicional para acolher os anseios da sociedade, principalmente, os relacionados \u00e0 demanda de tecnologias sociais [&hellip;]<\/p>\n","protected":false},"author":67,"featured_media":0,"parent":0,"menu_order":0,"comment_status":"closed","ping_status":"closed","template":"","meta":[],"_links":{"self":[{"href":"https:\/\/www.ifbaiano.edu.br\/unidades\/urucuca\/wp-json\/wp\/v2\/pages\/4905"}],"collection":[{"href":"https:\/\/www.ifbaiano.edu.br\/unidades\/urucuca\/wp-json\/wp\/v2\/pages"}],"about":[{"href":"https:\/\/www.ifbaiano.edu.br\/unidades\/urucuca\/wp-json\/wp\/v2\/types\/page"}],"author":[{"embeddable":true,"href":"https:\/\/www.ifbaiano.edu.br\/unidades\/urucuca\/wp-json\/wp\/v2\/users\/67"}],"replies":[{"embeddable":true,"href":"https:\/\/www.ifbaiano.edu.br\/unidades\/urucuca\/wp-json\/wp\/v2\/comments?post=4905"}],"version-history":[{"count":48,"href":"https:\/\/www.ifbaiano.edu.br\/unidades\/urucuca\/wp-json\/wp\/v2\/pages\/4905\/revisions"}],"predecessor-version":[{"id":13522,"href":"https:\/\/www.ifbaiano.edu.br\/unidades\/urucuca\/wp-json\/wp\/v2\/pages\/4905\/revisions\/13522"}],"wp:attachment":[{"href":"https:\/\/www.ifbaiano.edu.br\/unidades\/urucuca\/wp-json\/wp\/v2\/media?parent=4905"}],"curies":[{"name":"wp","href":"https:\/\/api.w.org\/{rel}","templated":true}]}}