{"id":4984,"date":"2019-03-18T22:57:27","date_gmt":"2019-03-19T01:57:27","guid":{"rendered":"http:\/\/www.ifbaiano.edu.br\/unidades\/urucuca\/?page_id=4984"},"modified":"2025-01-28T10:47:11","modified_gmt":"2025-01-28T13:47:11","slug":"tecnico-em-agropecuaria","status":"publish","type":"page","link":"https:\/\/www.ifbaiano.edu.br\/unidades\/urucuca\/tecnico-em-agropecuaria\/","title":{"rendered":"T\u00e9cnico em Agropecu\u00e1ria"},"content":{"rendered":"<p style=\"text-align: justify\"><strong>Sobre o curso:<\/strong><\/p>\n<p style=\"text-align: justify\">O Curso T\u00e9cnico em Agropecu\u00e1ria foi iniciado em 1965, sendo o pioneiro da EMARC-Uru\u00e7uca, e foi criado para atender \u00e0s novas demandas no campo e preparar m\u00e3o-de-obra mais especializada para o complexo produtivo. Ao longo do tempo, este curso sofreu modifica\u00e7\u00f5es, para atender o requerimento das leis educacionais e \u00e0s demandas econ\u00f4micas e sociais, fazendo hoje parte da rede dos Institutos Federais, mas, sempre teve uma import\u00e2ncia muito grande no contexto regional, j\u00e1 tendo habilitado mais de 3.600 t\u00e9cnicos em Agropecu\u00e1ria. Atualmente o curso tem a dura\u00e7\u00e3o de dois anos, e tem como grande responsabilidade e miss\u00e3o, a habilita\u00e7\u00e3o de t\u00e9cnicos que muito contribuir\u00e3o para a produ\u00e7\u00e3o de alimentos na perspectiva de inclus\u00e3o social e da conserva\u00e7\u00e3o do meio ambiente, atuando de forma empreendedora, inovadora e solid\u00e1ria, aumentando a competitividade na economia global, elevando a renda e melhorando a qualidade de vida.<\/p>\n<p><a href=\"https:\/\/www.ifbaiano.edu.br\/unidades\/urucuca\/files\/2025\/01\/Projeto-Pedagogico-do-Curso_Tecnico-em-Agropecuaria_Ensino-Medio-Subsequente.pdf\">Projeto Pedag\u00f3gico do Curso<\/a><\/p>\n<hr \/>\n<p><strong>Ingresso:<\/strong><\/p>\n<p style=\"text-align: justify\">\u00c9 preciso participar do processo de ingresso de alunos do IF Baiano. A sele\u00e7\u00e3o come\u00e7a no m\u00eas de setembro atrav\u00e9s do site: <a href=\"http:\/\/ingresso.ifbaiano.edu.br\/\">ingresso.ifbaiano.edu.br<\/a><\/p>\n<hr \/>\n<p style=\"text-align: justify\"><strong>Contato: <\/strong>agropecuaria@urucuca.ifbaiano.edu.br<\/p>\n","protected":false},"excerpt":{"rendered":"<p>Sobre o curso: O Curso T\u00e9cnico em Agropecu\u00e1ria foi iniciado em 1965, sendo o pioneiro da EMARC-Uru\u00e7uca, e foi criado para atender \u00e0s novas demandas no campo e preparar m\u00e3o-de-obra mais especializada para o complexo produtivo. Ao longo do tempo, este curso sofreu modifica\u00e7\u00f5es, para atender o requerimento das leis educacionais e \u00e0s demandas econ\u00f4micas [&hellip;]<\/p>\n","protected":false},"author":67,"featured_media":0,"parent":0,"menu_order":0,"comment_status":"closed","ping_status":"closed","template":"","meta":[],"_links":{"self":[{"href":"https:\/\/www.ifbaiano.edu.br\/unidades\/urucuca\/wp-json\/wp\/v2\/pages\/4984"}],"collection":[{"href":"https:\/\/www.ifbaiano.edu.br\/unidades\/urucuca\/wp-json\/wp\/v2\/pages"}],"about":[{"href":"https:\/\/www.ifbaiano.edu.br\/unidades\/urucuca\/wp-json\/wp\/v2\/types\/page"}],"author":[{"embeddable":true,"href":"https:\/\/www.ifbaiano.edu.br\/unidades\/urucuca\/wp-json\/wp\/v2\/users\/67"}],"replies":[{"embeddable":true,"href":"https:\/\/www.ifbaiano.edu.br\/unidades\/urucuca\/wp-json\/wp\/v2\/comments?post=4984"}],"version-history":[{"count":8,"href":"https:\/\/www.ifbaiano.edu.br\/unidades\/urucuca\/wp-json\/wp\/v2\/pages\/4984\/revisions"}],"predecessor-version":[{"id":11200,"href":"https:\/\/www.ifbaiano.edu.br\/unidades\/urucuca\/wp-json\/wp\/v2\/pages\/4984\/revisions\/11200"}],"wp:attachment":[{"href":"https:\/\/www.ifbaiano.edu.br\/unidades\/urucuca\/wp-json\/wp\/v2\/media?parent=4984"}],"curies":[{"name":"wp","href":"https:\/\/api.w.org\/{rel}","templated":true}]}}