{"id":5010,"date":"2019-03-19T14:19:31","date_gmt":"2019-03-19T17:19:31","guid":{"rendered":"http:\/\/www.ifbaiano.edu.br\/unidades\/urucuca\/?page_id=5010"},"modified":"2025-01-28T10:56:24","modified_gmt":"2025-01-28T13:56:24","slug":"educacao-cientifica-e-cidadania","status":"publish","type":"page","link":"https:\/\/www.ifbaiano.edu.br\/unidades\/urucuca\/educacao-cientifica-e-cidadania\/","title":{"rendered":"Educa\u00e7\u00e3o Cient\u00edfica e Cidadania"},"content":{"rendered":"\n<figure class=\"wp-block-table is-style-stripes\"><table class=\"has-background\" style=\"background-color:#006400\"><thead><tr><th><\/th><\/tr><\/thead><tbody><tr><td><strong>Sobre o curso<\/strong><\/td><\/tr><\/tbody><\/table><figcaption class=\"wp-element-caption\">A Educa\u00e7\u00e3o Cient\u00edfica com foco na cidadania tem como finalidade proporcionar ao p\u00f3s-graduando a capacidade de usar o m\u00e9todo para pesquisar e aprender, planejar e desenvolver pesquisa, argumentar e contra argumentar sobre as produ\u00e7\u00f5es cient\u00edficas, e, de construir seu pr\u00f3prio conhecimento, possibilitando a conquista da cidadania, atrav\u00e9s da capacidade do saber pensar. Levantar estrat\u00e9gias para garantir uma educa\u00e7\u00e3o cient\u00edfica de qualidade aos jovens brasileiros, proporcionar ao indiv\u00edduo o contato com a pesquisa cient\u00edfica, muito antes do ensino superior e contextualizar o conhecimento cient\u00edfico com as necessidades sociais, s\u00e3o necessidades que precisam ser discutidas, estudadas e propostas no \u00e2mbito dos Institutos Federais de Educa\u00e7\u00e3o, Ci\u00eancia e Tecnologia. Um curso de especializa\u00e7\u00e3o em Forma\u00e7\u00e3o Cient\u00edfica e Cidadania demonstra ser uma proposta inovadora e capaz de superar desafios e construir possibilidades com relev\u00e2ncia social, como contribuir para forma\u00e7\u00e3o de docentes capazes de atuar para al\u00e9m da sala de aula, pesquisando, produzindo saber e construindo escolas e universidades com foco no conhecimento cient\u00edfico e na cidadania.<\/figcaption><\/figure>\n\n\n\n<p><a rel=\"noreferrer noopener\" href=\"https:\/\/www.ifbaiano.edu.br\/unidades\/urucuca\/files\/2025\/01\/Projeto-Pedagogico-do-Curso_Educacao-Cientifica-e-Cidadania_Pos-Graduacao.pdf\" target=\"_blank\">Projeto Pedag\u00f3gico do Curso<\/a><\/p>\n\n\n\n<figure class=\"wp-block-table is-style-stripes\"><table class=\"has-background\" style=\"background-color:#006400\"><thead><tr><th><\/th><\/tr><\/thead><tbody><tr><td><strong>Objetivos<\/strong><\/td><\/tr><\/tbody><\/table><figcaption class=\"wp-element-caption\">Oferecer aos profissionais da educa\u00e7\u00e3o b\u00e1sica e profissional, forma\u00e7\u00e3o acad\u00eamica na categoria de especializa\u00e7\u00e3o, na \u00e1rea de Educa\u00e7\u00e3o Cient\u00edfica e Cidadania, de forma a torn\u00e1-los produtores de conhecimento e autores de mudan\u00e7as no cen\u00e1rio das realidades onde est\u00e3o inseridos, buscando assim melhorar a qualidade na educa\u00e7\u00e3o de seus alunos e contribuir para o exerc\u00edcio da cidadania.<\/figcaption><\/figure>\n\n\n\n<figure class=\"wp-block-table is-style-stripes\"><table class=\"has-background\" style=\"background-color:#006400\"><thead><tr><th><\/th><\/tr><\/thead><tbody><tr><td><strong>P\u00fablico-Alvo<\/strong><\/td><\/tr><\/tbody><\/table><figcaption class=\"wp-element-caption\">O curso \u00e9 destinado aos professores licenciados em curso superior reconhecido pelo Minist\u00e9rio da Educa\u00e7\u00e3o e Cultura (MEC), em qualquer \u00e1rea do conhecimento, assim como, para profissionais de n\u00edvel superior que trabalham ou possuem interesse em atuar com educa\u00e7\u00e3o cient\u00edfica e cidadania no ensino fundamental, m\u00e9dio ou t\u00e9cnico, das escolas da rede p\u00fablica ou particular.<\/figcaption><\/figure>\n\n\n\n<figure class=\"wp-block-table is-style-stripes\"><table class=\"has-background\" style=\"background-color:#006400\"><thead><tr><th><\/th><\/tr><\/thead><tbody><tr><td><strong>Ingresso<\/strong><\/td><\/tr><\/tbody><\/table><figcaption class=\"wp-element-caption\">Atrav\u00e9s de editais espec\u00edficos.<\/figcaption><\/figure>\n\n\n\n<figure class=\"wp-block-table is-style-stripes\"><table class=\"has-background\" style=\"background-color:#006400\"><thead><tr><th><\/th><\/tr><\/thead><tbody><tr><td><strong>Contato<\/strong><\/td><\/tr><\/tbody><\/table><figcaption class=\"wp-element-caption\"><strong>Coordenador:<\/strong> Jos\u00e9 Ricardo Rosa dos Santos<br><strong>Contato:<\/strong> jose.santos@ifbaiano.edu.br<\/figcaption><\/figure>\n\n\n\n<p><\/p>\n","protected":false},"excerpt":{"rendered":"<p>Sobre o curso A Educa\u00e7\u00e3o Cient\u00edfica com foco na cidadania tem como finalidade proporcionar ao p\u00f3s-graduando a capacidade de usar o m\u00e9todo para pesquisar e aprender, planejar e desenvolver pesquisa, argumentar e contra argumentar sobre as produ\u00e7\u00f5es cient\u00edficas, e, de construir seu pr\u00f3prio conhecimento, possibilitando a conquista da cidadania, atrav\u00e9s da capacidade do saber pensar. [&hellip;]<\/p>\n","protected":false},"author":67,"featured_media":0,"parent":0,"menu_order":0,"comment_status":"closed","ping_status":"closed","template":"","meta":[],"_links":{"self":[{"href":"https:\/\/www.ifbaiano.edu.br\/unidades\/urucuca\/wp-json\/wp\/v2\/pages\/5010"}],"collection":[{"href":"https:\/\/www.ifbaiano.edu.br\/unidades\/urucuca\/wp-json\/wp\/v2\/pages"}],"about":[{"href":"https:\/\/www.ifbaiano.edu.br\/unidades\/urucuca\/wp-json\/wp\/v2\/types\/page"}],"author":[{"embeddable":true,"href":"https:\/\/www.ifbaiano.edu.br\/unidades\/urucuca\/wp-json\/wp\/v2\/users\/67"}],"replies":[{"embeddable":true,"href":"https:\/\/www.ifbaiano.edu.br\/unidades\/urucuca\/wp-json\/wp\/v2\/comments?post=5010"}],"version-history":[{"count":4,"href":"https:\/\/www.ifbaiano.edu.br\/unidades\/urucuca\/wp-json\/wp\/v2\/pages\/5010\/revisions"}],"predecessor-version":[{"id":11206,"href":"https:\/\/www.ifbaiano.edu.br\/unidades\/urucuca\/wp-json\/wp\/v2\/pages\/5010\/revisions\/11206"}],"wp:attachment":[{"href":"https:\/\/www.ifbaiano.edu.br\/unidades\/urucuca\/wp-json\/wp\/v2\/media?parent=5010"}],"curies":[{"name":"wp","href":"https:\/\/api.w.org\/{rel}","templated":true}]}}