{"id":6015,"date":"2020-09-23T20:44:19","date_gmt":"2020-09-23T23:44:19","guid":{"rendered":"https:\/\/www.ifbaiano.edu.br\/unidades\/urucuca\/?page_id=6015"},"modified":"2025-09-16T10:08:01","modified_gmt":"2025-09-16T13:08:01","slug":"comissao-propria-de-avaliacao-cpa","status":"publish","type":"page","link":"https:\/\/www.ifbaiano.edu.br\/unidades\/urucuca\/comissao-propria-de-avaliacao-cpa\/","title":{"rendered":"Comiss\u00e3o Pr\u00f3pria de Avalia\u00e7\u00e3o (CPA)"},"content":{"rendered":"\n<p><strong>O que \u00e9 a Comiss\u00e3o Pr\u00f3pria de Avalia\u00e7\u00e3o (CPA)?<\/strong><\/p>\n\n\n\n<p>A CPA \u00e9 um \u00f3rg\u00e3o colegiado de natureza consultiva, deliberativa e normativa, no \u00e2mbito dos aspectos avaliativos das \u00e1reas acad\u00eamica e administrativa, integra o Sistema Nacional de Avalia\u00e7\u00e3o da Educa\u00e7\u00e3o Superior (SINAES) e da Educa\u00e7\u00e3o Profissional e T\u00e9cnica de N\u00edvel M\u00e9dio e atende ao PDI do IF Baiano quanto aos n\u00edveis e modalidades de ensino. Sua atua\u00e7\u00e3o \u00e9 aut\u00f4noma, no \u00e2mbito de sua compet\u00eancia legal, em rela\u00e7\u00e3o aos conselhos e demais \u00f3rg\u00e3os colegiados existentes nesta Institui\u00e7\u00e3o.<\/p>\n\n\n\n<p><strong>Quais s\u00e3o os objetivos?<\/strong><\/p>\n\n\n\n<p>Coletar\ndados, sistematizar informa\u00e7\u00f5es, analisar coletivamente os significados de suas\nrealiza\u00e7\u00f5es, assim identificar pontos fracos, pontos fortes e potencialidades\nda institui\u00e7\u00e3o.<\/p>\n\n\n\n<p><strong>Porque realizar a autoavalia\u00e7\u00e3o?<\/strong><\/p>\n\n\n\n<p>Construir\nconhecimento sobre a realidade da institui\u00e7\u00e3o e compreender os significados do\nconjunto de suas atividades para melhorar a qualidade de ensino e alcan\u00e7ar\nmaior relev\u00e2ncia social.<\/p>\n\n\n\n<p><strong>O que \u00e9 avaliado?<\/strong><\/p>\n\n\n\n<p>A\navalia\u00e7\u00e3o \u00e9 conduzida atrav\u00e9s de aspectos estruturados em cinco eixos e dez\ndimens\u00f5es:<\/p>\n\n\n\n<figure class=\"wp-block-table is-style-stripes\"><table><tbody><tr><td class=\"has-text-align-center\" data-align=\"center\"><strong>   Planejamento   e Avalia\u00e7\u00e3o Institucional   <\/strong><\/td><td class=\"has-text-align-center\" data-align=\"center\"><strong>   Desenvolvimento   Institucional   <\/strong><\/td><td class=\"has-text-align-center\" data-align=\"center\"><strong>   Pol\u00edticas   Acad\u00eamicas   <\/strong><\/td><td class=\"has-text-align-center\" data-align=\"center\"><strong>   Pol\u00edticas   de Gest\u00e3o   <\/strong><\/td><td class=\"has-text-align-center\" data-align=\"center\"><strong>   Infraestrutura   F\u00edsica   <\/strong><\/td><\/tr><tr><td class=\"has-text-align-center\" data-align=\"center\">\n  &nbsp;\n  Planejamento\n  e Avalia\u00e7\u00e3o\n  <\/td><td class=\"has-text-align-center\" data-align=\"center\">\n  Miss\u00e3o\n  e plano de desenvolvimento\n  &nbsp;\n  Responsabilidade\n  social da institui\u00e7\u00e3o.\n  <\/td><td class=\"has-text-align-center\" data-align=\"center\">\n  Pol\u00edticas\n  para o ensino, a pesquisa e a extens\u00e3o.\n  &nbsp;\n  Comunica\u00e7\u00e3o\n  com a sociedade.\n  &nbsp;\n  Pol\u00edtica\n  de atendimento aos discentes\n  <\/td><td class=\"has-text-align-center\" data-align=\"center\">\n  Pol\u00edticas\n  de Pessoal.\n  &nbsp;\n  Organiza\u00e7\u00e3o\n  e gest\u00e3o da institui\u00e7\u00e3o.\n  &nbsp;\n  Sustentabilidade\n  financeira\n  <\/td><td class=\"has-text-align-center\" data-align=\"center\">\n  Infraestrutura\n  f\u00edsica\n  <\/td><\/tr><\/tbody><\/table><\/figure>\n\n\n\n<p>A\nan\u00e1lise destes itens podem ser observados por meio de question\u00e1rios, rodas de\nconversa e visitas <em>in loco <\/em>destinados a comunidade acad\u00eamica e local.<\/p>\n\n\n\n<p><strong>Qual a estrutura da CPA?<\/strong><\/p>\n\n\n\n<p>Essa\ncomiss\u00e3o \u00e9 composta por duas estruturas: CPA Central e CPA Local. A primeira \u00e9\nrespons\u00e1vel pela organiza\u00e7\u00e3o, planejamento e assessoria de todo processo de\nautoavalia\u00e7\u00e3o. J\u00e1 a CPA Local, presentes em cada campus do IF Baiano conduz os\nprocessos, coletando informa\u00e7\u00f5es e enviando para CPA Central.<\/p>\n\n\n\n<p><strong>Quem comp\u00f5e a CPA no campus?<\/strong><\/p>\n\n\n\n<p><a href=\"https:\/\/www.ifbaiano.edu.br\/unidades\/urucuca\/files\/2025\/09\/24_Portaria-313_Consolidacao-CPAs-locais.pdf\" data-type=\"URL\" data-id=\"https:\/\/www.ifbaiano.edu.br\/unidades\/urucuca\/files\/2025\/09\/24_Portaria-313_Consolidacao-CPAs-locais.pdf\" target=\"_blank\" rel=\"noreferrer noopener\">Portaria 374\/2023<\/a><\/p>\n\n\n\n<p><strong>Como posso ter acesso aos relat\u00f3rios elaborados pela CPA?<\/strong><\/p>\n\n\n\n<p>Todos\nest\u00e3o dispon\u00edveis no site do IF Baiano atrav\u00e9s do link:<\/p>\n\n\n\n<p><a href=\"http:\/\/ifbaiano.edu.br\/portal\/comissoes\/comissao-propria-de-avaliacao\">http:\/\/ifbaiano.edu.br\/portal\/comissoes\/comissao-propria-de-avaliacao<\/a><\/p>\n\n\n\n<p><strong>Ainda tem d\u00favidas? Quer saber mais? Gostaria de dar sua sugest\u00e3o? Entre em contato conosco:<\/strong> <a href=\"mailto:cpa.local@urucuca.ifbaiano.edu.br\">cpa.local@urucuca.ifbaiano.edu.br<\/a><\/p>\n\n\n\n<p><\/p>\n\n\n\n<p><strong>DOCUMENTOS IMPORTANTES<\/strong><\/p>\n\n\n\n<p><strong><a href=\"https:\/\/www.ifbaiano.edu.br\/unidades\/urucuca\/files\/2025\/09\/RELATORIO-PARCIAL-DE-AUTOAVALIACAO-INSTITUCIONAL-2024_CPA-CENTRAL-IF-BAIANO-1.pdf\" data-type=\"URL\" data-id=\"https:\/\/www.ifbaiano.edu.br\/unidades\/urucuca\/files\/2025\/09\/RELATORIO-PARCIAL-DE-AUTOAVALIACAO-INSTITUCIONAL-2024_CPA-CENTRAL-IF-BAIANO-1.pdf\" target=\"_blank\" rel=\"noreferrer noopener\">Relat\u00f3rio Parcial de Autoavalia\u00e7\u00e3o Institucional<\/a> &#8211; 2024<br><\/strong><a rel=\"noreferrer noopener\" href=\"https:\/\/ifbaiano.edu.br\/portal\/wp-content\/uploads\/2023\/03\/RELATORIO-DE-AUTOAVALIACAO-INSTITUCIONAL-2022-_-29032023.pdf\" data-type=\"URL\" data-id=\"https:\/\/ifbaiano.edu.br\/portal\/wp-content\/uploads\/2023\/03\/RELATORIO-DE-AUTOAVALIACAO-INSTITUCIONAL-2022-_-29032023.pdf\" target=\"_blank\">Relat\u00f3rio Parcial de Autoavalia\u00e7\u00e3o Institucional<\/a> &#8211; 2022<\/p>\n\n\n\n<p><a href=\"https:\/\/www.ifbaiano.edu.br\/unidades\/urucuca\/files\/2020\/09\/Lei-10.861-de-14-de-abril-de-2004.pdf\">Lei 10.861 de 14 de abril de 2004<\/a><\/p>\n\n\n\n<p><a href=\"https:\/\/www.ifbaiano.edu.br\/unidades\/urucuca\/files\/2020\/09\/PORTARIA_-2.051-DE-9-DE-JULHO-DE-2004-.pdf\">Portaria 2.051 de 09 julho de 2004<\/a>;<\/p>\n\n\n\n<p><a href=\"https:\/\/www.ifbaiano.edu.br\/unidades\/urucuca\/files\/2020\/09\/RESOLU\u00c7\u00c3O-E-REGIMENTO.pdf\">Regimento Interno da CPA<\/a>;<\/p>\n\n\n\n<p><a href=\"https:\/\/www.ifbaiano.edu.br\/unidades\/urucuca\/files\/2020\/09\/PROJETO-DE-AUTO-AVALIA\u00c7\u00c3O-INSTITUCIONAL-2018-2020_dez.pdf\">Projeto de Autoavalia\u00e7\u00e3o Institucional<\/a>;<\/p>\n\n\n\n<p><a href=\"https:\/\/ifbaiano.edu.br\/portal\/comissoes\/comissao-propria-de-avaliacao\/relatorios-da-cpa\/\" data-type=\"URL\" data-id=\"https:\/\/ifbaiano.edu.br\/portal\/comissoes\/comissao-propria-de-avaliacao\/relatorios-da-cpa\/\" target=\"_blank\" rel=\"noreferrer noopener\">Relat\u00f3rios da CPA<\/a><\/p>\n\n\n\n<p><a href=\"https:\/\/ifbaiano.edu.br\/portal\/comissoes\/comissao-propria-de-avaliacao\/atas-da-cpa\/\" data-type=\"URL\" data-id=\"https:\/\/ifbaiano.edu.br\/portal\/comissoes\/comissao-propria-de-avaliacao\/atas-da-cpa\/\" target=\"_blank\" rel=\"noreferrer noopener\">Atas Comiss\u00e3o Central<\/a><\/p>\n\n\n\n<p><a rel=\"noreferrer noopener\" href=\"https:\/\/www.ifbaiano.edu.br\/unidades\/urucuca\/atas-da-cpa\/\" data-type=\"URL\" data-id=\"https:\/\/www.ifbaiano.edu.br\/unidades\/urucuca\/atas-da-cpa\/\" target=\"_blank\">Atas Campus Uru\u00e7uca<\/a><\/p>\n\n\n\n<p><a rel=\"noreferrer noopener\" href=\"https:\/\/www.ifbaiano.edu.br\/unidades\/urucuca\/files\/2022\/09\/Plano-de-acoes-de-melhoria-para-o-curso-com-base-no-relatorio-de-avaliacao-da-CPA-2021-1.pdf\" data-type=\"URL\" data-id=\"https:\/\/www.ifbaiano.edu.br\/unidades\/urucuca\/files\/2022\/09\/Plano-de-acoes-de-melhoria-para-o-curso-com-base-no-relatorio-de-avaliacao-da-CPA-2021-1.pdf\" target=\"_blank\">Plano de a\u00e7\u00f5es de melhorias com base no Relat\u00f3rio de Avalia\u00e7\u00e3o da CPA- 2021<\/a><\/p>\n\n\n\n<p><a rel=\"noreferrer noopener\" href=\"https:\/\/www.ifbaiano.edu.br\/unidades\/urucuca\/files\/2023\/04\/Plano-de-acoes-de-melhoria-para-o-curso-com-base-no-relatorio-de-avaliacao-da-CPA-2022.pdf\" data-type=\"URL\" data-id=\"https:\/\/www.ifbaiano.edu.br\/unidades\/urucuca\/files\/2023\/04\/Plano-de-acoes-de-melhoria-para-o-curso-com-base-no-relatorio-de-avaliacao-da-CPA-2022.pdf\" target=\"_blank\">Plano de a\u00e7\u00f5es de melhorias com base no Relat\u00f3rio de Avalia\u00e7\u00e3o da CPA- 2022<\/a><\/p>\n","protected":false},"excerpt":{"rendered":"<p>O que \u00e9 a Comiss\u00e3o Pr\u00f3pria de Avalia\u00e7\u00e3o (CPA)? A CPA \u00e9 um \u00f3rg\u00e3o colegiado de natureza consultiva, deliberativa e normativa, no \u00e2mbito dos aspectos avaliativos das \u00e1reas acad\u00eamica e administrativa, integra o Sistema Nacional de Avalia\u00e7\u00e3o da Educa\u00e7\u00e3o Superior (SINAES) e da Educa\u00e7\u00e3o Profissional e T\u00e9cnica de N\u00edvel M\u00e9dio e atende ao PDI do [&hellip;]<\/p>\n","protected":false},"author":69,"featured_media":0,"parent":0,"menu_order":0,"comment_status":"closed","ping_status":"closed","template":"","meta":[],"_links":{"self":[{"href":"https:\/\/www.ifbaiano.edu.br\/unidades\/urucuca\/wp-json\/wp\/v2\/pages\/6015"}],"collection":[{"href":"https:\/\/www.ifbaiano.edu.br\/unidades\/urucuca\/wp-json\/wp\/v2\/pages"}],"about":[{"href":"https:\/\/www.ifbaiano.edu.br\/unidades\/urucuca\/wp-json\/wp\/v2\/types\/page"}],"author":[{"embeddable":true,"href":"https:\/\/www.ifbaiano.edu.br\/unidades\/urucuca\/wp-json\/wp\/v2\/users\/69"}],"replies":[{"embeddable":true,"href":"https:\/\/www.ifbaiano.edu.br\/unidades\/urucuca\/wp-json\/wp\/v2\/comments?post=6015"}],"version-history":[{"count":16,"href":"https:\/\/www.ifbaiano.edu.br\/unidades\/urucuca\/wp-json\/wp\/v2\/pages\/6015\/revisions"}],"predecessor-version":[{"id":12638,"href":"https:\/\/www.ifbaiano.edu.br\/unidades\/urucuca\/wp-json\/wp\/v2\/pages\/6015\/revisions\/12638"}],"wp:attachment":[{"href":"https:\/\/www.ifbaiano.edu.br\/unidades\/urucuca\/wp-json\/wp\/v2\/media?parent=6015"}],"curies":[{"name":"wp","href":"https:\/\/api.w.org\/{rel}","templated":true}]}}