{"id":61,"date":"2011-05-18T19:25:19","date_gmt":"2011-05-18T22:25:19","guid":{"rendered":"http:\/\/localhost\/unidades\/bonfim\/?page_id=61"},"modified":"2019-03-18T23:09:02","modified_gmt":"2019-03-19T02:09:02","slug":"tecnico-concomitante-ou-subsequente","status":"publish","type":"page","link":"https:\/\/www.ifbaiano.edu.br\/unidades\/urucuca\/tecnico-concomitante-ou-subsequente\/","title":{"rendered":"T\u00e9cnico Subsequente"},"content":{"rendered":"<p style=\"text-align: justify\">O curso\u00a0<strong>T\u00e9cnico\u00a0Subsequente ao ensino m\u00e9dio<\/strong>\u00a0\u00e9 oferecido a quem\u00a0<strong>j\u00e1 concluiu o ensino m\u00e9dio<\/strong>. O curso garante a\u00a0<strong>forma\u00e7\u00e3o t\u00e9cnica profissional.<\/strong><br \/>\n<strong>Dura\u00e7\u00e3o<\/strong>: 02 anos.<\/p>\n<p style=\"text-align: justify\">No campus Uru\u00e7uca, temos 03 cursos:<\/p>\n<p style=\"text-align: justify\"><a href=\"http:\/\/www.ifbaiano.edu.br\/unidades\/urucuca\/tecnico-em-agrimensura\/\"><strong><span style=\"text-decoration: underline\">T\u00e9cnico em Agrimensura<\/span><\/strong><\/a><\/p>\n<p style=\"text-align: justify\"><a href=\"http:\/\/www.ifbaiano.edu.br\/unidades\/urucuca\/tecnico-em-agropecuaria\/\"><strong><span style=\"text-decoration: underline\">T\u00e9cnico em Agropecu\u00e1ria<\/span><\/strong><\/a><\/p>\n<p><a href=\"http:\/\/www.ifbaiano.edu.br\/unidades\/urucuca\/tecnico-em-alimentos\/\"><strong><span style=\"text-decoration: underline\">T\u00e9cnico em Alimentos<\/span><\/strong><\/a><\/p>\n","protected":false},"excerpt":{"rendered":"<p>O curso\u00a0T\u00e9cnico\u00a0Subsequente ao ensino m\u00e9dio\u00a0\u00e9 oferecido a quem\u00a0j\u00e1 concluiu o ensino m\u00e9dio. O curso garante a\u00a0forma\u00e7\u00e3o t\u00e9cnica profissional. Dura\u00e7\u00e3o: 02 anos. No campus Uru\u00e7uca, temos 03 cursos: T\u00e9cnico em Agrimensura T\u00e9cnico em Agropecu\u00e1ria T\u00e9cnico em Alimentos<\/p>\n","protected":false},"author":1,"featured_media":0,"parent":0,"menu_order":0,"comment_status":"closed","ping_status":"closed","template":"","meta":[],"_links":{"self":[{"href":"https:\/\/www.ifbaiano.edu.br\/unidades\/urucuca\/wp-json\/wp\/v2\/pages\/61"}],"collection":[{"href":"https:\/\/www.ifbaiano.edu.br\/unidades\/urucuca\/wp-json\/wp\/v2\/pages"}],"about":[{"href":"https:\/\/www.ifbaiano.edu.br\/unidades\/urucuca\/wp-json\/wp\/v2\/types\/page"}],"author":[{"embeddable":true,"href":"https:\/\/www.ifbaiano.edu.br\/unidades\/urucuca\/wp-json\/wp\/v2\/users\/1"}],"replies":[{"embeddable":true,"href":"https:\/\/www.ifbaiano.edu.br\/unidades\/urucuca\/wp-json\/wp\/v2\/comments?post=61"}],"version-history":[{"count":15,"href":"https:\/\/www.ifbaiano.edu.br\/unidades\/urucuca\/wp-json\/wp\/v2\/pages\/61\/revisions"}],"predecessor-version":[{"id":4991,"href":"https:\/\/www.ifbaiano.edu.br\/unidades\/urucuca\/wp-json\/wp\/v2\/pages\/61\/revisions\/4991"}],"wp:attachment":[{"href":"https:\/\/www.ifbaiano.edu.br\/unidades\/urucuca\/wp-json\/wp\/v2\/media?parent=61"}],"curies":[{"name":"wp","href":"https:\/\/api.w.org\/{rel}","templated":true}]}}