{"id":71,"date":"2011-05-18T19:26:03","date_gmt":"2011-05-18T19:26:03","guid":{"rendered":"http:\/\/localhost\/unidades\/bonfim\/?page_id=67"},"modified":"2019-03-19T09:55:21","modified_gmt":"2019-03-19T12:55:21","slug":"superiordetecnologia","status":"publish","type":"page","link":"https:\/\/www.ifbaiano.edu.br\/unidades\/urucuca\/superiordetecnologia\/","title":{"rendered":"Gradua\u00e7\u00e3o"},"content":{"rendered":"<p>Os cursos\u00a0de gradua\u00e7\u00e3o\u00a0s\u00e3o destinados aos estudantes que realizaram o ENEM. O ingresso \u00e9 atrav\u00e9s do <a href=\"http:\/\/sisu.mec.gov.br\">SISU<\/a>.<\/p>\n<p style=\"text-align: justify\">Conforme a Resolu\u00e7\u00e3o CNE\/CP n\u00ba 3 (<a href=\"http:\/\/portal.mec.gov.br\/cne\/arquivos\/pdf\/CP032002.pdf\">http:\/\/portal.mec.gov.br\/cne\/arquivos\/pdf\/CP032002.pdf<\/a>), de 18 de dezembro de 2002, Art. 4\u00ba, \u201cos cursos superiores de tecnologia s\u00e3o de gradua\u00e7\u00e3o, com caracter\u00edsticas especiais, e obedecer\u00e3o \u00e0s diretrizes contidas no Parecer CNE\/CES 436\/2001 e conduzir\u00e3o \u00e0 obten\u00e7\u00e3o de diploma de tecn\u00f3logo\u201d.<\/p>\n<p>O IF Baiano campus Uru\u00e7uca oferece dois cursos Superiores de Tecnologia:<\/p>\n<ul>\n<li><span style=\"text-decoration: underline\"><span style=\"color: #000000\"><strong><a style=\"color: #000000;text-decoration: underline\" href=\"http:\/\/www.ifbaiano.edu.br\/unidades\/urucuca\/superiordetecnologia\/tecnologia-em-gestao-de-turismo\/\">Gest\u00e3o de Turismo<\/a><\/strong><\/span><\/span><\/li>\n<\/ul>\n<ul>\n<li><span style=\"text-decoration: underline;color: #000000\"><a style=\"color: #000000\" href=\"http:\/\/www.ifbaiano.edu.br\/unidades\/urucuca\/agroecologia\/\"><strong>Agroecologia<\/strong><\/a><\/span><\/li>\n<\/ul>\n<p>E ainda um Bacharelado:<\/p>\n<ul>\n<li><span style=\"text-decoration: underline;color: #000000\"><strong><a style=\"color: #000000;text-decoration: underline\" href=\"http:\/\/www.ifbaiano.edu.br\/unidades\/urucuca\/engenharia-de-alimentos\/\">Engenharia de Alimentos<\/a><\/strong><\/span><\/li>\n<\/ul>\n","protected":false},"excerpt":{"rendered":"<p>Os cursos\u00a0de gradua\u00e7\u00e3o\u00a0s\u00e3o destinados aos estudantes que realizaram o ENEM. O ingresso \u00e9 atrav\u00e9s do SISU. Conforme a Resolu\u00e7\u00e3o CNE\/CP n\u00ba 3 (http:\/\/portal.mec.gov.br\/cne\/arquivos\/pdf\/CP032002.pdf), de 18 de dezembro de 2002, Art. 4\u00ba, \u201cos cursos superiores de tecnologia s\u00e3o de gradua\u00e7\u00e3o, com caracter\u00edsticas especiais, e obedecer\u00e3o \u00e0s diretrizes contidas no Parecer CNE\/CES 436\/2001 e conduzir\u00e3o \u00e0 obten\u00e7\u00e3o [&hellip;]<\/p>\n","protected":false},"author":1,"featured_media":0,"parent":0,"menu_order":0,"comment_status":"closed","ping_status":"closed","template":"","meta":[],"_links":{"self":[{"href":"https:\/\/www.ifbaiano.edu.br\/unidades\/urucuca\/wp-json\/wp\/v2\/pages\/71"}],"collection":[{"href":"https:\/\/www.ifbaiano.edu.br\/unidades\/urucuca\/wp-json\/wp\/v2\/pages"}],"about":[{"href":"https:\/\/www.ifbaiano.edu.br\/unidades\/urucuca\/wp-json\/wp\/v2\/types\/page"}],"author":[{"embeddable":true,"href":"https:\/\/www.ifbaiano.edu.br\/unidades\/urucuca\/wp-json\/wp\/v2\/users\/1"}],"replies":[{"embeddable":true,"href":"https:\/\/www.ifbaiano.edu.br\/unidades\/urucuca\/wp-json\/wp\/v2\/comments?post=71"}],"version-history":[{"count":42,"href":"https:\/\/www.ifbaiano.edu.br\/unidades\/urucuca\/wp-json\/wp\/v2\/pages\/71\/revisions"}],"predecessor-version":[{"id":4998,"href":"https:\/\/www.ifbaiano.edu.br\/unidades\/urucuca\/wp-json\/wp\/v2\/pages\/71\/revisions\/4998"}],"wp:attachment":[{"href":"https:\/\/www.ifbaiano.edu.br\/unidades\/urucuca\/wp-json\/wp\/v2\/media?parent=71"}],"curies":[{"name":"wp","href":"https:\/\/api.w.org\/{rel}","templated":true}]}}