{"id":7140,"date":"2022-07-18T14:11:40","date_gmt":"2022-07-18T17:11:40","guid":{"rendered":"https:\/\/www.ifbaiano.edu.br\/unidades\/urucuca\/?page_id=7140"},"modified":"2026-04-09T15:03:22","modified_gmt":"2026-04-09T18:03:22","slug":"sobre-o-ngti","status":"publish","type":"page","link":"https:\/\/www.ifbaiano.edu.br\/unidades\/urucuca\/sobre-o-ngti\/","title":{"rendered":"N\u00facleo de Gest\u00e3o de Tecnologia da Informa\u00e7\u00e3o &#8211; NGTI"},"content":{"rendered":"\n<div class=\"wp-block-group is-layout-flow\"><div class=\"wp-block-group__inner-container\">\n<div class=\"wp-block-group is-layout-flow\"><div class=\"wp-block-group__inner-container\">\n<p>O N\u00facleo de Gest\u00e3o de Tecnologia da Informa\u00e7\u00e3o (NGTI) \u00e9 respons\u00e1vel por gerir os recursos e servi\u00e7os de TI do campus. O setor define diretrizes para garantir a confiabilidade dos servi\u00e7os prestados, com base nos princ\u00edpios de seguran\u00e7a da informa\u00e7\u00e3o. <\/p>\n\n\n\n<div class=\"wp-block-group is-layout-flow\"><div class=\"wp-block-group__inner-container\">\n<div class=\"wp-block-group is-layout-flow\"><div class=\"wp-block-group__inner-container\">\n<p class=\"has-white-color has-text-color has-background\" style=\"background-color:#138404\"><strong>COMPET\u00caNCIAS DO NGTI<\/strong><\/p>\n\n\n\n<ul>\n<li><p style=\"text-align: justify\"><strong>Apoio em Contrata\u00e7\u00f5es<\/strong>: Prestar apoio t\u00e9cnico em processos de aquisi\u00e7\u00e3o de bens e servi\u00e7os de TI, conforme a legisla\u00e7\u00e3o vigente.<\/p><\/li>\n\n\n\n<li><p style=\"text-align: justify\"><strong>Gest\u00e3o de Documenta\u00e7\u00e3o: <\/strong>Criar e atualizar documentos que orientam e normatizam o uso e a gest\u00e3o de TI.<\/p><\/li>\n\n\n\n<li><p style=\"text-align: justify\"><strong>Gest\u00e3o de Infraestrutura:<\/strong> Definir arquiteturas (f\u00edsica e l\u00f3gica), configura\u00e7\u00f5es e estrat\u00e9gias de seguran\u00e7a, alinhadas \u00e0s regras de neg\u00f3cio e \u00e0s melhores pr\u00e1ticas de gest\u00e3o de TI.<\/p><\/li>\n\n\n\n<li><p style=\"text-align: justify\"><strong>Gest\u00e3o de Servi\u00e7os Terceirizados<\/strong>: Atuar na fiscaliza\u00e7\u00e3o t\u00e9cnica de servi\u00e7os de TI externos, interconectando-os com os servi\u00e7os internos, notificando incidentes e assegurando o cumprimento dos SLAs (Acordos de N\u00edvel de Servi\u00e7o).<\/p><\/li>\n\n\n\n<li><p style=\"text-align: justify\"><strong>Suporte T\u00e9cnico:<\/strong> Oferecer suporte e orienta\u00e7\u00e3o aos usu\u00e1rios sobre o uso dos recursos e servi\u00e7os de TI do campus.<\/p><\/li>\n<\/ul>\n\n\n\n<p class=\"has-white-color has-text-color has-background\" style=\"background-color:#138404\"><strong>CAT\u00c1LOGO DE SERVI\u00c7OS<\/strong><\/p>\n\n\n\n<ul>\n<li>\n<p style=\"text-align: justify\"><strong>Acesso \u00e0 Internet:<\/strong> Possibilita que os usu\u00e1rios se conectem \u00e0 internet por meio da <span style=\"color: initial\">infraestrutura de rede do campus, utilizando computadores institucionais ou dispositivos <\/span><span style=\"color: initial\">pessoais.<\/span><\/p>\n<\/li>\n<li>\n<p style=\"text-align: justify\"><strong>Acesso \u00e0 VPN:<\/strong> Permite que colaboradores e servidores se conectem de forma segura \u00e0 rede <span style=\"color: initial\">do campus a partir de locais remotos, usando a internet.<\/span><\/p>\n<\/li>\n<li>\n<p style=\"text-align: justify\"><strong>Autentica\u00e7\u00e3o<\/strong>: Oferece uma identifica\u00e7\u00e3o exclusiva na rede do campus, permitindo que os <span style=\"color: initial\">usu\u00e1rios acessem recursos e servi\u00e7os de TI por meio de suas credenciais.<\/span><\/p>\n<\/li>\n<li>\n<p style=\"text-align: justify\"><strong>Compartilhamento de Arquivos<\/strong>: Permite que os usu\u00e1rios acessem e gerenciem arquivos <span style=\"color: initial\">em pastas compartilhadas na rede do campus.<\/span><\/p>\n<\/li>\n<li>\n<p style=\"text-align: justify\"><strong>Digitaliza\u00e7\u00e3o via Rede:<\/strong> Permite que os usu\u00e1rios digitalizem documentos diretamente para uma pasta compartilhada na rede, usando impressoras multifuncionais.<\/p>\n<\/li>\n<li>\n<p style=\"text-align: justify\"><strong>Impress\u00e3o via Rede:<\/strong> Viabiliza impress\u00f5es em impressoras conectadas \u00e0 rede do campus.<\/p>\n<\/li>\n<li>\n<p style=\"text-align: justify\"><strong>Suporte ao Usu\u00e1rio:<\/strong> Assist\u00eancia t\u00e9cnica para o uso dos recursos e servi\u00e7os de TI do campus.<\/p>\n<\/li>\n<\/ul>\n<\/div><\/div>\n\n\n\n<p class=\"has-white-color has-text-color has-background\" style=\"background-color:#138404\"><strong>DOCUMENTA\u00c7\u00c3O<\/strong><\/p>\n\n\n\n<ul>\n<li><p style=\"text-align: justify\"><a href=\"https:\/\/docs.google.com\/spreadsheets\/d\/1I4lQPIaylVKo5YYNSxfnWm_1cO1gB6QuEsEYeMvGpKs\" target=\"_blank\" rel=\"noreferrer noopener\">Lista de Softwares Homologados<\/a><\/p><\/li>\n\n\n\n<li><p style=\"text-align: justify\"><a href=\"https:\/\/drive.google.com\/file\/d\/1X51mB9MQSd26Wo5Mw34elgy_mMwBRTqL\" target=\"_blank\" rel=\"noreferrer noopener\">Modelo do Termo de Responsabilidade por Acesso \u00e0 Rede<\/a><\/p><\/li>\n\n\n\n<li><p style=\"text-align: justify\"><a href=\"https:\/\/drive.google.com\/file\/d\/1g-WJUw35ugBGnzxF3pN_PZkTLFzJayp9\" target=\"_blank\" rel=\"noreferrer noopener\">Modelo do Termo de Responsabilidade T\u00e9cnica<\/a><\/p><\/li>\n\n\n\n<li><a rel=\"noreferrer noopener\" href=\"https:\/\/docs.google.com\/spreadsheets\/d\/16TZaAcs1lwWU9PGM3qwGlmXiaYo9Q3NvtEFHuihI4yI\" target=\"_blank\">Plano de A\u00e7\u00f5es Anuais (PAA)<\/a><\/li>\n<\/ul>\n\n\n\n<p><\/p>\n\n\n\n<ul>\n<li><a href=\"https:\/\/docs.google.com\/spreadsheets\/d\/1u5WbL5_W6o97-q0p5vXCQsC_Pr_riYlwSnj9IlhcycU\" target=\"_blank\" rel=\"noreferrer noopener\">Plano de Contrata\u00e7\u00f5es Anuais (PCA)<br><\/a><\/li>\n\n\n\n<li><p style=\"text-align: justify\"><a href=\"https:\/\/drive.google.com\/file\/d\/1EN6wjA6evEKJM_l5kfE0ZunBdZTk3Nu9\" target=\"_blank\" rel=\"noreferrer noopener\">Pol\u00edtica de Gest\u00e3o dos Recursos e Servi\u00e7os de TI (PGRSTI)<\/a><\/p><\/li>\n\n\n\n<li><a href=\"https:\/\/drive.google.com\/file\/d\/14Zze1h_vadEcbqg9ogGDkC8mzSG-cypk\" target=\"_blank\" rel=\"noreferrer noopener\">Pol\u00edtica de Uso dos Recursos e Servi\u00e7os de TI (PURSTI)<\/a><\/li>\n<\/ul>\n<\/div><\/div>\n<\/div><\/div>\n<\/div><\/div>\n\n\n<p><!-- \/wp:group --><\/p>\n<p><!-- wp:group --><\/p>\n<div class=\"wp-block-group\"><!-- wp:group --><p><\/p>\n<div class=\"wp-block-group\">\n<div class=\"wp-block-group\">\n<div class=\"wp-block-group\">\n<p class=\"has-white-color has-text-color has-background\" style=\"background-color: #138404\"><strong>QUADRO T\u00c9CNICO<\/strong><\/p>\n<ul>\n<li>\n<p style=\"text-align: justify\">Alan dos Santos Andrade Ferreira \u2013 T\u00e9cnico de TI (removido)<\/p>\n<\/li>\n<li>\n<p style=\"text-align: justify\"><a href=\"https:\/\/www.linkedin.com\/in\/eduardo-moraes-b90a4a81\/\">Eduardo Santos de Moraes<\/a> \u2013 Analista de TI<\/p>\n<\/li>\n<li>\n<p style=\"text-align: justify\">Miliane Barreto de Oliveira \u2013 T\u00e9cnico de TI<\/p>\n<\/li>\n<li>\n<p style=\"text-align: justify\">Noel Silva Costa \u2013 T\u00e9cnico de Audiovisual (removido)<\/p>\n<\/li>\n<li>\n<p style=\"text-align: justify\">Pedro Paulo Vasconcelos de Medeiros &#8211; T\u00e9cnico de TI<\/p>\n<\/li>\n<li>\n<p style=\"text-align: justify\">Virg\u00edlio Pedreira Rodrigues \u2013 T\u00e9cnico de TI (removido)<\/p>\n<\/li>\n<\/ul>\n<p><!-- wp:paragraph {\"style\":{\"color\":{\"background\":\"#138404\"}},\"textColor\":\"white\"} --><\/p>\n<p class=\"has-white-color has-text-color has-background\" style=\"background-color: #138404\"><strong>CANAIS DE COMUNICA\u00c7\u00c3O<\/strong><\/p>\n<p><!-- \/wp:paragraph --><\/p>\n<ul>\n<li style=\"text-align: justify\">\n<p><strong style=\"font-size: revert;color: initial\"><a href=\"https:\/\/suap.ifbaiano.edu.br\/centralservicos\/selecionar_servico_abertura\/tecnologia-da-informacao\/\" target=\"_blank\" rel=\"noreferrer noopener\">Central de Servi\u00e7os do SUAP<\/a><\/strong><\/p>\n<\/li>\n<li>\n<p style=\"text-align: justify\"><strong style=\"font-size: revert;color: initial\">E-mail:<\/strong><span style=\"font-size: revert;color: initial\"> ngti@urucuca.ifbaiano.edu.br<\/span><\/p>\n<\/li>\n<li>\n<p style=\"text-align: justify\"><strong style=\"font-size: revert;color: initial\">Y<\/strong><strong style=\"font-size: revert;color: initial\">outube: <\/strong><a style=\"font-size: revert\" href=\"https:\/\/www.youtube.com\/@ngti-ifuru\">@ngti-ifuru<\/a><\/p>\n<\/li>\n<\/ul>\n<p><!-- \/wp:list-item --><\/p>\n<p><!-- \/wp:list --><\/p>\n<\/div>\n<\/div>\n<p><!--more--><\/p>\n<\/div>\n<\/div>","protected":false},"excerpt":{"rendered":"<p>O N\u00facleo de Gest\u00e3o de Tecnologia da Informa\u00e7\u00e3o (NGTI) \u00e9 respons\u00e1vel por gerir os recursos e servi\u00e7os de TI do campus. O setor define diretrizes para garantir a confiabilidade dos servi\u00e7os prestados, com base nos princ\u00edpios de seguran\u00e7a da informa\u00e7\u00e3o. COMPET\u00caNCIAS DO NGTI CAT\u00c1LOGO DE SERVI\u00c7OS Acesso \u00e0 Internet: Possibilita que os usu\u00e1rios se conectem [&hellip;]<\/p>\n","protected":false},"author":69,"featured_media":0,"parent":0,"menu_order":0,"comment_status":"closed","ping_status":"closed","template":"","meta":[],"_links":{"self":[{"href":"https:\/\/www.ifbaiano.edu.br\/unidades\/urucuca\/wp-json\/wp\/v2\/pages\/7140"}],"collection":[{"href":"https:\/\/www.ifbaiano.edu.br\/unidades\/urucuca\/wp-json\/wp\/v2\/pages"}],"about":[{"href":"https:\/\/www.ifbaiano.edu.br\/unidades\/urucuca\/wp-json\/wp\/v2\/types\/page"}],"author":[{"embeddable":true,"href":"https:\/\/www.ifbaiano.edu.br\/unidades\/urucuca\/wp-json\/wp\/v2\/users\/69"}],"replies":[{"embeddable":true,"href":"https:\/\/www.ifbaiano.edu.br\/unidades\/urucuca\/wp-json\/wp\/v2\/comments?post=7140"}],"version-history":[{"count":143,"href":"https:\/\/www.ifbaiano.edu.br\/unidades\/urucuca\/wp-json\/wp\/v2\/pages\/7140\/revisions"}],"predecessor-version":[{"id":13812,"href":"https:\/\/www.ifbaiano.edu.br\/unidades\/urucuca\/wp-json\/wp\/v2\/pages\/7140\/revisions\/13812"}],"wp:attachment":[{"href":"https:\/\/www.ifbaiano.edu.br\/unidades\/urucuca\/wp-json\/wp\/v2\/media?parent=7140"}],"curies":[{"name":"wp","href":"https:\/\/api.w.org\/{rel}","templated":true}]}}