{"id":72,"date":"2011-05-18T19:26:20","date_gmt":"2011-05-18T19:26:20","guid":{"rendered":"http:\/\/localhost\/unidades\/bonfim\/?page_id=69"},"modified":"2025-01-31T12:12:58","modified_gmt":"2025-01-31T15:12:58","slug":"ensino-a-distancia","status":"publish","type":"page","link":"https:\/\/www.ifbaiano.edu.br\/unidades\/urucuca\/ensino-a-distancia\/","title":{"rendered":"Ensino a Dist\u00e2ncia"},"content":{"rendered":"\n<figure class=\"wp-block-image size-full is-resized\"><a href=\"https:\/\/www.ifbaiano.edu.br\/unidades\/urucuca\/files\/2024\/03\/POLOS-EAD.jpg\"><img decoding=\"async\" loading=\"lazy\" src=\"https:\/\/www.ifbaiano.edu.br\/unidades\/urucuca\/files\/2024\/03\/POLOS-EAD.jpg\" alt=\"\" class=\"wp-image-9595\" width=\"792\" height=\"792\" \/><\/a><\/figure>\n\n\n<div>A Educa\u00e7\u00e3o a Dist\u00e2ncia (EaD) viabiliza a forma\u00e7\u00e3o humana e integral de indiv\u00edduos para o desenvolvimento profissional; atua com a verticaliza\u00e7\u00e3o dos estudos (educa\u00e7\u00e3o b\u00e1sica a superior) por meio de cursos semi-presenciais e \u00e0 dist\u00e2ncia.O Campus Uru\u00e7uca oferece cursos \u00e0 dist\u00e2ncia em 03 <strong><a href=\"https:\/\/diretorias.ifbaiano.edu.br\/portal\/ead\/polos\/\">p\u00f3los<\/a><\/strong>: <strong>Itacar\u00e9, Buerarema\u00a0 e Uru\u00e7uca<\/strong>.<\/div>\n<div>\u00a0<\/div>\n<div><span style=\"font-size: revert;color: initial\">Conhe\u00e7a um pouco os nosso Cursos:<\/span><\/div>\n<div>\n<p><strong>SECRETARIA ESCOLAR<\/strong><\/p>\n<p>O <strong>Curso T\u00e9cnico em Secretaria Escolar<\/strong> do IF Baiano \u00e9 ofertado na modalidade a dist\u00e2ncia, articulado de forma subsequente, com regime de matr\u00edcula semestral. Sua carga hor\u00e1ria total \u00e9 de 1.200 horas, distribu\u00eddas em 80% de estudos\/atividades virtuais e 20% de encontros presenciais, estes que ocorrem nos polos de EaD, conforme turnos e dias definidos por cada campus.<\/p>\n<p>O objetivo \u00e9 promover forma\u00e7\u00e3o profissional t\u00e9cnica para profissionais da educa\u00e7\u00e3o, que atuam em \u00e1reas de apoio \u00e0s atividades pedag\u00f3gicas e administrativas nas escolas p\u00fablicas de educa\u00e7\u00e3o b\u00e1sica, dando-lhes condi\u00e7\u00f5es para um entendimento da educa\u00e7\u00e3o e da escola como espa\u00e7os coletivos de forma\u00e7\u00e3o humana, de diversidade \u00e9tnico-cultural, bem como de desenvolvimento de compet\u00eancias para atuar numa habilita\u00e7\u00e3o espec\u00edfica, sem perder a no\u00e7\u00e3o da totalidade da fun\u00e7\u00e3o social da educa\u00e7\u00e3o.<\/p>\n<p>O profissional do T\u00e9cnico em Secretaria Escolar, na forma subsequente ser\u00e1 credenciado como educador e gestor escolar e dever\u00e1 realizar atividades de registro e controle escolar, organizar registros escolares, controlar os arquivos da vida acad\u00eamica dos alunos, elaborar o mapeamento de acad\u00eamicos para conclus\u00e3o de cursos e operacionalizar os processos de matr\u00edcula e transfer\u00eancia de alunos.<\/p>\n<p>Saiba mais sobre o <a href=\"https:\/\/www.ifbaiano.edu.br\/unidades\/urucuca\/files\/2023\/03\/PPC-Secretaria-Escolar.pdf\">Projeto Pedag\u00f3gico.<\/a><\/p>\n<p>Coordenador: Joaldo Rocha Luz<br \/>Contato:\u00a0<span id=\"OBJ_PREFIX_DWT192_ZmEmailObjectHandler\" class=\"Object\" role=\"link\">joaldo.luz@ifbaiano.edu.br<\/span><\/p>\n<\/div>\n<div>\u00a0<\/div>\n<p><strong>T\u00c9CNICO EM VENDAS<\/strong><\/p>\n<p style=\"text-align: justify\" align=\"left\">O <strong>T\u00e9cnico em vendas de N\u00edvel M\u00e9dio<\/strong>, na forma de articula\u00e7\u00e3o Subsequente ao Ensino M\u00e9dio e na Modalidade Educa\u00e7\u00e3o a Dist\u00e2ncia (EAD) \u00e9 destinado\u00a0a candidatos que conclu\u00edram o Ensino M\u00e9dio ou equivalente.\u00a0Este curso contribui para o desenvolvimento de compet\u00eancias ligadas ao processo da venda e \u00e0 constru\u00e7\u00e3o de uma carreira de sucesso em vendas, propiciando ao participante:<\/p>\n<ul>\n<li style=\"text-align: justify\">Aplicar as melhores solu\u00e7\u00f5es para os desafios do ambiente de vendas, sob a perspectiva de aspectos pessoais e profissionais;<\/li>\n<li style=\"text-align: justify\">Negociar de forma a agregar valor \u00e0 oferta e a superar as obje\u00e7\u00f5es da clientela.<\/li>\n<\/ul>\n<p>Saiba mais sobre o <a href=\"https:\/\/www.ifbaiano.edu.br\/unidades\/urucuca\/files\/2025\/01\/Projeto-Pedagogico-do-Curso_Tecnico-em-Vendas_Ensino-Medio-EAD-Subsequente.pdf\">Projeto Pedag\u00f3gico.<\/a><\/p>\n<p>Coordenadora: Tatiana Ara\u00fajo Reis<br \/>Contato:\u00a0tatiana.reis@ifbaiano.edu.br<\/p>\n<p><strong>T\u00c9CNICO EM INFORM\u00c1TICA<\/strong><\/p>\n<p>O Curso T\u00e9cnico em Inform\u00e1tica Subsequente ao Ensino M\u00e9dio est\u00e1 alocado no Eixo Tecnol\u00f3gico de Informa\u00e7\u00e3o e Comunica\u00e7\u00e3o do Cat\u00e1logo Nacional de Cursos T\u00e9cnicos (CNCT) do Minist\u00e9rio da Educa\u00e7\u00e3o (MEC), onde est\u00e3o alocados cursos relacionados \u00e0 comunica\u00e7\u00e3o e processamento de dados e informa\u00e7\u00f5es, respons\u00e1veis por desenvolver um conjunto de atua\u00e7\u00f5es entre as quais cabe destacar: concep\u00e7\u00e3o, desenvolvimento, implanta\u00e7\u00e3o, opera\u00e7\u00e3o, avalia\u00e7\u00e3o e manuten\u00e7\u00e3o de sistemas e tecnologias relacionadas \u00e0 inform\u00e1tica e telecomunica\u00e7\u00f5es<\/p>\n<p>Saiba mais sobre o <a href=\"https:\/\/www.ifbaiano.edu.br\/unidades\/urucuca\/files\/2025\/01\/Projeto-Pedagogico-do-Curso_Tecnico-em-Informatica_Ensino-Medio-EAD-Subsequente.pdf\">Projeto Pedag\u00f3gico do Curso<\/a><\/p>\n<p><strong>P\u00f3lo Uru\u00e7uca<\/strong><br \/>Curso: SECRETARIA ESCOLAR e VENDAS<br \/>COORDENADOR DO POLO URU\u00c7UCA<br \/>Joaldo Rocha Luz<br \/>E-MAIL:\u00a0<span id=\"OBJ_PREFIX_DWT191_ZmEmailObjectHandler\" class=\"Object\" role=\"link\">cead.uru@ead.ifbaiano.edu.br<\/span><\/p>","protected":false},"excerpt":{"rendered":"<p>A Educa\u00e7\u00e3o a Dist\u00e2ncia (EaD) viabiliza a forma\u00e7\u00e3o humana e integral de indiv\u00edduos para o desenvolvimento profissional; atua com a verticaliza\u00e7\u00e3o dos estudos (educa\u00e7\u00e3o b\u00e1sica a superior) por meio de cursos semi-presenciais e \u00e0 dist\u00e2ncia.O Campus Uru\u00e7uca oferece cursos \u00e0 dist\u00e2ncia em 03 p\u00f3los: Itacar\u00e9, Buerarema\u00a0 e Uru\u00e7uca. \u00a0 Conhe\u00e7a um pouco os nosso Cursos: [&hellip;]<\/p>\n","protected":false},"author":1,"featured_media":0,"parent":0,"menu_order":0,"comment_status":"closed","ping_status":"closed","template":"","meta":[],"_links":{"self":[{"href":"https:\/\/www.ifbaiano.edu.br\/unidades\/urucuca\/wp-json\/wp\/v2\/pages\/72"}],"collection":[{"href":"https:\/\/www.ifbaiano.edu.br\/unidades\/urucuca\/wp-json\/wp\/v2\/pages"}],"about":[{"href":"https:\/\/www.ifbaiano.edu.br\/unidades\/urucuca\/wp-json\/wp\/v2\/types\/page"}],"author":[{"embeddable":true,"href":"https:\/\/www.ifbaiano.edu.br\/unidades\/urucuca\/wp-json\/wp\/v2\/users\/1"}],"replies":[{"embeddable":true,"href":"https:\/\/www.ifbaiano.edu.br\/unidades\/urucuca\/wp-json\/wp\/v2\/comments?post=72"}],"version-history":[{"count":17,"href":"https:\/\/www.ifbaiano.edu.br\/unidades\/urucuca\/wp-json\/wp\/v2\/pages\/72\/revisions"}],"predecessor-version":[{"id":11258,"href":"https:\/\/www.ifbaiano.edu.br\/unidades\/urucuca\/wp-json\/wp\/v2\/pages\/72\/revisions\/11258"}],"wp:attachment":[{"href":"https:\/\/www.ifbaiano.edu.br\/unidades\/urucuca\/wp-json\/wp\/v2\/media?parent=72"}],"curies":[{"name":"wp","href":"https:\/\/api.w.org\/{rel}","templated":true}]}}