{"id":7522,"date":"2022-10-04T15:11:48","date_gmt":"2022-10-04T18:11:48","guid":{"rendered":"https:\/\/www.ifbaiano.edu.br\/unidades\/urucuca\/?page_id=7522"},"modified":"2026-02-13T11:45:34","modified_gmt":"2026-02-13T14:45:34","slug":"nutepe-nucleo-tecnico-pedagogico","status":"publish","type":"page","link":"https:\/\/www.ifbaiano.edu.br\/unidades\/urucuca\/nutepe-nucleo-tecnico-pedagogico\/","title":{"rendered":"NATEPE &#8211; N\u00daCLEO DE ASSESSORIA T\u00c9CNICO-PEDAG\u00d3GICA"},"content":{"rendered":"\n<p>O NATEPE \u00e9 respons\u00e1vel pela assessoria pedag\u00f3gica a docentes e gestores(as), pelo atendimento e pelo acompanhamento pedag\u00f3gico a discentes e pelo contato e pela orienta\u00e7\u00e3o a familiares ou a respons\u00e1veis por discentes, al\u00e9m de por outras demandas que envolvam o fazer pedag\u00f3gico nas \u00e1reas de ensino, de pesquisa e de extens\u00e3o em n\u00edvel local.<\/p>\n\n\n\n<p> Os NATEPE&#8217;s dos campi s\u00e3o vinculados \u00e0 Diretoria Acad\u00eamica e se caracterizam pelo trabalho no espa\u00e7o escolar por meio da execu\u00e7\u00e3o de diretrizes instucionais, de planejamento, de acompanhamento e de avalia\u00e7\u00e3o das a\u00e7\u00f5es relacionadas aos processos de ensino e aprendizagem.<\/p>\n\n\n\n<p><\/p>\n\n\n\n<p class=\"has-white-color has-text-color has-background\" style=\"background-color:#118000\"><strong>Funcionamento do NATEPE*<\/strong><\/p>\n\n\n\n<p><strong>Hor\u00e1rio de expediente: <\/strong>08h00 \u00e0s 12h00 e 13h00 \u00e0s 17h00.<\/p>\n\n\n\n<p><strong>Detalhamento do atendimento do setor:<\/strong><\/p>\n\n\n\n<figure class=\"wp-block-table\"><table><tbody><tr><td><strong>Servidores lotados<\/strong><\/td><td><strong>Local de trabalho<\/strong><\/td><td><strong>Regime de trabalho<\/strong><\/td><td><strong>Modalidade de ensino que \u00e9 refer\u00eancia**<\/strong><\/td><td><strong>Contatos***<\/strong><\/td><td><strong>Observa\u00e7\u00f5es<\/strong><\/td><\/tr><tr><td>Andr\u00e9 Luiz de Alcantra Brand\u00e3o<\/td><td>SRA<\/td><td>Teletrabalho parcial \u00a0<br>Dias presenciais: \u00a0 segunda-feira ter\u00e7a-feira \u00a0<\/td><td>P\u00f3s-Gradua\u00e7\u00e3o<\/td><td>Telefone: (73) 991078973 &nbsp; <br>E-mail: andre.brandao@ifbaiano.edu.br<\/td><td>Respons\u00e1vel pelo setor de est\u00e1gio<\/td><\/tr><tr><td>Aricelma da Silva Santos<\/td><td>Integrado<\/td><td>Teletrabalho parcial \u00a0 <br>Dias presenciais: \u00a0 quarta-feira quinta-feira sexta-feira \u00a0<\/td><td>Subsequente<\/td><td>Telefone: (77) 99196 4702 E-mail: aricelma.santos@ifbaiano.edu.br<\/td><td>&nbsp;<\/td><\/tr><tr><td>Jadiel Ferreira Roseira<\/td><td>Integrado<\/td><td>Presencial<\/td><td>&nbsp;Integrado<\/td><td>E-mail: jadiel.roseira@ifbaiano.edu.br<\/td><td>&nbsp;<\/td><\/tr><tr><td>Viviane Reis Leporace<\/td><td>Integrado<\/td><td>Teletrabalho parcial \u00a0<br>Dias presenciais: \u00a0 segunda-feira ter\u00e7a-feira quarta-feira \u00a0<\/td><td>Superior<\/td><td>Telefone: (73) 999213348 E-mail: viviane.leporace@ifbaiano.edu.br<\/td><td>&nbsp;<\/td><\/tr><\/tbody><\/table><\/figure>\n\n\n\n<p>*Atualizado em: 13\/02\/2026.<\/p>\n\n\n\n<p>**As revis\u00f5es dos planos de ensino devem ser encaminhadas aos servidores de refer\u00eancia das respectivas modalidades.<\/p>\n\n\n\n<p>*** Servidores em regime de teletrabalho podem ser contactados via liga\u00e7\u00e3o e\/ou WhatsApp nos hor\u00e1rios de expediente.<\/p>\n\n\n\n<p class=\"has-text-align-center has-white-color has-text-color has-background\" style=\"background-color:#118000\"><strong><strong>Orienta\u00e7\u00f5es Pedag\u00f3gicas<\/strong><\/strong><\/p>\n\n\n\n<p><strong>Estudante<\/strong><\/p>\n\n\n\n<p><a href=\"https:\/\/www.ifbaiano.edu.br\/unidades\/urucuca\/files\/2025\/01\/GUIA-DE-BOAS-PRATICAS-DISCENTES.pdf\" data-type=\"URL\" data-id=\"https:\/\/www.ifbaiano.edu.br\/unidades\/urucuca\/files\/2025\/01\/GUIA-DE-BOAS-PRATICAS-DISCENTES.pdf\" target=\"_blank\" rel=\"noreferrer noopener\">Guia de boas pr\u00e1ticas discentes<br><\/a><a rel=\"noreferrer noopener\" href=\"https:\/\/www.ifbaiano.edu.br\/unidades\/urucuca\/files\/2025\/01\/ESTRATEGIAS-DE-APRENDIZAGEM-MAPA.pdf\" data-type=\"URL\" data-id=\"https:\/\/www.ifbaiano.edu.br\/unidades\/urucuca\/files\/2025\/01\/ESTRATEGIAS-DE-APRENDIZAGEM-MAPA.pdf\" target=\"_blank\">Estrat\u00e9gias de aprendizagem<\/a><br><a rel=\"noreferrer noopener\" href=\"https:\/\/www.ifbaiano.edu.br\/unidades\/urucuca\/files\/2025\/01\/MODELO-SUGESTAO-DE-PLANEJAMENTO-SEMANAL-DE-ESTUDOS.pptx\" data-type=\"URL\" data-id=\"https:\/\/www.ifbaiano.edu.br\/unidades\/urucuca\/files\/2025\/01\/MODELO-SUGESTAO-DE-PLANEJAMENTO-SEMANAL-DE-ESTUDOS.pptx\" target=\"_blank\">Modelo sugest\u00e3o de planejamento semanal de estudos<\/a><\/p>\n\n\n\n<p><\/p>\n\n\n\n<p><strong><strong><strong>Docente<\/strong><\/strong><\/strong><\/p>\n\n\n\n<p><a href=\"https:\/\/www.ifbaiano.edu.br\/unidades\/urucuca\/files\/2025\/07\/GUIA-DE-PRATICAS-DOCENTES-2.pdf\" data-type=\"URL\" data-id=\"https:\/\/www.ifbaiano.edu.br\/unidades\/urucuca\/files\/2025\/07\/GUIA-DE-PRATICAS-DOCENTES-2.pdf\" target=\"_blank\" rel=\"noreferrer noopener\">Guia de pr\u00e1ticas docentes<\/a><\/p>\n\n\n\n<p class=\"has-text-align-center has-white-color has-text-color has-background\" style=\"background-color:#118000\"><strong><strong>Outros documentos<\/strong><\/strong><\/p>\n\n\n\n<p><strong><a rel=\"noreferrer noopener\" href=\"https:\/\/www.ifbaiano.edu.br\/unidades\/urucuca\/files\/2024\/09\/Regulamento-das-Atribuicoes-do-NATEPE.pdf\" data-type=\"URL\" data-id=\"https:\/\/www.ifbaiano.edu.br\/unidades\/urucuca\/files\/2024\/09\/Regulamento-das-Atribuicoes-do-NATEPE.pdf\" target=\"_blank\">Regulamento<\/a><\/strong><br><a rel=\"noreferrer noopener\" href=\"https:\/\/www.ifbaiano.edu.br\/unidades\/urucuca\/files\/2025\/03\/Fluxo-de-Acompanhamento-do-Modulo-ETEP.pdf\" data-type=\"URL\" data-id=\"https:\/\/www.ifbaiano.edu.br\/unidades\/urucuca\/files\/2025\/03\/Fluxo-de-Acompanhamento-do-Modulo-ETEP.pdf\" target=\"_blank\">Fluxo de Acompanhamento do M\u00f3dulo ETEP<br><\/a><a rel=\"noreferrer noopener\" href=\"https:\/\/www.ifbaiano.edu.br\/unidades\/urucuca\/files\/2025\/01\/Organizacao-Didatica-dos-cursos-da-EPTNM.pdf\" data-type=\"URL\" data-id=\"https:\/\/www.ifbaiano.edu.br\/unidades\/urucuca\/files\/2025\/01\/Organizacao-Didatica-dos-cursos-da-EPTNM.pdf\" target=\"_blank\">Organiza\u00e7\u00e3o Did\u00e1tica dos cursos da EPTNM<\/a><br><a rel=\"noreferrer noopener\" href=\"https:\/\/www.ifbaiano.edu.br\/unidades\/urucuca\/files\/2025\/01\/Organizacao-Didatica-dos-cursos-superiores.pdf\" data-type=\"URL\" data-id=\"https:\/\/www.ifbaiano.edu.br\/unidades\/urucuca\/files\/2025\/01\/Organizacao-Didatica-dos-cursos-superiores.pdf\" target=\"_blank\">Organiza\u00e7\u00e3o Did\u00e1tica dos cursos superiores<\/a><\/p>\n\n\n\n<p><br><strong>A\u00e7\u00f5es Pedag\u00f3gicas<\/strong><\/p>\n\n\n\n<ul>\n<li><strong><a rel=\"noreferrer noopener\" href=\"https:\/\/www.ifbaiano.edu.br\/unidades\/urucuca\/files\/2022\/10\/Engenharia-de-alimentos-acoes-nutepe.pdf\" target=\"_blank\">2018 a 2022<\/a><\/strong><\/li>\n\n\n\n<li><strong>2025 <\/strong>&#8211; <a rel=\"noreferrer noopener\" href=\"https:\/\/www.canva.com\/design\/DAGzswlbu3w\/E1D7a9T8LskT-psKp1TQtA\/view?utm_content=DAGzswlbu3w&amp;utm_campaign=designshare&amp;utm_medium=link2&amp;utm_source=uniquelinks&amp;utlId=hef4229ab1c\" data-type=\"URL\" data-id=\"https:\/\/www.canva.com\/design\/DAGzswlbu3w\/E1D7a9T8LskT-psKp1TQtA\/view?utm_content=DAGzswlbu3w&amp;utm_campaign=designshare&amp;utm_medium=link2&amp;utm_source=uniquelinks&amp;utlId=hef4229ab1c\" target=\"_blank\">Na Batida do IF<\/a> &#8211; O projeto tem como finalidade promover a reflex\u00e3o cr\u00edtica sobre temas contempor\u00e2neos a partir da an\u00e1lise de letras de m\u00fasicas, abordando quest\u00f5es sociais, pol\u00edticas, culturais e ambientais que atravessam a realidade dos sujeitos. Fundamenta-se em uma perspectiva decolonial, reconhecendo a m\u00fasica como express\u00e3o leg\u00edtima de saberes, resist\u00eancias e narrativas historicamente marginalizadas, e estimulando a constru\u00e7\u00e3o coletiva do conhecimento.Dessa forma, o projeto fortalece o di\u00e1logo entre o Instituto Federal Baiano e a comunidade externa, contribuindo para a forma\u00e7\u00e3o cr\u00edtica de estudantes e educadores e promovendo pr\u00e1ticas educativas que valorizam a diversidade cultural e os saberes constru\u00eddos a partir da experi\u00eancia social.<\/li>\n<\/ul>\n","protected":false},"excerpt":{"rendered":"<p>O NATEPE \u00e9 respons\u00e1vel pela assessoria pedag\u00f3gica a docentes e gestores(as), pelo atendimento e pelo acompanhamento pedag\u00f3gico a discentes e pelo contato e pela orienta\u00e7\u00e3o a familiares ou a respons\u00e1veis por discentes, al\u00e9m de por outras demandas que envolvam o fazer pedag\u00f3gico nas \u00e1reas de ensino, de pesquisa e de extens\u00e3o em n\u00edvel local. Os [&hellip;]<\/p>\n","protected":false},"author":69,"featured_media":0,"parent":0,"menu_order":0,"comment_status":"closed","ping_status":"closed","template":"","meta":[],"_links":{"self":[{"href":"https:\/\/www.ifbaiano.edu.br\/unidades\/urucuca\/wp-json\/wp\/v2\/pages\/7522"}],"collection":[{"href":"https:\/\/www.ifbaiano.edu.br\/unidades\/urucuca\/wp-json\/wp\/v2\/pages"}],"about":[{"href":"https:\/\/www.ifbaiano.edu.br\/unidades\/urucuca\/wp-json\/wp\/v2\/types\/page"}],"author":[{"embeddable":true,"href":"https:\/\/www.ifbaiano.edu.br\/unidades\/urucuca\/wp-json\/wp\/v2\/users\/69"}],"replies":[{"embeddable":true,"href":"https:\/\/www.ifbaiano.edu.br\/unidades\/urucuca\/wp-json\/wp\/v2\/comments?post=7522"}],"version-history":[{"count":13,"href":"https:\/\/www.ifbaiano.edu.br\/unidades\/urucuca\/wp-json\/wp\/v2\/pages\/7522\/revisions"}],"predecessor-version":[{"id":13649,"href":"https:\/\/www.ifbaiano.edu.br\/unidades\/urucuca\/wp-json\/wp\/v2\/pages\/7522\/revisions\/13649"}],"wp:attachment":[{"href":"https:\/\/www.ifbaiano.edu.br\/unidades\/urucuca\/wp-json\/wp\/v2\/media?parent=7522"}],"curies":[{"name":"wp","href":"https:\/\/api.w.org\/{rel}","templated":true}]}}