{"id":7668,"date":"2022-11-04T17:52:43","date_gmt":"2022-11-04T20:52:43","guid":{"rendered":"https:\/\/www.ifbaiano.edu.br\/unidades\/urucuca\/?page_id=7668"},"modified":"2026-02-13T11:47:09","modified_gmt":"2026-02-13T14:47:09","slug":"rotinas-academicas","status":"publish","type":"page","link":"https:\/\/www.ifbaiano.edu.br\/unidades\/urucuca\/rotinas-academicas\/","title":{"rendered":"Rotinas Acad\u00eamicas"},"content":{"rendered":"\n<p><strong>Reservas de espa\u00e7os para utiliza\u00e7\u00e3o nos hor\u00e1rios de expediente<\/strong><strong><\/strong><\/p>\n\n\n\n<ol type=\"1\">\n<li>O servidor faz a solicita\u00e7\u00e3o com no m\u00ednimo 2 dias \u00fateis de anteced\u00eancia via SUAP (<a href=\"https:\/\/www.ifbaiano.edu.br\/unidades\/urucuca\/files\/2025\/01\/Passo-a-passo-para-reserva-de-espacos-no-SUAP.pdf\" data-type=\"URL\" data-id=\"https:\/\/www.ifbaiano.edu.br\/unidades\/urucuca\/files\/2025\/01\/Passo-a-passo-para-reserva-de-espacos-no-SUAP.pdf\" target=\"_blank\" rel=\"noreferrer noopener\">Passo a passo para a reserva de espa\u00e7os no SUAP<\/a>);<\/li>\n\n\n\n<li>O respons\u00e1vel pelo espa\u00e7o tem at\u00e9 1 dia \u00fatil para avaliar a solicita\u00e7\u00e3o;<\/li>\n\n\n\n<li>Em caso de indeferimento, o respons\u00e1vel pelo espa\u00e7o justificar\u00e1;<\/li>\n\n\n\n<li>As chaves s\u00f3 poder\u00e3o se entregues a discentes se os nomes estiverem expressos na solicita\u00e7\u00e3o;<\/li>\n\n\n\n<li>A utiliza\u00e7\u00e3o do espa\u00e7o s\u00f3 estar\u00e1 autorizada nos hor\u00e1rios de expediente.<\/li>\n<\/ol>\n\n\n\n<hr class=\"wp-block-separator has-text-color has-css-opacity has-background is-style-wide\" style=\"background-color:#dcdcdc;color:#dcdcdc\" \/>\n\n\n\n<p><strong>Reservas de espa\u00e7os para utiliza\u00e7\u00e3o fora do hor\u00e1rio de expediente<\/strong><\/p>\n\n\n\n<ol type=\"1\" start=\"1\">\n<li>O Servidor faz a solicita\u00e7\u00e3o do espa\u00e7o via SUAP com no m\u00ednimo 2 dias \u00fateis de anteced\u00eancia (<a href=\"https:\/\/www.ifbaiano.edu.br\/unidades\/urucuca\/files\/2025\/01\/Passo-a-passo-para-reserva-de-espacos-no-SUAP.pdf\" data-type=\"URL\" data-id=\"https:\/\/www.ifbaiano.edu.br\/unidades\/urucuca\/files\/2025\/01\/Passo-a-passo-para-reserva-de-espacos-no-SUAP.pdf\" target=\"_blank\" rel=\"noreferrer noopener\">Passo a passo para a reserva de espa\u00e7os no SUAP<\/a>);<\/li>\n\n\n\n<li>O respons\u00e1vel pelo setor defere\/indefere o pedido em at\u00e9 1 dia \u00fatil ap\u00f3s a solicita\u00e7\u00e3o;<\/li>\n\n\n\n<li>Caso seja indeferido \u00e9 necess\u00e1rio a justificativa;<\/li>\n\n\n\n<li>Em caso de deferimento o respons\u00e1vel pelo setor encaminha a reserva para o e-mail da portaria (<a href=\"mailto:portaria@urucuca.ifbaiano.edu.br\">portaria@urucuca.ifbaiano.edu.br<\/a>);<\/li>\n\n\n\n<li>O usu\u00e1rio retira e devolve as chaves na portaria;<\/li>\n\n\n\n<li>\u00c9 de responsabilidade do usu\u00e1rio relatar qualquer situa\u00e7\u00e3o fora da normalidade;<\/li>\n\n\n\n<li>Discentes s\u00f3 poder\u00e3o utilizar espa\u00e7os fora do hor\u00e1rio de expediente se estivem acompanhados por um servidor;<\/li>\n\n\n\n<li>Discentes n\u00e3o est\u00e3o autorizados a retirar e\/ou devolver chaves.<\/li>\n<\/ol>\n\n\n\n<hr class=\"wp-block-separator has-text-color has-css-opacity has-background is-style-wide\" style=\"background-color:#dcdcdc;color:#dcdcdc\" \/>\n\n\n\n<p><strong>Reservas para utiliza\u00e7\u00e3o do audit\u00f3rio<\/strong><\/p>\n\n\n\n<ol type=\"1\">\n<li>O servidor faz a solicita\u00e7\u00e3o com no m\u00ednimo 3 dias \u00fateis de anteced\u00eancia via SUAP (<a href=\"https:\/\/www.ifbaiano.edu.br\/unidades\/urucuca\/files\/2025\/01\/Passo-a-passo-para-reserva-de-espacos-no-SUAP.pdf\" data-type=\"URL\" data-id=\"https:\/\/www.ifbaiano.edu.br\/unidades\/urucuca\/files\/2025\/01\/Passo-a-passo-para-reserva-de-espacos-no-SUAP.pdf\" target=\"_blank\" rel=\"noreferrer noopener\">Passo a passo para a reserva de espa\u00e7os no SUAP<\/a>);<\/li>\n\n\n\n<li>O respons\u00e1vel pelo espa\u00e7o tem at\u00e9 1dia \u00fatil para avaliar a solicita\u00e7\u00e3o;<\/li>\n\n\n\n<li>Caso seja necess\u00e1rio apoio t\u00e9cnico ou equipamentos espec\u00edficos, essa informa\u00e7\u00e3o deve constar na solicita\u00e7\u00e3o via SUAP e\/ou e-mail enviado para <a href=\"mailto:ascom@urucuca.ifbaiano.edu.br\">ascom@urucuca.ifbaiano.edu.br<\/a>.<\/li>\n\n\n\n<li>Ap\u00f3s a confirma\u00e7\u00e3o da reserva, as chaves e o estojo com os controles dos ares condicionados e do data show devem ser retirados e devolvidos na sala da coordena\u00e7\u00e3o, no Integrado;<\/li>\n\n\n\n<li>Em caso de eventos realizados por estudantes, um servidor deve estar respons\u00e1vel pela reserva e pelos equipamentos utilizados no Audit\u00f3rio;<\/li>\n\n\n\n<li>Demais informa\u00e7\u00f5es podem ser consultadas nos procedimentos de comunica\u00e7\u00e3o, dispon\u00edvel no seguinte endere\u00e7o: <a href=\"https:\/\/www.ifbaiano.edu.br\/unidades\/urucuca\/files\/2024\/08\/Procedimentos-Nucleo-de-Comunicacao.pdf\">https:\/\/www.ifbaiano.edu.br\/unidades\/urucuca\/files\/2024\/08\/Procedimentos-Nucleo-de-Comunicacao.pdf<\/a><\/li>\n<\/ol>\n\n\n\n<hr class=\"wp-block-separator has-text-color has-css-opacity has-background is-style-wide\" style=\"background-color:#dcdcdc;color:#dcdcdc\" \/>\n\n\n\n<p><strong>Servi\u00e7os de Comunica\u00e7\u00e3o<\/strong><strong>&nbsp;<\/strong><\/p>\n\n\n\n<ol type=\"1\">\n<li>Qualquer servidor pode solicitar servi\u00e7os de comunica\u00e7\u00e3o;<\/li>\n\n\n\n<li>Os servi\u00e7os mais utilizados s\u00e3o:<\/li>\n<\/ol>\n\n\n\n<ul type=\"a\">\n<li>Solicita\u00e7\u00e3o de realiza\u00e7\u00e3o de fotos durante o evento;<\/li>\n\n\n\n<li><span style=\"color: initial\">Solicita\u00e7\u00e3o de confec\u00e7\u00e3o de pe\u00e7as digitais;<\/span><\/li>\n\n\n\n<li><span style=\"color: initial\">Solicita\u00e7\u00e3o de divulga\u00e7\u00e3o de eventos, aulas, visitas t\u00e9cnicas, etc. nas redes sociais e site;<\/span><\/li>\n\n\n\n<li>Solicita\u00e7\u00e3o de publica\u00e7\u00e3o de editais, resultados, notas informativas de concurso, dentre outros.<\/li>\n<\/ul>\n\n\n\n<ul>\n<li>As informa\u00e7\u00f5es para utiliza\u00e7\u00e3o desse servi\u00e7o podem ser consultadas no seguinte endere\u00e7o: <a href=\"https:\/\/www.ifbaiano.edu.br\/unidades\/urucuca\/files\/2024\/08\/Procedimentos-Nucleo-de-Comunicacao.pdf\">https:\/\/www.ifbaiano.edu.br\/unidades\/urucuca\/files\/2024\/08\/Procedimentos-Nucleo-de-Comunicacao.pdf<\/a><\/li>\n<\/ul>\n\n\n\n<hr class=\"wp-block-separator has-text-color has-css-opacity has-background is-style-wide\" style=\"background-color:#dcdcdc;color:#dcdcdc\" \/>\n\n\n\n<p><strong>Solicita\u00e7\u00e3o de aulas pr\u00e1ticas <\/strong><strong><\/strong><\/p>\n\n\n\n<ol type=\"1\">\n<li>O(A) docente faz a solicita\u00e7\u00e3o do espa\u00e7o via SUAP com no m\u00ednimo <strong>15 dias de anteced\u00eancia<\/strong> (<a href=\"https:\/\/www.ifbaiano.edu.br\/unidades\/urucuca\/files\/2025\/01\/Passo-a-passo-para-reserva-de-espacos-no-SUAP.pdf\" data-type=\"URL\" data-id=\"https:\/\/www.ifbaiano.edu.br\/unidades\/urucuca\/files\/2025\/01\/Passo-a-passo-para-reserva-de-espacos-no-SUAP.pdf\" target=\"_blank\" rel=\"noreferrer noopener\">Passo a passo para a reserva de espa\u00e7os no SUAP);<\/a><\/li>\n\n\n\n<li>Anexa o documento contendo os materiais e\/ou equipamentos e\/ou animais e\/ou procedimentos e\/ou apoio t\u00e9cnico (<a href=\"https:\/\/www.ifbaiano.edu.br\/unidades\/urucuca\/files\/2025\/07\/Ficha-de-agendamento.docx\" data-type=\"URL\" data-id=\"https:\/\/www.ifbaiano.edu.br\/unidades\/urucuca\/files\/2025\/07\/Ficha-de-agendamento.docx\" target=\"_blank\" rel=\"noreferrer noopener\">Ficha de agendamento<\/a>);<\/li>\n\n\n\n<li>O respons\u00e1vel pelo setor defere\/indefere o pedido em at\u00e9 <strong>3 dias \u00fateis<\/strong> ap\u00f3s a solicita\u00e7\u00e3o;<\/li>\n\n\n\n<li>Caso seja indeferido \u00e9 necess\u00e1rio a justificativa;<\/li>\n\n\n\n<li>Caso n\u00e3o haja necessidade de materiais, pode seguir o fluxo de reserva de espa\u00e7o;<\/li>\n\n\n\n<li>Os laborat\u00f3rios e\/ou espa\u00e7os de aulas pr\u00e1ticas das disciplinas j\u00e1 possuem seus hor\u00e1rios reservados. Necessitado solicitar quando houver a demanda por materiais e\/ou equipamentos e\/ou animais e\/ou procedimentos e\/ou apoio t\u00e9cnico.<\/li>\n<\/ol>\n\n\n\n<hr class=\"wp-block-separator has-text-color has-css-opacity has-background is-style-wide\" style=\"background-color:#dcdcdc;color:#dcdcdc\" \/>\n\n\n\n<p><strong>Solicita\u00e7\u00e3o de aulas pr\u00e1ticas que sabidamente necessite da aquisi\u00e7\u00e3o de materiais e\/ou abertura de novos espa\u00e7os<\/strong><\/p>\n\n\n\n<ol type=\"1\">\n<li>O(A) docente faz a solicita\u00e7\u00e3o do espa\u00e7o via SUAP com no m\u00ednimo <strong>30 dias de anteced\u00eancia<\/strong> (<a href=\"https:\/\/www.ifbaiano.edu.br\/unidades\/urucuca\/files\/2025\/01\/Passo-a-passo-para-reserva-de-espacos-no-SUAP.pdf\" data-type=\"attachment\" data-id=\"11235\" target=\"_blank\" rel=\"noreferrer noopener\">Passo a passo para a reserva de espa\u00e7os no SUAP<\/a>);<\/li>\n\n\n\n<li>Anexa o documento contendo os materiais e\/ou equipamentos e\/ou animais e\/ou procedimentos e\/ou apoio t\u00e9cnico (<a href=\"https:\/\/www.ifbaiano.edu.br\/unidades\/urucuca\/files\/2025\/07\/Ficha-de-agendamento.docx\" data-type=\"URL\" data-id=\"https:\/\/www.ifbaiano.edu.br\/unidades\/urucuca\/files\/2025\/07\/Ficha-de-agendamento.docx\" target=\"_blank\" rel=\"noreferrer noopener\">Ficha de agendamento<\/a>);<\/li>\n\n\n\n<li>O respons\u00e1vel pelo setor defere\/indefere o pedido em <strong>at\u00e9 5 dias \u00fateis<\/strong> ap\u00f3s a solicita\u00e7\u00e3o;<\/li>\n\n\n\n<li>Caso seja indeferido \u00e9 necess\u00e1rio a justificativa;<\/li>\n\n\n\n<li>Em caso de solicita\u00e7\u00f5es de abertura de novos espa\u00e7os (<strong>estrutura f\u00edsica<\/strong>), o respons\u00e1vel pela avalia\u00e7\u00e3o encaminhar\u00e1 a solicita\u00e7\u00e3o para o Gabinete do Diretor Geral e a Presidente da Comiss\u00e3o de Infraestrutura;<\/li>\n\n\n\n<li>Os laborat\u00f3rios e\/ou espa\u00e7os de aulas pr\u00e1ticas das disciplinas j\u00e1 possuem seus hor\u00e1rios reservados. Necessitado solicitar quando houver a demanda por materiais e\/ou equipamentos e\/ou animais e\/ou procedimentos e\/ou apoio t\u00e9cnico.<\/li>\n<\/ol>\n\n\n\n<hr class=\"wp-block-separator has-text-color has-css-opacity has-background is-style-wide\" style=\"background-color:#dcdcdc;color:#dcdcdc\" \/>\n\n\n\n<p><strong>Solicita\u00e7\u00e3o de c\u00f3pias&nbsp;<\/strong><\/p>\n\n\n\n<ol type=\"1\">\n<li>O docente encaminha um e-mail para <a href=\"mailto:copias@urucuca.ifbaiano.edu.br\">copias@urucuca.ifbaiano.edu.br<\/a> com no m\u00ednimo 2 dias \u00fateis de anteced\u00eancia;<\/li>\n\n\n\n<li>Indica o local de retirada: CTA ou integrado<\/li>\n\n\n\n<li>As c\u00f3pias devem ser retiras respeitando o prazo de 2 dias \u00fateis;<\/li>\n\n\n\n<li>Caso as c\u00f3pias fiquem prontas antes, o servidor avisar\u00e1 ao docente para efetuar a retirada;<\/li>\n\n\n\n<li>As c\u00f3pias realizadas em outros locais continuam seguindo a rotina j\u00e1 estabelecida;<\/li>\n\n\n\n<li>O servi\u00e7o pode ser utilizado por docentes de todos os cursos.<\/li>\n<\/ol>\n\n\n\n<hr class=\"wp-block-separator has-text-color has-css-opacity has-background is-style-wide\" style=\"background-color:#dcdcdc;color:#dcdcdc\" \/>\n\n\n\n<p><strong>Orienta\u00e7\u00f5es para a elabora\u00e7\u00e3o dos Planos de Ensino<\/strong><\/p>\n\n\n\n<ol type=\"1\" start=\"1\">\n<li>Verificar os prazos para a entrega dos planos de ensino nos calend\u00e1rios acad\u00eamicos das respectivas modalidades;<\/li>\n\n\n\n<li>Sugest\u00f5es pedag\u00f3gicas para elabora\u00e7\u00e3o do plano pode ser encontradas no site do NATEPE: <a href=\"https:\/\/www.ifbaiano.edu.br\/unidades\/urucuca\/nutepe-nucleo-tecnico-pedagogico\/\">https:\/\/www.ifbaiano.edu.br\/unidades\/urucuca\/nutepe-nucleo-tecnico-pedagogico\/<\/a><\/li>\n\n\n\n<li>Criar o&nbsp; documento no SUAP (<a href=\"https:\/\/www.ifbaiano.edu.br\/unidades\/urucuca\/files\/2025\/02\/Fluxo-plano-de-ensino-no-SUAP.pdf\" data-type=\"URL\" data-id=\"https:\/\/www.ifbaiano.edu.br\/unidades\/urucuca\/files\/2025\/02\/Fluxo-plano-de-ensino-no-SUAP.pdf\" target=\"_blank\" rel=\"noreferrer noopener\">Fluxo do plano de ensino no SUAP<\/a>);<\/li>\n\n\n\n<li>Verificar o(a) revisor(a) respons\u00e1vel no site do NATEPE;<\/li>\n\n\n\n<li>&nbsp;Solicitar a revis\u00e3o do(a) servidor(a) do NATEPE;<\/li>\n\n\n\n<li>&nbsp;O(A) revisor(a) tem at\u00e9 5 dias \u00fateis para analisar o documento;<\/li>\n\n\n\n<li>Ap\u00f3s an\u00e1lise da revis\u00e3o e poss\u00edveis edi\u00e7\u00f5es, concluir o documento;<\/li>\n\n\n\n<li>&nbsp;Assinar o documento;<\/li>\n\n\n\n<li>Solicitar as assinaturas do(a) revisor(a) e da Dire\u00e7\u00e3o&nbsp; Acad\u00eamica;<\/li>\n\n\n\n<li>&nbsp;As solicita\u00e7\u00f5es de assinatura devem ser atendidas em at\u00e9 2 dias \u00fateis;<\/li>\n\n\n\n<li>Anexar o plano de ensino ao processo de juntada aberto pela coordena\u00e7\u00e3o do curso;<\/li>\n\n\n\n<li>Disponibilizar o plano de ensino na aba <strong>materiais de aulas<\/strong> nos respectivos di\u00e1rios.<\/li>\n<\/ol>\n\n\n\n<hr class=\"wp-block-separator has-text-color has-css-opacity has-background is-style-wide\" style=\"background-color:#dcdcdc;color:#dcdcdc\" \/>\n\n\n\n<p><strong>Viagem t\u00e9cnica<\/strong><\/p>\n\n\n\n<ol>\n<li>O(A) docente faz a solicita\u00e7\u00e3o via SIGA, com no m\u00ednimo 15 dias de anteced\u00eancia (Conforme o <a href=\"https:\/\/www.ifbaiano.edu.br\/unidades\/urucuca\/files\/2023\/02\/PASSO-A-PASSO-PARA-SOLICITACAO-DE-VEICULOS-OFICIAIS-PELO-SIGA-1.pdf\" data-type=\"URL\" data-id=\"https:\/\/www.ifbaiano.edu.br\/unidades\/urucuca\/files\/2023\/02\/PASSO-A-PASSO-PARA-SOLICITACAO-DE-VEICULOS-OFICIAIS-PELO-SIGA-1.pdf\" target=\"_blank\" rel=\"noreferrer noopener\">passo a passo<\/a> dispon\u00edvel no site);<\/li>\n\n\n\n<li>Coloca a DA com respons\u00e1vel;<\/li>\n\n\n\n<li>A DA tem 3 dias \u00fateis para avaliar a solicita\u00e7\u00e3o;<\/li>\n\n\n\n<li>Se a viagem for deferida e haja necessidade de alimenta\u00e7\u00e3o, encaminha um e-mail para <a href=\"mailto:cae@urucuca.ifbaiano.ebu.br\">cae@urucuca.ifbaiano.ebu.br<\/a>;<\/li>\n\n\n\n<li>Se a viagem envolver a utiliza\u00e7\u00e3o de hor\u00e1rios de outros professores, o docente solicitante tem a responsabilidade de ajustar a libera\u00e7\u00e3o dos alunos;<\/li>\n\n\n\n<li>Se a viagem envolver alunos menores de idade, pedir que os alunos entreguem a autoriza\u00e7\u00e3o dos respons\u00e1veis conforme modelo (<a rel=\"noreferrer noopener\" href=\"https:\/\/www.ifbaiano.edu.br\/unidades\/urucuca\/files\/2025\/10\/Termo-de-Autorizacao-de-Viagem-Tecnica.pdf\" data-type=\"URL\" data-id=\"https:\/\/www.ifbaiano.edu.br\/unidades\/urucuca\/files\/2025\/10\/Termo-de-Autorizacao-de-Viagem-Tecnica.pdf\" target=\"_blank\">Termo de Autoriza\u00e7\u00e3o para Visita T\u00e9cnica<\/a>);<\/li>\n\n\n\n<li>Caso a viagem seja autorizada, divulgar aos docentes do curso para poss\u00edveis alinhamentos pedag\u00f3gicos;<\/li>\n\n\n\n<li>Ap\u00f3s a viagem, encaminhar o relat\u00f3rio conforme o modelo dispon\u00edvel no site.<\/li>\n<\/ol>\n\n\n\n<hr class=\"wp-block-separator has-text-color has-css-opacity has-background is-style-wide\" style=\"background-color:#dcdcdc;color:#dcdcdc\" \/>\n\n\n\n<p><strong>Solicita\u00e7\u00e3o de alimenta\u00e7\u00e3o para atividades que envolva os alunos<\/strong><\/p>\n\n\n\n<ol>\n<li>O(A) servidor(a) encaminha um e-mail para <a href=\"mailto:cae@urucuca.ifbaiano.ebu.br\">cae@urucuca.ifbaiano.ebu.br<\/a>, informando a data, hor\u00e1rio, espa\u00e7o, motivo e quantitativo de alunos envolvidos, com no m\u00ednimo 15 dias de anteced\u00eancia;<\/li>\n\n\n\n<li>A CAE responder\u00e1 o e-mail em at\u00e9 3 dias \u00fateis deferindo ou n\u00e3o o pedido, bem como a justificativa para o caso de indeferimento.<\/li>\n\n\n\n<li>Em caso de cancelamento da atividade, favor comunicar o mais breve poss\u00edvel para o mesmo e-mail.<\/li>\n<\/ol>\n\n\n\n<hr class=\"wp-block-separator has-text-color has-css-opacity has-background is-style-wide\" style=\"background-color:#dcdcdc;color:#dcdcdc\" \/>\n\n\n\n<p><strong>Solicita\u00e7\u00e3o de produtos produzidos no Campus<\/strong><\/p>\n\n\n\n<ol>\n<li>Encaminhar um e-mail para a CUEC ( <a href=\"mailto:cuec@urucuca.ifbaiano.edu.br\">cuec@urucuca.ifbaiano.edu.br<\/a>) com no m\u00ednimo 15 dias de anteced\u00eancia;<\/li>\n\n\n\n<li>No corpo do e-mail sinalizar a finalidade, o quantitativo e data de retirada;<\/li>\n\n\n\n<li>A CUEC tem at\u00e9 3 dias \u00fateis para responder o e-mail;<\/li>\n\n\n\n<li>Caso a solicita\u00e7\u00e3o seja indeferida, ser\u00e1 necess\u00e1ria uma justificativa.<\/li>\n<\/ol>\n\n\n\n<hr class=\"wp-block-separator has-text-color has-css-opacity has-background is-style-wide\" style=\"background-color:#dcdcdc;color:#dcdcdc\" \/>\n\n\n\n<p><strong>Organiza\u00e7\u00e3o\/Realiza\u00e7\u00e3o de um evento<\/strong><\/p>\n\n\n\n<ol>\n<li>Verificar o calend\u00e1rio de eventos do <em>Campus <\/em>para avaliar datas\/hor\u00e1rios que permitam uma maior participa\u00e7\u00e3o do p\u00fablico-alvo (<a rel=\"noreferrer noopener\" href=\"https:\/\/www.ifbaiano.edu.br\/unidades\/urucuca\/files\/2022\/11\/Modulo-eventos-no-SUAP.pdf\" data-type=\"URL\" data-id=\"https:\/\/www.ifbaiano.edu.br\/unidades\/urucuca\/files\/2022\/11\/Modulo-eventos-no-SUAP.pdf\" target=\"_blank\">Passo a passo<\/a>);<\/li>\n\n\n\n<li>Encaminhar um e-mail para <a href=\"mailto:ascom@urucuca.ifbaiano.edu.br\">ascom@urucuca.ifbaiano.edu.br<\/a> para verificar se n\u00e3o existe um outro evento para essa data. A ASCOM tem at\u00e9 3 dias \u00fateis para responder;<\/li>\n\n\n\n<li>Reservar o local onde o evento ser\u00e1 realizado( SUAP);<\/li>\n\n\n\n<li>Realizar as outras reservas\/solicita\u00e7\u00f5es (carro, materiais, dentre outros);<\/li>\n\n\n\n<li>Cadastrar o evento utilizando o m\u00f3dulo \u201cevento\u201d no SUAP(Passo a passo anexo ao e-mail);<\/li>\n\n\n\n<li>Ap\u00f3s confirmar a viabilidade para a realiza\u00e7\u00e3o do evento, encaminhar todas as informa\u00e7\u00f5es para <a href=\"mailto:ascom@urucuca.ifbaiano.edu.br\">ascom@urucuca.ifbaiano.edu.br<\/a> para a confec\u00e7\u00e3o das m\u00eddias de divulga\u00e7\u00e3o;<\/li>\n\n\n\n<li>Prazo para iniciar os passos definidos: At\u00e9 90 dias antes da realiza\u00e7\u00e3o do evento.<\/li>\n<\/ol>\n\n\n\n<hr class=\"wp-block-separator aligncenter has-text-color has-cyan-bluish-gray-color has-alpha-channel-opacity has-cyan-bluish-gray-background-color has-background is-style-wide\" \/>\n\n\n\n<p><strong>Orienta\u00e7\u00f5es para a elabora\u00e7\u00e3o dos PIT&#8217;s e RIT&#8217;s<\/strong><\/p>\n\n\n\n<ol type=\"1\">\n<li>O Docente preenche os documentos no SUAP (<a href=\"https:\/\/www.ifbaiano.edu.br\/unidades\/urucuca\/files\/2026\/02\/Fluxo-PIT-2026.1-e-RIT-2025.2.pdf\" data-type=\"URL\" data-id=\"https:\/\/www.ifbaiano.edu.br\/unidades\/urucuca\/files\/2026\/02\/Fluxo-PIT-2026.1-e-RIT-2025.2.pdf\" target=\"_blank\" rel=\"noreferrer noopener\">Fluxo PIT e RIT<\/a>);<\/li>\n\n\n\n<li>&nbsp;O Docente encaminha para revis\u00e3o da DA;<\/li>\n\n\n\n<li>A DA faz a revis\u00e3o, indica os ajuste(se for o caso) e as assinaturas que s\u00e3o necess\u00e1rias(DA, CE, Pesquisa e\/ou extens\u00e3o);<\/li>\n\n\n\n<li>O Docente revisa o documento, assina e solicita as assinaturas indicadas na revis\u00e3o da DA;<\/li>\n\n\n\n<li>Ap\u00f3s finalizado, o docente faz a juntada no processo que ser\u00e1 aberto pela DA.<\/li>\n<\/ol>\n\n\n\n<p>Acesse aqui a <a href=\"https:\/\/www.ifbaiano.edu.br\/unidades\/urucuca\/files\/2025\/02\/Regulamentacao-da-Atvidade-Docente-RAD.pdf\" data-type=\"URL\" data-id=\"https:\/\/www.ifbaiano.edu.br\/unidades\/urucuca\/files\/2025\/02\/Regulamentacao-da-Atvidade-Docente-RAD.pdf\" target=\"_blank\" rel=\"noreferrer noopener\">Regulamenta\u00e7\u00e3o da Atividade Docente &#8211; RAD<\/a><\/p>\n\n\n\n<hr class=\"wp-block-separator aligncenter has-text-color has-cyan-bluish-gray-color has-alpha-channel-opacity has-cyan-bluish-gray-background-color has-background is-style-wide\" \/>\n\n\n\n<p><strong>SUAP &#8211; M\u00f3dulo ETEP<\/strong><\/p>\n\n\n\n<p>O M\u00f3dulo da Equipe T\u00e9cnico Pedag\u00f3gica (ETEP) \u00e9 uma ferramenta do SUAP de gerenciamento de atendimentos aos(as) discentes que possibilita a comunica\u00e7\u00e3o integrada entre os setores, a agilidade no repasse das informa\u00e7\u00f5es e o aprimoramento na consolida\u00e7\u00e3o dos dados sobre os atendimentos realizados.<\/p>\n\n\n\n<p><a href=\"https:\/\/www.ifbaiano.edu.br\/unidades\/urucuca\/files\/2025\/01\/SUAP-Modulo-ETEP.pdf\" data-type=\"URL\" data-id=\"https:\/\/www.ifbaiano.edu.br\/unidades\/urucuca\/files\/2025\/01\/SUAP-Modulo-ETEP.pdf\" target=\"_blank\" rel=\"noreferrer noopener\">Anexo &#8211; Tutorial M\u00f3dulo &#8220;ETEP&#8221;<\/a><\/p>\n\n\n\n<hr class=\"wp-block-separator aligncenter has-text-color has-cyan-bluish-gray-color has-alpha-channel-opacity has-cyan-bluish-gray-background-color has-background is-style-wide\" \/>\n\n\n\n<p><strong>SUAP &#8211; M\u00f3dulo &#8220;Meus Di\u00e1rios&#8221;<\/strong><\/p>\n\n\n\n<p>Os&nbsp;di\u00e1rios no SUAP possuem um conjunto de abas&nbsp;e ferramentas,&nbsp;as quais oportunizam&nbsp;a realiza\u00e7\u00e3o dos&nbsp;registros&nbsp;acad\u00eamicos&nbsp;de forma integrada.&nbsp;Tais registros t\u00eam um importante papel no processo&nbsp;de acompanhamento das turmas e dos discentes.&nbsp;<\/p>\n\n\n\n<p><a href=\"https:\/\/www.ifbaiano.edu.br\/unidades\/urucuca\/files\/2025\/01\/SUAP-Modulo-Meus-Diarios.pdf\" data-type=\"URL\" data-id=\"https:\/\/www.ifbaiano.edu.br\/unidades\/urucuca\/files\/2025\/01\/SUAP-Modulo-Meus-Diarios.pdf\" target=\"_blank\" rel=\"noreferrer noopener\">Anexo &#8211; Tutorial M\u00f3dulo &#8220;Meus Di\u00e1rios&#8221;<\/a><\/p>\n\n\n\n<hr class=\"wp-block-separator has-text-color has-cyan-bluish-gray-color has-alpha-channel-opacity has-cyan-bluish-gray-background-color has-background\" \/>\n\n\n\n<p><strong>SUAP &#8211; M\u00f3dulo &#8220;Comunicador&#8221;<\/strong><\/p>\n\n\n\n<p>O&nbsp;\u201c<strong>Comunicador<\/strong>\u201d do SUAP \u00e9&nbsp;uma ferramenta de envio de mensagem aos(\u00e0s) discentes. A mensagem&nbsp;\u00e9&nbsp;enviada para o e-mail e\/ou SUAP,&nbsp;podendo ser endere\u00e7ada&nbsp;individualmente&nbsp;ou&nbsp;para v\u00e1rios estudantes ao mesmo tempo.<\/p>\n\n\n\n<p><a rel=\"noreferrer noopener\" href=\"https:\/\/www.ifbaiano.edu.br\/unidades\/urucuca\/files\/2025\/01\/SUAP-Modulo-Comunicador.pdf\" data-type=\"URL\" data-id=\"https:\/\/www.ifbaiano.edu.br\/unidades\/urucuca\/files\/2025\/01\/SUAP-Modulo-Comunicador.pdf\" target=\"_blank\">Anexo &#8211; Tutorial M\u00f3dulo &#8220;Comunicador&#8221;<\/a><\/p>\n\n\n\n<hr class=\"wp-block-separator has-text-color has-cyan-bluish-gray-color has-alpha-channel-opacity has-cyan-bluish-gray-background-color has-background\" \/>\n\n\n\n<p><strong>SUAP &#8211; M\u00f3dulo &#8220;Materiais de Aula&#8221;<\/strong><\/p>\n\n\n\n<p>O M\u00f3dulo \u201cMateriais de Aula\u201d \u00e9 uma ferramenta utilizada para armazenar materiais de aula (arquivos digitais e links) e disponibiliz\u00e1-los aos discentes.<\/p>\n\n\n\n<p><a href=\"https:\/\/www.ifbaiano.edu.br\/unidades\/urucuca\/files\/2025\/01\/SUAP-Modulo-Materiais-de-Aula.pdf\" data-type=\"URL\" data-id=\"https:\/\/www.ifbaiano.edu.br\/unidades\/urucuca\/files\/2025\/01\/SUAP-Modulo-Materiais-de-Aula.pdf\" target=\"_blank\" rel=\"noreferrer noopener\">Anexo &#8211; Tutorial M\u00f3dulo &#8220;Materiais de Aula&#8221;<\/a><\/p>\n\n\n\n<hr class=\"wp-block-separator has-text-color has-cyan-bluish-gray-color has-alpha-channel-opacity has-cyan-bluish-gray-background-color has-background\" \/>\n\n\n\n<p><strong>Fluxo para cadastro de usu\u00e1rios externos no SUAP<\/strong><\/p>\n\n\n\n<p>1- O solicitante encaminha um e-mail para o gabinete do Campus Uru\u00e7uca (gabinete@urucuca.ifbaiano.edu.br) <br>2- Assunto: Cadastro de usu\u00e1rio externo no SUAP <br>3- No corpo do email apresentar as seguintes informa\u00e7\u00f5es do usu\u00e1rio externo: <br>a. Nome completo; b. RG; c. CPF;  d. E-mail; e. Institui\u00e7\u00e3o de v\u00ednculo<br>4- Anexar os seguintes documentos: a. C\u00f3pia do RG; b. C\u00f3pia do CPF; c. C\u00f3pia do comprovante do v\u00ednculo institucional (Declara\u00e7\u00e3o e\/ou contracheque e\/ou outros documentos) <br>5- O gabinete tem 5 dias \u00fateis para realizar o procedimento<\/p>\n\n\n\n<p><a href=\"https:\/\/www.ifbaiano.edu.br\/unidades\/urucuca\/files\/2024\/08\/Fluxo-para-cadastro-de-usuarios-externos-no-SUAP.pdf\" data-type=\"URL\" data-id=\"https:\/\/www.ifbaiano.edu.br\/unidades\/urucuca\/files\/2024\/08\/Fluxo-para-cadastro-de-usuarios-externos-no-SUAP.pdf\" target=\"_blank\" rel=\"noreferrer noopener\">Cadastro de usu\u00e1rios externos no SUAP<\/a><\/p>\n\n\n\n<hr class=\"wp-block-separator has-text-color has-cyan-bluish-gray-color has-alpha-channel-opacity has-cyan-bluish-gray-background-color has-background\" \/>\n\n\n\n<p><strong>Marcadores e Apagadores para quadro branco<\/strong><br><\/p>\n\n\n\n<p>Os marcadores e apagadores para quadro branco utilizados no IF Baiano Campus Uru\u00e7uca possuem componentes substitu\u00edveis (tinta, ponta e feltro). Instru\u00e7\u00f5es e din\u00e2micas de utiliza\u00e7\u00e3o podem ser acessadas atrav\u00e9s do tutorial (<a rel=\"noreferrer noopener\" href=\"https:\/\/www.ifbaiano.edu.br\/unidades\/urucuca\/files\/2025\/10\/KIT-MARCADORES-E-APAGADORES.pdf\" data-type=\"URL\" data-id=\"https:\/\/www.ifbaiano.edu.br\/unidades\/urucuca\/files\/2025\/10\/KIT-MARCADORES-E-APAGADORES.pdf\" target=\"_blank\">KIT MARCADORES E APAGADORES<\/a>)<\/p>\n","protected":false},"excerpt":{"rendered":"<p>Reservas de espa\u00e7os para utiliza\u00e7\u00e3o nos hor\u00e1rios de expediente Reservas de espa\u00e7os para utiliza\u00e7\u00e3o fora do hor\u00e1rio de expediente Reservas para utiliza\u00e7\u00e3o do audit\u00f3rio Servi\u00e7os de Comunica\u00e7\u00e3o&nbsp; Solicita\u00e7\u00e3o de aulas pr\u00e1ticas Solicita\u00e7\u00e3o de aulas pr\u00e1ticas que sabidamente necessite da aquisi\u00e7\u00e3o de materiais e\/ou abertura de novos espa\u00e7os Solicita\u00e7\u00e3o de c\u00f3pias&nbsp; Orienta\u00e7\u00f5es para a elabora\u00e7\u00e3o dos [&hellip;]<\/p>\n","protected":false},"author":74,"featured_media":0,"parent":0,"menu_order":0,"comment_status":"closed","ping_status":"closed","template":"","meta":[],"_links":{"self":[{"href":"https:\/\/www.ifbaiano.edu.br\/unidades\/urucuca\/wp-json\/wp\/v2\/pages\/7668"}],"collection":[{"href":"https:\/\/www.ifbaiano.edu.br\/unidades\/urucuca\/wp-json\/wp\/v2\/pages"}],"about":[{"href":"https:\/\/www.ifbaiano.edu.br\/unidades\/urucuca\/wp-json\/wp\/v2\/types\/page"}],"author":[{"embeddable":true,"href":"https:\/\/www.ifbaiano.edu.br\/unidades\/urucuca\/wp-json\/wp\/v2\/users\/74"}],"replies":[{"embeddable":true,"href":"https:\/\/www.ifbaiano.edu.br\/unidades\/urucuca\/wp-json\/wp\/v2\/comments?post=7668"}],"version-history":[{"count":25,"href":"https:\/\/www.ifbaiano.edu.br\/unidades\/urucuca\/wp-json\/wp\/v2\/pages\/7668\/revisions"}],"predecessor-version":[{"id":13652,"href":"https:\/\/www.ifbaiano.edu.br\/unidades\/urucuca\/wp-json\/wp\/v2\/pages\/7668\/revisions\/13652"}],"wp:attachment":[{"href":"https:\/\/www.ifbaiano.edu.br\/unidades\/urucuca\/wp-json\/wp\/v2\/media?parent=7668"}],"curies":[{"name":"wp","href":"https:\/\/api.w.org\/{rel}","templated":true}]}}