{"id":8964,"date":"2023-10-04T19:15:28","date_gmt":"2023-10-04T22:15:28","guid":{"rendered":"https:\/\/www.ifbaiano.edu.br\/unidades\/urucuca\/?page_id=8964"},"modified":"2024-01-23T14:48:22","modified_gmt":"2024-01-23T17:48:22","slug":"processo-seletivo-2024-integrado","status":"publish","type":"page","link":"https:\/\/www.ifbaiano.edu.br\/unidades\/urucuca\/processo-seletivo-2024-integrado\/","title":{"rendered":"PROCESSO SELETIVO 2024 &#8211; INTEGRADO"},"content":{"rendered":"\n<p><br><strong><a rel=\"noreferrer noopener\" href=\"https:\/\/www.ifbaiano.edu.br\/unidades\/urucuca\/files\/2024\/01\/Lista-de-aprovados-na-III-Chamada-Cursos-Tecnicos-Integrados-ao-Ensino-MedioEdital-No-16-de-04-de-outubro-de-2023.pdf\" target=\"_blank\">TERCEIRA CHAMADA PARA  MATR\u00cdCULA<\/a><\/strong><br><a rel=\"noreferrer noopener\" href=\"https:\/\/www.ifbaiano.edu.br\/unidades\/urucuca\/files\/2024\/01\/III-Chamada-Edital-de-Matricula-Cursos-Tecnicos-Integrados-ao-Ensino-MedioEdital-No-16-de-04-de-outubro-de-2023-1.pdf\" target=\"_blank\"><strong>EDITAL DE MATR\u00cdCULA PARA A TERCEIRA CHAMADA<\/strong><\/a><br><a rel=\"noreferrer noopener\" href=\"https:\/\/www.ifbaiano.edu.br\/unidades\/urucuca\/files\/2024\/01\/Lista-de-aprovados-na-II-Chamada-Cursos-Tecnicos-Integrados-ao-Ensino-MedioEdital-No-16-de-04-de-outubro-de-2023.pdf\" target=\"_blank\"><strong>LISTA DE APROVADOS PARA SEGUNDA CHAMADA DE MATR\u00cdCULA<\/strong><\/a><br><a rel=\"noreferrer noopener\" href=\"https:\/\/www.ifbaiano.edu.br\/unidades\/urucuca\/files\/2023\/12\/Edital-de-Matricula-Cursos-Tecnicos-Integrados-ao-Ensino-MedioEdital-No-16-de-04-de-outubro-de-2023.pdf\" target=\"_blank\">EDITAL DE MATR\u00cdCULA<br><\/a><a rel=\"noreferrer noopener\" href=\"https:\/\/www.ifbaiano.edu.br\/unidades\/urucuca\/files\/2023\/12\/Edital-No-16-de-04-de-outubro-de-2023-Resultado-Final.pdf\" target=\"_blank\">RESULTADO FINAL<\/a><br><strong><a rel=\"noreferrer noopener\" href=\"https:\/\/www.ifbaiano.edu.br\/unidades\/urucuca\/files\/2023\/12\/Edital-de-Matricula-Cursos-Tecnicos-Integrados-ao-Ensino-MedioEdital-No-16-de-04-de-outubro-de-2023.pdf\" target=\"_blank\">EDITAL DE MATR\u00cdCULA<br><\/a><\/strong><a rel=\"noreferrer noopener\" href=\"https:\/\/www.ifbaiano.edu.br\/unidades\/urucuca\/files\/2023\/12\/Edital-No-16-de-04-de-outubro-de-2023-Resultado-Final.pdf\" target=\"_blank\"><strong>RESULTADO FINAL<br><\/strong><\/a><a rel=\"noreferrer noopener\" href=\"https:\/\/www.ifbaiano.edu.br\/unidades\/urucuca\/files\/2023\/12\/Edital-No-16-de-04-de-outubro-de-2023-Resultado-parcial-da-banca-de-heteroidentificacao-etnico-racial.pdf\" target=\"_blank\">Resultado parcial da banca de heteroidentifica\u00e7\u00e3o \u00e9tnico- racial<\/a> &#8211; INTEGRADO<br><a rel=\"noreferrer noopener\" href=\"https:\/\/www.ifbaiano.edu.br\/unidades\/urucuca\/files\/2023\/11\/Edital-No-16-de-04-de-outubro-de-2023-Convocacao-dosas-candidatosas-para-a-banca-de-heteroidentificacao-etnico-racial.pdf\" target=\"_blank\">Convoca\u00e7\u00e3o dos(as) candidatos(as) para a banca de heteroidentifica\u00e7\u00e3o \u00e9tnico- racial<\/a><br><a rel=\"noreferrer noopener\" href=\"https:\/\/www.ifbaiano.edu.br\/unidades\/urucuca\/files\/2023\/11\/Curriculo-dosas-membrosas-da-banca-de-heteroidentificacao.pdf\" target=\"_blank\">Curr\u00edculo dos(as) membros(as) da banca de heteroidentifica\u00e7\u00e3o<\/a><br><a rel=\"noreferrer noopener\" href=\"https:\/\/www.ifbaiano.edu.br\/unidades\/urucuca\/files\/2023\/11\/Edital-No-16-de-04-de-outubro-de-2023-Divulgacao-do-resultado-final-da-analise-do-historico-escolar.pdf\" target=\"_blank\">RESULTADO FINAL DA AN\u00c1LISE DO HIST\u00d3RICO ESCOLAR<\/a><br><strong><a rel=\"noreferrer noopener\" href=\"https:\/\/www.ifbaiano.edu.br\/unidades\/urucuca\/files\/2023\/11\/Edital-No-16-de-04-de-outubro-de-2023-Divulgacao-do-resultado-preliminar-da-analise-do-historico-escolar.pdf\" data-type=\"URL\" data-id=\"https:\/\/www.ifbaiano.edu.br\/unidades\/urucuca\/files\/2023\/11\/Edital-No-16-de-04-de-outubro-de-2023-Divulgacao-do-resultado-preliminar-da-analise-do-historico-escolar.pdf\" target=\"_blank\">RESULTADO PRELIMINAR DA AN\u00c1LISE DO HIST\u00d3RICO ESCOLAR<\/a><\/strong><br><strong><a rel=\"noreferrer noopener\" href=\"https:\/\/www.ifbaiano.edu.br\/unidades\/urucuca\/files\/2023\/11\/Edital-No-16-de-04-de-outubro-de-2023-Lista-final-das-inscricoes-homologadas.pdf\" target=\"_blank\">LISTA FINAL DE INSCRI\u00c7\u00d5ES CONFIRMADAS<\/a><\/strong><br><strong><a rel=\"noreferrer noopener\" href=\"https:\/\/www.ifbaiano.edu.br\/unidades\/urucuca\/files\/2023\/11\/Edital-No-16-de-04-de-outubro-de-2023-Lista-preliminar-de-inscricoes-homologadas.pdf\" target=\"_blank\">INTEGRADO \u2013 LISTA PRELIMINAR DE INSCRI\u00c7\u00d5ES HOMOLOGADAS<\/a><\/strong><br><a rel=\"noreferrer noopener\" href=\"https:\/\/www.ifbaiano.edu.br\/unidades\/urucuca\/files\/2023\/11\/Retificacao-01-Edital-No-16-de-04-de-outubro-de-2023-INTEGRADO.pdf\" target=\"_blank\"><strong>INTEGRADO \u2013 RETIFICA\u00c7\u00c3O DO EDITAL \u2013 INSCRI\u00c7\u00d5ES PRORROGADAS<\/strong><\/a><br><a rel=\"noreferrer noopener\" href=\"https:\/\/www.ifbaiano.edu.br\/unidades\/urucuca\/files\/2023\/10\/Edital-No-16-de-04-de-outubro-de-2023-INTEGRADO.pdf\" target=\"_blank\"><strong>INTEGRADO <\/strong>&#8211; Edital 16\/2023 &#8211; Ingresso de Estudantes 2024<\/a><br><a rel=\"noreferrer noopener\" href=\"https:\/\/www.ifbaiano.edu.br\/unidades\/urucuca\/files\/2023\/10\/URUCUCA-Cartilha-PROSEL-2023-1.pdf\" data-type=\"URL\" data-id=\"https:\/\/www.ifbaiano.edu.br\/unidades\/urucuca\/files\/2023\/10\/URUCUCA-Cartilha-PROSEL-2023-1.pdf\" target=\"_blank\">Cartilha explicativa<\/a><\/p>\n\n\n\n<p><a rel=\"noreferrer noopener\" href=\"https:\/\/www.ifbaiano.edu.br\/unidades\/urucuca\/files\/2023\/10\/ANEXO-II-CONSOLIDACAO-DE-RENDA-FAMILIAR.pdf\" target=\"_blank\">ANEXO II &#8211; CONSOLIDA\u00c7\u00c3O DE RENDA FAMILIAR<\/a><br><a rel=\"noreferrer noopener\" href=\"https:\/\/www.ifbaiano.edu.br\/unidades\/urucuca\/files\/2023\/10\/ANEXO-III-AUTODECLARACAO-ETNICO-RACIAL.pdf\" target=\"_blank\">ANEXO III &#8211; AUTODECLARA\u00c7\u00c3O \u00c9TNICO-RACIAL<\/a><br><a rel=\"noreferrer noopener\" href=\"https:\/\/www.ifbaiano.edu.br\/unidades\/urucuca\/files\/2023\/10\/ANEXO-IV-DECLARACAO-DE-PESSOA-COM-DEFICIENCIA.pdf\" target=\"_blank\">ANEXO IV &#8211; DECLARA\u00c7\u00c3O DE PESSOA COM DEFICI\u00caNCIA<\/a><br><a rel=\"noreferrer noopener\" href=\"https:\/\/www.ifbaiano.edu.br\/unidades\/urucuca\/files\/2023\/10\/ANEXO-V-DECLARACAO-ESCOLAR-DE-ENSINO-FUNDAMENTAL.pdf\" target=\"_blank\">ANEXO V &#8211; DECLARA\u00c7\u00c3O ESCOLAR DE ENSINO FUNDAMENTAL<\/a><br><a rel=\"noreferrer noopener\" href=\"https:\/\/www.ifbaiano.edu.br\/unidades\/urucuca\/files\/2023\/10\/ANEXO-VI-DECLARACAO-DE-ESCOLA-PUBLICA.pdf\" target=\"_blank\">ANEXO VI &#8211; DECLARA\u00c7\u00c3O DE ESCOLA P\u00daBLICA<\/a><br><a rel=\"noreferrer noopener\" href=\"https:\/\/www.ifbaiano.edu.br\/unidades\/urucuca\/files\/2023\/10\/ANEXO-VII-AUTODECLARACAO-DE-RENDA.pdf\" target=\"_blank\">ANEXO VII &#8211; AUTODECLARA\u00c7\u00c3O DE RENDA<\/a><br><a rel=\"noreferrer noopener\" href=\"https:\/\/www.ifbaiano.edu.br\/unidades\/urucuca\/files\/2023\/10\/ANEXO-VIII-FORMULARIO-PARA-RECURSO-1.pdf\" target=\"_blank\">ANEXO VIII &#8211; FORMUL\u00c1RIO PARA RECURSO<\/a><\/p>\n","protected":false},"excerpt":{"rendered":"<p>TERCEIRA CHAMADA PARA MATR\u00cdCULAEDITAL DE MATR\u00cdCULA PARA A TERCEIRA CHAMADALISTA DE APROVADOS PARA SEGUNDA CHAMADA DE MATR\u00cdCULAEDITAL DE MATR\u00cdCULARESULTADO FINALEDITAL DE MATR\u00cdCULARESULTADO FINALResultado parcial da banca de heteroidentifica\u00e7\u00e3o \u00e9tnico- racial &#8211; INTEGRADOConvoca\u00e7\u00e3o dos(as) candidatos(as) para a banca de heteroidentifica\u00e7\u00e3o \u00e9tnico- racialCurr\u00edculo dos(as) membros(as) da banca de heteroidentifica\u00e7\u00e3oRESULTADO FINAL DA AN\u00c1LISE DO HIST\u00d3RICO ESCOLARRESULTADO PRELIMINAR DA [&hellip;]<\/p>\n","protected":false},"author":154,"featured_media":0,"parent":0,"menu_order":0,"comment_status":"closed","ping_status":"closed","template":"","meta":[],"_links":{"self":[{"href":"https:\/\/www.ifbaiano.edu.br\/unidades\/urucuca\/wp-json\/wp\/v2\/pages\/8964"}],"collection":[{"href":"https:\/\/www.ifbaiano.edu.br\/unidades\/urucuca\/wp-json\/wp\/v2\/pages"}],"about":[{"href":"https:\/\/www.ifbaiano.edu.br\/unidades\/urucuca\/wp-json\/wp\/v2\/types\/page"}],"author":[{"embeddable":true,"href":"https:\/\/www.ifbaiano.edu.br\/unidades\/urucuca\/wp-json\/wp\/v2\/users\/154"}],"replies":[{"embeddable":true,"href":"https:\/\/www.ifbaiano.edu.br\/unidades\/urucuca\/wp-json\/wp\/v2\/comments?post=8964"}],"version-history":[{"count":14,"href":"https:\/\/www.ifbaiano.edu.br\/unidades\/urucuca\/wp-json\/wp\/v2\/pages\/8964\/revisions"}],"predecessor-version":[{"id":9367,"href":"https:\/\/www.ifbaiano.edu.br\/unidades\/urucuca\/wp-json\/wp\/v2\/pages\/8964\/revisions\/9367"}],"wp:attachment":[{"href":"https:\/\/www.ifbaiano.edu.br\/unidades\/urucuca\/wp-json\/wp\/v2\/media?parent=8964"}],"curies":[{"name":"wp","href":"https:\/\/api.w.org\/{rel}","templated":true}]}}