{"id":8996,"date":"2023-10-04T21:03:38","date_gmt":"2023-10-05T00:03:38","guid":{"rendered":"https:\/\/www.ifbaiano.edu.br\/unidades\/urucuca\/?page_id=8996"},"modified":"2023-12-20T16:27:23","modified_gmt":"2023-12-20T19:27:23","slug":"processo-seletivo-2024-subsequente","status":"publish","type":"page","link":"https:\/\/www.ifbaiano.edu.br\/unidades\/urucuca\/processo-seletivo-2024-subsequente\/","title":{"rendered":"PROCESSO SELETIVO 2024 \u2013 SUBSEQUENTE"},"content":{"rendered":"\n<p><a rel=\"noreferrer noopener\" href=\"https:\/\/www.ifbaiano.edu.br\/unidades\/urucuca\/files\/2023\/11\/Retificacao-01-Edital-N%C2%B0-17-de-04-de-Outubro-de-2023-SUBSEQUENTE.pdf\" target=\"_blank\"><\/a><strong><mark><a rel=\"noreferrer noopener\" href=\"https:\/\/www.ifbaiano.edu.br\/unidades\/urucuca\/files\/2023\/12\/Edital-de-Matricula-Cursos-subsequentes-ao-Ensino-MedioEdital-No-17-de-04-de-outubro-de-2023.pdf\" target=\"_blank\">EDITAL DE MATR\u00cdCULA<br><\/a><\/mark><\/strong><a rel=\"noreferrer noopener\" href=\"https:\/\/www.ifbaiano.edu.br\/unidades\/urucuca\/files\/2023\/12\/Edital-N%C2%B0-17-de-04-de-outubro-de-2023-Resultado-Final.pdf\" target=\"_blank\"><mark><strong>RESULTADO FINAL<\/strong><\/mark><br><\/a><a rel=\"noreferrer noopener\" href=\"https:\/\/www.ifbaiano.edu.br\/unidades\/urucuca\/files\/2023\/12\/Edital-N%C2%B0-17-de-04-de-outubro-de-2023-Resultado-parcial-da-banca-de-heteroidentificacao-etnico-racial.pdf\" target=\"_blank\">Resultado parcial da banca de heteroidentifica\u00e7\u00e3o \u00e9tnico- racial<\/a> &#8211; SUBSEQUENTE<br><a rel=\"noreferrer noopener\" href=\"https:\/\/www.ifbaiano.edu.br\/unidades\/urucuca\/files\/2023\/11\/Edital-N%C2%B0-17-de-04-de-outubro-de-2023-Convocacao-dosas-candidatosas-para-a-banca-de-heteroidentificacao-etnico-racial.pdf\" target=\"_blank\"><strong>Convoca\u00e7\u00e3o dos(as) candidatos(as) para a banca de heteroidentifica\u00e7\u00e3o \u00e9tnico- racial<\/strong><\/a><br><a rel=\"noreferrer noopener\" href=\"https:\/\/www.ifbaiano.edu.br\/unidades\/urucuca\/files\/2023\/11\/Curriculo-dosas-membrosas-da-banca-de-heteroidentificacao.pdf\" target=\"_blank\"><strong>Curr\u00edculo dos(as) membros(as) da banca de heteroidentifica\u00e7\u00e3o<\/strong><\/a><br><strong><mark><a rel=\"noreferrer noopener\" href=\"https:\/\/www.ifbaiano.edu.br\/unidades\/urucuca\/files\/2023\/11\/Edital-N%C2%B0-17-de-04-de-outubro-de-2023-Publicacao-da-lista-final-das-inscricoes-homologadas.pdf\" target=\"_blank\">LISTA FINAL DE INSCRI\u00c7\u00d5ES CONFIRMADAS<\/a><\/mark><\/strong><br><strong><a rel=\"noreferrer noopener\" href=\"https:\/\/www.ifbaiano.edu.br\/unidades\/urucuca\/files\/2023\/11\/Edital-N%C2%B0-17-de-04-de-outubro-de-2023-Publicacao-da-lista-preliminar-de-inscricoes-homologadas.pdf\" target=\"_blank\">SUBSEQUENTE \u2013 LISTA PRELIMINAR DE INSCRI\u00c7\u00d5ES HOMOLOGADAS<\/a><\/strong><br><a rel=\"noreferrer noopener\" href=\"https:\/\/www.ifbaiano.edu.br\/unidades\/urucuca\/files\/2023\/11\/Retificacao-01-Edital-N%C2%B0-17-de-04-de-Outubro-de-2023-SUBSEQUENTE.pdf\" target=\"_blank\">SUBSEQUENTE RETIFICA\u00c7\u00c3O DO EDITAL \u2013 INSCRI\u00c7\u00d5ES PRORROGADAS<\/a><\/p>\n\n\n\n<p><a rel=\"noreferrer noopener\" href=\"https:\/\/www.ifbaiano.edu.br\/unidades\/urucuca\/files\/2023\/10\/Edital-N%C2%B0-17-de-04-de-Outubro-de-2023-SUBSEQUENTE.pdf\" target=\"_blank\">Edital 17\/2023 \u2013 Ingresso de Estudantes 2024<\/a><\/p>\n\n\n\n<p><a href=\"https:\/\/www.ifbaiano.edu.br\/unidades\/urucuca\/files\/2023\/10\/URUCUCA-Cartilha-PROSEL-2023-1.pdf\" data-type=\"URL\" data-id=\"https:\/\/www.ifbaiano.edu.br\/unidades\/urucuca\/files\/2023\/10\/URUCUCA-Cartilha-PROSEL-2023-1.pdf\" target=\"_blank\" rel=\"noreferrer noopener\">Cartilha explicativa<\/a><\/p>\n\n\n\n<p><a rel=\"noreferrer noopener\" href=\"https:\/\/www.ifbaiano.edu.br\/unidades\/urucuca\/files\/2023\/10\/ANEXO-I-CONSOLIDACAO-DE-RENDA-FAMILIAR.pdf\" target=\"_blank\"><a rel=\"noreferrer noopener\" href=\"https:\/\/www.ifbaiano.edu.br\/unidades\/urucuca\/files\/2023\/10\/ANEXO-I-CONSOLIDACAO-DE-RENDA-FAMILIAR.pdf\" target=\"_blank\">ANEXO I &#8211; CONSOLIDA\u00c7\u00c3O DE RENDA FAMILIAR<\/a><br><a rel=\"noreferrer noopener\" href=\"https:\/\/www.ifbaiano.edu.br\/unidades\/urucuca\/files\/2023\/10\/ANEXO-II-AUTODECLARACAO-ETNICO-RACIAL.pdf\" target=\"_blank\">ANEXO II &#8211; AUTODECLARA\u00c7\u00c3O \u00c9TNICO-RACIAL<br><\/a><a rel=\"noreferrer noopener\" href=\"https:\/\/www.ifbaiano.edu.br\/unidades\/urucuca\/files\/2023\/10\/ANEXO-III-DECLARACAO-DE-PESSOA-COM-DEFICIENCIA.pdf\" target=\"_blank\">ANEXO III &#8211; DECLARA\u00c7\u00c3O DE PESSOA COM DEFICI\u00caNCIA<br><\/a><a rel=\"noreferrer noopener\" href=\"https:\/\/www.ifbaiano.edu.br\/unidades\/urucuca\/files\/2023\/10\/ANEXO-IV-DECLARACAO-DE-ESCOLA-PUBLICA.pdf\" target=\"_blank\">ANEXO IV &#8211; DECLARA\u00c7\u00c3O ESCOLAR DE ENSINO FUNDAMENTAL<br><\/a><a rel=\"noreferrer noopener\" href=\"https:\/\/www.ifbaiano.edu.br\/unidades\/urucuca\/files\/2023\/10\/ANEXO-V-AUTODECLARACAO-DE-RENDA.pdf\" target=\"_blank\">ANEXO V &#8211; AUTODECLARA\u00c7\u00c3O DE RENDA<br><\/a><a rel=\"noreferrer noopener\" href=\"https:\/\/www.ifbaiano.edu.br\/unidades\/urucuca\/files\/2023\/10\/ANEXO-VI-FORMULARIO-PARA-RECURSO.pdf\" target=\"_blank\">ANEXO VI &#8211; FORMUL\u00c1RIO PARA RECURSO<br><\/a><a rel=\"noreferrer noopener\" href=\"https:\/\/www.ifbaiano.edu.br\/unidades\/urucuca\/files\/2023\/10\/ANEXO-VII-FICHA-DE-INSCRICAO-MANIFESTACAO-DE-INTERESSE.pdf\" target=\"_blank\">ANEXO VII &#8211; FICHA DE INSCRI\u00c7\u00c3O MANIFESTA\u00c7\u00c3O DE INTERESSE<\/a><\/a><\/p>\n","protected":false},"excerpt":{"rendered":"<p>EDITAL DE MATR\u00cdCULARESULTADO FINALResultado parcial da banca de heteroidentifica\u00e7\u00e3o \u00e9tnico- racial &#8211; SUBSEQUENTEConvoca\u00e7\u00e3o dos(as) candidatos(as) para a banca de heteroidentifica\u00e7\u00e3o \u00e9tnico- racialCurr\u00edculo dos(as) membros(as) da banca de heteroidentifica\u00e7\u00e3oLISTA FINAL DE INSCRI\u00c7\u00d5ES CONFIRMADASSUBSEQUENTE \u2013 LISTA PRELIMINAR DE INSCRI\u00c7\u00d5ES HOMOLOGADASSUBSEQUENTE RETIFICA\u00c7\u00c3O DO EDITAL \u2013 INSCRI\u00c7\u00d5ES PRORROGADAS Edital 17\/2023 \u2013 Ingresso de Estudantes 2024 Cartilha explicativa ANEXO I [&hellip;]<\/p>\n","protected":false},"author":154,"featured_media":0,"parent":0,"menu_order":0,"comment_status":"closed","ping_status":"closed","template":"","meta":[],"_links":{"self":[{"href":"https:\/\/www.ifbaiano.edu.br\/unidades\/urucuca\/wp-json\/wp\/v2\/pages\/8996"}],"collection":[{"href":"https:\/\/www.ifbaiano.edu.br\/unidades\/urucuca\/wp-json\/wp\/v2\/pages"}],"about":[{"href":"https:\/\/www.ifbaiano.edu.br\/unidades\/urucuca\/wp-json\/wp\/v2\/types\/page"}],"author":[{"embeddable":true,"href":"https:\/\/www.ifbaiano.edu.br\/unidades\/urucuca\/wp-json\/wp\/v2\/users\/154"}],"replies":[{"embeddable":true,"href":"https:\/\/www.ifbaiano.edu.br\/unidades\/urucuca\/wp-json\/wp\/v2\/comments?post=8996"}],"version-history":[{"count":9,"href":"https:\/\/www.ifbaiano.edu.br\/unidades\/urucuca\/wp-json\/wp\/v2\/pages\/8996\/revisions"}],"predecessor-version":[{"id":9295,"href":"https:\/\/www.ifbaiano.edu.br\/unidades\/urucuca\/wp-json\/wp\/v2\/pages\/8996\/revisions\/9295"}],"wp:attachment":[{"href":"https:\/\/www.ifbaiano.edu.br\/unidades\/urucuca\/wp-json\/wp\/v2\/media?parent=8996"}],"curies":[{"name":"wp","href":"https:\/\/api.w.org\/{rel}","templated":true}]}}