{"id":9507,"date":"2024-02-29T14:56:46","date_gmt":"2024-02-29T17:56:46","guid":{"rendered":"https:\/\/www.ifbaiano.edu.br\/unidades\/urucuca\/?page_id=9507"},"modified":"2025-06-17T09:18:34","modified_gmt":"2025-06-17T12:18:34","slug":"auxilios","status":"publish","type":"page","link":"https:\/\/www.ifbaiano.edu.br\/unidades\/urucuca\/auxilios\/","title":{"rendered":"Assist\u00eancia Estudantil do IF Baiano"},"content":{"rendered":"\n<p class=\"has-white-color has-text-color has-background\" style=\"background-color:#138404\"><strong>O QUE \u00c9?<\/strong><\/p>\n\n\n\n<p>A Assist\u00eancia Estudantil do IF Baiano est\u00e1 consubstanciada no princ\u00edpio da universaliza\u00e7\u00e3o do direito \u00e0 educa\u00e7\u00e3o e forma\u00e7\u00e3o integral do\/a estudante. Desenvolvida atrav\u00e9s de programas e a\u00e7\u00f5es, visa contribuir para a perman\u00eancia e \u00eaxito estudantil no percurso acad\u00eamico.<\/p>\n\n\n\n<p>Destina-se a todos\/as discentes com matr\u00edcula regular, de ensino m\u00e9dio e superior, contribuindo para a igualdade de oportunidades, a melhoria do desempenho escolar, o bem estar biopsicossocial do\/a estudante e o atendimento de necessidades do alunado em situa\u00e7\u00e3o de vulnerabilidade socioecon\u00f4mica.<\/p>\n\n\n\n<p>Conhe\u00e7a a&nbsp;<a href=\"https:\/\/ifbaiano.edu.br\/portal\/ensino\/wp-content\/uploads\/sites\/2\/2016\/03\/Pol%C3%ADtica-de-Assist%C3%AAncia-Estudantil-29.01.2019.pdf\" target=\"_blank\" rel=\"noreferrer noopener\"><strong>Pol\u00edtica de Assist\u00eancia Estudantil<\/strong><\/a>&nbsp;e os Programas ofertados pelo IF Baiano!<\/p>\n\n\n\n<p class=\"has-white-color has-text-color has-background\" style=\"background-color:#138404\"><strong>QUAIS S\u00c3O OS PROGRAMAS?<\/strong><\/p>\n\n\n\n<figure class=\"wp-block-image size-large\"><a href=\"https:\/\/www.ifbaiano.edu.br\/unidades\/urucuca\/files\/2025\/06\/1060-image.webp\"><img decoding=\"async\" loading=\"lazy\" width=\"1024\" height=\"556\" src=\"https:\/\/www.ifbaiano.edu.br\/unidades\/urucuca\/files\/2025\/06\/1060-image-1024x556.webp\" alt=\"\" class=\"wp-image-12239\" srcset=\"https:\/\/www.ifbaiano.edu.br\/unidades\/urucuca\/files\/2025\/06\/1060-image-1024x556.webp 1024w, https:\/\/www.ifbaiano.edu.br\/unidades\/urucuca\/files\/2025\/06\/1060-image-300x163.webp 300w, https:\/\/www.ifbaiano.edu.br\/unidades\/urucuca\/files\/2025\/06\/1060-image-768x417.webp 768w, https:\/\/www.ifbaiano.edu.br\/unidades\/urucuca\/files\/2025\/06\/1060-image-100x54.webp 100w, https:\/\/www.ifbaiano.edu.br\/unidades\/urucuca\/files\/2025\/06\/1060-image.webp 1066w\" sizes=\"(max-width: 1024px) 100vw, 1024px\" \/><\/a><\/figure>\n\n\n\n<p><strong>Programa de Assist\u00eancia e Inclus\u00e3o Social do Estudante \u2013 PAISE<\/strong><\/p>\n\n\n\n<p>O Programa de Assist\u00eancia e Inclus\u00e3o Social do Estudante &#8211; PAISE \u00e9 destinado aos estudantes regularmente matriculados, para garantia da perman\u00eancia dos mesmos na institui\u00e7\u00e3o, durante os anos destinados ao processo formativo do curso escolhido.<\/p>\n\n\n\n<p><strong>Programa de Aux\u00edlios Eventuais \u2013 PAE<\/strong><\/p>\n\n\n\n<p>O Programa de Aux\u00edlios Eventuais &#8211; PAE visa contribuir para o atendimento de diferentes demandas inesperadas e que tenham car\u00e1ter tempor\u00e1rio apresentadas pelos estudantes e\/ou identificadas pela equipe de profissionais da assist\u00eancia estudantil ou demais servidores, sendo estas situa\u00e7\u00f5es eventuais.<\/p>\n\n\n\n<p><strong>Programa de Resid\u00eancia Estudantil<\/strong><\/p>\n\n\n\n<p>A resid\u00eancia estudantil destina-se aos estudantes oriundos de munic\u00edpios distantes e\/ou que tenham dificuldades para o translado di\u00e1rio.<\/p>\n\n\n\n<p><strong>Programa de Alimenta\u00e7\u00e3o Estudantil<\/strong><\/p>\n\n\n\n<p>O Programa de Alimenta\u00e7\u00e3o Estudantil \u00e9 baseado no Programa Nacional de Alimenta\u00e7\u00e3o Escolar (PNAE), que visa oferecer alimenta\u00e7\u00e3o escolar a todos os estudantes da educa\u00e7\u00e3o b\u00e1sica p\u00fablica durante o ano letivo.<\/p>\n\n\n\n<p><strong>Programa de Incentivo \u00e0 Participa\u00e7\u00e3o Pol\u00edtico Acad\u00eamica \u2013 PROPAC<\/strong><\/p>\n\n\n\n<p>Constituem-se benef\u00edcios do PROPAC:<\/p>\n\n\n\n<p>I &#8211; aux\u00edlio participa\u00e7\u00e3o em eventos de car\u00e1ter cient\u00edfico, acad\u00eamico ou tecnol\u00f3gico;<br>II &#8211; aux\u00edlio participa\u00e7\u00e3o em eventos de organiza\u00e7\u00e3o estudantil;<br>III &#8211; aux\u00edlio formaliza\u00e7\u00e3o de entidades estudantis.<\/p>\n\n\n\n<p><strong>Programa de Incentivo \u00e0 Cultura, Esporte e Lazer \u2013 PINCEL<\/strong><\/p>\n\n\n\n<p>O Programa de Incentivo \u00e0 Cultura, Esporte e Lazer \u2013 PINCEL apoia atividades ligadas a Esporte, Cultura e Lazer, como a realiza\u00e7\u00e3o de jogos, gincanas, festivas e corais, cujo objetivo seja a integra\u00e7\u00e3o, o desenvolvimento social e a promo\u00e7\u00e3o da qualidade de vida.<\/p>\n\n\n\n<p><strong>Programa de Preven\u00e7\u00e3o e Assist\u00eancia \u00e0 Sa\u00fade \u2013 PRO-SA\u00daDE<\/strong><\/p>\n\n\n\n<p>O Programa de Preven\u00e7\u00e3o e Assist\u00eancia \u00e0 Sa\u00fade \u2013 Pro-Sa\u00fade, visa desenvolver a\u00e7\u00f5es voltadas \u00e0 preven\u00e7\u00e3o de doen\u00e7as e promo\u00e7\u00e3o da sa\u00fade dos(as) discentes, por meio dos servi\u00e7os de psicologia, enfermagem, odontologia, nutri\u00e7\u00e3o, medicina e servi\u00e7o social.<\/p>\n\n\n\n<p><strong>Programa de Acompanhamento Psicossocial e Pedag\u00f3gico \u2013 PROAP<\/strong><\/p>\n\n\n\n<p>O Programa de Acompanhamento Psicossocial e Pedag\u00f3gico \u2013 PROAP tem como objetivo propiciar a perman\u00eancia e \u00eaxito do estudante, por meio da identifica\u00e7\u00e3o das dificuldades que influenciam na evas\u00e3o e reten\u00e7\u00e3o, buscando formas de super\u00e1-las por meio do acompanhamento pedag\u00f3gico e o atendimento psicossocial.<\/p>\n\n\n\n<p class=\"has-white-color has-text-color has-background\" style=\"background-color:#138404\"><strong>FUNCIONAMENTO<\/strong><\/p>\n\n\n\n<p><strong>Hor\u00e1rio de expediente:&nbsp;<\/strong>08h00 \u00e0s 12h00 e 13h00 \u00e0s 17h00.<\/p>\n\n\n\n<p><strong>Detalhamento do atendimento do setor:<\/strong><\/p>\n\n\n\n<figure class=\"wp-block-table\"><table><tbody><tr><td><strong>Servidores lotados<\/strong><\/td><td><strong>Fun\u00e7\u00e3o \/ Cargo<\/strong><\/td><td><strong>Local de trabalho<\/strong><\/td><td><strong>Regime de trabalho<\/strong><\/td><td><strong>Contatos**<\/strong><\/td><td><strong>Observa\u00e7\u00f5es<\/strong><\/td><\/tr><tr><td><strong>Alana Assun\u00e7\u00e3o<\/strong><\/td><td><strong>Assistente Social<\/strong><\/td><td>Integrado \/ Postinho da CAE<\/td><td>Teletrabalho parcial Dias presenciais:&nbsp; ter\u00e7a-feira, quarta-feira quinta-feira<\/td><td><a href=\"mailto:napsi@urucuca.ifbaiano.edu.br\"><strong>napsi@urucuca.ifbaiano.edu.br<\/strong><\/a> (73) 991337943<\/td><td><br><\/td><\/tr><tr><td><strong>Aniele Avelas<\/strong><\/td><td><strong>Nutricionista<\/strong><\/td><td>Integrado \/ SENUT<\/td><td>Teletrabalho parcial Dias presenciais: &nbsp; ter\u00e7aa-feira, quinta-feira e sexta-feira<\/td><td><a href=\"mailto:senut@urucuca.ifbaiano.edu.br\"><strong>senut@urucuca.ifbaiano.edu.br<\/strong><\/a> (71) 991002142<\/td><td><br><\/td><\/tr><tr><td><strong>Ariele Vasconcellos<\/strong><\/td><td><strong>T\u00e9cnica em Enfermagem<\/strong><\/td><td>Integrado \/ Postinho da CAE<\/td><td><strong>Presencial<\/strong><\/td><td><a href=\"mailto:saude@urucuca.ifbaiano.edu.br\"><strong>saude@urucuca.ifbaiano.edu.br<\/strong><\/a><br><\/td><td><br><\/td><\/tr><tr><td><strong>Argos Argolo<\/strong><\/td><td><strong>Assistente de Alunos \/ Coordenador de Assuntos Estudantis Substituto<\/strong><\/td><td>Integrado<\/td><td><strong>Presencial<\/strong><\/td><td><a href=\"mailto:assistenciaestudantil@urucuca.ifbaiano.edu.br\"><strong>assistenciaestudantil@urucuca.ifbaiano.edu.br<\/strong><\/a> <a href=\"mailto:cae@urucuca.ifbaiano.edu.br\"><strong>cae@urucuca.ifbaiano.edu.br<\/strong><\/a><br><br><br><\/td><td><br><\/td><\/tr><tr><td><strong>Cristiane Salles<\/strong><\/td><td><strong>Emfermeira<\/strong><\/td><td>Integrado \/ Postinho da CAE<\/td><td><strong>Presencial<\/strong><\/td><td><a href=\"mailto:saude@urucuca.ifbaiano.edu.br\"><strong>saude@urucuca.ifbaiano.edu.br<\/strong><\/a><br><\/td><td>Licen\u00e7a capacita\u00e7\u00e3o \u2013 24\/03 a 24\/06\/2025<\/td><\/tr><tr><td><strong>Elza Peixoto<\/strong><\/td><td><strong>Odont\u00f3loga<\/strong><\/td><td>Integrado \/ Postinho da CAE<\/td><td><strong>Presencial<\/strong><\/td><td><a href=\"mailto:saude@urucuca.ifbaiano.edu.br\"><strong>saude@urucuca.ifbaiano.edu.br<\/strong><\/a><br><\/td><td><br><\/td><\/tr><tr><td><strong>Judson Rocha<\/strong><\/td><td><strong>Psic\u00f3logo<\/strong><\/td><td>Integrado \/ Postinho da CAE<\/td><td><strong>Presencial<\/strong><\/td><td><a href=\"mailto:napsi@urucuca.ifbaiano.edu.br\"><strong>napsi@urucuca.ifbaiano.edu.br<\/strong><\/a><br><\/td><td><br><\/td><\/tr><tr><td><strong>Maysa Ferraz<\/strong><\/td><td><strong>Coordenadora de Assuntos Estudantis<\/strong><\/td><td>Integrado<\/td><td>Teletrabalho parcial Dias presenciais: &nbsp; ter\u00e7a-feira, quarta-feira e sexta-feira<\/td><td><a href=\"mailto:cae@urucuca.ifbaiano.edu.br\"><strong>cae@urucuca.ifbaiano.edu.br<\/strong><\/a> (73) 98107-2055<\/td><td><br><\/td><\/tr><tr><td><strong>Nilda Magalh\u00e3es<\/strong><\/td><td><strong>Assistente de Alunos<\/strong><\/td><td>Integrado<\/td><td><strong>Presencial<\/strong><\/td><td><a href=\"mailto:assistenciaestudantil@urucuca.ifbaiano.edu.br\"><strong>assistenciaestudantil@urucuca.ifbaiano.edu.br<\/strong><\/a><br><\/td><td><br><\/td><\/tr><\/tbody><\/table><\/figure>\n\n\n\n<p>*Atualizado em: 02\/05\/2025.<\/p>\n\n\n\n<p>** Servidores em regime de teletrabalho podem ser contatados via liga\u00e7\u00e3o e\/ou WhatsApp nos hor\u00e1rios de expediente.<\/p>\n\n\n\n<p class=\"has-white-color has-text-color has-background\" style=\"background-color:#138404\"><strong>CONTATOS<\/strong><\/p>\n\n\n\n<p>Telefone e whatsApp: (73)&nbsp;98226-8115<\/p>\n\n\n\n<p>E-mails:<\/p>\n\n\n\n<p>Assuntos relacionados ao setor de nutri\u00e7\u00e3o, como refei\u00e7\u00f5es, card\u00e1pios, necessidades alimentares espec\u00edficas: <a href=\"mailto:senut@urucuca.ifbaiano.edu.br\"><strong>senut@urucuca.ifbaiano.edu.br<\/strong><\/a><\/p>\n\n\n\n<p>Assuntos relacionados \u00e0s quest\u00f5es de sa\u00fade (odontologia, medicina e enfermagem): <a href=\"mailto:saude@urucuca.ifbaiano.edu.br\"><strong>saude@urucuca.ifbaiano.edu.br<\/strong><\/a><\/p>\n\n\n\n<p>Assuntos relacionados \u00e0 resid\u00eancia estudantil (alojamentos, hospedaria, resid\u00eancias): <a href=\"mailto:assistenciaestudantil@urucuca.ifbaiano.edu.br\"><strong>assistenciaestudantil@urucuca.ifbaiano.edu.br<\/strong><\/a><\/p>\n\n\n\n<p>Assuntos relacionados ao acompanhamento pedag\u00f3gico e o atendimento psicossocial: <a href=\"mailto:napsi@urucuca.ifbaiano.edu.br\"><strong>napsi@urucuca.ifbaiano.edu.br<\/strong><\/a><\/p>\n\n\n\n<p>Assuntos relacionados \u00e0s atividades ligadas a Esporte, Cultura e Lazer: <a href=\"mailto:ncel@urucuca.ifbaiano.edu.br\"><strong>ncel@urucuca.ifbaiano.edu.br<\/strong><\/a><\/p>\n\n\n\n<p>Assuntos gerais relacionados a Assist\u00eancia Estudantil que n\u00e3o foram atendidos nos setores acima.<\/p>\n\n\n\n<p>Solicita\u00e7\u00f5es de autoriza\u00e7\u00f5es (resid\u00eancias, refeit\u00f3rio, entre outros): <a href=\"mailto:cae@urucuca.ifbaiano.edu.br\"><strong>cae@urucuca.ifbaiano.edu.br<\/strong><\/a><\/p>\n\n\n\n<p class=\"has-white-color has-text-color has-background\" style=\"background-color:#138404\"><strong>EDITAIS<\/strong><\/p>\n\n\n\n<p><a rel=\"noreferrer noopener\" href=\"https:\/\/www.ifbaiano.edu.br\/unidades\/urucuca\/files\/2025\/03\/PAISE-05-2025.pdf\" target=\"_blank\"><strong>PAISE 05-2025<\/strong><\/a><\/p>\n\n\n\n<p class=\"has-white-color has-text-color has-background\" style=\"background-color:#138404\"><strong>DOCUMENTOS<\/strong><\/p>\n\n\n\n<p><a rel=\"noreferrer noopener\" href=\"https:\/\/www.ifbaiano.edu.br\/unidades\/urucuca\/files\/2024\/12\/Fluxo-de-Pagamento-de-Auxilios-Financeiros.pdf\" target=\"_blank\"><strong>Fluxo de Pagamento de Auxilios Financeiros<\/strong><\/a><br><a rel=\"noreferrer noopener\" href=\"https:\/\/www.ifbaiano.edu.br\/unidades\/urucuca\/files\/2011\/05\/Regulamento-disciplinar-discente.pdf\" target=\"_blank\"><strong>Regulamento Disciplinar Discente<\/strong><\/a><br><strong><a rel=\"noreferrer noopener\" href=\"https:\/\/www.ifbaiano.edu.br\/unidades\/urucuca\/files\/2025\/06\/Regulamento-das-residencias-.pdf\" target=\"_blank\">Regimento das Resid\u00eancias Estudantis<br><\/a><a href=\"https:\/\/www.ifbaiano.edu.br\/unidades\/urucuca\/files\/2025\/06\/Politica-de-Assistencia-Estudantil-do-IF-Baiano.pdf\" data-type=\"URL\" data-id=\"https:\/\/www.ifbaiano.edu.br\/unidades\/urucuca\/files\/2025\/06\/Politica-de-Assistencia-Estudantil-do-IF-Baiano.pdf\" target=\"_blank\" rel=\"noreferrer noopener\">Pol\u00edtica de Assist\u00eancia Estudantil do IF Baiano<\/a><br><a rel=\"noreferrer noopener\" href=\"https:\/\/www.ifbaiano.edu.br\/unidades\/urucuca\/files\/2025\/06\/Politica-Nacional-de-Assistencia-Estudantil.pdf\" data-type=\"URL\" data-id=\"https:\/\/www.ifbaiano.edu.br\/unidades\/urucuca\/files\/2025\/06\/Politica-Nacional-de-Assistencia-Estudantil.pdf\" target=\"_blank\">Pol\u00edtica Nacional de Assist\u00eancia Estudantil<\/a><\/strong><br><strong><a rel=\"noreferrer noopener\" href=\"https:\/\/www.ifbaiano.edu.br\/unidades\/urucuca\/files\/2025\/06\/Legislacao-Pe-de-Meia.pdf\" data-type=\"URL\" data-id=\"https:\/\/www.ifbaiano.edu.br\/unidades\/urucuca\/files\/2025\/06\/Legislacao-Pe-de-Meia.pdf\" target=\"_blank\">Legisla\u00e7\u00e3o P\u00e9-de-meia<\/a><br><\/strong><a rel=\"noreferrer noopener\" href=\"https:\/\/www.ifbaiano.edu.br\/unidades\/urucuca\/files\/2025\/06\/Cartilha-Pe-de-Meia.pdf\" data-type=\"URL\" data-id=\"https:\/\/www.ifbaiano.edu.br\/unidades\/urucuca\/files\/2025\/06\/Cartilha-Pe-de-Meia.pdf\" target=\"_blank\"><strong>Cartilha P\u00e9-de-meia<\/strong><\/a><br><a rel=\"noreferrer noopener\" href=\"https:\/\/www.ifbaiano.edu.br\/unidades\/urucuca\/files\/2025\/06\/Legislacao-Bolsa-Permanencia.pdf\" data-type=\"URL\" data-id=\"https:\/\/www.ifbaiano.edu.br\/unidades\/urucuca\/files\/2025\/06\/Legislacao-Bolsa-Permanencia.pdf\" target=\"_blank\"><strong>Legisla\u00e7\u00e3o Bolsa Perman\u00eancia<\/strong><\/a><br><strong><a rel=\"noreferrer noopener\" href=\"https:\/\/www.ifbaiano.edu.br\/unidades\/urucuca\/files\/2025\/06\/Tutorial-para-obter-o-CADUNICO.pdf\" data-type=\"URL\" data-id=\"https:\/\/www.ifbaiano.edu.br\/unidades\/urucuca\/files\/2025\/06\/Tutorial-para-obter-o-CADUNICO.pdf\" target=\"_blank\">Tutorial para obter o CAD\u00daNICO<\/a><\/strong><\/p>\n","protected":false},"excerpt":{"rendered":"<p>O QUE \u00c9? A Assist\u00eancia Estudantil do IF Baiano est\u00e1 consubstanciada no princ\u00edpio da universaliza\u00e7\u00e3o do direito \u00e0 educa\u00e7\u00e3o e forma\u00e7\u00e3o integral do\/a estudante. Desenvolvida atrav\u00e9s de programas e a\u00e7\u00f5es, visa contribuir para a perman\u00eancia e \u00eaxito estudantil no percurso acad\u00eamico. Destina-se a todos\/as discentes com matr\u00edcula regular, de ensino m\u00e9dio e superior, contribuindo para [&hellip;]<\/p>\n","protected":false},"author":154,"featured_media":0,"parent":0,"menu_order":0,"comment_status":"closed","ping_status":"closed","template":"","meta":[],"_links":{"self":[{"href":"https:\/\/www.ifbaiano.edu.br\/unidades\/urucuca\/wp-json\/wp\/v2\/pages\/9507"}],"collection":[{"href":"https:\/\/www.ifbaiano.edu.br\/unidades\/urucuca\/wp-json\/wp\/v2\/pages"}],"about":[{"href":"https:\/\/www.ifbaiano.edu.br\/unidades\/urucuca\/wp-json\/wp\/v2\/types\/page"}],"author":[{"embeddable":true,"href":"https:\/\/www.ifbaiano.edu.br\/unidades\/urucuca\/wp-json\/wp\/v2\/users\/154"}],"replies":[{"embeddable":true,"href":"https:\/\/www.ifbaiano.edu.br\/unidades\/urucuca\/wp-json\/wp\/v2\/comments?post=9507"}],"version-history":[{"count":10,"href":"https:\/\/www.ifbaiano.edu.br\/unidades\/urucuca\/wp-json\/wp\/v2\/pages\/9507\/revisions"}],"predecessor-version":[{"id":12243,"href":"https:\/\/www.ifbaiano.edu.br\/unidades\/urucuca\/wp-json\/wp\/v2\/pages\/9507\/revisions\/12243"}],"wp:attachment":[{"href":"https:\/\/www.ifbaiano.edu.br\/unidades\/urucuca\/wp-json\/wp\/v2\/media?parent=9507"}],"curies":[{"name":"wp","href":"https:\/\/api.w.org\/{rel}","templated":true}]}}