{"id":9818,"date":"2024-06-17T13:21:32","date_gmt":"2024-06-17T16:21:32","guid":{"rendered":"https:\/\/www.ifbaiano.edu.br\/unidades\/urucuca\/?page_id=9818"},"modified":"2024-06-17T13:34:08","modified_gmt":"2024-06-17T16:34:08","slug":"tccs-turma-2021","status":"publish","type":"page","link":"https:\/\/www.ifbaiano.edu.br\/unidades\/urucuca\/tccs-turma-2021\/","title":{"rendered":"Trabalhos de Conclus\u00e3o de Curso &#8211; Turma 2021"},"content":{"rendered":"\n<p><strong>Andrezzo J\u00falio Dantas Nascimento<\/strong><br><strong>Trabalho: <\/strong><a rel=\"noreferrer noopener\" href=\"https:\/\/www.ifbaiano.edu.br\/unidades\/urucuca\/files\/2024\/06\/TCC-Andrezzo.pdf\" data-type=\"URL\" data-id=\"https:\/\/www.ifbaiano.edu.br\/unidades\/urucuca\/files\/2024\/06\/TCC-Andrezzo.pdf\" target=\"_blank\">Aplica\u00e7\u00e3o de Pavimento de Concreto com Polietileno de Alta Densidade (PEAD): uma Inova\u00e7\u00e3o Tecnol\u00f3gica para Gest\u00e3o do Escoamento Superficial das \u00c1guas Pluviais<\/a>.<\/p>\n\n\n\n<p><strong>Camila de Souza Barreto<\/strong><br><strong>Trabalho:<\/strong> <a rel=\"noreferrer noopener\" href=\"https:\/\/www.ifbaiano.edu.br\/unidades\/urucuca\/files\/2024\/06\/TCC-Camila-Barreto.pdf\" data-type=\"URL\" data-id=\"https:\/\/www.ifbaiano.edu.br\/unidades\/urucuca\/files\/2024\/06\/TCC-Camila-Barreto.pdf\" target=\"_blank\">Um Olhar Sobre o Impacto Ambiental na Represa de Serra Grande, Uru\u00e7uca-Ba.<\/a><\/p>\n\n\n\n<p><strong>Iara Amaral Oliveira<\/strong><br><strong>Trabalho:<\/strong> <a href=\"https:\/\/www.ifbaiano.edu.br\/unidades\/urucuca\/files\/2024\/06\/TCC-Iara.pdf\" data-type=\"URL\" data-id=\"https:\/\/www.ifbaiano.edu.br\/unidades\/urucuca\/files\/2024\/06\/TCC-Iara.pdf\" target=\"_blank\" rel=\"noreferrer noopener\">An\u00e1lise da Adequa\u00e7\u00e3o Ambiental do Assentamento Terra Vista no Contexto dos Indicadores de Sustentabilidade em Agroecossistemas<\/a>.<\/p>\n\n\n\n<p><strong>Karolina Teixeira Silva<\/strong><br><strong>Trabalho:<\/strong> <a href=\"https:\/\/www.ifbaiano.edu.br\/unidades\/urucuca\/files\/2024\/06\/TCC-final-KarolinaTeixeiraSIlva.pdf\" data-type=\"URL\" data-id=\"https:\/\/www.ifbaiano.edu.br\/unidades\/urucuca\/files\/2024\/06\/TCC-final-KarolinaTeixeiraSIlva.pdf\" target=\"_blank\" rel=\"noreferrer noopener\">An\u00e1lise Multitemporal do Uso e Cobertura do Solo no Munic\u00edpio de Itabuna, Bahia.<\/a><\/p>\n\n\n\n<p><strong>Marciel Clemente dos Santos<\/strong><br><strong>Trabalho:<\/strong> Morinda Citrifolia (Noni): uma Revis\u00e3o Hist\u00f3rica do deu Valor Potencial Enquanto Planta Medicinal<\/p>\n\n\n\n<p><strong>Salmo Macario dos Santos<\/strong><br><strong>Trabalho:<\/strong> Arranjo Produtivo na Cultura do Cacau com os Agricultores Familiares na Associa\u00e7\u00e3o da Gruna &#8211; Munic\u00edpio de Gongogi.<\/p>\n\n\n\n<p><strong>Silvany Concei\u00e7\u00e3o Costa<\/strong><br><strong>Trabalho:<\/strong> <a href=\"https:\/\/www.ifbaiano.edu.br\/unidades\/urucuca\/files\/2024\/06\/TCC-Silvany.pdf\" data-type=\"URL\" data-id=\"https:\/\/www.ifbaiano.edu.br\/unidades\/urucuca\/files\/2024\/06\/TCC-Silvany.pdf\" target=\"_blank\" rel=\"noreferrer noopener\">Resignificando Res\u00edduos Org\u00e2ncios com Potencialidade na Cacauicultura.<\/a><\/p>\n\n\n\n<p><strong>Thaise Dias Cardoso Machado<\/strong><br><strong>Trabalho:<\/strong> <a href=\"https:\/\/www.ifbaiano.edu.br\/unidades\/urucuca\/files\/2024\/06\/TCC-Thaisa.pdf\" data-type=\"URL\" data-id=\"https:\/\/www.ifbaiano.edu.br\/unidades\/urucuca\/files\/2024\/06\/TCC-Thaisa.pdf\" target=\"_blank\" rel=\"noreferrer noopener\">A Contribui\u00e7\u00e3o das Pr\u00e1ticas de Mobiliza\u00e7\u00e3o Social e Educa\u00e7\u00e3o Ambiental para o Trabalho de Redu\u00e7\u00e3o das Perdas de \u00c1gua em Sistema de Abastecimento da Empresa Baiana de \u00c1guas e Saneamento S.A. (Embasa)<\/a>.<\/p>\n\n\n\n<p><strong>Valteneide Pereira Alves<\/strong><br><strong>Trabalho:<\/strong> <a href=\"https:\/\/www.ifbaiano.edu.br\/unidades\/urucuca\/files\/2024\/06\/TCC-Valteneide.pdf\" data-type=\"URL\" data-id=\"https:\/\/www.ifbaiano.edu.br\/unidades\/urucuca\/files\/2024\/06\/TCC-Valteneide.pdf\" target=\"_blank\" rel=\"noreferrer noopener\">Fabrica\u00e7\u00e3o de Produtos de Limpeza: uma Alternativa Sustent\u00e1vel e Econ\u00f4mica para Mulheres de Uru\u00e7uca.<\/a><\/p>\n","protected":false},"excerpt":{"rendered":"<p>Andrezzo J\u00falio Dantas NascimentoTrabalho: Aplica\u00e7\u00e3o de Pavimento de Concreto com Polietileno de Alta Densidade (PEAD): uma Inova\u00e7\u00e3o Tecnol\u00f3gica para Gest\u00e3o do Escoamento Superficial das \u00c1guas Pluviais. Camila de Souza BarretoTrabalho: Um Olhar Sobre o Impacto Ambiental na Represa de Serra Grande, Uru\u00e7uca-Ba. Iara Amaral OliveiraTrabalho: An\u00e1lise da Adequa\u00e7\u00e3o Ambiental do Assentamento Terra Vista no Contexto [&hellip;]<\/p>\n","protected":false},"author":154,"featured_media":0,"parent":0,"menu_order":0,"comment_status":"closed","ping_status":"closed","template":"","meta":[],"_links":{"self":[{"href":"https:\/\/www.ifbaiano.edu.br\/unidades\/urucuca\/wp-json\/wp\/v2\/pages\/9818"}],"collection":[{"href":"https:\/\/www.ifbaiano.edu.br\/unidades\/urucuca\/wp-json\/wp\/v2\/pages"}],"about":[{"href":"https:\/\/www.ifbaiano.edu.br\/unidades\/urucuca\/wp-json\/wp\/v2\/types\/page"}],"author":[{"embeddable":true,"href":"https:\/\/www.ifbaiano.edu.br\/unidades\/urucuca\/wp-json\/wp\/v2\/users\/154"}],"replies":[{"embeddable":true,"href":"https:\/\/www.ifbaiano.edu.br\/unidades\/urucuca\/wp-json\/wp\/v2\/comments?post=9818"}],"version-history":[{"count":5,"href":"https:\/\/www.ifbaiano.edu.br\/unidades\/urucuca\/wp-json\/wp\/v2\/pages\/9818\/revisions"}],"predecessor-version":[{"id":9850,"href":"https:\/\/www.ifbaiano.edu.br\/unidades\/urucuca\/wp-json\/wp\/v2\/pages\/9818\/revisions\/9850"}],"wp:attachment":[{"href":"https:\/\/www.ifbaiano.edu.br\/unidades\/urucuca\/wp-json\/wp\/v2\/media?parent=9818"}],"curies":[{"name":"wp","href":"https:\/\/api.w.org\/{rel}","templated":true}]}}