{"id":9987,"date":"2024-08-08T14:41:38","date_gmt":"2024-08-08T17:41:38","guid":{"rendered":"https:\/\/www.ifbaiano.edu.br\/unidades\/urucuca\/?page_id=9987"},"modified":"2026-03-31T15:49:24","modified_gmt":"2026-03-31T18:49:24","slug":"nucleo-comunicacao","status":"publish","type":"page","link":"https:\/\/www.ifbaiano.edu.br\/unidades\/urucuca\/nucleo-comunicacao\/","title":{"rendered":"N\u00facleo de Comunica\u00e7\u00e3o e Eventos &#8211; NCE"},"content":{"rendered":"\n<p class=\"has-white-color has-text-color has-background\" style=\"background-color:#006f14d9\"><strong>Contatos<\/strong><\/p>\n\n\n\n<p>E-mail:&nbsp;<a href=\"mailto:ascom@ifbaiano.edu.br\">ascom@urucuca.ifbaiano.edu.br<\/a><br>Tel.: (71) 98105-7248 (WhatsApp)<br>Redes Sociais:&nbsp;<a rel=\"noreferrer noopener\" href=\"https:\/\/www.facebook.com\/ifurucuca\" target=\"_blank\">Facebook&nbsp;<\/a>|<a rel=\"noreferrer noopener\" href=\"https:\/\/www.instagram.com\/ifbaianoguanambi\/\" target=\"_blank\">&nbsp;<\/a><a rel=\"noreferrer noopener\" href=\"https:\/\/www.instagram.com\/ifbaiano_urucuca\/\" target=\"_blank\">Instagram&nbsp;<\/a>|&nbsp;<a rel=\"noreferrer noopener\" href=\"https:\/\/www.youtube.com\/@ifbaiano_urucuca\" target=\"_blank\">Youtube<\/a><\/p>\n\n\n\n<p><strong>Coordenadora<\/strong>: Julia Morais \u2013 julia.morais@ifbaiano.edu.br<\/p>\n\n\n\n<p class=\"has-white-color has-text-color has-background\" style=\"background-color:#006f14d9\"><strong><strong>Manuais e documentos norteadores<\/strong><\/strong><\/p>\n\n\n\n<p><\/p>\n\n\n\n<ul>\n<li>Procedimentos do N\u00facleo de Comunica\u00e7\u00e3o e Eventos e do uso do Audit\u00f3ro Greg\u00f3rio Bondar <\/li>\n\n\n\n<li><a rel=\"noreferrer noopener\" href=\"https:\/\/suap.ifbaiano.edu.br\/documento_eletronico\/visualizar_documento\/758575\/\" target=\"_blank\">PORTARIA 97\/2025 &#8211; URU-GAB\/URU-DG\/RET\/IFBAIANO<\/a><\/li>\n\n\n\n<li><a href=\"https:\/\/www.ifbaiano.edu.br\/unidades\/urucuca\/files\/2024\/09\/Cerimonial-formatura-Dicom.pdf\" data-type=\"URL\" data-id=\"https:\/\/www.ifbaiano.edu.br\/unidades\/urucuca\/files\/2024\/09\/Cerimonial-formatura-Dicom.pdf\" target=\"_blank\" rel=\"noreferrer noopener\">Modelo de Cerimonial para Formaturas<\/a><\/li>\n\n\n\n<li><a rel=\"noreferrer noopener\" href=\"https:\/\/ifbaiano.edu.br\/portal\/wp-content\/uploads\/2023\/07\/manual-marca-nova-if-baiano-2015.pdf\" target=\"_blank\">Manual de uso da marca \u2013 Edi\u00e7\u00e3o 2015<\/a><\/li>\n\n\n\n<li><a rel=\"noreferrer noopener\" href=\"http:\/\/www.secom.gov.br\/atuacao\/publicidade\/orientacoes-para-o-uso-da-marca-do-governo-federal-arquivos\/manual-de-uso-da-marca-do-governo-federal-janeiro-2019_v06.pdf\" target=\"_blank\">Manual de uso da marca do Governo Federal<\/a><\/li>\n\n\n\n<li><a rel=\"noreferrer noopener\" href=\"https:\/\/www.ifbaiano.edu.br\/reitoria\/portal\/wp-content\/uploads\/2012\/03\/Manual-de-Marcas-PDE.pdf\" target=\"_blank\">Manual de Identidade Visual PDE \u2013 Plano de Desenvolvimento da Educa\u00e7\u00e3o<\/a><\/li>\n\n\n\n<li><a rel=\"noreferrer noopener\" href=\"https:\/\/ifbaiano.edu.br\/portal\/wp-content\/uploads\/2017\/07\/secommanualredessociaisout2012_pdf.pdf\" target=\"_blank\">Manual de Orienta\u00e7\u00e3o para Atua\u00e7\u00e3o em M\u00eddias Sociais<\/a>&nbsp;(Secom\/2014)<\/li>\n\n\n\n<li><a rel=\"noreferrer noopener\" href=\"https:\/\/ifbaiano.edu.br\/portal\/wp-content\/uploads\/2022\/06\/USO-DE-IMAGEM-FORMULARIO.pdf\" target=\"_blank\">Formul\u00e1rio de\u00a0cess\u00e3o\u00a0e\u00a0uso\u00a0de\u00a0imagem para estudante<\/a><\/li>\n\n\n\n<li><a rel=\"noreferrer noopener\" href=\"https:\/\/ifbaiano.edu.br\/portal\/wp-content\/uploads\/2020\/11\/guia-de-servicos-e-solicitacoes-comunicacao.pdf\" target=\"_blank\">Guia de Servi\u00e7os e Solicita\u00e7\u00f5es<\/a><\/li>\n\n\n\n<li><a rel=\"noreferrer noopener\" href=\"https:\/\/ifbaiano.edu.br\/portal\/wp-content\/uploads\/2015\/10\/modelo-apresentacao-if-baiano-2018.ppt\" target=\"_blank\">Modelo de apresenta\u00e7\u00e3o&nbsp;digital<\/a><\/li>\n\n\n\n<li><a rel=\"noreferrer noopener\" href=\"https:\/\/ifbaiano.edu.br\/portal\/wp-content\/uploads\/2015\/10\/guia_eventos_rede_federal_2017.pdf\" target=\"_blank\">Guia de Eventos, Cerimonial e Protocolo da Rede Federal<\/a><\/li>\n\n\n\n<li><a rel=\"noreferrer noopener\" href=\"https:\/\/ifbaiano.edu.br\/portal\/wp-content\/uploads\/2015\/12\/IN-n%C2%BA-01-de-29.02.2016ASCOM-Anexo-Resolu%C3%A7%C3%A3o-n%C2%BA-34.2016.pdf\" target=\"_blank\">Instru\u00e7\u00e3o Normativa ASCOM-IF Baiano n\u00b01 de 29\/02\/2016, que disciplina a gest\u00e3o do Portal do Instituto Federal Baiano<\/a><\/li>\n\n\n\n<li><a rel=\"noreferrer noopener\" href=\"https:\/\/www.ifbaiano.edu.br\/reitoria\/portal\/wp-content\/uploads\/2012\/03\/Cartilha-Redacao-Web.pdf\" target=\"_blank\">Cartilha de reda\u00e7\u00e3o Web<\/a><\/li>\n\n\n\n<li><a rel=\"noreferrer noopener\" href=\"https:\/\/www.ifbaiano.edu.br\/reitoria\/portal\/wp-content\/uploads\/2012\/03\/Padroes-Brasil-e-gov_Guia_Administracao.pdf\" target=\"_blank\">Guia de administra\u00e7\u00e3o de s\u00edtios eletr\u00f4nicos na esfera federal<\/a><\/li>\n\n\n\n<li><a rel=\"noreferrer noopener\" href=\"https:\/\/www.ifbaiano.edu.br\/reitoria\/portal\/wp-content\/uploads\/2012\/03\/Guia_Lei_Acesso_2012mar03.pdf\" target=\"_blank\">Guia para cria\u00e7\u00e3o da se\u00e7\u00e3o de acesso \u00e0 informa\u00e7\u00e3o nos s\u00edtios eletr\u00f4nicos dos \u00f3rg\u00e3os e entidades federais<\/a><\/li>\n\n\n\n<li><a rel=\"noreferrer noopener\" href=\"http:\/\/www.planalto.gov.br\/ccivil_03\/_Ato2011-2014\/2011\/Lei\/L12527.htm\" target=\"_blank\">Lei de Acesso \u00e0 Informa\u00e7\u00e3o (Lei N\u00ba 12.527, de 18 de novembro de 2011)<\/a><\/li>\n\n\n\n<li><a rel=\"noreferrer noopener\" href=\"https:\/\/www.ifbaiano.edu.br\/reitoria\/portal\/wp-content\/uploads\/2012\/03\/Manual-Basico-de-Publicacao-do-IF-Baiano.pdf\" target=\"_blank\">Manual B\u00e1sico de Publica\u00e7\u00e3o do IF Baiano<\/a><\/li>\n\n\n\n<li><a rel=\"noreferrer noopener\" href=\"https:\/\/ifbaiano.edu.br\/portal\/wp-content\/uploads\/2022\/06\/USO-DE-IMAGEM-FORMULARIO.pdf\" target=\"_blank\">Formul\u00e1rio de\u00a0cess\u00e3o\u00a0e\u00a0uso\u00a0de\u00a0imagem para estudante<\/a><\/li>\n<\/ul>\n\n\n\n<p class=\"has-white-color has-text-color has-background\" style=\"background-color:#006f14d9\"><strong>Marca<\/strong><\/p>\n\n\n\n<p>\u2013 Horizontal&nbsp; (<a rel=\"noreferrer noopener\" href=\"https:\/\/ifbaiano.edu.br\/portal\/wp-content\/uploads\/2015\/10\/marca-if-baiano-campus-urucuca-horizontal.pdf\" target=\"_blank\">PDF<\/a>&nbsp;|&nbsp;<a rel=\"noreferrer noopener\" href=\"https:\/\/ifbaiano.edu.br\/portal\/wp-content\/uploads\/2024\/11\/marca-if-baiano-campus-urucuca-horizontal.png\" target=\"_blank\">PNG<\/a>&nbsp;|&nbsp;<a rel=\"noreferrer noopener\" href=\"https:\/\/ifbaiano.edu.br\/portal\/wp-content\/uploads\/2024\/11\/marca-if-baiano-campus-urucuca-horizontal-branca.png\" target=\"_blank\">BRANCA<\/a>)<br>\u2013 Vertical (<a rel=\"noreferrer noopener\" href=\"https:\/\/ifbaiano.edu.br\/portal\/wp-content\/uploads\/2015\/10\/marca-if-baiano-campus-urucuca-vertical.pdf\" target=\"_blank\">PDF<\/a>&nbsp;|&nbsp;<a rel=\"noreferrer noopener\" href=\"https:\/\/ifbaiano.edu.br\/portal\/wp-content\/uploads\/2024\/11\/marca-if-baiano-campus-urucuca-vertical.png\" target=\"_blank\">PNG<\/a>&nbsp;|&nbsp;<a rel=\"noreferrer noopener\" href=\"https:\/\/ifbaiano.edu.br\/portal\/wp-content\/uploads\/2024\/11\/marca-if-baiano-campus-urucuca-vertical-branca.png\" target=\"_blank\">BRANCA<\/a>)<\/p>\n","protected":false},"excerpt":{"rendered":"<p>Contatos E-mail:&nbsp;ascom@urucuca.ifbaiano.edu.brTel.: (71) 98105-7248 (WhatsApp)Redes Sociais:&nbsp;Facebook&nbsp;|&nbsp;Instagram&nbsp;|&nbsp;Youtube Coordenadora: Julia Morais \u2013 julia.morais@ifbaiano.edu.br Manuais e documentos norteadores Marca \u2013 Horizontal&nbsp; (PDF&nbsp;|&nbsp;PNG&nbsp;|&nbsp;BRANCA)\u2013 Vertical (PDF&nbsp;|&nbsp;PNG&nbsp;|&nbsp;BRANCA)<\/p>\n","protected":false},"author":154,"featured_media":0,"parent":0,"menu_order":0,"comment_status":"closed","ping_status":"closed","template":"","meta":[],"_links":{"self":[{"href":"https:\/\/www.ifbaiano.edu.br\/unidades\/urucuca\/wp-json\/wp\/v2\/pages\/9987"}],"collection":[{"href":"https:\/\/www.ifbaiano.edu.br\/unidades\/urucuca\/wp-json\/wp\/v2\/pages"}],"about":[{"href":"https:\/\/www.ifbaiano.edu.br\/unidades\/urucuca\/wp-json\/wp\/v2\/types\/page"}],"author":[{"embeddable":true,"href":"https:\/\/www.ifbaiano.edu.br\/unidades\/urucuca\/wp-json\/wp\/v2\/users\/154"}],"replies":[{"embeddable":true,"href":"https:\/\/www.ifbaiano.edu.br\/unidades\/urucuca\/wp-json\/wp\/v2\/comments?post=9987"}],"version-history":[{"count":15,"href":"https:\/\/www.ifbaiano.edu.br\/unidades\/urucuca\/wp-json\/wp\/v2\/pages\/9987\/revisions"}],"predecessor-version":[{"id":13778,"href":"https:\/\/www.ifbaiano.edu.br\/unidades\/urucuca\/wp-json\/wp\/v2\/pages\/9987\/revisions\/13778"}],"wp:attachment":[{"href":"https:\/\/www.ifbaiano.edu.br\/unidades\/urucuca\/wp-json\/wp\/v2\/media?parent=9987"}],"curies":[{"name":"wp","href":"https:\/\/api.w.org\/{rel}","templated":true}]}}