{"id":121,"date":"2011-05-19T16:43:49","date_gmt":"2011-05-19T19:43:49","guid":{"rendered":"http:\/\/localhost\/unidades\/bonfim\/?page_id=121"},"modified":"2016-04-20T09:43:10","modified_gmt":"2016-04-20T09:43:10","slug":"leitura-complementar","status":"publish","type":"page","link":"https:\/\/www.ifbaiano.edu.br\/unidades\/valenca\/leitura-complementar\/","title":{"rendered":"Leitura Complementar"},"content":{"rendered":"<p><strong>Eduardo Passos Belmonte<\/strong><\/p>\n<ol>\n<li><a href=\"http:\/\/www.feiradeciencias.com.br\/\" target=\"_blank\">http:\/\/www.feiradeciencias.com.br\/<\/a><\/li>\n<li><a href=\"http:\/\/www.manualdomundo.com.br\/\" target=\"_blank\">http:\/\/www.manualdomundo.com.br\/<\/a><\/li>\n<li><a href=\"http:\/\/www.pontociencia.org.br\/categorias\/fisica\/2\" target=\"_blank\">http:\/\/www.pontociencia.org.br\/categorias\/fisica\/2<\/a><\/li>\n<li><a href=\"https:\/\/www.youtube.com\/user\/pontociencia\" target=\"_blank\">https:\/\/www.youtube.com\/user\/pontociencia<\/a><\/li>\n<li><a href=\"http:\/\/fsicafascinante.blogspot.com.br\/p\/experimentos-de-fisica.html\" target=\"_blank\">http:\/\/fsicafascinante.blogspot.com.br\/p\/experimentos-de-fisica.html<\/a><\/li>\n<\/ol>\n<p><strong>Elielma Fernandes<\/strong><\/p>\n<ol>\n<li><a href=\"http:\/\/www.ifbaiano.edu.br\/unidades\/valenca\/files\/2011\/05\/Recursos-Hidricos.pdf\">Recursos H\u00eddricos<\/a><\/li>\n<li><a href=\"http:\/\/www.ifbaiano.edu.br\/unidades\/valenca\/files\/2011\/05\/DESAFIOS-DO-LIXO.pdf\">Desafios do Lixo<\/a><\/li>\n<li><a href=\"http:\/\/www.ifbaiano.edu.br\/unidades\/valenca\/files\/2011\/05\/MUITO-ALEM-DA-NATUREZA_EDUCACAO-AMBIENTAL-E-REPRODUCAO-SOCIAL.pdf\">Muito Al\u00e9m da Natureza &#8211; Educa\u00e7\u00e3o Ambiental e Reprodu\u00e7\u00e3o Social<\/a><\/li>\n<li><a href=\"http:\/\/www.ifbaiano.edu.br\/unidades\/valenca\/files\/2011\/05\/ECOCIDADAO.pdf\">Ecocidad\u00e3o<\/a><\/li>\n<\/ol>\n<p>&nbsp;<\/p>\n","protected":false},"excerpt":{"rendered":"<p>Eduardo Passos Belmonte http:\/\/www.feiradeciencias.com.br\/ http:\/\/www.manualdomundo.com.br\/ http:\/\/www.pontociencia.org.br\/categorias\/fisica\/2 https:\/\/www.youtube.com\/user\/pontociencia http:\/\/fsicafascinante.blogspot.com.br\/p\/experimentos-de-fisica.html Elielma Fernandes Recursos H\u00eddricos Desafios do Lixo Muito Al\u00e9m da Natureza &#8211; Educa\u00e7\u00e3o Ambiental e Reprodu\u00e7\u00e3o Social Ecocidad\u00e3o &nbsp;<\/p>\n","protected":false},"author":1,"featured_media":0,"parent":0,"menu_order":0,"comment_status":"closed","ping_status":"closed","template":"","meta":[],"_links":{"self":[{"href":"https:\/\/www.ifbaiano.edu.br\/unidades\/valenca\/wp-json\/wp\/v2\/pages\/121"}],"collection":[{"href":"https:\/\/www.ifbaiano.edu.br\/unidades\/valenca\/wp-json\/wp\/v2\/pages"}],"about":[{"href":"https:\/\/www.ifbaiano.edu.br\/unidades\/valenca\/wp-json\/wp\/v2\/types\/page"}],"author":[{"embeddable":true,"href":"https:\/\/www.ifbaiano.edu.br\/unidades\/valenca\/wp-json\/wp\/v2\/users\/1"}],"replies":[{"embeddable":true,"href":"https:\/\/www.ifbaiano.edu.br\/unidades\/valenca\/wp-json\/wp\/v2\/comments?post=121"}],"version-history":[{"count":14,"href":"https:\/\/www.ifbaiano.edu.br\/unidades\/valenca\/wp-json\/wp\/v2\/pages\/121\/revisions"}],"predecessor-version":[{"id":1699,"href":"https:\/\/www.ifbaiano.edu.br\/unidades\/valenca\/wp-json\/wp\/v2\/pages\/121\/revisions\/1699"}],"wp:attachment":[{"href":"https:\/\/www.ifbaiano.edu.br\/unidades\/valenca\/wp-json\/wp\/v2\/media?parent=121"}],"curies":[{"name":"wp","href":"https:\/\/api.w.org\/{rel}","templated":true}]}}