{"id":123,"date":"2011-05-19T16:44:12","date_gmt":"2011-05-19T19:44:12","guid":{"rendered":"http:\/\/localhost\/unidades\/bonfim\/?page_id=123"},"modified":"2011-08-08T16:41:09","modified_gmt":"2011-08-08T16:41:09","slug":"alunos-estagio","status":"publish","type":"page","link":"https:\/\/www.ifbaiano.edu.br\/unidades\/valenca\/alunos-estagio\/","title":{"rendered":"Est\u00e1gio"},"content":{"rendered":"<p>Para concluir o curso t\u00e9cnico no IF Baiano Campus Valen\u00e7a, os estudantes precisam submeter-se ao Est\u00e1gio Curricular do Curso, que est\u00e1 programado para o m\u00eas de julho e tem dura\u00e7\u00e3o de 30 dias, compondo 240h.<\/p>\n<p>O est\u00e1gio acontece neste per\u00edodo porque \u00e9 o m\u00eas que re\u00fane maior concentra\u00e7\u00e3o de atividades nas propriedades rurais, favorecendo significativamente o enriquecimento no conhecimento dos discentes em diferentes culturas, com maior intensidade na agricultura diversificada e na pecu\u00e1ria (cria\u00e7\u00f5es). O campus Valen\u00e7a conta com a parceria de 11 empresas e 16 propriet\u00e1rios rurais da Regi\u00e3o do Baixo Sul da Bahia (de Valen\u00e7a a Mara\u00fa).<\/p>\n<p>&nbsp;<\/p>\n<p>Ao final do est\u00e1gio os alunos devem apresentar um relat\u00f3rio final individual em um semin\u00e1rio que visa a integra\u00e7\u00e3o e socializa\u00e7\u00e3o de informa\u00e7\u00f5es, conhecimentos e pr\u00e1ticas.<\/p>\n<p>&nbsp;<\/p>\n<p>Maiores informa\u00e7\u00f5es:<\/p>\n<p>Coordena\u00e7\u00e3o de Est\u00e1gio<\/p>\n<p>Coordenador: Antonio Jorge Silva de Menezes.<\/p>\n<p><strong>Contato: <\/strong><\/p>\n<p><a href=\"mailto:ciec@valenca.ifbaiano.edu.br\">ciec@valenca.ifbaiano.edu.br<\/a><\/p>\n<p>&nbsp;<\/p>\n<p><a href=\"mailto:antonio.menezes@valenca.ifbaiano.edu.br\">antonio.menezes@valenca.ifbaiano.edu.br<\/a><strong><\/strong><\/p>\n","protected":false},"excerpt":{"rendered":"<p>Para concluir o curso t\u00e9cnico no IF Baiano Campus Valen\u00e7a, os estudantes precisam submeter-se ao Est\u00e1gio Curricular do Curso, que est\u00e1 programado para o m\u00eas de julho e tem dura\u00e7\u00e3o de 30 dias, compondo 240h. O est\u00e1gio acontece neste per\u00edodo porque \u00e9 o m\u00eas que re\u00fane maior concentra\u00e7\u00e3o de atividades nas propriedades rurais, favorecendo significativamente [&hellip;]<\/p>\n","protected":false},"author":1,"featured_media":0,"parent":0,"menu_order":0,"comment_status":"closed","ping_status":"closed","template":"","meta":[],"_links":{"self":[{"href":"https:\/\/www.ifbaiano.edu.br\/unidades\/valenca\/wp-json\/wp\/v2\/pages\/123"}],"collection":[{"href":"https:\/\/www.ifbaiano.edu.br\/unidades\/valenca\/wp-json\/wp\/v2\/pages"}],"about":[{"href":"https:\/\/www.ifbaiano.edu.br\/unidades\/valenca\/wp-json\/wp\/v2\/types\/page"}],"author":[{"embeddable":true,"href":"https:\/\/www.ifbaiano.edu.br\/unidades\/valenca\/wp-json\/wp\/v2\/users\/1"}],"replies":[{"embeddable":true,"href":"https:\/\/www.ifbaiano.edu.br\/unidades\/valenca\/wp-json\/wp\/v2\/comments?post=123"}],"version-history":[{"count":2,"href":"https:\/\/www.ifbaiano.edu.br\/unidades\/valenca\/wp-json\/wp\/v2\/pages\/123\/revisions"}],"predecessor-version":[{"id":173,"href":"https:\/\/www.ifbaiano.edu.br\/unidades\/valenca\/wp-json\/wp\/v2\/pages\/123\/revisions\/173"}],"wp:attachment":[{"href":"https:\/\/www.ifbaiano.edu.br\/unidades\/valenca\/wp-json\/wp\/v2\/media?parent=123"}],"curies":[{"name":"wp","href":"https:\/\/api.w.org\/{rel}","templated":true}]}}