{"id":125,"date":"2011-05-19T16:44:38","date_gmt":"2011-05-19T19:44:38","guid":{"rendered":"http:\/\/localhost\/unidades\/bonfim\/?page_id=125"},"modified":"2022-05-16T08:13:52","modified_gmt":"2022-05-16T11:13:52","slug":"alunos-assistencia-estudantil","status":"publish","type":"page","link":"https:\/\/www.ifbaiano.edu.br\/unidades\/valenca\/alunos-assistencia-estudantil\/","title":{"rendered":"Assist\u00eancia Estudantil"},"content":{"rendered":"<p>O <em>Campus<\/em> efetiva a Pol\u00edtica de Assist\u00eancia Estudantil do IF Baiano\u00a0por meio\u00a0da implementa\u00e7\u00e3o do Programa de Assist\u00eancia e Inclus\u00e3o Social do Educando &#8211; PAISE. Esse programa \u00e9 desenvolvido atrav\u00e9s de aux\u00edlios financeiros e de a\u00e7\u00f5es no C<em>ampus<\/em>, assegurados aos educandos selecionados, e tem a finalidade de ofertar apoio aos estudantes em situa\u00e7\u00e3o de vulnerabilidade socioecon\u00f4mica comprovada, que estejam regularmente matriculados em um dos cursos oferecidos pelo <em>campus<\/em>.\u00a0 \u00c9 necess\u00e1rio comprovar situa\u00e7\u00e3o socioecon\u00f4mica por meio de processo de avalia\u00e7\u00e3o realizado pelas Assistentes Sociais de acordo com Edital.<\/p>\n<p><a href=\"http:\/\/ifbaiano.edu.br\/portal\/wp-content\/uploads\/2016\/03\/edital_paise_2016_proen.pdf\" target=\"_blank\" rel=\"noopener\">EDITAL<\/a><\/p>\n<p><strong>\u00a0<\/strong><\/p>\n<p><strong>QUAIS S\u00c3O OS PROGRAMAS OFERECIDOS PELO <em>CAMPUS<\/em> VALEN\u00c7A?<\/strong><\/p>\n<p><strong>Programa Aux\u00edlio<\/strong> <strong>Moradia \u2013 53 estudantes contemplados <\/strong><\/p>\n<p>O aux\u00edlio moradia consiste na concess\u00e3o de subs\u00eddio financeiro a estudantes oriundos de fam\u00edlias residentes fora do munic\u00edpio de Valen\u00e7a para o pagamento de moradia na cidade sede do C<em>ampus<\/em>, possibilitando com isso a perman\u00eancia do estudante na escola.<\/p>\n<p><strong>Programa Alimenta\u00e7\u00e3o Escolar <\/strong><strong>\u2013 200 estudantes contemplados <\/strong><\/p>\n<p>\u00c9 a concess\u00e3o de caf\u00e9 da manh\u00e3, almo\u00e7o e\/ou jantar para os alunos conforme a necessidade e motivos apresentados.<\/p>\n<p><strong>Programa Uniforme <\/strong><strong>\u2013 10 estudantes contemplados <\/strong><\/p>\n<p>Fornecimento de fardamento da Institui\u00e7\u00e3o.<\/p>\n<p><strong>Programa Material Acad\u00eamico <\/strong><strong>\u2013 11 estudantes contemplados <\/strong><\/p>\n<p>Fornecimento de materiais acad\u00eamicos necess\u00e1rios para a perman\u00eancia do estudante no curso matriculado.<\/p>\n<p><strong>Programa Aux\u00edlio Transporte <\/strong><strong>\u2013 33 estudantes contemplados <\/strong><\/p>\n<p>Constitui-se de concess\u00e3o de aux\u00edlio financeiro para aquisi\u00e7\u00e3o do passe estudantil, visando assegurar condi\u00e7\u00f5es de perman\u00eancia do aluno no IF Baiano &#8211; <em>Campus<\/em> Valen\u00e7a.<\/p>\n<p><strong>Programa de Isen\u00e7\u00e3o de Taxas<\/strong><\/p>\n<p>Isen\u00e7\u00e3o pagamento de taxas internas e de inscri\u00e7\u00e3o nos processos seletivos da Institui\u00e7\u00e3o.<\/p>\n<p><strong>\u00a0<\/strong><\/p>\n<p><strong>QUEM PODE SE INSCREVER NOS PROGRAMAS?<\/strong><\/p>\n<p>Est\u00e3o aptos a participar dos programas de assist\u00eancia estudantil os alunos regularmente matriculados e que estejam efetivamente freq\u00fcentando as aulas. Os principais crit\u00e9rios para sele\u00e7\u00e3o s\u00e3o:<\/p>\n<p>Ter renda per capta de at\u00e9 um sal\u00e1rio m\u00ednimo e meio;<\/p>\n<p>Ser estudante oriundo de institui\u00e7\u00f5es p\u00fablica de ensino;<\/p>\n<p>Ser estudantes em situa\u00e7\u00e3o de risco e vulnerabilidade social;<\/p>\n<p>Maiores informa\u00e7\u00f5es:<\/p>\n<p><strong>Coordena\u00e7\u00e3o de Assuntos Estudantis (CAE):<\/strong><\/p>\n<p>Coordenador: Miqueas Feliciando de Almeida<\/p>\n<p><strong>Contato: <\/strong><a href=\"mailto:cgae@valenca.ifbaiano.edu.br\">cgae@valenca.ifbaiano.edu.br<\/a><\/p>\n<p><strong>\u00a0\u00a0\u00a0\u00a0\u00a0\u00a0\u00a0\u00a0\u00a0\u00a0\u00a0\u00a0\u00a0\u00a0\u00a0\u00a0\u00a0\u00a0\u00a0\u00a0 <\/strong><a href=\"miqueas.almeida@valenca.ifbaiano.edu.br   \" target=\"_blank\" rel=\"noopener\">miqueas.almeida@valenca.ifbaiano.edu.br <strong>\u00a0\u00a0<\/strong><\/a><\/p>\n<p>Tel: (75) 3641 5270<\/p>\n","protected":false},"excerpt":{"rendered":"<p>O Campus efetiva a Pol\u00edtica de Assist\u00eancia Estudantil do IF Baiano\u00a0por meio\u00a0da implementa\u00e7\u00e3o do Programa de Assist\u00eancia e Inclus\u00e3o Social do Educando &#8211; PAISE. Esse programa \u00e9 desenvolvido atrav\u00e9s de aux\u00edlios financeiros e de a\u00e7\u00f5es no Campus, assegurados aos educandos selecionados, e tem a finalidade de ofertar apoio aos estudantes em situa\u00e7\u00e3o de vulnerabilidade socioecon\u00f4mica [&hellip;]<\/p>\n","protected":false},"author":1,"featured_media":0,"parent":0,"menu_order":0,"comment_status":"closed","ping_status":"closed","template":"","meta":[],"_links":{"self":[{"href":"https:\/\/www.ifbaiano.edu.br\/unidades\/valenca\/wp-json\/wp\/v2\/pages\/125"}],"collection":[{"href":"https:\/\/www.ifbaiano.edu.br\/unidades\/valenca\/wp-json\/wp\/v2\/pages"}],"about":[{"href":"https:\/\/www.ifbaiano.edu.br\/unidades\/valenca\/wp-json\/wp\/v2\/types\/page"}],"author":[{"embeddable":true,"href":"https:\/\/www.ifbaiano.edu.br\/unidades\/valenca\/wp-json\/wp\/v2\/users\/1"}],"replies":[{"embeddable":true,"href":"https:\/\/www.ifbaiano.edu.br\/unidades\/valenca\/wp-json\/wp\/v2\/comments?post=125"}],"version-history":[{"count":8,"href":"https:\/\/www.ifbaiano.edu.br\/unidades\/valenca\/wp-json\/wp\/v2\/pages\/125\/revisions"}],"predecessor-version":[{"id":7608,"href":"https:\/\/www.ifbaiano.edu.br\/unidades\/valenca\/wp-json\/wp\/v2\/pages\/125\/revisions\/7608"}],"wp:attachment":[{"href":"https:\/\/www.ifbaiano.edu.br\/unidades\/valenca\/wp-json\/wp\/v2\/media?parent=125"}],"curies":[{"name":"wp","href":"https:\/\/api.w.org\/{rel}","templated":true}]}}