{"id":133,"date":"2011-05-19T16:47:46","date_gmt":"2011-05-19T19:47:46","guid":{"rendered":"http:\/\/localhost\/unidades\/bonfim\/?page_id=133"},"modified":"2024-11-11T10:58:13","modified_gmt":"2024-11-11T13:58:13","slug":"contato-campus","status":"publish","type":"page","link":"https:\/\/www.ifbaiano.edu.br\/unidades\/valenca\/contato-campus\/","title":{"rendered":"Contatos"},"content":{"rendered":"<p><strong>DIRETORIA GERAL<\/strong><br \/>\nGeovane Lima Guimar\u00e3es<br \/>\nE-mail Institucional:\u00a0<span id=\"OBJ_PREFIX_DWT582_ZmEmailObjectHandler\" class=\"Object\" role=\"link\"><span id=\"OBJ_PREFIX_DWT681_ZmEmailObjectHandler\" class=\"Object\" role=\"link\">gabinete@valenca.ifbaiano.edu.br<\/span><\/span><br \/>\nE-mail do servidor:\u00a0<span id=\"OBJ_PREFIX_DWT583_ZmEmailObjectHandler\" class=\"Object\" role=\"link\"><span id=\"OBJ_PREFIX_DWT682_ZmEmailObjectHandler\" class=\"Object\" role=\"link\">geovane.guimaraes@ifbaiano.edu.br<\/span><\/span><br \/>\nTel.: (75) 3641-5270<\/p>\n<p><strong>DIRETORIA ADMINISTRATIVA<\/strong><br \/>\nCristiano Carvalho de Jesus<br \/>\nE-mail Institucional:\u00a0<span id=\"OBJ_PREFIX_DWT584_ZmEmailObjectHandler\" class=\"Object\" role=\"link\"><span id=\"OBJ_PREFIX_DWT683_ZmEmailObjectHandler\" class=\"Object\" role=\"link\">dap@valenca.ifbaiano.edu.br<\/span><\/span><br \/>\nE-mail do servidor:\u00a0<span id=\"OBJ_PREFIX_DWT585_ZmEmailObjectHandler\" class=\"Object\" role=\"link\"><span id=\"OBJ_PREFIX_DWT684_ZmEmailObjectHandler\" class=\"Object\" role=\"link\">cristiano.jesus@ifbaiano.edu.br<\/span><\/span><br \/>\nTel.: (75) 3641-5270<\/p>\n<p><strong>DIRETORIA DE ENSINO<\/strong><br \/>\nDislene Cardoso de Brito<br \/>\nE-mail Institucional:\u00a0<span id=\"OBJ_PREFIX_DWT586_ZmEmailObjectHandler\" class=\"Object\" role=\"link\"><span id=\"OBJ_PREFIX_DWT685_ZmEmailObjectHandler\" class=\"Object\" role=\"link\">dde@valenca.ifbaiano.edu.br<\/span><\/span><br \/>\nE-mail da servidora:\u00a0<span id=\"OBJ_PREFIX_DWT587_ZmEmailObjectHandler\" class=\"Object\" role=\"link\"><span id=\"OBJ_PREFIX_DWT686_ZmEmailObjectHandler\" class=\"Object\" role=\"link\">dislene.brito@ifbaiano.edu.br<\/span><\/span><br \/>\nTel.: (75) 3641 5270<\/p>\n<p><strong>COORDENA\u00c7\u00c3O DE ENSINO<\/strong><br \/>\nCelia Maria Pedrosa<br \/>\nE-mail Institucional:\u00a0<span id=\"OBJ_PREFIX_DWT588_ZmEmailObjectHandler\" class=\"Object\" role=\"link\"><span id=\"OBJ_PREFIX_DWT687_ZmEmailObjectHandler\" class=\"Object\" role=\"link\">cge@valenca.ifbaiano.edu.br<\/span><\/span><br \/>\nE-mail da servidora: celia.pedrosa@ifbaiano.edu.br<br \/>\nTel.: (75) 3641-5270<\/p>\n<p><strong>COORDENA\u00c7\u00c3O DE ASSIST\u00caNCIA ESTUDANTIL<\/strong><br \/>\nJos\u00e9 Henrique Santos Rodrigues<br \/>\nE-mail Institucional:\u00a0<span id=\"OBJ_PREFIX_DWT590_ZmEmailObjectHandler\" class=\"Object\" role=\"link\"><span id=\"OBJ_PREFIX_DWT689_ZmEmailObjectHandler\" class=\"Object\" role=\"link\">cae@valenca.ifbaiano.edu.br<\/span><\/span><br \/>\nE-mail da servidora: <span id=\"OBJ_PREFIX_DWT599_ZmEmailObjectHandler\" class=\"Object\" role=\"link\"><span id=\"OBJ_PREFIX_DWT698_ZmEmailObjectHandler\" class=\"Object\" role=\"link\">jose.henrique@ifbaiano.edu.br<\/span><\/span><br \/>\nTel.: (75) 3641-5270<\/p>\n<p><strong>COORDENA\u00c7\u00c3O DE EXTENS\u00c3O<\/strong><br \/>\nCleidiene Souza de Miranda Fiuza<br \/>\nE-mail Institucional:\u00a0<span id=\"OBJ_PREFIX_DWT592_ZmEmailObjectHandler\" class=\"Object\" role=\"link\"><span id=\"OBJ_PREFIX_DWT691_ZmEmailObjectHandler\" class=\"Object\" role=\"link\">extensao@valenca.ifbaiano.edu.br<\/span><\/span><br \/>\nE-mail da servidora: cleidiene.fiuza@ifbaiano.edu.br<br \/>\nTel.: (75) 3641-5270<\/p>\n<p><strong>COORDENA\u00c7\u00c3O DE PESQUISA<\/strong><br \/>\nMiqueias Feliciano de Almeida<br \/>\nE-mail Institucional:\u00a0<span id=\"OBJ_PREFIX_DWT594_ZmEmailObjectHandler\" class=\"Object\" role=\"link\"><span id=\"OBJ_PREFIX_DWT693_ZmEmailObjectHandler\" class=\"Object\" role=\"link\">pesquisa@valenca.ifbaiano.edu.br<\/span><\/span><br \/>\nE-mail do servidor:\u00a0<span id=\"OBJ_PREFIX_DWT595_ZmEmailObjectHandler\" class=\"Object\" role=\"link\"><span id=\"OBJ_PREFIX_DWT694_ZmEmailObjectHandler\" class=\"Object\" role=\"link\">miqueas.almeida@ifbaiano.edu.br<\/span><\/span><br \/>\nTel.: (75) 3641-5270<\/p>\n<p><strong>COORDENA\u00c7\u00c3O DE EST\u00c1GIO<\/strong><br \/>\nMarcelo de Campos Pereira<br \/>\nE-mail Institucional:\u00a0<span id=\"OBJ_PREFIX_DWT596_ZmEmailObjectHandler\" class=\"Object\" role=\"link\"><span id=\"OBJ_PREFIX_DWT695_ZmEmailObjectHandler\" class=\"Object\" role=\"link\">estagio@valenca.ifbaiano.edu.br<\/span><\/span><br \/>\nE-mail do servidor:\u00a0<span id=\"OBJ_PREFIX_DWT597_ZmEmailObjectHandler\" class=\"Object\" role=\"link\"><span id=\"OBJ_PREFIX_DWT696_ZmEmailObjectHandler\" class=\"Object\" role=\"link\">marcelo.campos@ifbaiano.edu.br<\/span><\/span><br \/>\nTel.: (75) 3641-5270<\/p>\n<p><strong>SECRETARIA<\/strong><br \/>\nKarla Daniele Silva Santana<br \/>\nE-mail Institucional:\u00a0<span id=\"OBJ_PREFIX_DWT598_ZmEmailObjectHandler\" class=\"Object\" role=\"link\"><span id=\"OBJ_PREFIX_DWT697_ZmEmailObjectHandler\" class=\"Object\" role=\"link\">secretaria@valenca.ifbaiano.edu.br<\/span><\/span><br \/>\nE-mail do servidor: karla.santana@ifbaiano.edu.br<br \/>\nTel.: (75) 3641-5270<\/p>\n<p><strong>N\u00daCLEO DE APOIO \u00c0 GEST\u00c3O DE PESSOAS<\/strong><br \/>\nD\u00e9bora Pollyana Ribeiro Santos Silva Bartoly Duarte<br \/>\nE-mail Institucional:\u00a0<span id=\"OBJ_PREFIX_DWT600_ZmEmailObjectHandler\" class=\"Object\" role=\"link\"><span id=\"OBJ_PREFIX_DWT699_ZmEmailObjectHandler\" class=\"Object\" role=\"link\">nagp@valenca.ifbaiano.edu.br<\/span><\/span><br \/>\nE-mail da servidora:\u00a0<span id=\"OBJ_PREFIX_DWT601_ZmEmailObjectHandler\" class=\"Object\" role=\"link\"><span id=\"OBJ_PREFIX_DWT700_ZmEmailObjectHandler\" class=\"Object\" role=\"link\">pollyana.duarte@ifbaiano.edu.br<\/span><\/span><br \/>\nTel.: (75) 3641-5270<\/p>\n<p><strong>COORDENA\u00c7\u00c3O DE SUPRIMENTO E LOG\u00cdSTICA<\/strong><br \/>\nJohnathan da Silva Bonfim<br \/>\nE-mail Institucional:\u00a0<span id=\"OBJ_PREFIX_DWT602_ZmEmailObjectHandler\" class=\"Object\" role=\"link\"><span id=\"OBJ_PREFIX_DWT701_ZmEmailObjectHandler\" class=\"Object\" role=\"link\">csl@valenca.ifbaiano.edu.br<\/span><\/span><br \/>\nE-mail do servidor:\u00a0<span id=\"OBJ_PREFIX_DWT603_ZmEmailObjectHandler\" class=\"Object\" role=\"link\"><span id=\"OBJ_PREFIX_DWT702_ZmEmailObjectHandler\" class=\"Object\" role=\"link\">johnathan.bonfim@ifbaiano.edu.br<\/span><\/span><br \/>\nTel.: (75) 3641-5270<\/p>\n<p><strong>COORDENA\u00c7\u00c3O FINANCEIRA E CONT\u00c1BIL<\/strong><br \/>\nMariane Cruz Santana<br \/>\nE-mail Institucional:\u00a0<span id=\"OBJ_PREFIX_DWT604_ZmEmailObjectHandler\" class=\"Object\" role=\"link\"><span id=\"OBJ_PREFIX_DWT703_ZmEmailObjectHandler\" class=\"Object\" role=\"link\">cfc@valenca.ifbaiano.edu.br<\/span><\/span><br \/>\nE-mail da servidora:\u00a0<span id=\"OBJ_PREFIX_DWT605_ZmEmailObjectHandler\" class=\"Object\" role=\"link\"><span id=\"OBJ_PREFIX_DWT704_ZmEmailObjectHandler\" class=\"Object\" role=\"link\">mariane.santana@ifbaiano.edu.br<\/span><\/span><br \/>\nTel.: (75) 3641-5270<\/p>\n<p><strong>N\u00daCLEO DE EXECU\u00c7\u00c3O OR\u00c7AMENT\u00c1RIA E FINANCEIRA<\/strong><br \/>\nMarlene de Jesus Sousa<br \/>\nE-mail Institucional:\u00a0<span id=\"OBJ_PREFIX_DWT606_ZmEmailObjectHandler\" class=\"Object\" role=\"link\"><span id=\"OBJ_PREFIX_DWT705_ZmEmailObjectHandler\" class=\"Object\" role=\"link\">financeirova@ifbaiano.edu.br<\/span><\/span><br \/>\nE-mail da servidora:\u00a0<span id=\"OBJ_PREFIX_DWT607_ZmEmailObjectHandler\" class=\"Object\" role=\"link\"><span id=\"OBJ_PREFIX_DWT706_ZmEmailObjectHandler\" class=\"Object\" role=\"link\">marlene.sousa@ifbaiano.edu.br<\/span><\/span><br \/>\nTel.: (75) 3641-5270<\/p>\n<p><strong>N\u00daCLEO DE COMPRAS E LICITA\u00c7\u00c3O<\/strong><br \/>\nRafael de Oliveira Ribeiro<br \/>\nE-mail Institucional:\u00a0<span id=\"OBJ_PREFIX_DWT608_ZmEmailObjectHandler\" class=\"Object\" role=\"link\"><span id=\"OBJ_PREFIX_DWT707_ZmEmailObjectHandler\" class=\"Object\" role=\"link\">cgaf@valenca.ifbaiano.edu.br<\/span><\/span><br \/>\nE-mail do servidor:\u00a0<span id=\"OBJ_PREFIX_DWT609_ZmEmailObjectHandler\" class=\"Object\" role=\"link\"><span id=\"OBJ_PREFIX_DWT708_ZmEmailObjectHandler\" class=\"Object\" role=\"link\">rafael.ribeiro@ifbaiano.edu.br<\/span><\/span><br \/>\nTel.: (75) 3641-5270<\/p>\n<p><strong>NUTRICIONISTA<\/strong><br \/>\nIsrael Concei\u00e7\u00e3o Silva<br \/>\nE-mail do servidor:\u00a0<span id=\"OBJ_PREFIX_DWT610_ZmEmailObjectHandler\" class=\"Object\" role=\"link\"><span id=\"OBJ_PREFIX_DWT709_ZmEmailObjectHandler\" class=\"Object\" role=\"link\">israel.silva@ifbaiano.edu.br<\/span><\/span><br \/>\nTel.: (75) 3641-5270<\/p>\n<p><strong>N\u00daCLEO DE GEST\u00c3O DA TECNOLOGIA DA INFORMA\u00c7\u00c3O<\/strong><br \/>\nDiego de Jesus Bonfim<br \/>\nE-mail Institucional:\u00a0<span id=\"OBJ_PREFIX_DWT611_ZmEmailObjectHandler\" class=\"Object\" role=\"link\"><span id=\"OBJ_PREFIX_DWT710_ZmEmailObjectHandler\" class=\"Object\" role=\"link\">ngti@valenca.ifbaiano.edu.br<\/span><\/span><br \/>\nE-mail do servidor:\u00a0<span id=\"OBJ_PREFIX_DWT612_ZmEmailObjectHandler\" class=\"Object\" role=\"link\"><span id=\"OBJ_PREFIX_DWT711_ZmEmailObjectHandler\" class=\"Object\" role=\"link\">diego.bonfim@ifbaiano.edu.br<\/span><\/span><br \/>\nTel.: (75) 3641-5270<\/p>\n<p><strong>COORDENA\u00c7\u00c3O DAS UNIDADES EDUCATIVAS DE CAMPO<\/strong><br \/>\nRobson Gomes Kisaki<br \/>\nE-mail Institucional:\u00a0<span id=\"OBJ_PREFIX_DWT613_ZmEmailObjectHandler\" class=\"Object\" role=\"link\"><span id=\"OBJ_PREFIX_DWT712_ZmEmailObjectHandler\" class=\"Object\" role=\"link\">cuec@valenca.ifbaiano.edu.br<\/span><\/span><br \/>\nE-mail do servidor:\u00a0<span id=\"OBJ_PREFIX_DWT614_ZmEmailObjectHandler\" class=\"Object\" role=\"link\"><span id=\"OBJ_PREFIX_DWT713_ZmEmailObjectHandler\" class=\"Object\" role=\"link\">robson.kisaki@ifbaiano.edu.br<\/span><\/span><br \/>\nTel.: (75) 3641-5270<\/p>\n<p><strong>ALMOXARIFADO<\/strong><br \/>\nAgnaldo Oliveira da Silva<br \/>\nE-mail Institucional:\u00a0<span id=\"OBJ_PREFIX_DWT615_ZmEmailObjectHandler\" class=\"Object\" role=\"link\"><span id=\"OBJ_PREFIX_DWT714_ZmEmailObjectHandler\" class=\"Object\" role=\"link\">almoxarifado@valenca.ifbaiano.edu.br<\/span><\/span><br \/>\nE-mail do servidor:\u00a0<span id=\"OBJ_PREFIX_DWT616_ZmEmailObjectHandler\" class=\"Object\" role=\"link\"><span id=\"OBJ_PREFIX_DWT715_ZmEmailObjectHandler\" class=\"Object\" role=\"link\">agnaldo.silva@ifbaiano.edu.br<\/span><\/span><br \/>\nTel.: (75) 3641-5270<\/p>\n<p><strong>SETOR DE BIBLIOTECA<\/strong><\/p>\n<p>E-mail Institucional:\u00a0<span id=\"OBJ_PREFIX_DWT617_ZmEmailObjectHandler\" class=\"Object\" role=\"link\"><span id=\"OBJ_PREFIX_DWT716_ZmEmailObjectHandler\" class=\"Object\" role=\"link\">biblioteca@valenca.ifbaiano.edu.br<\/span><\/span><br \/>\nE-mail da Servidora:<br \/>\nTel.: (75) 3641-5270<\/p>\n<p><strong>ASSESSORIA DE COMUNICA\u00c7\u00c3O<\/strong><br \/>\nAires Santos do Ros\u00e1rio<br \/>\nE-mail Institucional:\u00a0<span id=\"OBJ_PREFIX_DWT619_ZmEmailObjectHandler\" class=\"Object\" role=\"link\"><span id=\"OBJ_PREFIX_DWT718_ZmEmailObjectHandler\" class=\"Object\" role=\"link\">ascom@valenca.ifbaiano.edu.br<\/span><\/span><br \/>\nE-mail do Servidor:\u00a0<span id=\"OBJ_PREFIX_DWT620_ZmEmailObjectHandler\" class=\"Object\" role=\"link\"><span id=\"OBJ_PREFIX_DWT719_ZmEmailObjectHandler\" class=\"Object\" role=\"link\">aires.rosario@ifbaiano.edu.br<\/span><\/span><br \/>\nTel.: (75) 3641-5270<\/p>\n<p><strong>COORDENA\u00c7\u00c3O DO CURSO T\u00c9CNICO EM AGROECOLOGIA<\/strong><br \/>\nMarcelo de Campos Pereira<br \/>\nE-mail Institucional:\u00a0<span id=\"OBJ_PREFIX_DWT621_ZmEmailObjectHandler\" class=\"Object\" role=\"link\"><span id=\"OBJ_PREFIX_DWT720_ZmEmailObjectHandler\" class=\"Object\" role=\"link\">integrado.agroecologia@valenca.ifbaiano.edu.br<\/span><\/span><br \/>\nE-mail do Servidor:\u00a0<span id=\"OBJ_PREFIX_DWT622_ZmEmailObjectHandler\" class=\"Object\" role=\"link\"><span id=\"OBJ_PREFIX_DWT721_ZmEmailObjectHandler\" class=\"Object\" role=\"link\">marcelo.campos@ifbaiano.edu.br<\/span><\/span><\/p>\n<p><strong>COORDENA\u00c7\u00c3O DO CURSO T\u00c9CNICO EM AGROPECU\u00c1RIA INTEGRADO<\/strong><br \/>\nFrancisco Harley de Oliveira Mendon\u00e7a<br \/>\nE-mail Institucional:\u00a0<span id=\"OBJ_PREFIX_DWT623_ZmEmailObjectHandler\" class=\"Object\" role=\"link\"><span id=\"OBJ_PREFIX_DWT722_ZmEmailObjectHandler\" class=\"Object\" role=\"link\">integrado.agropecuaria@valenca.ifbaiano.edu.br<\/span><\/span><br \/>\nE-mail do Servidor:\u00a0<span id=\"OBJ_PREFIX_DWT624_ZmEmailObjectHandler\" class=\"Object\" role=\"link\"><span id=\"OBJ_PREFIX_DWT723_ZmEmailObjectHandler\" class=\"Object\" role=\"link\">francisco.mendonca@ifbaiano.edu.br<\/span><\/span><\/p>\n<p><strong>COORDENA\u00c7\u00c3O DO CURSO T\u00c9CNICO EM AGROPECU\u00c1RIA SUBSEQUENTE<\/strong><br \/>\nOl\u00edmpia Lima Silva Filha<br \/>\nE-mail Institucional:\u00a0<span id=\"OBJ_PREFIX_DWT625_ZmEmailObjectHandler\" class=\"Object\" role=\"link\"><span id=\"OBJ_PREFIX_DWT724_ZmEmailObjectHandler\" class=\"Object\" role=\"link\">subsequente.agropecuaria@valenca.ifbaiano.edu.br<\/span><\/span><br \/>\nE-mail da Servidora:\u00a0<span id=\"OBJ_PREFIX_DWT626_ZmEmailObjectHandler\" class=\"Object\" role=\"link\"><span id=\"OBJ_PREFIX_DWT725_ZmEmailObjectHandler\" class=\"Object\" role=\"link\">olimpia.silva@ifbaiano.edu.br<\/span><\/span><\/p>\n<p><strong>COORDENA\u00c7\u00c3O DO CURSO T\u00c9CNICO EM MEIO AMBIENTE<\/strong><br \/>\nJaderson Danilo dos Santos<br \/>\nE-mail Institucional:\u00a0<span id=\"OBJ_PREFIX_DWT627_ZmEmailObjectHandler\" class=\"Object\" role=\"link\"><span id=\"OBJ_PREFIX_DWT726_ZmEmailObjectHandler\" class=\"Object\" role=\"link\">subsequente.ambiente@valenca.ifbaiano.edu.br<\/span><\/span><br \/>\nE-mail do Servidor:\u00a0<span id=\"OBJ_PREFIX_DWT628_ZmEmailObjectHandler\" class=\"Object\" role=\"link\"><span id=\"OBJ_PREFIX_DWT727_ZmEmailObjectHandler\" class=\"Object\" role=\"link\">jaderson.santos@ifbaiano.edu.br<\/span><\/span><\/p>\n<p><strong>COORDENA\u00c7\u00c3O DO CURSO DE LICENCIATURA EM CI\u00caNCIAS BIOL\u00d3GICAS<\/strong><br \/>\nTasso Meneses Lima<br \/>\nE-mail Institucional:\u00a0<span id=\"OBJ_PREFIX_DWT629_ZmEmailObjectHandler\" class=\"Object\" role=\"link\"><span id=\"OBJ_PREFIX_DWT728_ZmEmailObjectHandler\" class=\"Object\" role=\"link\">cbio.licenciatura@valenca.ifbaiano.edu.br<\/span><\/span><br \/>\nE-mail do Servidor:\u00a0<span id=\"OBJ_PREFIX_DWT630_ZmEmailObjectHandler\" class=\"Object\" role=\"link\"><span id=\"OBJ_PREFIX_DWT729_ZmEmailObjectHandler\" class=\"Object\" role=\"link\">tasso.meneses@ifbaiano.edu.br<\/span><\/span><\/p>\n","protected":false},"excerpt":{"rendered":"<p>DIRETORIA GERAL Geovane Lima Guimar\u00e3es E-mail Institucional:\u00a0gabinete@valenca.ifbaiano.edu.br E-mail do servidor:\u00a0geovane.guimaraes@ifbaiano.edu.br Tel.: (75) 3641-5270 DIRETORIA ADMINISTRATIVA Cristiano Carvalho de Jesus E-mail Institucional:\u00a0dap@valenca.ifbaiano.edu.br E-mail do servidor:\u00a0cristiano.jesus@ifbaiano.edu.br Tel.: (75) 3641-5270 DIRETORIA DE ENSINO Dislene Cardoso de Brito E-mail Institucional:\u00a0dde@valenca.ifbaiano.edu.br E-mail da servidora:\u00a0dislene.brito@ifbaiano.edu.br Tel.: (75) 3641 5270 COORDENA\u00c7\u00c3O DE ENSINO Celia Maria Pedrosa E-mail Institucional:\u00a0cge@valenca.ifbaiano.edu.br E-mail da servidora: celia.pedrosa@ifbaiano.edu.br [&hellip;]<\/p>\n","protected":false},"author":1,"featured_media":0,"parent":0,"menu_order":0,"comment_status":"closed","ping_status":"closed","template":"","meta":[],"_links":{"self":[{"href":"https:\/\/www.ifbaiano.edu.br\/unidades\/valenca\/wp-json\/wp\/v2\/pages\/133"}],"collection":[{"href":"https:\/\/www.ifbaiano.edu.br\/unidades\/valenca\/wp-json\/wp\/v2\/pages"}],"about":[{"href":"https:\/\/www.ifbaiano.edu.br\/unidades\/valenca\/wp-json\/wp\/v2\/types\/page"}],"author":[{"embeddable":true,"href":"https:\/\/www.ifbaiano.edu.br\/unidades\/valenca\/wp-json\/wp\/v2\/users\/1"}],"replies":[{"embeddable":true,"href":"https:\/\/www.ifbaiano.edu.br\/unidades\/valenca\/wp-json\/wp\/v2\/comments?post=133"}],"version-history":[{"count":38,"href":"https:\/\/www.ifbaiano.edu.br\/unidades\/valenca\/wp-json\/wp\/v2\/pages\/133\/revisions"}],"predecessor-version":[{"id":9984,"href":"https:\/\/www.ifbaiano.edu.br\/unidades\/valenca\/wp-json\/wp\/v2\/pages\/133\/revisions\/9984"}],"wp:attachment":[{"href":"https:\/\/www.ifbaiano.edu.br\/unidades\/valenca\/wp-json\/wp\/v2\/media?parent=133"}],"curies":[{"name":"wp","href":"https:\/\/api.w.org\/{rel}","templated":true}]}}