{"id":206,"date":"2011-08-08T17:23:49","date_gmt":"2011-08-08T17:23:49","guid":{"rendered":"http:\/\/www.ifbaiano.edu.br\/unidades\/valenca\/?page_id=206"},"modified":"2023-06-21T09:15:40","modified_gmt":"2023-06-21T12:15:40","slug":"cursos-tecnicos","status":"publish","type":"page","link":"https:\/\/www.ifbaiano.edu.br\/unidades\/valenca\/cursos-tecnicos\/","title":{"rendered":"Cursos T\u00e9cnicos"},"content":{"rendered":"\n<p>Para ingressar em um dos cursos oferecidos pelo <em>Campus,<\/em> o p\u00fablico interessado precisa participar do processo seletivo unificado, que acontece anualmente e \u00e9 divulgado por meios de comunica\u00e7\u00e3o de massa e no endere\u00e7o eletr\u00f4nico <a href=\"http:\/\/concursos.ifbaiano.edu.br\/\">http:\/\/concursos.ifbaiano.edu.br\/<\/a>.<\/p>\n\n\n\n<div id=\"ProreitoriaTopoTitulo\">\n\t\t\t\t\tIngresso de Estudantes 2023\n\t\t\t\t<\/div>\n\n\n\n<p><a href=\"https:\/\/concurso.ifbaiano.edu.br\/portal\/ingresso-subsequente-valenca-maio-2023\/\">PROCESSO SELETIVO 2023 (SUBSEQUENTE)<\/a> \u2013 Cursos t\u00e9cnicos na forma <strong>Subsequente<\/strong> ao Ensino M\u00e9dio<\/p>\n\n\n\n<ul>\n<li><strong>T\u00e9cnico em Meio Ambiente<\/strong> \u2013 <em>33 vaga<\/em>s (Noturno)<\/li>\n<\/ul>\n\n\n\n<p><a href=\"https:\/\/concurso.ifbaiano.edu.br\/portal\/ingresso-2023-integrado-valenca\/\">PROCESSO SELETIVO 2023 (INTEGRADO)<\/a> \u2013 Cursos t\u00e9cnicos na forma <strong>Integrada<\/strong> ao Ensino M\u00e9dio<\/p>\n\n\n\n<ul>\n<li><strong>T\u00e9cnico em Agropecu\u00e1ria<\/strong> \u2013 <em>35 vagas<\/em><\/li>\n\n\n\n<li><strong>T\u00e9cnico em Agroecologia\u00a0<\/strong>\u2013 <em>70 vagas<\/em><\/li>\n<\/ul>\n\n\n\n<div id=\"ProreitoriaTopoTitulo\">\n\t\t\t\t\tIngresso de Estudantes 2022\n\t\t\t\t<\/div>\n\n\n\n<p>Os cursos com oferta de vagas no IF Baiano &#8211; Campus Valen\u00e7a s\u00e3o:<\/p>\n\n\n\n<p><a href=\"https:\/\/www.ifbaiano.edu.br\/unidades\/valenca\/2022\/08\/05\/selecao-aberta-para-vagas-remanescentes-em-cursos-tecnicos-subsequentes\/\">VAGAS REMANESCENTES &#8211; PROSEL 2022 (SUBSEQUENTE)<\/a> &#8211;  Cursos t\u00e9cnicos na forma<strong> Subsequente <\/strong>ao Ensino M\u00e9dio <\/p>\n\n\n\n<ul>\n<li><strong>T\u00e9cnico em Agropecu\u00e1ria<\/strong> \u2013 33 vagas <\/li>\n\n\n\n<li><strong>T\u00e9cnico em Meio Ambiente<\/strong>&nbsp;\u2013 25 vagas<\/li>\n<\/ul>\n\n\n\n<p><a href=\"https:\/\/concurso.ifbaiano.edu.br\/portal\/ingresso-subsequente-valenca-abril-2022\/\">PROCESSO SELETIVO 2022 (SUBSEQUENTE)<\/a> \u2013&nbsp;Cursos t\u00e9cnicos na forma<strong> Subsequente <\/strong>ao Ensino M\u00e9dio<\/p>\n\n\n\n<ul>\n<li><strong>T\u00e9cnico em Agropecu\u00e1ria<\/strong> \u2013 <em>30 vagas<\/em><\/li>\n\n\n\n<li><strong>T\u00e9cnico em Meio Ambiente&nbsp;<\/strong>\u2013 <em>30 vagas<\/em><\/li>\n<\/ul>\n\n\n\n<p><a href=\"https:\/\/concurso.ifbaiano.edu.br\/portal\/ingresso-integrado-valenca-abril-2022\/\">PROCESSO SELETIVO 2022 (INTEGRADO)<\/a> \u2013 Cursos t\u00e9cnicos na forma<strong> Integrada <\/strong>ao Ensino M\u00e9dio&nbsp;<\/p>\n\n\n\n<ul>\n<li><strong>T\u00e9cnico em Agropecu\u00e1ria<\/strong><em> \u2013 90 vagas<\/em><\/li>\n\n\n\n<li><strong>T\u00e9cnico em Agroecologia&nbsp;<\/strong><em>\u2013<\/em> <em>90 vagas<\/em><\/li>\n<\/ul>\n\n\n\n<div id=\"ProreitoriaTopoTitulo\">\n\t\t\t\t\tIngresso de Estudantes 2021\n\t\t\t\t<\/div>\n\n\n\n<p><a href=\"https:\/\/concurso.ifbaiano.edu.br\/portal\/ingresso-de-estudantes-2021\/\">PROCESSO SELETIVO 2021<\/a> &#8211; Modalidades:&nbsp;<strong>Integrada<\/strong>,&nbsp;<strong>Subsequente<\/strong>&nbsp;e&nbsp;<strong>Ensino a Dist\u00e2ncia<\/strong><\/p>\n","protected":false},"excerpt":{"rendered":"<p>Para ingressar em um dos cursos oferecidos pelo Campus, o p\u00fablico interessado precisa participar do processo seletivo unificado, que acontece anualmente e \u00e9 divulgado por meios de comunica\u00e7\u00e3o de massa e no endere\u00e7o eletr\u00f4nico http:\/\/concursos.ifbaiano.edu.br\/. Ingresso de Estudantes 2023 PROCESSO SELETIVO 2023 (SUBSEQUENTE) \u2013 Cursos t\u00e9cnicos na forma Subsequente ao Ensino M\u00e9dio PROCESSO SELETIVO 2023 [&hellip;]<\/p>\n","protected":false},"author":2,"featured_media":0,"parent":0,"menu_order":0,"comment_status":"closed","ping_status":"closed","template":"","meta":[],"_links":{"self":[{"href":"https:\/\/www.ifbaiano.edu.br\/unidades\/valenca\/wp-json\/wp\/v2\/pages\/206"}],"collection":[{"href":"https:\/\/www.ifbaiano.edu.br\/unidades\/valenca\/wp-json\/wp\/v2\/pages"}],"about":[{"href":"https:\/\/www.ifbaiano.edu.br\/unidades\/valenca\/wp-json\/wp\/v2\/types\/page"}],"author":[{"embeddable":true,"href":"https:\/\/www.ifbaiano.edu.br\/unidades\/valenca\/wp-json\/wp\/v2\/users\/2"}],"replies":[{"embeddable":true,"href":"https:\/\/www.ifbaiano.edu.br\/unidades\/valenca\/wp-json\/wp\/v2\/comments?post=206"}],"version-history":[{"count":14,"href":"https:\/\/www.ifbaiano.edu.br\/unidades\/valenca\/wp-json\/wp\/v2\/pages\/206\/revisions"}],"predecessor-version":[{"id":9058,"href":"https:\/\/www.ifbaiano.edu.br\/unidades\/valenca\/wp-json\/wp\/v2\/pages\/206\/revisions\/9058"}],"wp:attachment":[{"href":"https:\/\/www.ifbaiano.edu.br\/unidades\/valenca\/wp-json\/wp\/v2\/media?parent=206"}],"curies":[{"name":"wp","href":"https:\/\/api.w.org\/{rel}","templated":true}]}}