{"id":222,"date":"2011-08-08T18:12:27","date_gmt":"2011-08-08T18:12:27","guid":{"rendered":"http:\/\/www.ifbaiano.edu.br\/unidades\/valenca\/?page_id=222"},"modified":"2022-08-09T12:51:36","modified_gmt":"2022-08-09T15:51:36","slug":"calendario-academico","status":"publish","type":"page","link":"https:\/\/www.ifbaiano.edu.br\/unidades\/valenca\/calendario-academico\/","title":{"rendered":"Calend\u00e1rio Acad\u00eamico"},"content":{"rendered":"\n<div class=\"wp-block-columns is-layout-flex wp-container-4\">\n<div class=\"wp-block-column is-layout-flow\">\n<div id=\"ProreitoriaTopoTitulo\">\t\t \n         Integrado\n<\/div>\n\n\n\n<p><strong>Agropecu\u00e1ria<\/strong> e <strong>Agroecologia<\/strong><\/p>\n\n\n\n<p><a href=\"https:\/\/www.ifbaiano.edu.br\/unidades\/valenca\/files\/2022\/08\/Calendario-Academico-Letivo-2022-atualizado.pdf\"><strong>Calend\u00e1rio Acad\u00eamico Letivo 2022<\/strong><\/a><span style=\"color: #ff0000\"><strong> <\/strong><\/span><span style=\"color: #ff0000\"><strong>(Novo)<\/strong><\/span><\/p>\n\n\n\n<p><strong><a href=\"https:\/\/www.ifbaiano.edu.br\/unidades\/valenca\/files\/2022\/05\/Calendario-Academico-Letivo-2022-Integrado.pdf\">Calend\u00e1rio Acad\u00eamico Letivo 2022<\/a> <\/strong><\/p>\n\n\n\n<p><a href=\"https:\/\/www.ifbaiano.edu.br\/unidades\/valenca\/files\/2022\/05\/Calendario-Academico-Letivo-2021-Integrado.pdf\"><strong>Calend\u00e1rio Acad\u00eamico Letivo 2021<\/strong><\/a><\/p>\n\n\n\n<p><strong><a href=\"http:\/\/www.ifbaiano.edu.br\/unidades\/valenca\/files\/2011\/08\/Calendario-2016-INTEGRADO.pdf\">Calend\u00e1rio Acad\u00eamico Letivo 2016<\/a><\/strong><\/p>\n<\/div>\n\n\n\n<div class=\"wp-block-column is-layout-flow\">\n<div id=\"ProreitoriaTopoTitulo\">\t\t\t\t \n         Subsequente\n<\/div>\n\n\n\n<p><strong>Meio Ambiente <\/strong>e<strong> Agropecu\u00e1ria<\/strong>  <\/p>\n\n\n\n<p><a href=\"https:\/\/www.ifbaiano.edu.br\/unidades\/valenca\/files\/2022\/08\/Calendario-Academico-Letivo-2022-Subsequente-atualizado.pdf\"><strong>Calend\u00e1rio Acad\u00eamico Letivo 2022<\/strong><\/a><span style=\"color: #ff0000\"><strong> (Novo)<\/strong><\/span><\/p>\n\n\n\n<p><a href=\"https:\/\/www.ifbaiano.edu.br\/unidades\/valenca\/files\/2022\/05\/Calendario-Academico-Letivo-2022-Subsequente.pdf\"><strong>Calend\u00e1rio Acad\u00eamico Letivo 2022<\/strong><\/a><\/p>\n\n\n\n<p><a href=\"https:\/\/www.ifbaiano.edu.br\/unidades\/valenca\/files\/2022\/05\/Calendario-Academico-Letivo-2021-Subsequente.pdf\"><strong>Calend\u00e1rio Acad\u00eamico Letivo 2021<\/strong><\/a><\/p>\n\n\n\n<p><strong><a href=\"http:\/\/www.ifbaiano.edu.br\/unidades\/valenca\/files\/2011\/08\/CALENDARIO-SUBSEQUENTE-2016.pdf\">Calend\u00e1rio Letivo Acad\u00eamico 2016<\/a><\/strong><\/p>\n<\/div>\n\n\n\n<div class=\"wp-block-column is-layout-flow\">\n<div id=\"ProreitoriaTopoTitulo\">\n\tGradua\u00e7\u00e3o\t\t\t\t\t\t\t<\/div>\n\n\n\n<p><strong>Ci\u00eancias Biol\u00f3gicas<\/strong><\/p>\n\n\n\n<p><a href=\"https:\/\/www.ifbaiano.edu.br\/unidades\/valenca\/files\/2022\/07\/Calendario-Academico-Letivo-2022.1-e-2022.2-Ciencias-Biologicas-Atualizado.pdf\"><strong>Calend\u00e1rio Acad\u00eamico Letivo 2022.1 e 2022.2<\/strong><\/a><span style=\"color: #ff0000\"><strong> (Novo)<\/strong><\/span><\/p>\n\n\n\n<p><a href=\"https:\/\/www.ifbaiano.edu.br\/unidades\/valenca\/files\/2022\/05\/Calendario-Academico-Letivo-2022Graduacao.pdf\"><strong>Calend\u00e1rio Acad\u00eamico Letivo 2022<\/strong><\/a><\/p>\n\n\n\n<p><a href=\"https:\/\/www.ifbaiano.edu.br\/unidades\/valenca\/files\/2022\/05\/Calendario-Academico-Letivo-2021.2-Graduacao.pdf\"><strong>Calend\u00e1rio Acad\u00eamico Letivo 2021.2<\/strong><\/a><\/p>\n\n\n\n<p><a href=\"https:\/\/www.ifbaiano.edu.br\/unidades\/valenca\/files\/2022\/05\/Calendario-Academico-Letivo-2021-Graduacao.pdf\"><strong>Calend\u00e1rio Acad\u00eamico Letivo 2021<\/strong><\/a><\/p>\n<\/div>\n<\/div>\n","protected":false},"excerpt":{"rendered":"<p>Integrado Agropecu\u00e1ria e Agroecologia Calend\u00e1rio Acad\u00eamico Letivo 2022 (Novo) Calend\u00e1rio Acad\u00eamico Letivo 2022 Calend\u00e1rio Acad\u00eamico Letivo 2021 Calend\u00e1rio Acad\u00eamico Letivo 2016 Subsequente Meio Ambiente e Agropecu\u00e1ria Calend\u00e1rio Acad\u00eamico Letivo 2022 (Novo) Calend\u00e1rio Acad\u00eamico Letivo 2022 Calend\u00e1rio Acad\u00eamico Letivo 2021 Calend\u00e1rio Letivo Acad\u00eamico 2016 Gradua\u00e7\u00e3o Ci\u00eancias Biol\u00f3gicas Calend\u00e1rio Acad\u00eamico Letivo 2022.1 e 2022.2 (Novo) Calend\u00e1rio Acad\u00eamico [&hellip;]<\/p>\n","protected":false},"author":2,"featured_media":0,"parent":0,"menu_order":0,"comment_status":"closed","ping_status":"closed","template":"","meta":[],"_links":{"self":[{"href":"https:\/\/www.ifbaiano.edu.br\/unidades\/valenca\/wp-json\/wp\/v2\/pages\/222"}],"collection":[{"href":"https:\/\/www.ifbaiano.edu.br\/unidades\/valenca\/wp-json\/wp\/v2\/pages"}],"about":[{"href":"https:\/\/www.ifbaiano.edu.br\/unidades\/valenca\/wp-json\/wp\/v2\/types\/page"}],"author":[{"embeddable":true,"href":"https:\/\/www.ifbaiano.edu.br\/unidades\/valenca\/wp-json\/wp\/v2\/users\/2"}],"replies":[{"embeddable":true,"href":"https:\/\/www.ifbaiano.edu.br\/unidades\/valenca\/wp-json\/wp\/v2\/comments?post=222"}],"version-history":[{"count":20,"href":"https:\/\/www.ifbaiano.edu.br\/unidades\/valenca\/wp-json\/wp\/v2\/pages\/222\/revisions"}],"predecessor-version":[{"id":8314,"href":"https:\/\/www.ifbaiano.edu.br\/unidades\/valenca\/wp-json\/wp\/v2\/pages\/222\/revisions\/8314"}],"wp:attachment":[{"href":"https:\/\/www.ifbaiano.edu.br\/unidades\/valenca\/wp-json\/wp\/v2\/media?parent=222"}],"curies":[{"name":"wp","href":"https:\/\/api.w.org\/{rel}","templated":true}]}}