{"id":23,"date":"2011-05-18T18:47:43","date_gmt":"2011-05-18T18:47:43","guid":{"rendered":"http:\/\/localhost\/unidades\/bonfim\/?page_id=23"},"modified":"2023-10-24T01:03:09","modified_gmt":"2023-10-24T04:03:09","slug":"historico","status":"publish","type":"page","link":"https:\/\/www.ifbaiano.edu.br\/unidades\/valenca\/historico\/","title":{"rendered":"Hist\u00f3rico"},"content":{"rendered":"<p style=\"text-align: justify\">O <em>Campus<\/em> Valen\u00e7a do Instituto Federal de Educa\u00e7\u00e3o, Ci\u00eancia e Tecnologia Baiano (IF Baiano) originou-se da antiga Escola M\u00e9dia de Agropecu\u00e1ria Regional da Comiss\u00e3o Executiva do Plano da Lavoura Cacaueira \u2013 EMARC \u2013 Valen\u00e7a, que iniciou suas atividades como centro de treinamento profissionalizante em 14 de abril de 1980, de acordo com a Lei 5.692. Em 1998, passou a ofertar dois cursos: o Ensino M\u00e9dio e o Curso T\u00e9cnico com Habilita\u00e7\u00e3o em Agropecu\u00e1ria, conforme orientava a Lei de Diretrizes e Bases \u2013 Lei n\u00ba 9.394\/96.<\/p>\n<p style=\"text-align: justify\">Mas, \u00e9 em 29 de dezembro de 2008 que a EMARC transforma-se, adquirindo um novo perfil institucional atrav\u00e9s da integra\u00e7\u00e3o \u00e0 Rede Federal de Educa\u00e7\u00e3o Profissional, Cient\u00edfica e Tecnol\u00f3gica como <em>campus<\/em> do IF Baiano (Lei n\u00ba 11.892\/2008). Entretanto, a completa gest\u00e3o da unidade pelo IF Baiano se efetiva a partir de 2010, com a posse do diretor-geral <em>pro-tempore<\/em> Francisco Harley de Mendon\u00e7a.<\/p>\n<p style=\"text-align: justify\">Com isso, os compromissos e responsabilidades sociais ganharam novas dimens\u00f5es, pois os institutos federais devem ter 50% das suas vagas direcionadas \u00e0 educa\u00e7\u00e3o profissional t\u00e9cnica de n\u00edvel m\u00e9dio e 20% \u00e0 forma\u00e7\u00e3o de professores para a Educa\u00e7\u00e3o B\u00e1sica (licenciaturas), al\u00e9m de ofertar outras modalidades de cursos de gradua\u00e7\u00e3o (tecnol\u00f3gicos, bacharelados e engenharias) e p\u00f3s-gradua\u00e7\u00e3o (<em>lato sensu<\/em> e <em>strictu sensu<\/em>).<\/p>\n<p style=\"text-align: justify\">A articula\u00e7\u00e3o ensino\/pesquisa\/extens\u00e3o e sociedade nos desafia a construir um novo arranjo educacional para a unidade, o que abrir\u00e1 mais perspectivas de desenvolvimento socioecon\u00f4mico local e regional. O <em>Campus<\/em> Valen\u00e7a oferece, atualmente, os cursos T\u00e9cnico Integrado em Agroecologia e em Agropecu\u00e1ria; o Curso T\u00e9cnico Subsequente em Meio ambiente e Agropecu\u00e1ria; o Curso T\u00e9cnico Subsequente, na modalidade EAD em Vendas e Secretaria Escolar; o curso de gradua\u00e7\u00e3o em Licenciatura em Ci\u00eancias Biol\u00f3gicas e cursos de\u00a0 P\u00f3s-Gradua\u00e7\u00e3o e cursos de extens\u00e3o.<\/p>\n<p style=\"text-align: justify\">Com a combina\u00e7\u00e3o de eixos como Ci\u00eancia, Cultura e Trabalho, o <em>Campus<\/em> Valen\u00e7a tem solidificado um espa\u00e7o de intera\u00e7\u00e3o junto aos munic\u00edpios pertencentes ao territ\u00f3rio de identidade do Baixo Sul, consolidando a forma\u00e7\u00e3o de profissionais cidad\u00e3os, sintonizados e preparados para lidar com as realidades do pa\u00eds.<\/p>\n","protected":false},"excerpt":{"rendered":"<p>O Campus Valen\u00e7a do Instituto Federal de Educa\u00e7\u00e3o, Ci\u00eancia e Tecnologia Baiano (IF Baiano) originou-se da antiga Escola M\u00e9dia de Agropecu\u00e1ria Regional da Comiss\u00e3o Executiva do Plano da Lavoura Cacaueira \u2013 EMARC \u2013 Valen\u00e7a, que iniciou suas atividades como centro de treinamento profissionalizante em 14 de abril de 1980, de acordo com a Lei 5.692. [&hellip;]<\/p>\n","protected":false},"author":1,"featured_media":0,"parent":0,"menu_order":0,"comment_status":"closed","ping_status":"closed","template":"","meta":[],"_links":{"self":[{"href":"https:\/\/www.ifbaiano.edu.br\/unidades\/valenca\/wp-json\/wp\/v2\/pages\/23"}],"collection":[{"href":"https:\/\/www.ifbaiano.edu.br\/unidades\/valenca\/wp-json\/wp\/v2\/pages"}],"about":[{"href":"https:\/\/www.ifbaiano.edu.br\/unidades\/valenca\/wp-json\/wp\/v2\/types\/page"}],"author":[{"embeddable":true,"href":"https:\/\/www.ifbaiano.edu.br\/unidades\/valenca\/wp-json\/wp\/v2\/users\/1"}],"replies":[{"embeddable":true,"href":"https:\/\/www.ifbaiano.edu.br\/unidades\/valenca\/wp-json\/wp\/v2\/comments?post=23"}],"version-history":[{"count":8,"href":"https:\/\/www.ifbaiano.edu.br\/unidades\/valenca\/wp-json\/wp\/v2\/pages\/23\/revisions"}],"predecessor-version":[{"id":9426,"href":"https:\/\/www.ifbaiano.edu.br\/unidades\/valenca\/wp-json\/wp\/v2\/pages\/23\/revisions\/9426"}],"wp:attachment":[{"href":"https:\/\/www.ifbaiano.edu.br\/unidades\/valenca\/wp-json\/wp\/v2\/media?parent=23"}],"curies":[{"name":"wp","href":"https:\/\/api.w.org\/{rel}","templated":true}]}}