{"id":2492,"date":"2012-11-13T17:22:20","date_gmt":"2012-11-13T17:22:20","guid":{"rendered":"http:\/\/www.ifbaiano.edu.br\/unidades\/valenca\/?page_id=2492"},"modified":"2023-08-23T10:11:31","modified_gmt":"2023-08-23T13:11:31","slug":"informes-dap-departamento-de-administracao-e-planejamento","status":"publish","type":"page","link":"https:\/\/www.ifbaiano.edu.br\/unidades\/valenca\/informes-dap-departamento-de-administracao-e-planejamento\/","title":{"rendered":"Informes DAP"},"content":{"rendered":"<p>* Divulga\u00e7\u00e3o do Or\u00e7amento do Campus Valen\u00e7a para o ano 2018. Clique no <strong>link <\/strong>abaixo e acesse a planilha.<\/p>\n<p><a href=\"http:\/\/www.ifbaiano.edu.br\/unidades\/valenca\/files\/2012\/11\/Or\u00e7amento-2018.pdf\" target=\"_blank\" rel=\"noopener\">Or\u00e7amento 2018<\/a><\/p>\n<p><\/p>\n\n\n<p>Divulga\u00e7\u00e3o do Or\u00e7amento do Campus Valen\u00e7a para o ano 2022. Clique no <strong>link <\/strong>abaixo para acesso aos dados.<\/p>\n\n\n\n<p><a href=\"https:\/\/www.ifbaiano.edu.br\/unidades\/valenca\/files\/2023\/08\/APLICACAO-ORC_2022.pdf\">Or\u00e7amento executado 2022<\/a><\/p>\n\n\n\n<p><a href=\"https:\/\/portaldatransparencia.gov.br\/despesas\/favorecido?paginacaoSimples=true&amp;tamanhoPagina=&amp;offset=&amp;direcaoOrdenacao=asc&amp;colunasSelecionadas=data%2CdocumentoResumido%2ClocalizadorGasto%2Cfase%2Cespecie%2Cfavorecido%2CufFavorecido%2Cvalor%2Cug%2Cuo%2Corgao%2CorgaoSuperior%2Cgrupo%2Celemento%2Cmodalidade%2CplanoOrcamentario%2Cautor&amp;de=01%2F01%2F2022&amp;ate=31%2F12%2F2022&amp;orgaos=UG154579&amp;faseDespesa=1&amp;ordenarPor=data&amp;direcao=asc\" data-type=\"URL\" data-id=\"https:\/\/portaldatransparencia.gov.br\/despesas\/favorecido?paginacaoSimples=true&amp;tamanhoPagina=&amp;offset=&amp;direcaoOrdenacao=asc&amp;colunasSelecionadas=data%2CdocumentoResumido%2ClocalizadorGasto%2Cfase%2Cespecie%2Cfavorecido%2CufFavorecido%2Cvalor%2Cug%2Cuo%2Corgao%2CorgaoSuperior%2Cgrupo%2Celemento%2Cmodalidade%2CplanoOrcamentario%2Cautor&amp;de=01%2F01%2F2022&amp;ate=31%2F12%2F2022&amp;orgaos=UG154579&amp;faseDespesa=1&amp;ordenarPor=data&amp;direcao=asc\">ACESSO AO PORTAL DA TRANSPAR\u00caNCIA<\/a><\/p>\n","protected":false},"excerpt":{"rendered":"<p>* Divulga\u00e7\u00e3o do Or\u00e7amento do Campus Valen\u00e7a para o ano 2018. Clique no link abaixo e acesse a planilha. Or\u00e7amento 2018 Divulga\u00e7\u00e3o do Or\u00e7amento do Campus Valen\u00e7a para o ano 2022. Clique no link abaixo para acesso aos dados. Or\u00e7amento executado 2022 ACESSO AO PORTAL DA TRANSPAR\u00caNCIA<\/p>\n","protected":false},"author":33,"featured_media":0,"parent":0,"menu_order":0,"comment_status":"open","ping_status":"open","template":"","meta":[],"_links":{"self":[{"href":"https:\/\/www.ifbaiano.edu.br\/unidades\/valenca\/wp-json\/wp\/v2\/pages\/2492"}],"collection":[{"href":"https:\/\/www.ifbaiano.edu.br\/unidades\/valenca\/wp-json\/wp\/v2\/pages"}],"about":[{"href":"https:\/\/www.ifbaiano.edu.br\/unidades\/valenca\/wp-json\/wp\/v2\/types\/page"}],"author":[{"embeddable":true,"href":"https:\/\/www.ifbaiano.edu.br\/unidades\/valenca\/wp-json\/wp\/v2\/users\/33"}],"replies":[{"embeddable":true,"href":"https:\/\/www.ifbaiano.edu.br\/unidades\/valenca\/wp-json\/wp\/v2\/comments?post=2492"}],"version-history":[{"count":15,"href":"https:\/\/www.ifbaiano.edu.br\/unidades\/valenca\/wp-json\/wp\/v2\/pages\/2492\/revisions"}],"predecessor-version":[{"id":9254,"href":"https:\/\/www.ifbaiano.edu.br\/unidades\/valenca\/wp-json\/wp\/v2\/pages\/2492\/revisions\/9254"}],"wp:attachment":[{"href":"https:\/\/www.ifbaiano.edu.br\/unidades\/valenca\/wp-json\/wp\/v2\/media?parent=2492"}],"curies":[{"name":"wp","href":"https:\/\/api.w.org\/{rel}","templated":true}]}}