{"id":28,"date":"2021-05-31T16:42:00","date_gmt":"2021-05-31T19:42:00","guid":{"rendered":"http:\/\/localhost\/unidades\/bonfim\/?page_id=28"},"modified":"2023-10-24T01:36:17","modified_gmt":"2023-10-24T04:36:17","slug":"como-chegar","status":"publish","type":"page","link":"https:\/\/www.ifbaiano.edu.br\/unidades\/valenca\/como-chegar\/","title":{"rendered":"Como chegar"},"content":{"rendered":"\n<p class=\"has-text-align-left\"><strong>A sede do IF Baiano <em>Campus<\/em> Valen\u00e7a est\u00e1 localizada \u00e0 Rua Glic\u00e9rio Tavares, S\/N \u2013 Bate Quente, Valen\u00e7a-Ba, CEP: 45.400-000.<\/strong><\/p>\n\n\n<div class=\"wp-block-image\">\n<figure class=\"alignleft size-full is-resized\"><a href=\"https:\/\/goo.gl\/maps\/sAFZ3wP6qgP5W3NS8\"><img decoding=\"async\" loading=\"lazy\" src=\"https:\/\/www.ifbaiano.edu.br\/unidades\/valenca\/files\/2022\/03\/IF-Baiano-Valenca.png\" alt=\"Localiza\u00e7\u00e3o: Sede IF Baiano\" class=\"wp-image-7214\" width=\"885\" height=\"675\" \/><\/a><figcaption class=\"wp-element-caption\"><a href=\"https:\/\/goo.gl\/maps\/sAFZ3wP6qgP5W3NS8\"><strong>Veja no Google Maps<\/strong><\/a><\/figcaption><\/figure><\/div>\n\n\n<p class=\"has-text-align-left\"><strong>A Fazenda Aldeia (\u00e1rea de Campo) dista 7\u00a0 km da sede, e est\u00e1 localizado na BA 542, sentido entroncamento BR 101, Valen\u00e7a-Ba. TEL: (75) 3641-5270<\/strong><\/p>\n\n\n<div class=\"wp-block-image is-style-default\">\n<figure class=\"alignleft size-large is-resized\"><a href=\"https:\/\/goo.gl\/maps\/zBie8U1AM2EtGRpU7\" target=\"_blank\" rel=\"noopener\"><img decoding=\"async\" loading=\"lazy\" src=\"https:\/\/www.ifbaiano.edu.br\/unidades\/valenca\/files\/2021\/05\/maps3.png\" alt=\"Localiza\u00e7\u00e3o: \u00c1rea de campo - Fazenda Aldeia \" class=\"wp-image-5943\" width=\"885\" height=\"675\" \/><\/a><figcaption class=\"wp-element-caption\"><a rel=\"noreferrer noopener\" href=\"https:\/\/goo.gl\/maps\/eQwdC\" target=\"_blank\">Veja no Google Maps<\/a><\/figcaption><\/figure><\/div>\n\n\n<p><\/p>\n","protected":false},"excerpt":{"rendered":"<p>A sede do IF Baiano Campus Valen\u00e7a est\u00e1 localizada \u00e0 Rua Glic\u00e9rio Tavares, S\/N \u2013 Bate Quente, Valen\u00e7a-Ba, CEP: 45.400-000. A Fazenda Aldeia (\u00e1rea de Campo) dista 7\u00a0 km da sede, e est\u00e1 localizado na BA 542, sentido entroncamento BR 101, Valen\u00e7a-Ba. TEL: (75) 3641-5270<\/p>\n","protected":false},"author":146,"featured_media":0,"parent":0,"menu_order":0,"comment_status":"closed","ping_status":"closed","template":"","meta":[],"_links":{"self":[{"href":"https:\/\/www.ifbaiano.edu.br\/unidades\/valenca\/wp-json\/wp\/v2\/pages\/28"}],"collection":[{"href":"https:\/\/www.ifbaiano.edu.br\/unidades\/valenca\/wp-json\/wp\/v2\/pages"}],"about":[{"href":"https:\/\/www.ifbaiano.edu.br\/unidades\/valenca\/wp-json\/wp\/v2\/types\/page"}],"author":[{"embeddable":true,"href":"https:\/\/www.ifbaiano.edu.br\/unidades\/valenca\/wp-json\/wp\/v2\/users\/146"}],"replies":[{"embeddable":true,"href":"https:\/\/www.ifbaiano.edu.br\/unidades\/valenca\/wp-json\/wp\/v2\/comments?post=28"}],"version-history":[{"count":39,"href":"https:\/\/www.ifbaiano.edu.br\/unidades\/valenca\/wp-json\/wp\/v2\/pages\/28\/revisions"}],"predecessor-version":[{"id":9429,"href":"https:\/\/www.ifbaiano.edu.br\/unidades\/valenca\/wp-json\/wp\/v2\/pages\/28\/revisions\/9429"}],"wp:attachment":[{"href":"https:\/\/www.ifbaiano.edu.br\/unidades\/valenca\/wp-json\/wp\/v2\/media?parent=28"}],"curies":[{"name":"wp","href":"https:\/\/api.w.org\/{rel}","templated":true}]}}