{"id":2844,"date":"2013-04-22T11:26:19","date_gmt":"2013-04-22T11:26:19","guid":{"rendered":"http:\/\/www.ifbaiano.edu.br\/unidades\/valenca\/?page_id=2844"},"modified":"2024-05-10T11:26:22","modified_gmt":"2024-05-10T14:26:22","slug":"selecao-de-professores","status":"publish","type":"page","link":"https:\/\/www.ifbaiano.edu.br\/unidades\/valenca\/selecao-de-professores\/","title":{"rendered":"Sele\u00e7\u00e3o de Professores"},"content":{"rendered":"<h1>2024<\/h1>\n<p><a href=\"https:\/\/concurso.ifbaiano.edu.br\/portal\/substituto-aae-libras-valenca-marco-2024\/\">Processo Seletivo para Contrata\u00e7\u00e3o de Professor Substituto de AEE e LIBRAS \u2013 Campus Valen\u00e7a \u2013 Mar\u00e7o 2024 (ifbaiano.edu.br)<\/a><\/p>\n<h1>2023<\/h1>\n<p><a href=\"https:\/\/www.institutoaocp.org.br\/concursos\/586\" target=\"_blank\" rel=\"noopener\">Concurso P\u00fablico para provimento de cargos de Professor de Ensino B\u00e1sico, T\u00e9cnico e Tecnol\u00f3gico \u2013 Dezembro 2023<\/a><\/p>\n<h1>2015<\/h1>\n<p>Processo Seletivo para contrata\u00e7\u00e3o de professores substitutos.<\/p>\n<p>Edital n\u00ba78 de 03 de dezembro de-2015. <a href=\"http:\/\/www.ifbaiano.edu.br\/unidades\/valenca\/files\/2015\/12\/Edital-n78-de-03-de-dezembro-de-2015.pdf\">Edital<\/a>.<\/p>\n<p>Homologa\u00e7\u00e3o das Inscri\u00e7\u00f5es &#8211; <a href=\"http:\/\/www.ifbaiano.edu.br\/unidades\/valenca\/files\/2013\/04\/Homologacao-das-Inscricoes.pdf\">Homologa\u00e7\u00e3o<\/a><\/p>\n<p>Homologa\u00e7\u00e3o das Inscri\u00e7\u00f5es- Ap\u00f3s Recurso &#8211;\u00a0<a href=\"http:\/\/www.ifbaiano.edu.br\/unidades\/valenca\/files\/2013\/04\/Homologacao-das-Inscricoes-Apos-recursos.pdf\">Homologa\u00e7\u00e3o<\/a><\/p>\n<p>Resultado Preliminar do Processo Seletivo Simplificado para contrata\u00e7\u00e3o de Professor Substituto\/ L\u00edngua Espanhola &#8211; <a href=\"http:\/\/www.ifbaiano.edu.br\/unidades\/valenca\/files\/2013\/04\/Resultado-Preliminar1.pdf\">Resultado<\/a> &#8220;Divulga\u00e7\u00e3o do Resultado Preliminar realizado no dia 14\/01\/2016 \u00e0s 12:00 horas&#8221;<\/p>\n<p>Resultado\u00a0 Final &#8211; <a href=\"http:\/\/www.ifbaiano.edu.br\/unidades\/valenca\/files\/2013\/04\/Resultado-Final1.pdf\">Anexo<\/a><\/p>\n<h1>2014<\/h1>\n<p>Processo Seletivo para contrata\u00e7\u00e3o de professores substitutos e tempor\u00e1rios.<\/p>\n<p>Edital n\u00ba55 de 25 de novembro de 2014. <a href=\"http:\/\/www.ifbaiano.edu.br\/unidades\/valenca\/files\/2013\/04\/Edital2.pdf\">Edital<\/a><\/p>\n<p>Retifica\u00e7\u00e3o do Edital 55\/2014. <a href=\"http:\/\/www.ifbaiano.edu.br\/unidades\/valenca\/files\/2013\/04\/Retificacao.pdf\">Retificacao<\/a><\/p>\n<p>Homologa\u00e7\u00e3o das inscri\u00e7\u00f5es. <a href=\"http:\/\/www.ifbaiano.edu.br\/unidades\/valenca\/files\/2013\/04\/homologacao.pdf\">homologacao<\/a><\/p>\n<p>Comunicado &#8211; <a href=\"http:\/\/www.ifbaiano.edu.br\/unidades\/valenca\/files\/2013\/04\/COMUNICADO-SORTEIO-DOS-PONTOS-ZOOTECNIA.pdf\">COMUNICADO SORTEIO DOS PONTOS ZOOTECNIA<\/a><\/p>\n<p>Lista de Inscritos p\u00f3s-recursos. <a href=\"http:\/\/www.ifbaiano.edu.br\/unidades\/valenca\/files\/2013\/04\/lista-de-inscritos-pos-recursos.pdf\">lista de inscritos pos recursos<\/a><\/p>\n<p>15\/12\/2014 &#8211; <a href=\"http:\/\/www.ifbaiano.edu.br\/unidades\/valenca\/files\/2013\/04\/Edital-55-Resultado-Preliminar.pdf\">Edital 55 &#8211; Resultado Preliminar<\/a><\/p>\n<p>19\/12\/2014 &#8211; Resultado Final <a href=\"http:\/\/www.ifbaiano.edu.br\/unidades\/valenca\/files\/2013\/04\/Edital-55-Resultado-Final.pdf\">Edital 55 &#8211; Resultado Final<\/a><\/p>\n<p><strong>2013<\/strong><\/p>\n<p><strong>Professores Tempor\u00e1rio e Substituto (Matem\u00e1tica, Letras, Educa\u00e7\u00e3o F\u00edsica e Agronomia)<\/strong><\/p>\n<p><a href=\"http:\/\/www.ifbaiano.edu.br\/reitoria\/wp-content\/uploads\/2013\/03\/Edital-Valenca.pdf\">Edital n\u00ba 28, de 26 de mar\u00e7o de 2013<\/a><\/p>\n<p><a href=\"http:\/\/www.ifbaiano.edu.br\/reitoria\/wp-content\/uploads\/2013\/04\/Retificacao.pdf\">Retifica\u00e7\u00e3o<\/a> \u2013 4\/4\/2013<\/p>\n<p><a href=\"http:\/\/www.ifbaiano.edu.br\/reitoria\/wp-content\/uploads\/2011\/01\/RELACAO-DE-INSCRITOS-EDITAL-28.pdf\">Rela\u00e7\u00e3o de Inscritos<\/a><\/p>\n<h1>2012<\/h1>\n<p><strong>Professor Substituto (Zootecnia)<\/strong><\/p>\n<p><a href=\"http:\/\/www.ifbaiano.edu.br\/reitoria\/wp-content\/uploads\/2012\/12\/Edital-191.pdf\">Edital n\u00ba 191, de 30 de novembro de 2012<\/a><\/p>\n<p><a href=\"http:\/\/www.ifbaiano.edu.br\/reitoria\/wp-content\/uploads\/2012\/12\/resultado-zootecnia.pdf\">Inscri\u00e7\u00f5es Homologadas<\/a><\/p>\n<p><a href=\"http:\/\/www.ifbaiano.edu.br\/reitoria\/wp-content\/uploads\/2012\/12\/Resultado-Zootecnia1.pdf\">Resultado Preliminar <\/a><\/p>\n<p><strong>Professor Tempor\u00e1rio (Meio Ambiente)<\/strong><\/p>\n<p><a href=\"http:\/\/www.ifbaiano.edu.br\/reitoria\/wp-content\/uploads\/2012\/09\/Edital-N-156-Processo-Seletivo-Campus-VALENcA.pdf\">Edital n\u00ba.156, de 13 de setembro de 2012<\/a><strong>\u00a0 <\/strong><\/p>\n<h4><strong>Professor Tempor\u00e1rio (Qu\u00edmica e Geografia)<\/strong><\/h4>\n<p><a title=\"http:\/\/www.ifbaiano.edu.br\/portal\/wp-content\/uploads\/2012\/05\/Valenca_Edital-86.pdf\" href=\"http:\/\/www.ifbaiano.edu.br\/portal\/wp-content\/uploads\/2012\/05\/Valenca_Edital-86.pdf\" target=\"_blank\" rel=\"noopener\">Edital n\u00ba 86, de 15 de maio de 2012<\/a><\/p>\n<p><a href=\"http:\/\/www.ifbaiano.edu.br\/reitoria\/wp-content\/uploads\/2012\/06\/RESULTADO-PRELIMINAR.pdf\">Resultado Preliminar do Processo Seletivo para Professor Tempor\u00e1rio de Geografia e Qu\u00edmica<\/a><\/p>\n","protected":false},"excerpt":{"rendered":"<p>2024 Processo Seletivo para Contrata\u00e7\u00e3o de Professor Substituto de AEE e LIBRAS \u2013 Campus Valen\u00e7a \u2013 Mar\u00e7o 2024 (ifbaiano.edu.br) 2023 Concurso P\u00fablico para provimento de cargos de Professor de Ensino B\u00e1sico, T\u00e9cnico e Tecnol\u00f3gico \u2013 Dezembro 2023 2015 Processo Seletivo para contrata\u00e7\u00e3o de professores substitutos. Edital n\u00ba78 de 03 de dezembro de-2015. Edital. Homologa\u00e7\u00e3o das [&hellip;]<\/p>\n","protected":false},"author":33,"featured_media":0,"parent":0,"menu_order":0,"comment_status":"open","ping_status":"open","template":"","meta":[],"_links":{"self":[{"href":"https:\/\/www.ifbaiano.edu.br\/unidades\/valenca\/wp-json\/wp\/v2\/pages\/2844"}],"collection":[{"href":"https:\/\/www.ifbaiano.edu.br\/unidades\/valenca\/wp-json\/wp\/v2\/pages"}],"about":[{"href":"https:\/\/www.ifbaiano.edu.br\/unidades\/valenca\/wp-json\/wp\/v2\/types\/page"}],"author":[{"embeddable":true,"href":"https:\/\/www.ifbaiano.edu.br\/unidades\/valenca\/wp-json\/wp\/v2\/users\/33"}],"replies":[{"embeddable":true,"href":"https:\/\/www.ifbaiano.edu.br\/unidades\/valenca\/wp-json\/wp\/v2\/comments?post=2844"}],"version-history":[{"count":26,"href":"https:\/\/www.ifbaiano.edu.br\/unidades\/valenca\/wp-json\/wp\/v2\/pages\/2844\/revisions"}],"predecessor-version":[{"id":9794,"href":"https:\/\/www.ifbaiano.edu.br\/unidades\/valenca\/wp-json\/wp\/v2\/pages\/2844\/revisions\/9794"}],"wp:attachment":[{"href":"https:\/\/www.ifbaiano.edu.br\/unidades\/valenca\/wp-json\/wp\/v2\/media?parent=2844"}],"curies":[{"name":"wp","href":"https:\/\/api.w.org\/{rel}","templated":true}]}}