{"id":2851,"date":"2013-04-22T11:26:47","date_gmt":"2013-04-22T11:26:47","guid":{"rendered":"http:\/\/www.ifbaiano.edu.br\/unidades\/valenca\/?page_id=2851"},"modified":"2015-10-02T12:09:04","modified_gmt":"2015-10-02T12:09:04","slug":"selecao-de-estagiarios","status":"publish","type":"page","link":"https:\/\/www.ifbaiano.edu.br\/unidades\/valenca\/selecao-de-estagiarios\/","title":{"rendered":"Sele\u00e7\u00e3o de Estagi\u00e1rios"},"content":{"rendered":"<p>&nbsp;<\/p>\n<h1>2015<\/h1>\n<p>Entre os dias 12 e 23 de outubro de 2015, estar\u00e3o abertas as inscri\u00e7\u00f5es do 2\u00ba Processo Seletivo de Estagi\u00e1rios do IFBAIANO &#8211; Campus Valen\u00e7a. As oportunidades, para forma\u00e7\u00e3o de cadastro reserva, s\u00e3o para os cursos de Administra\u00e7\u00e3o, Educa\u00e7\u00e3o F\u00edsica e Pedagogia.<\/p>\n<p>A sele\u00e7\u00e3o consistir\u00e1 de an\u00e1lise do Curriculum Lattes e entrevista. O estagi\u00e1rios receber\u00e1 bolsa no valor de R$ 520,00, acrescido de aux\u00edlio transporte, com jornada di\u00e1ria de 6 horas.<\/p>\n<p>Outras informa\u00e7\u00f5es podem ser verificadas no Edital (dispon\u00edvel abaixo) e pelo telefone <a href=\"75%203641-9458\">75 3641-9458<\/a>.<\/p>\n<p><a title=\"Edital\" href=\"http:\/\/www.ifbaiano.edu.br\/unidades\/valenca\/files\/2015\/10\/Untitled02102015.pdf\" target=\"_blank\">Edital<\/a><\/p>\n","protected":false},"excerpt":{"rendered":"<p>&nbsp; 2015 Entre os dias 12 e 23 de outubro de 2015, estar\u00e3o abertas as inscri\u00e7\u00f5es do 2\u00ba Processo Seletivo de Estagi\u00e1rios do IFBAIANO &#8211; Campus Valen\u00e7a. As oportunidades, para forma\u00e7\u00e3o de cadastro reserva, s\u00e3o para os cursos de Administra\u00e7\u00e3o, Educa\u00e7\u00e3o F\u00edsica e Pedagogia. A sele\u00e7\u00e3o consistir\u00e1 de an\u00e1lise do Curriculum Lattes e entrevista. O [&hellip;]<\/p>\n","protected":false},"author":33,"featured_media":0,"parent":0,"menu_order":0,"comment_status":"open","ping_status":"open","template":"","meta":[],"_links":{"self":[{"href":"https:\/\/www.ifbaiano.edu.br\/unidades\/valenca\/wp-json\/wp\/v2\/pages\/2851"}],"collection":[{"href":"https:\/\/www.ifbaiano.edu.br\/unidades\/valenca\/wp-json\/wp\/v2\/pages"}],"about":[{"href":"https:\/\/www.ifbaiano.edu.br\/unidades\/valenca\/wp-json\/wp\/v2\/types\/page"}],"author":[{"embeddable":true,"href":"https:\/\/www.ifbaiano.edu.br\/unidades\/valenca\/wp-json\/wp\/v2\/users\/33"}],"replies":[{"embeddable":true,"href":"https:\/\/www.ifbaiano.edu.br\/unidades\/valenca\/wp-json\/wp\/v2\/comments?post=2851"}],"version-history":[{"count":5,"href":"https:\/\/www.ifbaiano.edu.br\/unidades\/valenca\/wp-json\/wp\/v2\/pages\/2851\/revisions"}],"predecessor-version":[{"id":2860,"href":"https:\/\/www.ifbaiano.edu.br\/unidades\/valenca\/wp-json\/wp\/v2\/pages\/2851\/revisions\/2860"}],"wp:attachment":[{"href":"https:\/\/www.ifbaiano.edu.br\/unidades\/valenca\/wp-json\/wp\/v2\/media?parent=2851"}],"curies":[{"name":"wp","href":"https:\/\/api.w.org\/{rel}","templated":true}]}}