{"id":30,"date":"2011-05-18T18:48:44","date_gmt":"2011-05-18T18:48:44","guid":{"rendered":"http:\/\/localhost\/unidades\/bonfim\/?page_id=30"},"modified":"2023-10-24T01:37:50","modified_gmt":"2023-10-24T04:37:50","slug":"funcionamento-horarios","status":"publish","type":"page","link":"https:\/\/www.ifbaiano.edu.br\/unidades\/valenca\/funcionamento-horarios\/","title":{"rendered":"Funcionamento"},"content":{"rendered":"<p>O Campus Valen\u00e7a est\u00e1 aberto para atendimento ao p\u00fablico de segunda a sexta,\u00a0nos turnos:<\/p>\n<p>Matutino de 7:30 \u00e0s 11:30.<\/p>\n<p>Vespertino de 13:30 \u00e0s 17:00.<\/p>\n<p>Noturno das 18:30 \u00e0s 22:10.<\/p>\n<p>Os hor\u00e1rios das aulas s\u00e3o:<\/p>\n<p>De 7:30 \u00e0s 11:50, no per\u00edodo matutino.<\/p>\n<p>De 13:00 \u00e0s 17:20, no per\u00edodo vespertino.<\/p>\n<p>De 18:30 \u00e0s 22:10, no per\u00edodo noturno.<\/p>\n<p><span style=\"font-family: Calibri;font-size: small\">\u00a0<\/span><\/p>\n","protected":false},"excerpt":{"rendered":"<p>O Campus Valen\u00e7a est\u00e1 aberto para atendimento ao p\u00fablico de segunda a sexta,\u00a0nos turnos: Matutino de 7:30 \u00e0s 11:30. Vespertino de 13:30 \u00e0s 17:00. Noturno das 18:30 \u00e0s 22:10. Os hor\u00e1rios das aulas s\u00e3o: De 7:30 \u00e0s 11:50, no per\u00edodo matutino. De 13:00 \u00e0s 17:20, no per\u00edodo vespertino. De 18:30 \u00e0s 22:10, no per\u00edodo noturno. [&hellip;]<\/p>\n","protected":false},"author":1,"featured_media":0,"parent":0,"menu_order":0,"comment_status":"closed","ping_status":"closed","template":"","meta":[],"_links":{"self":[{"href":"https:\/\/www.ifbaiano.edu.br\/unidades\/valenca\/wp-json\/wp\/v2\/pages\/30"}],"collection":[{"href":"https:\/\/www.ifbaiano.edu.br\/unidades\/valenca\/wp-json\/wp\/v2\/pages"}],"about":[{"href":"https:\/\/www.ifbaiano.edu.br\/unidades\/valenca\/wp-json\/wp\/v2\/types\/page"}],"author":[{"embeddable":true,"href":"https:\/\/www.ifbaiano.edu.br\/unidades\/valenca\/wp-json\/wp\/v2\/users\/1"}],"replies":[{"embeddable":true,"href":"https:\/\/www.ifbaiano.edu.br\/unidades\/valenca\/wp-json\/wp\/v2\/comments?post=30"}],"version-history":[{"count":7,"href":"https:\/\/www.ifbaiano.edu.br\/unidades\/valenca\/wp-json\/wp\/v2\/pages\/30\/revisions"}],"predecessor-version":[{"id":9430,"href":"https:\/\/www.ifbaiano.edu.br\/unidades\/valenca\/wp-json\/wp\/v2\/pages\/30\/revisions\/9430"}],"wp:attachment":[{"href":"https:\/\/www.ifbaiano.edu.br\/unidades\/valenca\/wp-json\/wp\/v2\/media?parent=30"}],"curies":[{"name":"wp","href":"https:\/\/api.w.org\/{rel}","templated":true}]}}