{"id":48,"date":"2011-05-18T18:54:47","date_gmt":"2011-05-18T18:54:47","guid":{"rendered":"http:\/\/localhost\/unidades\/bonfim\/?page_id=48"},"modified":"2011-08-15T21:07:41","modified_gmt":"2011-08-15T21:07:41","slug":"servicos","status":"publish","type":"page","link":"https:\/\/www.ifbaiano.edu.br\/unidades\/valenca\/servicos\/","title":{"rendered":"Concursos"},"content":{"rendered":"<p>Para fazer parte do quadro de servidores do IF Baiano,\u00a0o p\u00fablico interessado precisa participar do processo seletivo que\u00a0\u00e9 divulgado por meios de comunica\u00e7\u00e3o de massa e no endere\u00e7o eletr\u00f4nico <a href=\"http:\/\/concursos.ifbaiano.edu.br\/\">http:\/\/concursos.ifbaiano.edu.br\/<\/a><\/p>\n","protected":false},"excerpt":{"rendered":"<p>Para fazer parte do quadro de servidores do IF Baiano,\u00a0o p\u00fablico interessado precisa participar do processo seletivo que\u00a0\u00e9 divulgado por meios de comunica\u00e7\u00e3o de massa e no endere\u00e7o eletr\u00f4nico http:\/\/concursos.ifbaiano.edu.br\/<\/p>\n","protected":false},"author":1,"featured_media":0,"parent":0,"menu_order":0,"comment_status":"closed","ping_status":"closed","template":"","meta":[],"_links":{"self":[{"href":"https:\/\/www.ifbaiano.edu.br\/unidades\/valenca\/wp-json\/wp\/v2\/pages\/48"}],"collection":[{"href":"https:\/\/www.ifbaiano.edu.br\/unidades\/valenca\/wp-json\/wp\/v2\/pages"}],"about":[{"href":"https:\/\/www.ifbaiano.edu.br\/unidades\/valenca\/wp-json\/wp\/v2\/types\/page"}],"author":[{"embeddable":true,"href":"https:\/\/www.ifbaiano.edu.br\/unidades\/valenca\/wp-json\/wp\/v2\/users\/1"}],"replies":[{"embeddable":true,"href":"https:\/\/www.ifbaiano.edu.br\/unidades\/valenca\/wp-json\/wp\/v2\/comments?post=48"}],"version-history":[{"count":3,"href":"https:\/\/www.ifbaiano.edu.br\/unidades\/valenca\/wp-json\/wp\/v2\/pages\/48\/revisions"}],"predecessor-version":[{"id":354,"href":"https:\/\/www.ifbaiano.edu.br\/unidades\/valenca\/wp-json\/wp\/v2\/pages\/48\/revisions\/354"}],"wp:attachment":[{"href":"https:\/\/www.ifbaiano.edu.br\/unidades\/valenca\/wp-json\/wp\/v2\/media?parent=48"}],"curies":[{"name":"wp","href":"https:\/\/api.w.org\/{rel}","templated":true}]}}