{"id":6018,"date":"2021-06-11T21:04:45","date_gmt":"2021-06-12T00:04:45","guid":{"rendered":"https:\/\/www.ifbaiano.edu.br\/unidades\/valenca\/?page_id=6018"},"modified":"2023-07-06T16:08:42","modified_gmt":"2023-07-06T19:08:42","slug":"meio-ambiente","status":"publish","type":"page","link":"https:\/\/www.ifbaiano.edu.br\/unidades\/valenca\/meio-ambiente\/","title":{"rendered":"Curso T\u00e9cnico em Meio Ambiente Subsequente ao Ensino M\u00e9dio"},"content":{"rendered":"\n<figure class=\"wp-block-image size-full\"><img decoding=\"async\" loading=\"lazy\" width=\"1080\" height=\"320\" src=\"https:\/\/www.ifbaiano.edu.br\/unidades\/valenca\/files\/2023\/07\/Curso-Tecnico-em-Meio-Ambiente-Campus-Valenca-_capa.png\" alt=\"\" class=\"wp-image-9102\" \/><\/figure>\n\n\n\n<div id=\"ProreitoriaTopoTitulo\">\n\t\t\t\t\tSOBRE O CURSO\n\t\t\t\t<\/div>\n\n\n\n<p>O curso de Educa\u00e7\u00e3o Profissional em Meio Ambiente do Instituto Federal de Educa\u00e7\u00e3o, Ci\u00eancia e Tecnologia Baiano, <em>Campus <\/em>Valen\u00e7a visa qualificar t\u00e9cnicos ambientais para atuarem na gest\u00e3o, avalia\u00e7\u00e3o, monitoramento e educa\u00e7\u00e3o ambiental, capazes de atuar junto a institui\u00e7\u00f5es p\u00fablicas, privadas e do terceiro setor no desenvolvimento de atividades relacionadas ao diagn\u00f3stico, controle e conserva\u00e7\u00e3o de recursos naturais. O curso busca contribuir no enfrentamento das diversas quest\u00f5es relacionadas ao meio ambiente humano e n\u00e3o humano existentes no Baixo Sul e demais territ\u00f3rios, considerando os contextos sociais, econ\u00f4micos, culturais e os arranjos produtivos, com incid\u00eancia no planejamento, execu\u00e7\u00e3o, acompanhamento, fiscaliza\u00e7\u00e3o e orienta\u00e7\u00e3o de diferentes fases de programas, pol\u00edticas e projetos ambientais. \u00c9 um curso comprometido com a forma\u00e7\u00e3o \u00e9tica, cidad\u00e3 e cr\u00edtica e com a diversidade humana e ambiental envolvida nos diferentes territ\u00f3rios da regi\u00e3o.<\/p>\n\n\n\n<div id=\"ProreitoriaTopoTitulo\">\n\t\t\t\t\tREGIME ACAD\u00caMICO\n\t\t\t\t<\/div>\n\n\n\n<p>O Curso de Educa\u00e7\u00e3o Profissional em Meio Ambiente \u00e9 de n\u00edvel m\u00e9dio t\u00e9cnico, possui forma de desenvolvimento na modalidade Subsequente (p\u00f3s ensino m\u00e9dio), com organiza\u00e7\u00e3o semestral. Sua unidade did\u00e1tica \u00e9 executada semestralmente, com dura\u00e7\u00e3o de 04 (quatro) semestres (ou 2 anos). A carga hor\u00e1ria do Curso est\u00e1 distribu\u00edda em 1.260 horas\/aula e 150 horas para o est\u00e1gio curricular, totalizando carga hor\u00e1ria de 1.410 horas.<\/p>\n\n\n\n<p>Ao longo da forma\u00e7\u00e3o, o Curso possibilitar\u00e1 que o estudante desenvolva atividades te\u00f3ricas e pr\u00e1ticas que, al\u00e9m da aplica\u00e7\u00e3o e da amplia\u00e7\u00e3o dos conhecimentos adquiridos, promovam a interdisciplinaridade e o trabalho em equipe. A articula\u00e7\u00e3o entre atividades curriculares te\u00f3ricas e pr\u00e1ticas \u00e9 constru\u00edda por meio de:<\/p>\n\n\n\n<p>\u2013 <strong>Visitas t\u00e9cnicas:<\/strong> objetivam o conhecimento dos processos produtivos industriais, da gest\u00e3o ambiental adotada pelos sistemas produtivos, do conhecimento de sistemas de tratamento de \u00e1gua e res\u00edduos s\u00f3lidos, da interpreta\u00e7\u00e3o de fen\u00f4menos e paisagens ambientais e das tecnologias utilizadas para a minimiza\u00e7\u00e3o das altera\u00e7\u00f5es nos diferentes compartimentos ambientais;<\/p>\n\n\n\n<p>\u2013 <strong>Atividades de campo e expedi\u00e7\u00f5es territoriais:<\/strong> objetivam a observa\u00e7\u00e3o do ambiente, a coleta de amostras ambientais em diversos compartimentos e a utiliza\u00e7\u00e3o de equipamentos para a obten\u00e7\u00e3o de dados ambientais in loco, como pH, temperatura, oxig\u00eanio dissolvido, condutividade e turbidez, aplica\u00e7\u00e3o de protocolos de avalia\u00e7\u00e3o e diagn\u00f3stico ambientais, experimenta\u00e7\u00f5es, implanta\u00e7\u00e3o de prot\u00f3tipos tecnol\u00f3gicos e interpreta\u00e7\u00e3o de dados t\u00e9cnicos;<\/p>\n\n\n\n<p>\u2013 <strong>Atividades de laborat\u00f3rio:<\/strong> objetivam a execu\u00e7\u00e3o de an\u00e1lises de amostras ambientais coletadas nas atividades de campo, e o posterior estudo comparativo dos resultados obtidos com as legisla\u00e7\u00f5es aplic\u00e1veis.<\/p>\n\n\n\n<div id=\"ProreitoriaTopoTitulo\">\n\t\t\t\t\tATUA\u00c7\u00c3O PROFISSIONAL\n\t\t\t\t<\/div>\n\n\n\n<p>O T\u00e9cnico em Meio Ambiente, formado pelo Instituto Federal de Educa\u00e7\u00e3o, Ci\u00eancia e Tecnologia Baiano, <em>Campus<\/em> Valen\u00e7a estar\u00e1 capacitado a atuar nas \u00e1reas de Gest\u00e3o, Avalia\u00e7\u00e3o, Monitoramento e Educa\u00e7\u00e3o Ambiental, com foco na melhoria da qualidade de vida da popula\u00e7\u00e3o e amplia\u00e7\u00e3o da percep\u00e7\u00e3o sobre a import\u00e2ncia da conserva\u00e7\u00e3o e recupera\u00e7\u00e3o ambiental. Especificamente, o t\u00e9cnico em meio ambiente est\u00e1 apto ao exerc\u00edcio profissional no campo socioambiental e aplicar conhecimento associados a:<\/p>\n\n\n\n<ul>\n<li><strong>Organiza\u00e7\u00e3o de programas de educa\u00e7\u00e3o ambiental<\/strong> em conjunto com a sociedade, &nbsp;institui\u00e7\u00f5es p\u00fablicas, privadas ou organiza\u00e7\u00f5es n\u00e3o governamentais, no sentido de conserva\u00e7\u00e3o e preserva\u00e7\u00e3o de recursos naturais; pol\u00edticas de gest\u00e3o dos res\u00edduos s\u00f3lidos e de redu\u00e7\u00e3o do consumo, bem como na promo\u00e7\u00e3o da sa\u00fade ambiental.<\/li>\n\n\n\n<li><strong>Coleta, dep\u00f3sito e interpreta\u00e7\u00e3o de informa\u00e7\u00f5es, dados e documenta\u00e7\u00f5es t\u00e9cnicas<\/strong> da \u00e1rea ambiental.<\/li>\n\n\n\n<li><strong>Elabora\u00e7\u00e3o de laudos, acompanhamento e execu\u00e7\u00e3o de sistemas de gest\u00e3o ambiental<\/strong> e de programas e projetos de pesquisa e extens\u00e3o.<\/li>\n\n\n\n<li><strong>Identifica\u00e7\u00e3o das interven\u00e7\u00f5es ambientais, a partir da an\u00e1lise de suas consequ\u00eancias<\/strong>&nbsp;e execu\u00e7\u00e3o de a\u00e7\u00f5es para preserva\u00e7\u00e3o, conserva\u00e7\u00e3o, otimiza\u00e7\u00e3o, minimiza\u00e7\u00e3o e remedia\u00e7\u00e3o dos seus efeitos.<\/li>\n<\/ul>\n\n\n\n<div id=\"ProreitoriaTopoTitulo\">\n\t\t\t\t\tPROJETO PEDAG\u00d3GICO DO CURSO\n\t\t\t\t<\/div>\n\n\n\n<div class=\"wp-block-file\"><a id=\"wp-block-file--media-f29d0a59-4758-43bc-9187-10a1bd1b6f94\" href=\"https:\/\/www.ifbaiano.edu.br\/unidades\/valenca\/files\/2023\/07\/PCC-do-curso-tecnico-em-meio-ambiente-modalidade-subsequente.pdf\">PPC do Curso de Meio Ambiente<\/a><\/div>\n","protected":false},"excerpt":{"rendered":"<p>SOBRE O CURSO O curso de Educa\u00e7\u00e3o Profissional em Meio Ambiente do Instituto Federal de Educa\u00e7\u00e3o, Ci\u00eancia e Tecnologia Baiano, Campus Valen\u00e7a visa qualificar t\u00e9cnicos ambientais para atuarem na gest\u00e3o, avalia\u00e7\u00e3o, monitoramento e educa\u00e7\u00e3o ambiental, capazes de atuar junto a institui\u00e7\u00f5es p\u00fablicas, privadas e do terceiro setor no desenvolvimento de atividades relacionadas ao diagn\u00f3stico, controle [&hellip;]<\/p>\n","protected":false},"author":146,"featured_media":0,"parent":0,"menu_order":0,"comment_status":"closed","ping_status":"closed","template":"","meta":[],"_links":{"self":[{"href":"https:\/\/www.ifbaiano.edu.br\/unidades\/valenca\/wp-json\/wp\/v2\/pages\/6018"}],"collection":[{"href":"https:\/\/www.ifbaiano.edu.br\/unidades\/valenca\/wp-json\/wp\/v2\/pages"}],"about":[{"href":"https:\/\/www.ifbaiano.edu.br\/unidades\/valenca\/wp-json\/wp\/v2\/types\/page"}],"author":[{"embeddable":true,"href":"https:\/\/www.ifbaiano.edu.br\/unidades\/valenca\/wp-json\/wp\/v2\/users\/146"}],"replies":[{"embeddable":true,"href":"https:\/\/www.ifbaiano.edu.br\/unidades\/valenca\/wp-json\/wp\/v2\/comments?post=6018"}],"version-history":[{"count":24,"href":"https:\/\/www.ifbaiano.edu.br\/unidades\/valenca\/wp-json\/wp\/v2\/pages\/6018\/revisions"}],"predecessor-version":[{"id":9116,"href":"https:\/\/www.ifbaiano.edu.br\/unidades\/valenca\/wp-json\/wp\/v2\/pages\/6018\/revisions\/9116"}],"wp:attachment":[{"href":"https:\/\/www.ifbaiano.edu.br\/unidades\/valenca\/wp-json\/wp\/v2\/media?parent=6018"}],"curies":[{"name":"wp","href":"https:\/\/api.w.org\/{rel}","templated":true}]}}