{"id":6022,"date":"2021-06-28T11:04:01","date_gmt":"2021-06-28T14:04:01","guid":{"rendered":"https:\/\/www.ifbaiano.edu.br\/unidades\/valenca\/?page_id=6022"},"modified":"2021-06-28T11:04:01","modified_gmt":"2021-06-28T14:04:01","slug":"pos-graduacao-em-leitura-e-producao-textual","status":"publish","type":"page","link":"https:\/\/www.ifbaiano.edu.br\/unidades\/valenca\/pos-graduacao-em-leitura-e-producao-textual\/","title":{"rendered":"P\u00f3s-gradua\u00e7\u00e3o em Leitura e Produ\u00e7\u00e3o Textual"},"content":{"rendered":"\n<p>Em constru\u00e7\u00e3o<\/p>\n","protected":false},"excerpt":{"rendered":"<p>Em constru\u00e7\u00e3o<\/p>\n","protected":false},"author":146,"featured_media":0,"parent":0,"menu_order":0,"comment_status":"closed","ping_status":"closed","template":"","meta":[],"_links":{"self":[{"href":"https:\/\/www.ifbaiano.edu.br\/unidades\/valenca\/wp-json\/wp\/v2\/pages\/6022"}],"collection":[{"href":"https:\/\/www.ifbaiano.edu.br\/unidades\/valenca\/wp-json\/wp\/v2\/pages"}],"about":[{"href":"https:\/\/www.ifbaiano.edu.br\/unidades\/valenca\/wp-json\/wp\/v2\/types\/page"}],"author":[{"embeddable":true,"href":"https:\/\/www.ifbaiano.edu.br\/unidades\/valenca\/wp-json\/wp\/v2\/users\/146"}],"replies":[{"embeddable":true,"href":"https:\/\/www.ifbaiano.edu.br\/unidades\/valenca\/wp-json\/wp\/v2\/comments?post=6022"}],"version-history":[{"count":1,"href":"https:\/\/www.ifbaiano.edu.br\/unidades\/valenca\/wp-json\/wp\/v2\/pages\/6022\/revisions"}],"predecessor-version":[{"id":6076,"href":"https:\/\/www.ifbaiano.edu.br\/unidades\/valenca\/wp-json\/wp\/v2\/pages\/6022\/revisions\/6076"}],"wp:attachment":[{"href":"https:\/\/www.ifbaiano.edu.br\/unidades\/valenca\/wp-json\/wp\/v2\/media?parent=6022"}],"curies":[{"name":"wp","href":"https:\/\/api.w.org\/{rel}","templated":true}]}}