{"id":6023,"date":"2021-06-28T11:04:01","date_gmt":"2021-06-28T14:04:01","guid":{"rendered":"https:\/\/www.ifbaiano.edu.br\/unidades\/valenca\/?page_id=6023"},"modified":"2025-04-04T15:22:10","modified_gmt":"2025-04-04T18:22:10","slug":"pos-graduacao-em-ensino-da-matematica","status":"publish","type":"page","link":"https:\/\/www.ifbaiano.edu.br\/unidades\/valenca\/pos-graduacao-em-ensino-da-matematica\/","title":{"rendered":"P\u00f3s-gradua\u00e7\u00e3o em Ensino da Matem\u00e1tica"},"content":{"rendered":"\n<p><strong>O curso<\/strong><\/p>\n\n\n\n<p>E-mail:&nbsp;pos.mat@valenca.ifbaiano.edu.br<\/p>\n\n\n\n<p>O Curso de&nbsp;P\u00f3s-Gradua\u00e7\u00e3o Lato Sensu em Ensino da&nbsp;Matem\u00e1tica (POENMA), visa&nbsp;capacitar os recursos humanos do Estado da Bahia por meio da forma\u00e7\u00e3o continuada dos professores na \u00e1rea de Matem\u00e1tica e contribuir com a melhoria da educa\u00e7\u00e3o b\u00e1sica, democratizando, fortalecendo e ampliando a pesquisa no Instituto Federal de Educa\u00e7\u00e3o, Ci\u00eancia e Tecnologia Baiano,&nbsp;<em>campus<\/em>&nbsp;Valen\u00e7a, por meio dos Trabalhos de Conclus\u00e3o de Curso e da promo\u00e7\u00e3o da inclus\u00e3o social.<\/p>\n\n\n\n<p><strong>P\u00fablico<\/strong><\/p>\n\n\n\n<p>Curso destina-se aos professores das redes p\u00fablicas e privadas de ensino,&nbsp;egressos do curso de Gradua\u00e7\u00e3o em Matem\u00e1tica ou em \u00e1reas afins, e que sejam portadores de diploma de n\u00edvel superior em&nbsp;Matem\u00e1tica ou \u00e1reas afins&nbsp;devidamente reconhecidos e registrados nos \u00f3rg\u00e3os competentes.<\/p>\n\n\n\n<p><strong>Objetivo<\/strong><\/p>\n\n\n\n<p>O curso tem como objetivo central oferecer forma\u00e7\u00e3o profissional e acad\u00eamica sobre o ensino da&nbsp;matem\u00e1tica nos espa\u00e7os formais e n\u00e3o-formais de educa\u00e7\u00e3o, pautado nos princ\u00edpios da autonomia na produ\u00e7\u00e3o do conhecimento, da articula\u00e7\u00e3o entre os conhecimentos te\u00f3rico e pr\u00e1tico e da promo\u00e7\u00e3o do di\u00e1logo entre os saberes acad\u00eamicos e populares.<\/p>\n\n\n\n<ul>\n<li><strong>Documentos Orientadores<\/strong><\/li>\n<\/ul>\n\n\n\n<p>Matriz Curricular \u2013 Especializa\u00e7\u00e3o em&nbsp;Ensino da Matem\u00e1tica <\/p>\n\n\n\n<div class=\"wp-block-file\"><a id=\"wp-block-file--media-665fe3d9-19af-4e5b-8da8-deec5b5f8e3f\" href=\"https:\/\/www.ifbaiano.edu.br\/unidades\/valenca\/files\/2025\/04\/ENSINO-DA-MATEMATICA-VALENCA-PPC.pdf\">ENSINO-DA-MATEMATICA-VALENCA-PPC<\/a><\/div>\n\n\n\n<p>Divulga\u00e7\u00e3o do processo seletivo&nbsp;<\/p>\n\n\n\n<ul>\n<li>Vagas<\/li>\n<\/ul>\n\n\n\n<p>Ser\u00e3o ofertadas 30 (trinta) vagas para ingresso no POENMA em&nbsp;2025,<\/p>\n\n\n\n<ul>\n<li>Inscri\u00e7\u00f5es<\/li>\n<\/ul>\n\n\n\n<p>Por meio do link:\u00a0\u00a0<a href=\"https:\/\/concurso.ifbaiano.edu.br\/portal\/pos-ensino-da-matematica-valenca-abril-2025\/\">Vagas no Curso de P\u00f3s-Gradua\u00e7\u00e3o Lato Sensu em Ensino da Matem\u00e1tica (POENMA) \u2013 Campus Valen\u00e7a \u2013 Abril 2025<\/a><\/p>\n\n\n\n<p>de\u00a007\/04\/2025\u00a0a\u00a022\/04\/2025<\/p>\n\n\n\n<ul>\n<li>Etapas do processo seletivo<\/li>\n<\/ul>\n\n\n\n<p>An\u00e1lise de curr\u00edculo + Entrevista<\/p>\n\n\n\n<ul>\n<li>Divulga\u00e7\u00e3o dos resultados<\/li>\n<\/ul>\n\n\n\n<p><a href=\"https:\/\/concurso.ifbaiano.edu.br\/portal\/pos-ensino-da-matematica-valenca-abril-2025\/\">Vagas no Curso de P\u00f3s-Gradua\u00e7\u00e3o Lato Sensu em Ensino da Matem\u00e1tica (POENMA) \u2013 Campus Valen\u00e7a \u2013 Abril 2025<\/a><\/p>\n","protected":false},"excerpt":{"rendered":"<p>O curso E-mail:&nbsp;pos.mat@valenca.ifbaiano.edu.br O Curso de&nbsp;P\u00f3s-Gradua\u00e7\u00e3o Lato Sensu em Ensino da&nbsp;Matem\u00e1tica (POENMA), visa&nbsp;capacitar os recursos humanos do Estado da Bahia por meio da forma\u00e7\u00e3o continuada dos professores na \u00e1rea de Matem\u00e1tica e contribuir com a melhoria da educa\u00e7\u00e3o b\u00e1sica, democratizando, fortalecendo e ampliando a pesquisa no Instituto Federal de Educa\u00e7\u00e3o, Ci\u00eancia e Tecnologia Baiano,&nbsp;campus&nbsp;Valen\u00e7a, por [&hellip;]<\/p>\n","protected":false},"author":146,"featured_media":0,"parent":0,"menu_order":0,"comment_status":"closed","ping_status":"closed","template":"","meta":[],"_links":{"self":[{"href":"https:\/\/www.ifbaiano.edu.br\/unidades\/valenca\/wp-json\/wp\/v2\/pages\/6023"}],"collection":[{"href":"https:\/\/www.ifbaiano.edu.br\/unidades\/valenca\/wp-json\/wp\/v2\/pages"}],"about":[{"href":"https:\/\/www.ifbaiano.edu.br\/unidades\/valenca\/wp-json\/wp\/v2\/types\/page"}],"author":[{"embeddable":true,"href":"https:\/\/www.ifbaiano.edu.br\/unidades\/valenca\/wp-json\/wp\/v2\/users\/146"}],"replies":[{"embeddable":true,"href":"https:\/\/www.ifbaiano.edu.br\/unidades\/valenca\/wp-json\/wp\/v2\/comments?post=6023"}],"version-history":[{"count":3,"href":"https:\/\/www.ifbaiano.edu.br\/unidades\/valenca\/wp-json\/wp\/v2\/pages\/6023\/revisions"}],"predecessor-version":[{"id":10097,"href":"https:\/\/www.ifbaiano.edu.br\/unidades\/valenca\/wp-json\/wp\/v2\/pages\/6023\/revisions\/10097"}],"wp:attachment":[{"href":"https:\/\/www.ifbaiano.edu.br\/unidades\/valenca\/wp-json\/wp\/v2\/media?parent=6023"}],"curies":[{"name":"wp","href":"https:\/\/api.w.org\/{rel}","templated":true}]}}