{"id":6872,"date":"2021-10-07T12:01:20","date_gmt":"2021-10-07T15:01:20","guid":{"rendered":"https:\/\/www.ifbaiano.edu.br\/unidades\/valenca\/?page_id=6872"},"modified":"2024-03-28T20:25:48","modified_gmt":"2024-03-28T23:25:48","slug":"apresentacao","status":"publish","type":"page","link":"https:\/\/www.ifbaiano.edu.br\/unidades\/valenca\/apresentacao\/","title":{"rendered":"Apresenta\u00e7\u00e3o da biblioteca"},"content":{"rendered":"\n<div id=\"ProreitoriaTopoTitulo\">\n\t\t\t\t\tBiblioteca Campus Valen\u00e7a\n\t\t\t\t<\/div>\n\n\n\n<p id=\"block-fc8525a9-bc13-41f5-a627-2e6ad2a726ac\">A Biblioteca Fernando Costa D\u2019Almeida possui um acervo de car\u00e1ter corrente e de livre acesso que atende a toda comunidade de ensino. Tem como fun\u00e7\u00e3o organizar, armazenar, conservar, coletar, processar e disseminar a informa\u00e7\u00e3o.<\/p>\n\n\n\n<p id=\"block-06d96c94-fdb9-454b-b70c-a06b0cde4ac5\">Possui uma \u00e1rea de 120,98 m\u00b2 distribu\u00eddos entre acervo, sala de estudo em grupo, cabines para estudo individual, computadores para pesquisa, e \u00e1rea comum para estudo e circula\u00e7\u00e3o.<\/p>\n\n\n\n<p id=\"block-a3bc9e05-24ac-4790-97c4-2d8f1af09cfe\">Oferecemos para consulta e empr\u00e9stimo mais de <strong>16.930<\/strong> mil livros, al\u00e9m do acesso \u00e0 <a rel=\"noreferrer noopener\" href=\"https:\/\/plataforma.bvirtual.com.br\/Account\/Login?redirectUrl=%2F\" data-type=\"URL\" data-id=\"https:\/\/plataforma.bvirtual.com.br\/Account\/Login?redirectUrl=%2F\" target=\"_blank\">Biblioteca Virtual Pearson<\/a>.<\/p>\n\n\n\n<div class=\"wp-block-group is-layout-constrained\"><div class=\"wp-block-group__inner-container\"><\/div><\/div>\n\n\n\n<div id=\"ProreitoriaTopoTitulo\">\n\t\t\t\t\tMiss\u00e3o\n\t\t\t\t<\/div>\n\n\n\n<p id=\"block-79443702-39ff-4184-9376-00de9f58fece\">Promover o compartilhamento do conhecimento de modo a facilitar as atividades de Ensino, Pesquisa e Extens\u00e3o.<\/p>\n\n\n\n<div id=\"ProreitoriaTopoTitulo\">\n\t\t\t\t\tHor\u00e1rio de Funcionamento\n\t\t\t\t<\/div>\n\n\n\n<p id=\"block-6d328ac9-483f-443a-8a52-687f600a2190\"><strong>Segunda a sexta-feira:<\/strong><br>\u2013 Das 7h30min \u00e0s 21h15<\/p>\n\n\n\n<p id=\"block-d615b826-c3fa-4a4f-ba5e-7b3b7027e58a\"><\/p>\n\n\n\n<div id=\"ProreitoriaTopoTitulo\">\n\t\t\t\t\tEquipe\n\t\t\t\t<\/div>\n\n\n\n<p id=\"block-e20b779c-d163-4c24-a313-c134d4d4479c\"><\/p>\n\n\n\n<p>Joice Assis &#8211; bibliotec\u00e1ria<\/p>\n\n\n\n<p>George Oliveira Gon\u00e7alves<\/p>\n\n\n\n<p>Natanael Costa da Silva<\/p>\n\n\n\n<p>Karine Batista<\/p>\n\n\n\n<p>Jaqueline Reis<\/p>\n\n\n\n<div id=\"ProreitoriaTopoTitulo\">\n\t\t\t\t\tContatos\n\t\t\t\t<\/div>\n\n\n\n<p><\/p>\n\n\n\n<p>Telefone: 75 3641-5270&nbsp; &#8211;&nbsp; Ramal 213<\/p>\n\n\n\n<p>E-mail <a href=\"mailto:biblioteca@valenca.ifbaiano.edu.br\">biblioteca@valenca.ifbaiano.edu.b<\/a>r<\/p>\n\n\n\n<h2 class=\"wp-block-heading\">Documentos \u00fateis<\/h2>\n\n\n\n<div class=\"wp-block-file\"><a id=\"wp-block-file--media-0c3040ac-3dd5-4f12-955a-d079f8860332\" href=\"https:\/\/www.ifbaiano.edu.br\/unidades\/valenca\/files\/2023\/10\/Regulamento-unificado-das-Bibliotecas-do-IF-Baiano.pdf\">Regulamento-unificado-das-Bibliotecas-do-IF-Baiano<\/a><\/div>\n\n\n\n<div class=\"wp-block-file\"><a id=\"wp-block-file--media-88e75fcb-e35e-4028-8bf1-7a68cac7421f\" href=\"https:\/\/www.ifbaiano.edu.br\/unidades\/valenca\/files\/2023\/10\/Politica-de-atualizacao-e-expansao-do-acervo.pdf\">Politica-de-atualizacao-e-expansao-do-acervo<\/a><\/div>\n\n\n\n<div class=\"wp-block-file\"><a id=\"wp-block-file--media-24ef82a3-e807-42b1-9ae5-55babf3425df\" href=\"https:\/\/www.ifbaiano.edu.br\/unidades\/valenca\/files\/2023\/10\/Plano-de-Contingencia.pdf\">Plano-de-Contingencia<\/a><\/div>\n\n\n\n<div class=\"wp-block-group is-layout-constrained\"><div class=\"wp-block-group__inner-container\">\n<div class=\"wp-block-file\"><a id=\"wp-block-file--media-37efb79e-2b67-4a8e-a4da-759af0fbb599\" href=\"https:\/\/www.ifbaiano.edu.br\/unidades\/valenca\/files\/2023\/10\/Normas-Internas-da-Biblioteca-1.pdf\">Normas-Internas-da-Biblioteca-1<\/a><\/div>\n<\/div><\/div>\n\n\n\n<div class=\"wp-block-file\"><a id=\"wp-block-file--media-ecd1218f-804c-481a-a3cc-fab5e36dfd2c\" href=\"https:\/\/www.ifbaiano.edu.br\/unidades\/valenca\/files\/2023\/10\/Infraestrutura-da-Biblioteca.pdf\">Infraestrutura-da-Biblioteca<\/a><\/div>\n\n\n\n<div class=\"wp-block-file\"><a id=\"wp-block-file--media-7cea8cc9-a9b6-4442-b789-481fd683bcf5\" href=\"https:\/\/www.ifbaiano.edu.br\/unidades\/valenca\/files\/2024\/03\/Horario-de-Funcionamento-Biblioteca.pdf\">Horario-de-Funcionamento-Biblioteca<\/a><\/div>\n","protected":false},"excerpt":{"rendered":"<p>Biblioteca Campus Valen\u00e7a A Biblioteca Fernando Costa D\u2019Almeida possui um acervo de car\u00e1ter corrente e de livre acesso que atende a toda comunidade de ensino. Tem como fun\u00e7\u00e3o organizar, armazenar, conservar, coletar, processar e disseminar a informa\u00e7\u00e3o. Possui uma \u00e1rea de 120,98 m\u00b2 distribu\u00eddos entre acervo, sala de estudo em grupo, cabines para estudo individual, [&hellip;]<\/p>\n","protected":false},"author":146,"featured_media":0,"parent":0,"menu_order":0,"comment_status":"closed","ping_status":"closed","template":"","meta":[],"_links":{"self":[{"href":"https:\/\/www.ifbaiano.edu.br\/unidades\/valenca\/wp-json\/wp\/v2\/pages\/6872"}],"collection":[{"href":"https:\/\/www.ifbaiano.edu.br\/unidades\/valenca\/wp-json\/wp\/v2\/pages"}],"about":[{"href":"https:\/\/www.ifbaiano.edu.br\/unidades\/valenca\/wp-json\/wp\/v2\/types\/page"}],"author":[{"embeddable":true,"href":"https:\/\/www.ifbaiano.edu.br\/unidades\/valenca\/wp-json\/wp\/v2\/users\/146"}],"replies":[{"embeddable":true,"href":"https:\/\/www.ifbaiano.edu.br\/unidades\/valenca\/wp-json\/wp\/v2\/comments?post=6872"}],"version-history":[{"count":20,"href":"https:\/\/www.ifbaiano.edu.br\/unidades\/valenca\/wp-json\/wp\/v2\/pages\/6872\/revisions"}],"predecessor-version":[{"id":9752,"href":"https:\/\/www.ifbaiano.edu.br\/unidades\/valenca\/wp-json\/wp\/v2\/pages\/6872\/revisions\/9752"}],"wp:attachment":[{"href":"https:\/\/www.ifbaiano.edu.br\/unidades\/valenca\/wp-json\/wp\/v2\/media?parent=6872"}],"curies":[{"name":"wp","href":"https:\/\/api.w.org\/{rel}","templated":true}]}}