{"id":6889,"date":"2021-10-07T13:22:36","date_gmt":"2021-10-07T16:22:36","guid":{"rendered":"https:\/\/www.ifbaiano.edu.br\/unidades\/valenca\/?page_id=6889"},"modified":"2024-04-15T11:45:03","modified_gmt":"2024-04-15T14:45:03","slug":"acervo","status":"publish","type":"page","link":"https:\/\/www.ifbaiano.edu.br\/unidades\/valenca\/acervo\/","title":{"rendered":"Acervo"},"content":{"rendered":"\n<div id=\"ProreitoriaTopoTitulo\">\n\t\t\t\t\tConsulta ao Acervo\n\t\t\t\t<\/div>\n\n\n\n<ul>\n<li>O Acervo \u00e9 composto por livros, peri\u00f3dicos, e DVDs.<\/li>\n\n\n\n<li>Os materiais de refer\u00eancia e os peri\u00f3dicos s\u00e3o para consulta local<\/li>\n\n\n\n<li>Todos os t\u00edtulos de livros t\u00eam um exemplar reservado para ser consultado na Biblioteca.<\/li>\n\n\n\n<li>Todo material que estiver em consulta externa ou interna dever\u00e1 ser devolvido no m\u00e1ximo at\u00e9 \u00e0s 17:00h, caso contr\u00e1rio estar\u00e3o sujeitos \u00e0 penalidades<\/li>\n<\/ul>\n\n\n\n<div class=\"wp-block-media-text alignwide has-media-on-the-right is-vertically-aligned-center\" style=\"grid-template-columns:auto 31%\"><div class=\"wp-block-media-text__content\">\n<p class=\"has-text-align-justify\">O nosso&nbsp;acervo&nbsp;\u00e9 gerenciado pelo&nbsp;<strong><a rel=\"noreferrer noopener\" href=\"http:\/\/pergamum.ifbaiano.edu.br\/\" target=\"_blank\">Sistema Pergamum<\/a><\/strong>.<\/p>\n\n\n\n<div class=\"wp-block-file\"><a id=\"wp-block-file--media-cdd288bc-68df-4c4d-9503-d9085d344ff5\" href=\"https:\/\/www.ifbaiano.edu.br\/unidades\/valenca\/files\/2024\/04\/Tutorial-do-Pergamum-1.pdf\">Tutorial-do-Pergamum-1<\/a><\/div>\n<\/div><figure class=\"wp-block-media-text__media\"><a href=\"http:\/\/pergamum.ifbaiano.edu.br\" target=\"_blank\" rel=\"noopener\"><img decoding=\"async\" loading=\"lazy\" width=\"306\" height=\"165\" src=\"https:\/\/www.ifbaiano.edu.br\/unidades\/valenca\/files\/2021\/10\/download.png\" alt=\"\" class=\"wp-image-6840 size-full\" \/><\/a><\/figure><\/div>\n\n\n\n<div id=\"ProreitoriaTopoTitulo\">\n\t\t\t\t      Servi\u00e7os\n\t\t\t\t<\/div>\n\n\n\n<ul>\n<li>Orienta\u00e7\u00e3o aos usu\u00e1rios sobre o uso da Biblioteca<\/li>\n\n\n\n<li>Acesso \u00e0 Internet;<\/li>\n\n\n\n<li>Acesso aos computadores para pesquisa<\/li>\n\n\n\n<li>Orienta\u00e7\u00e3o \u00e0 pesquisa bibliogr\u00e1fica;<\/li>\n\n\n\n<li>Empr\u00e9stimo domiciliar para alunos e colaboradores<\/li>\n\n\n\n<li>Reserva de t\u00edtulos<\/li>\n\n\n\n<li>Portal de peri\u00f3dicos Capes<\/li>\n\n\n\n<li>Biblioteca Virtual Pearson<\/li>\n<\/ul>\n\n\n\n<p><br><\/p>\n\n\n\n<div id=\"ProreitoriaTopoTitulo\">\n\t\t\t\t\tCondi\u00e7\u00f5es para o Empr\u00e9stimo\n\t\t\t\t<\/div>\n\n\n\n<ul>\n<li>Os usu\u00e1rios s\u00f3 poder\u00e3o utilizar o servi\u00e7o de empr\u00e9stimo ap\u00f3s o cadastro na Biblioteca<\/li>\n\n\n\n<li>Dois exemplares iguais n\u00e3o poder\u00e3o ser emprestados para o mesmo usu\u00e1rio<\/li>\n\n\n\n<li>O limite de volumes emprestados e os prazos de devolu\u00e7\u00e3o variam de acordo com a categoria do usu\u00e1rio e tipo de material, conforme informa\u00e7\u00e3o abaixo:<\/li>\n<\/ul>\n\n\n\n<table id=\"tablepress-1\" class=\"tablepress tablepress-id-1\">\n<thead>\n<tr class=\"row-1 odd\">\n\t<th class=\"column-1\"><\/th><th class=\"column-2\">Livros<\/th><th class=\"column-3\"><\/th><th class=\"column-4\">CDs, DVDs e similares<\/th><th class=\"column-5\"><\/th>\n<\/tr>\n<\/thead>\n<tbody class=\"row-hover\">\n<tr class=\"row-2 even\">\n\t<td class=\"column-1\"><strong>Usu\u00e1rios<\/strong><\/td><td class=\"column-2\"><strong>Quantidade<\/strong><\/td><td class=\"column-3\"><strong>Prazo<\/strong><\/td><td class=\"column-4\"><strong>Quantidade<\/strong><\/td><td class=\"column-5\"><strong>Prazo<\/strong><\/td>\n<\/tr>\n<tr class=\"row-3 odd\">\n\t<td class=\"column-1\">Aluno<\/td><td class=\"column-2\">03 itens<\/td><td class=\"column-3\">07 dias<\/td><td class=\"column-4\">02 itens<\/td><td class=\"column-5\">02 dias<\/td>\n<\/tr>\n<tr class=\"row-4 even\">\n\t<td class=\"column-1\">Professor<\/td><td class=\"column-2\">03 itens<\/td><td class=\"column-3\">15 dias<\/td><td class=\"column-4\">03 itens<\/td><td class=\"column-5\">07 dias<\/td>\n<\/tr>\n<tr class=\"row-5 odd\">\n\t<td class=\"column-1\">Funcion\u00e1rio<\/td><td class=\"column-2\">03 itens<\/td><td class=\"column-3\">07 dias<\/td><td class=\"column-4\">03 itens<\/td><td class=\"column-5\">02 dias<\/td>\n<\/tr>\n<\/tbody>\n<\/table>\n<!-- #tablepress-1 from cache -->\n\n\n\n<ul>\n<li>Peri\u00f3dicos (jornais e revistas), Obras de refer\u00eancia (dicion\u00e1rios, enciclop\u00e9dias, anu\u00e1rios etc.), e as publica\u00e7\u00f5es identificadas com bolinha vermelha n\u00e3o poder\u00e3o ser emprestados, dever\u00e3o ser consultados na Biblioteca;<\/li>\n\n\n\n<li>O material emprestado poder\u00e1 ser renovado, estando o usu\u00e1rio em situa\u00e7\u00e3o regular, mediante apresenta\u00e7\u00e3o do exemplar para o registro do novo prazo, salvo se houver pedido de reserva por outro usu\u00e1rio.<\/li>\n\n\n\n<li>O usu\u00e1rio deve zelar pelo material bibliogr\u00e1fico em seu poder, n\u00e3o fazer anota\u00e7\u00f5es ou rasuras;<\/li>\n<\/ul>\n\n\n\n<p><br><\/p>\n\n\n\n<div id=\"ProreitoriaTopoTitulo\">\n\t\t\t\t\tRenova\u00e7\u00e3o\n\t\t\t\t<\/div>\n\n\n\n<p>A renova\u00e7\u00e3o poder\u00e1 ser feita pela internet atrav\u00e9s do&nbsp;<a rel=\"noreferrer noopener\" href=\"http:\/\/pergamum.ifbaiano.edu.br\/\" target=\"_blank\"><strong>Sistema Pergamum<\/strong><\/a>.<\/p>\n\n\n\n<p> <strong>Passos para fazer Renova\u00e7\u00e3o:<\/strong> <\/p>\n\n\n\n<ul>\n<li>Clique em <strong><a href=\"https:\/\/pergamum.ifbaiano.edu.br\/pergamum\/biblioteca_s\/php\/login_usu.php?flag=index.php\" data-type=\"URL\" data-id=\"https:\/\/pergamum.ifbaiano.edu.br\/pergamum\/biblioteca_s\/php\/login_usu.php?flag=index.php\" target=\"_blank\" rel=\"noreferrer noopener\">MEU PERGAMUM<\/a>;<\/strong><\/li>\n\n\n\n<li>Preencha os campos:<br><strong>Login:<\/strong> n\u00famero de CPF<br><strong>Senha:<\/strong> (4 ou 6 n\u00fameros) cadastrada na Biblioteca<\/li>\n\n\n\n<li>Na aba <strong>Empr\u00e9stimo, <\/strong>clique em <strong>Renova\u00e7\u00e3o<\/strong><\/li>\n<\/ul>\n\n\n\n<p>Obs.: Em cada empr\u00e9stimo, voc\u00ea ter\u00e1 direito a 3 renova\u00e7\u00f5es. Ap\u00f3s a terceira renova\u00e7\u00e3o, voc\u00ea ter\u00e1 de trazer o livro \u00e0 Biblioteca, para um novo Empr\u00e9stimo.<\/p>\n\n\n\n<div class=\"wp-block-file\"><a id=\"wp-block-file--media-cd24e631-fee8-4efa-8c2d-e35762c00f8f\" href=\"https:\/\/www.ifbaiano.edu.br\/unidades\/valenca\/files\/2024\/04\/Tutorial-do-Pergamum.pdf\">Tutorial-do-Pergamum<\/a><\/div>\n\n\n\n<p><br><\/p>\n\n\n\n<div id=\"ProreitoriaTopoTitulo\">\n\t\t\t\t      Reserva\t\n\t\t\t\t<\/div>\n\n\n\n<ul>\n<li>Quando o material n\u00e3o estiver dispon\u00edvel poder\u00e1 ser colocado em lista de espera (reserva);<\/li>\n\n\n\n<li>O livro reservado ficar\u00e1 dispon\u00edvel pelo prazo de 24h para o primeiro da lista, ap\u00f3s esse per\u00edodo o material passar\u00e1 para o usu\u00e1rio seguinte.<\/li>\n\n\n\n<li>\u00c9 vedada a reserva de material ao usu\u00e1rio que esteja sob a penalidade de suspens\u00e3o de direitos junto \u00e0 Biblioteca.<\/li>\n\n\n\n<li>A reserva n\u00e3o ser\u00e1 permitida para o mesmo t\u00edtulo, nem para qualquer material ainda em poder do usu\u00e1rio.<\/li>\n\n\n\n<li>Compete ao usu\u00e1rio o acompanhamento da lista de espera.<\/li>\n<\/ul>\n\n\n\n<p>Obs.: As reservas s\u00e3o canceladas automaticamente pelo sistema ap\u00f3s 24 horas da sua libera\u00e7\u00e3o.<\/p>\n\n\n\n<p>ATEN\u00c7\u00c3O: Em caso de <em>perda<\/em>, <em>dano f\u00edsico<\/em> ou <em>extravio<\/em> <em>d<\/em>os livros emprestados, o usu\u00e1rio dever\u00e1 realizar a reposi\u00e7\u00e3o por outro exemplar id\u00eantico ou edi\u00e7\u00e3o mais atual.<\/p>\n\n\n\n<p><br><\/p>\n\n\n\n<div id=\"ProreitoriaTopoTitulo\">\n\t\t\t\t      Penalidades\n\t\t\t\t<\/div>\n\n\n\n<ul>\n<li>A devolu\u00e7\u00e3o do material bibliogr\u00e1fico <strong>fora do prazo<\/strong> implicar\u00e1 em suspens\u00e3o de 2 dias uteis por cada livro em atraso;<\/li>\n\n\n\n<li>No caso de perda ou danifica\u00e7\u00e3o da obra, o usu\u00e1rio dever\u00e1 substituir por outro igual, ou no caso de obra esgotada, por outro exemplar similar;<\/li>\n\n\n\n<li>Ficar\u00e1 suspenso o servi\u00e7o de empr\u00e9stimo para usu\u00e1rios com qualquer pend\u00eancia na biblioteca.<\/li>\n\n\n\n<li>O usu\u00e1rio com pend\u00eancia na biblioteca no final&nbsp; do semestre ou ano letivo ficar\u00e1 impedido de matricular-se, receber o diploma ou qualquer outro documento at\u00e9 regularizar sua situa\u00e7\u00e3o na biblioteca e pegar o&nbsp; atestado de \u201cnada consta\u201d.<\/li>\n<\/ul>\n","protected":false},"excerpt":{"rendered":"<p>Consulta ao Acervo Servi\u00e7os Condi\u00e7\u00f5es para o Empr\u00e9stimo Renova\u00e7\u00e3o A renova\u00e7\u00e3o poder\u00e1 ser feita pela internet atrav\u00e9s do&nbsp;Sistema Pergamum. Passos para fazer Renova\u00e7\u00e3o: Obs.: Em cada empr\u00e9stimo, voc\u00ea ter\u00e1 direito a 3 renova\u00e7\u00f5es. Ap\u00f3s a terceira renova\u00e7\u00e3o, voc\u00ea ter\u00e1 de trazer o livro \u00e0 Biblioteca, para um novo Empr\u00e9stimo. Reserva Obs.: As reservas s\u00e3o canceladas [&hellip;]<\/p>\n","protected":false},"author":146,"featured_media":0,"parent":0,"menu_order":0,"comment_status":"closed","ping_status":"closed","template":"","meta":[],"_links":{"self":[{"href":"https:\/\/www.ifbaiano.edu.br\/unidades\/valenca\/wp-json\/wp\/v2\/pages\/6889"}],"collection":[{"href":"https:\/\/www.ifbaiano.edu.br\/unidades\/valenca\/wp-json\/wp\/v2\/pages"}],"about":[{"href":"https:\/\/www.ifbaiano.edu.br\/unidades\/valenca\/wp-json\/wp\/v2\/types\/page"}],"author":[{"embeddable":true,"href":"https:\/\/www.ifbaiano.edu.br\/unidades\/valenca\/wp-json\/wp\/v2\/users\/146"}],"replies":[{"embeddable":true,"href":"https:\/\/www.ifbaiano.edu.br\/unidades\/valenca\/wp-json\/wp\/v2\/comments?post=6889"}],"version-history":[{"count":16,"href":"https:\/\/www.ifbaiano.edu.br\/unidades\/valenca\/wp-json\/wp\/v2\/pages\/6889\/revisions"}],"predecessor-version":[{"id":9768,"href":"https:\/\/www.ifbaiano.edu.br\/unidades\/valenca\/wp-json\/wp\/v2\/pages\/6889\/revisions\/9768"}],"wp:attachment":[{"href":"https:\/\/www.ifbaiano.edu.br\/unidades\/valenca\/wp-json\/wp\/v2\/media?parent=6889"}],"curies":[{"name":"wp","href":"https:\/\/api.w.org\/{rel}","templated":true}]}}