{"id":6906,"date":"2021-10-07T13:52:18","date_gmt":"2021-10-07T16:52:18","guid":{"rendered":"https:\/\/www.ifbaiano.edu.br\/unidades\/valenca\/?page_id=6906"},"modified":"2024-04-15T11:34:09","modified_gmt":"2024-04-15T14:34:09","slug":"base-de-dados-e-periodicos","status":"publish","type":"page","link":"https:\/\/www.ifbaiano.edu.br\/unidades\/valenca\/base-de-dados-e-periodicos\/","title":{"rendered":"Base de dados e Peri\u00f3dicos"},"content":{"rendered":"\n<div id=\"ProreitoriaTopoTitulo\">\n\t\t\t\t\tBiblioteca Virtual Pearson\n\t\t\t\t<\/div>\n\n\n\n<p>A Biblioteca Virtual Pearson re\u00fane um acervo de mais de 9.000 livros t\u00e9cnicos e de literatura que abrange mais de 40 \u00e1reas do conhecimento.<br>Acesse: <a href=\"https:\/\/www.bvirtual.com.br\/\">https:\/\/www.bvirtual.com.br\/<\/a><\/p>\n\n\n\n<div class=\"wp-block-file\"><a id=\"wp-block-file--media-747183e1-3960-4d6c-9df7-3122331285bd\" href=\"https:\/\/www.ifbaiano.edu.br\/unidades\/valenca\/files\/2024\/04\/Tutorial-BV-Bibliotecas.pdf\">Tutorial-BV-Bibliotecas <br><br><\/a><\/div>\n\n\n\n<div class=\"wp-block-file\"><a id=\"wp-block-file--media-66a2952a-2388-4f55-a539-da24fb77bd6f\" href=\"https:\/\/www.ifbaiano.edu.br\/unidades\/valenca\/files\/2024\/04\/Guia-de-uso-do-Portal-de-Periodicos-da-CAPES.pdf\">Guia-de-uso-do-Portal-de-Periodicos-da-CAPES<\/a><\/div>\n\n\n\n\n\n<div id=\"ProreitoriaTopoTitulo\">\n\t\t\t\t\tPortal Dom\u00ednio P\u00fablico\n\t\t\t\t<\/div>\n\n\n\n<p>O Portal Dom\u00ednio P\u00fablico \u00e9 uma biblioteca virtual do Brasil que oferece acesso de gra\u00e7a a obras liter\u00e1rias, art\u00edsticas e cient\u00edficas (na forma de textos, sons, imagens e v\u00eddeos), j\u00e1 em dom\u00ednio p\u00fablico ou que tenham a sua divulga\u00e7\u00e3o autorizada.<br>Acesse: <a href=\"http:\/\/www.dominiopublico.gov.br\/\">http:\/\/www.dominiopublico.gov.br\/<\/a><\/p>\n\n\n\n<div id=\"ProreitoriaTopoTitulo\">\n\t\t\t\t\tPlataforma SciELO \n\t\t\t\t<\/div>\n\n\n\n<p>A Plataforma SciELO, (Scientific Electronic Library Online), \u00e9 uma biblioteca eletr\u00f4nica com um acervo selecionado de peri\u00f3dicos cient\u00edficos do Brasil, Argentina, Chile, Col\u00f4mbia, Cuba, Portugal, Venezuela e Espanha. Oferece acesso a cole\u00e7\u00f5es de peri\u00f3dicos como um todo.<br>Acesse: <a href=\"http:\/\/www.scielo.br\/\" target=\"_blank\" rel=\"noreferrer noopener\">http:\/\/www.scielo.br\/<\/a><\/p>\n\n\n\n<div id=\"ProreitoriaTopoTitulo\">\n\t\t\t\t\tPortal de Peri\u00f3dicos CAPES\n\t\t\t\t<\/div>\n\n\n\n<p>O Portal de Peri\u00f3dicos da CAPES disponibiliza bases de dados textuais e referenciais em todas as \u00e1reas do conhecimento. \u00c9 um dos maiores acervos bibliogr\u00e1ficos do mundo tendo milhares de revistas cient\u00edficas brasileiras e internacionais, incluindo, patentes, teses, livros eletr\u00f4nicos, trabalhos publicados em eventos, e outros.<br>Acesse: <a href=\"https:\/\/www-periodicos-capes-gov-br.ezl.periodicos.capes.gov.br\/\">https:\/\/www-periodicos-capes-gov-br.ezl.periodicos.capes.gov.br\/<\/a><\/p>\n\n\n\n<div id=\"ProreitoriaTopoTitulo\">\n\t\t\t\t\tBiblioteca Digital FGV\n\t\t\t\t<\/div>\n\n\n\n<p>A Biblioteca Digital FGV disponibiliza produ\u00e7\u00f5es cient\u00edficas nacionais e internacionais da Funda\u00e7\u00e3o Get\u00falio Vargas e ainda o acervo digital do Reposit\u00f3rio Digital de peri\u00f3dicos cient\u00edficos FGV, Reposit\u00f3rio Digital de teses, disserta\u00e7\u00f5es, papers e e-books FGV, Bases de dados, Cole\u00e7\u00f5es de e-books, e Peri\u00f3dicos cient\u00edficos A to Z (nacionais e internacionais).<br>Acesse: <a href=\"https:\/\/sistema.bibliotecas.fgv.br\/\">https:\/\/sistema.bibliotecas.fgv.br\/<\/a><\/p>\n\n\n\n<div id=\"ProreitoriaTopoTitulo\">\n\t\t\t\t\tBiblioteca Digital BDTD\n\t\t\t\t<\/div>\n\n\n\n<p>A Biblioteca Digital Brasileira de Teses e Disserta\u00e7\u00f5es (BDTD) integra e dissemina, em um s\u00f3 portal de busca, os textos completos das teses e disserta\u00e7\u00f5es defendidas nas institui\u00e7\u00f5es brasileiras de ensino e pesquisa. O acesso a essa produ\u00e7\u00e3o cient\u00edfica \u00e9 livre de quaisquer custos.<br>Acesse: <a href=\"https:\/\/bdtd.ibict.br\/vufind\/\">https:\/\/bdtd.ibict.br\/vufind\/<\/a><\/p>\n\n\n\n<div id=\"ProreitoriaTopoTitulo\">\n\t\t\t\t\t Biblioteca Virtual BVS\n\t\t\t\t<\/div>\n\n\n\n<p>A Biblioteca Virtual em Sa\u00fade (BVS) foi estabelecida em 1998 como modelo, estrat\u00e9gia e plataforma operacional de coopera\u00e7\u00e3o t\u00e9cnica da Organiza\u00e7\u00e3o Pan-Americana da Sa\u00fade (OPAS) para gest\u00e3o da informa\u00e7\u00e3o e conhecimento em sa\u00fade na Regi\u00e3o AL&amp;C.<br>Acesse: <a href=\"https:\/\/bvsalud.org\/\"><\/a><a href=\"https:\/\/bvsalud.org\/\" target=\"_blank\" rel=\"noreferrer noopener\">https:\/\/bvsalud.org<\/a><\/p>\n\n\n\n<div id=\"ProreitoriaTopoTitulo\">\n\t\t\t\t\t Portal de Peri\u00f3dicos Fiocruz\n\t\t\t\t<\/div>\n\n\n\n<p>O Portal de Peri\u00f3dicos Fiocruz \u00e9 um ambiente que integra&nbsp;as revistas cient\u00edficas editadas pela Funda\u00e7\u00e3o Oswaldo Cruz (Fiocruz). Aqui, voc\u00ea encontra artigos, not\u00edcias, entrevistas, v\u00eddeos e infogr\u00e1ficos com base na produ\u00e7\u00e3o cient\u00edfica em sa\u00fade num s\u00f3 lugar.<br>Acesse: <a href=\"https:\/\/periodicos.fiocruz.br\/\" target=\"_blank\" rel=\"noreferrer noopener\">https:\/\/periodicos.fiocruz.br\/<\/a><\/p>\n\n\n\n<div id=\"ProreitoriaTopoTitulo\">\n\t\t\t\t\t Outros\n\t\t\t\t<\/div>\n\n\n\n<p><strong>LC Catalog<\/strong> <br>Acesse: <a href=\"https:\/\/catalog.loc.gov\/\" target=\"_blank\" rel=\"noreferrer noopener\">https:\/\/catalog.loc.gov\/<\/a><\/p>\n\n\n\n<p><strong>Base de Dados da Pesquisa Agropecu\u00e1ria<\/strong><br>Acesse: <a href=\"https:\/\/www.bdpa.cnptia.embrapa.br\/consulta\/\">https:\/\/www.bdpa.cnptia.embrapa.br\/consulta\/<\/a><\/p>\n\n\n\n<p><strong>Biblioteca Digital de Teses e Disserta\u00e7\u00f5es da USP<\/strong><br>Acesse: <a rel=\"noreferrer noopener\" href=\"https:\/\/teses.usp.br\/\" target=\"_blank\">https:\/\/teses.usp.br\/<\/a><\/p>\n\n\n\n<p><strong>Education Full Text | EBSCO<\/strong><br> Acesse: <a href=\"https:\/\/www.ebsco.com\/products\/research-databases\/education-full-text\" target=\"_blank\" rel=\"noreferrer noopener\">https:\/\/www.ebsco.com\/products\/research-databases\/education-full-text<\/a><\/p>\n\n\n\n<p><strong>Reposit\u00f3rio de Informa\u00e7\u00e3o Tecnol\u00f3gica da Embrapa (Infoteca-e)<\/strong><br>Acesse: <a href=\"https:\/\/www.infoteca.cnptia.embrapa.br\/infoteca\/\" target=\"_blank\" rel=\"noreferrer noopener\">https:\/\/www.infoteca.cnptia.embrapa.br\/infoteca\/<\/a><\/p>\n\n\n\n<p><strong>Instituto de Zootecnia (IZ)<\/strong><br>Acesse: <a href=\"http:\/\/www.iz.sp.gov.br\/pos\/dissertacao.php\" target=\"_blank\" rel=\"noreferrer noopener\">http:\/\/www.iz.sp.gov.br\/pos\/dissertacao.php<\/a><\/p>\n\n\n\n<p><strong>Agricultural Science and Technology Information<\/strong><br>Acesse: <a href=\"https:\/\/agris.fao.org\/agris-search\/index.do\" target=\"_blank\" rel=\"noreferrer noopener\">https:\/\/agris.fao.org\/agris-search\/index.do<\/a><\/p>\n\n\n\n<p><strong>U.S. Department of Agriculture (USDA)<\/strong><br>Acesse: <a href=\"https:\/\/agricola.nal.usda.gov\/\" target=\"_blank\" rel=\"noreferrer noopener\">https:\/\/agricola.nal.usda.gov\/<\/a><\/p>\n\n\n\n<p><strong>Reposit\u00f3rios Cient\u00edficos de Acesso Aberto de Portugal &#8211; RCAAP<\/strong><br>Acesse: <a rel=\"noreferrer noopener\" href=\"https:\/\/www.rcaap.pt\/\" target=\"_blank\">https:\/\/www.rcaap.pt\/<\/a><\/p>\n\n\n\n<p><strong>Acta Botanica Brasilica<\/strong><br>Acesse: <a rel=\"noreferrer noopener\" href=\"https:\/\/www.scielo.br\/j\/abb\/\" target=\"_blank\">https:\/\/www.scielo.br\/j\/abb\/<\/a><\/p>\n\n\n\n<p><strong>Acta Microscopica<\/strong><br>Acesse: <a href=\"https:\/\/acta-microscopica.org\/acta\" target=\"_blank\" rel=\"noreferrer noopener\">https:\/\/acta-microscopica.org\/acta<\/a><\/p>\n\n\n\n<p><strong>Ambiente &amp; Sociedade<\/strong><br>Acesse: <a rel=\"noreferrer noopener\" href=\"https:\/\/www.scielo.br\/j\/asoc\/\" target=\"_blank\">https:\/\/www.scielo.br\/j\/asoc\/<\/a><\/p>\n\n\n\n<p><strong>American Journal of Botany (AJB)<\/strong><br>Acesse: <a href=\"https:\/\/bsapubs.onlinelibrary.wiley.com\/journal\/15372197\" target=\"_blank\" rel=\"noreferrer noopener\">https:\/\/bsapubs.onlinelibrary.wiley.com\/journal\/15372197<\/a><\/p>\n\n\n\n<p><strong>Anais da Academia Brasileira de Ci\u00eancias<\/strong><br>Acesse: <a href=\"https:\/\/www.scielo.br\/j\/aabc\/\" target=\"_blank\" rel=\"noreferrer noopener\">https:\/\/www.scielo.br\/j\/aabc\/<\/a><\/p>\n\n\n\n<p><strong>Applied and Environmental Microbiology<\/strong><br>Acesse: <a href=\"https:\/\/journals.asm.org\/journal\/aem\" target=\"_blank\" rel=\"noreferrer noopener\">https:\/\/journals.asm.org\/journal\/aem<\/a><\/p>\n\n\n\n<p><strong>Arquivos do Instituto Biol\u00f3gico<\/strong><br>Acesse: <a href=\"http:\/\/www.biologico.sp.gov.br\/\" target=\"_blank\" rel=\"noreferrer noopener\">http:\/\/www.biologico.sp.gov.br\/<\/a><\/p>\n\n\n\n<p><strong>Bragantia<\/strong><br> Acesse: <a href=\"https:\/\/www.scielo.br\/j\/brag\/\" target=\"_blank\" rel=\"noreferrer noopener\">https:\/\/www.scielo.br\/j\/brag\/<\/a><\/p>\n\n\n\n<p><strong>Brazilian Journal of Genetics<\/strong><br> Acesse:  <a rel=\"noreferrer noopener\" href=\"https:\/\/www.scielo.br\/j\/bjg\/\" target=\"_blank\">https:\/\/www.scielo.br\/j\/bjg\/<\/a><\/p>\n\n\n\n<p><strong>Brazilian Journal of Infectious Diseases (Bjid)<\/strong><br> Acesse: <a rel=\"noreferrer noopener\" href=\"https:\/\/www.bjid.org.br\/\" target=\"_blank\">https:\/\/www.bjid.org.br\/<\/a>  <\/p>\n\n\n\n<p><strong>Ci\u00eancia Hoje das Crian\u00e7as: Revista de Divulga\u00e7\u00e3o Cient\u00edfica para Crian\u00e7as<\/strong><br> Acesse: <a href=\"http:\/\/chc.org.br\/\" target=\"_blank\" rel=\"noreferrer noopener\">http:\/\/chc.org.br\/<\/a><\/p>\n\n\n\n<p><strong>Ecology and Society<\/strong><br> Acesse: <a rel=\"noreferrer noopener\" href=\"https:\/\/ecologyandsociety.org\/\" target=\"_blank\">https:\/\/ecologyandsociety.org\/<\/a>  <\/p>\n\n\n\n<p><strong>Genetics and Molecular Biology<\/strong><br> Acesse: <a href=\"https:\/\/www.scielo.br\/j\/gmb\/\" target=\"_blank\" rel=\"noreferrer noopener\">https:\/\/www.scielo.br\/j\/gmb\/<\/a> <\/p>\n\n\n\n<p><strong>Horticultura Brasileira<\/strong><br>Acesse: <a rel=\"noreferrer noopener\" href=\"https:\/\/www.horticulturabrasileira.com.br\/\" target=\"_blank\">https:\/\/www.horticulturabrasileira.com.br\/<\/a>  <\/p>\n\n\n\n<p><strong>Iheringia. S\u00e9rie Zoologia<\/strong><br> Acesse: <a href=\"https:\/\/www.scielo.br\/j\/isz\/\" target=\"_blank\" rel=\"noreferrer noopener\">https:\/\/www.scielo.br\/j\/isz\/<\/a>  <\/p>\n\n\n\n<p><strong>Investiga\u00e7\u00f5es em Ensino de Ci\u00eancias<\/strong><br>Acesse: <a href=\"https:\/\/ienci.if.ufrgs.br\/index.php\/ienci\/index\" target=\"_blank\" rel=\"noreferrer noopener\">https:\/\/ienci.if.ufrgs.br\/index.php\/ienci\/index <\/a> <\/p>\n\n\n\n<p><strong>Journal of Venomous Animals and Toxins Including Tropical Diseases<\/strong><br> Acesse: <a rel=\"noreferrer noopener\" href=\"https:\/\/www.scielo.br\/j\/jvatitd\/\" target=\"_blank\">https:\/\/www.scielo.br\/j\/jvatitd\/<\/a>  <\/p>\n\n\n\n<p><strong>Mem\u00f3rias do Instituto Oswaldo Cruz<\/strong><br> Acesse: <a rel=\"noreferrer noopener\" href=\"https:\/\/memorias.ioc.fiocruz.br\/\" target=\"_blank\">https:\/\/memorias.ioc.fiocruz.br\/<\/a> <\/p>\n\n\n\n<p><strong>Naturalia<\/strong><br> Acesse: <a href=\"https:\/\/www.periodicos.rc.biblioteca.unesp.br\/index.php\/naturalia\" target=\"_blank\" rel=\"noreferrer noopener\">https:\/\/www.periodicos.rc.biblioteca.unesp.br\/index.php\/naturalia<\/a>  <\/p>\n\n\n\n<p><strong>Nature &#8211; International Weekly Journal Of Science<\/strong><br> Acesse: <a href=\"https:\/\/www.nature.com\/\" target=\"_blank\" rel=\"noreferrer noopener\">https:\/\/www.nature.com\/<\/a>  <\/p>\n\n\n\n<p><strong>Pap\u00e9is Avulsos de Zoologia<\/strong><br> Acesse: <a rel=\"noreferrer noopener\" href=\"https:\/\/www.scielo.br\/j\/paz\/\" target=\"_blank\">https:\/\/www.scielo.br\/j\/paz\/<\/a>  <\/p>\n\n\n\n<p><strong>Revista Brasileira de Biologia<\/strong><br> Acesse: <a href=\"https:\/\/www.scielo.br\/j\/rbbio\/\" target=\"_blank\" rel=\"noreferrer noopener\">https:\/\/www.scielo.br\/j\/rbbio\/<\/a>  <\/p>\n\n\n\n<p><strong>Revista Brasileira de Bot\u00e2nica<\/strong><br> Acesse: <a href=\"https:\/\/www.scielo.br\/j\/rbb\/\" target=\"_blank\" rel=\"noreferrer noopener\">https:\/\/www.scielo.br\/j\/rbb\/<\/a> <\/p>\n\n\n\n<p><strong>Revista Brasileira de Entomologia (Rbent)<\/strong><br> Acesse: <a href=\"https:\/\/www.scielo.br\/j\/rbent\/\" target=\"_blank\" rel=\"noreferrer noopener\">https:\/\/www.scielo.br\/j\/rbent\/<\/a> <\/p>\n\n\n\n<p><strong>Revista Brasileira de Fisiologia Vegetal<\/strong><br> Acesse: <a href=\"https:\/\/www.scielo.br\/j\/rbfv\/\" target=\"_blank\" rel=\"noreferrer noopener\">https:\/\/www.scielo.br\/j\/rbfv\/ <\/a> <\/p>\n\n\n\n<p><strong>Revista Brasileira de Zoologia<\/strong><br> Acesse: <a href=\"https:\/\/www.scielo.br\/j\/rbzool\/\" target=\"_blank\" rel=\"noreferrer noopener\">https:\/\/www.scielo.br\/j\/rbzool\/<\/a>  <\/p>\n\n\n\n<p><strong>Revista de Microbiologia<\/strong><br> Acesse: <a href=\"https:\/\/www.scielo.br\/j\/rm\/\" target=\"_blank\" rel=\"noreferrer noopener\">https:\/\/www.scielo.br\/j\/rm\/<\/a>  <\/p>\n\n\n\n<p><strong>Scientia Agricola<\/strong><br> Acesse: <a href=\"https:\/\/www.scielo.br\/j\/sa\/\" target=\"_blank\" rel=\"noreferrer noopener\">https:\/\/www.scielo.br\/j\/sa\/<\/a>  <\/p>\n","protected":false},"excerpt":{"rendered":"<p>Biblioteca Virtual Pearson A Biblioteca Virtual Pearson re\u00fane um acervo de mais de 9.000 livros t\u00e9cnicos e de literatura que abrange mais de 40 \u00e1reas do conhecimento.Acesse: https:\/\/www.bvirtual.com.br\/ Portal Dom\u00ednio P\u00fablico O Portal Dom\u00ednio P\u00fablico \u00e9 uma biblioteca virtual do Brasil que oferece acesso de gra\u00e7a a obras liter\u00e1rias, art\u00edsticas e cient\u00edficas (na forma de [&hellip;]<\/p>\n","protected":false},"author":146,"featured_media":0,"parent":0,"menu_order":0,"comment_status":"closed","ping_status":"closed","template":"","meta":[],"_links":{"self":[{"href":"https:\/\/www.ifbaiano.edu.br\/unidades\/valenca\/wp-json\/wp\/v2\/pages\/6906"}],"collection":[{"href":"https:\/\/www.ifbaiano.edu.br\/unidades\/valenca\/wp-json\/wp\/v2\/pages"}],"about":[{"href":"https:\/\/www.ifbaiano.edu.br\/unidades\/valenca\/wp-json\/wp\/v2\/types\/page"}],"author":[{"embeddable":true,"href":"https:\/\/www.ifbaiano.edu.br\/unidades\/valenca\/wp-json\/wp\/v2\/users\/146"}],"replies":[{"embeddable":true,"href":"https:\/\/www.ifbaiano.edu.br\/unidades\/valenca\/wp-json\/wp\/v2\/comments?post=6906"}],"version-history":[{"count":15,"href":"https:\/\/www.ifbaiano.edu.br\/unidades\/valenca\/wp-json\/wp\/v2\/pages\/6906\/revisions"}],"predecessor-version":[{"id":9761,"href":"https:\/\/www.ifbaiano.edu.br\/unidades\/valenca\/wp-json\/wp\/v2\/pages\/6906\/revisions\/9761"}],"wp:attachment":[{"href":"https:\/\/www.ifbaiano.edu.br\/unidades\/valenca\/wp-json\/wp\/v2\/media?parent=6906"}],"curies":[{"name":"wp","href":"https:\/\/api.w.org\/{rel}","templated":true}]}}