{"id":6908,"date":"2021-10-07T13:53:17","date_gmt":"2021-10-07T16:53:17","guid":{"rendered":"https:\/\/www.ifbaiano.edu.br\/unidades\/valenca\/?page_id=6908"},"modified":"2021-10-07T14:02:42","modified_gmt":"2021-10-07T17:02:42","slug":"regulamento","status":"publish","type":"page","link":"https:\/\/www.ifbaiano.edu.br\/unidades\/valenca\/regulamento\/","title":{"rendered":"Regulamento"},"content":{"rendered":"\n<div id=\"ProreitoriaTopoTitulo\">\n\t\t\t\t\tRegulamento Unificado das Bibliotecas do IF Baiano\n\t\t\t\t<\/div>\n\n\n\n<p>Este documento tem por finalidade regulamentar o funcionamento e a utiliza\u00e7\u00e3o das Bibliotecas dos Campi do Instituto Federal de Educa\u00e7\u00e3o, Ci\u00eancia e Tecnologia Baiano (IF Baiano), abrangendo as \u00e1reas de conhecimento de seus cursos e objetivando dot\u00e1-las de qualidade no atendimento aos seus usu\u00e1rios.<\/p>\n\n\n\n<p><strong>Acesse aqui:<\/strong> <a href=\"https:\/\/www.ifbaiano.edu.br\/unidades\/valenca\/files\/2021\/10\/Regulamento-das-Bibliotecas-do-IF-Baiano.pdf\"><strong>Regulamento das Bibliotecas do IF Baiano<\/strong><\/a><\/p>\n","protected":false},"excerpt":{"rendered":"<p>Regulamento Unificado das Bibliotecas do IF Baiano Este documento tem por finalidade regulamentar o funcionamento e a utiliza\u00e7\u00e3o das Bibliotecas dos Campi do Instituto Federal de Educa\u00e7\u00e3o, Ci\u00eancia e Tecnologia Baiano (IF Baiano), abrangendo as \u00e1reas de conhecimento de seus cursos e objetivando dot\u00e1-las de qualidade no atendimento aos seus usu\u00e1rios. Acesse aqui: Regulamento das [&hellip;]<\/p>\n","protected":false},"author":146,"featured_media":0,"parent":0,"menu_order":0,"comment_status":"closed","ping_status":"closed","template":"","meta":[],"_links":{"self":[{"href":"https:\/\/www.ifbaiano.edu.br\/unidades\/valenca\/wp-json\/wp\/v2\/pages\/6908"}],"collection":[{"href":"https:\/\/www.ifbaiano.edu.br\/unidades\/valenca\/wp-json\/wp\/v2\/pages"}],"about":[{"href":"https:\/\/www.ifbaiano.edu.br\/unidades\/valenca\/wp-json\/wp\/v2\/types\/page"}],"author":[{"embeddable":true,"href":"https:\/\/www.ifbaiano.edu.br\/unidades\/valenca\/wp-json\/wp\/v2\/users\/146"}],"replies":[{"embeddable":true,"href":"https:\/\/www.ifbaiano.edu.br\/unidades\/valenca\/wp-json\/wp\/v2\/comments?post=6908"}],"version-history":[{"count":6,"href":"https:\/\/www.ifbaiano.edu.br\/unidades\/valenca\/wp-json\/wp\/v2\/pages\/6908\/revisions"}],"predecessor-version":[{"id":6933,"href":"https:\/\/www.ifbaiano.edu.br\/unidades\/valenca\/wp-json\/wp\/v2\/pages\/6908\/revisions\/6933"}],"wp:attachment":[{"href":"https:\/\/www.ifbaiano.edu.br\/unidades\/valenca\/wp-json\/wp\/v2\/media?parent=6908"}],"curies":[{"name":"wp","href":"https:\/\/api.w.org\/{rel}","templated":true}]}}