{"id":7533,"date":"2022-05-03T15:01:39","date_gmt":"2022-05-03T18:01:39","guid":{"rendered":"https:\/\/www.ifbaiano.edu.br\/unidades\/valenca\/?page_id=7533"},"modified":"2023-06-21T09:25:34","modified_gmt":"2023-06-21T12:25:34","slug":"cursos-superiores","status":"publish","type":"page","link":"https:\/\/www.ifbaiano.edu.br\/unidades\/valenca\/cursos-superiores\/","title":{"rendered":"Cursos Superiores"},"content":{"rendered":"\n<p>Os cursos com oferta de vagas no IF Baiano &#8211; Campus Valen\u00e7a s\u00e3o:<\/p>\n\n\n\n<div id=\"ProreitoriaTopoTitulo\">\n\t\t\t\t\tSele\u00e7\u00f5es 2023\n\t\t\t\t<\/div>\n\n\n\n<p><a href=\"https:\/\/www.ifbaiano.edu.br\/unidades\/valenca\/2023\/05\/04\/campus-valenca-abre-selecao-para-preencher-vagas-no-curso-de-biologia\/\">PROCESSO SELETIVO 2023 (LICENCIATURA)<\/a> \u2013 Curso superior de licenciatura em Ci\u00eancias Biol\u00f3gicas &#8211; <em>06 vagas<\/em><\/p>\n\n\n\n<div id=\"ProreitoriaTopoTitulo\">\n\t\t\t\t\tSele\u00e7\u00f5es 2022\n\t\t\t\t<\/div>\n\n\n\n<p><a href=\"https:\/\/concurso.ifbaiano.edu.br\/portal\/pos-leitura-valenca-abril-2022\/\">PROCESSO SELETIVO 2022 (ESPECIALIZA\u00c7\u00c3O)<\/a> \u2013 Curso de P\u00f3s-Gradua\u00e7\u00e3o Lato Sensu em Leitura e Produ\u00e7\u00e3o Textual Aplicadas \u00e0 Educa\u00e7\u00e3o de Jovens e Adultos (POSLET) \u2013&nbsp;<em>35 vagas<\/em><\/p>\n\n\n\n<p>  <\/p>\n","protected":false},"excerpt":{"rendered":"<p>Os cursos com oferta de vagas no IF Baiano &#8211; Campus Valen\u00e7a s\u00e3o: Sele\u00e7\u00f5es 2023 PROCESSO SELETIVO 2023 (LICENCIATURA) \u2013 Curso superior de licenciatura em Ci\u00eancias Biol\u00f3gicas &#8211; 06 vagas Sele\u00e7\u00f5es 2022 PROCESSO SELETIVO 2022 (ESPECIALIZA\u00c7\u00c3O) \u2013 Curso de P\u00f3s-Gradua\u00e7\u00e3o Lato Sensu em Leitura e Produ\u00e7\u00e3o Textual Aplicadas \u00e0 Educa\u00e7\u00e3o de Jovens e Adultos (POSLET) [&hellip;]<\/p>\n","protected":false},"author":146,"featured_media":0,"parent":0,"menu_order":0,"comment_status":"closed","ping_status":"closed","template":"","meta":[],"_links":{"self":[{"href":"https:\/\/www.ifbaiano.edu.br\/unidades\/valenca\/wp-json\/wp\/v2\/pages\/7533"}],"collection":[{"href":"https:\/\/www.ifbaiano.edu.br\/unidades\/valenca\/wp-json\/wp\/v2\/pages"}],"about":[{"href":"https:\/\/www.ifbaiano.edu.br\/unidades\/valenca\/wp-json\/wp\/v2\/types\/page"}],"author":[{"embeddable":true,"href":"https:\/\/www.ifbaiano.edu.br\/unidades\/valenca\/wp-json\/wp\/v2\/users\/146"}],"replies":[{"embeddable":true,"href":"https:\/\/www.ifbaiano.edu.br\/unidades\/valenca\/wp-json\/wp\/v2\/comments?post=7533"}],"version-history":[{"count":6,"href":"https:\/\/www.ifbaiano.edu.br\/unidades\/valenca\/wp-json\/wp\/v2\/pages\/7533\/revisions"}],"predecessor-version":[{"id":9062,"href":"https:\/\/www.ifbaiano.edu.br\/unidades\/valenca\/wp-json\/wp\/v2\/pages\/7533\/revisions\/9062"}],"wp:attachment":[{"href":"https:\/\/www.ifbaiano.edu.br\/unidades\/valenca\/wp-json\/wp\/v2\/media?parent=7533"}],"curies":[{"name":"wp","href":"https:\/\/api.w.org\/{rel}","templated":true}]}}