{"id":7609,"date":"2022-05-16T10:08:38","date_gmt":"2022-05-16T13:08:38","guid":{"rendered":"https:\/\/www.ifbaiano.edu.br\/unidades\/valenca\/?page_id=7609"},"modified":"2024-09-01T18:56:54","modified_gmt":"2024-09-01T21:56:54","slug":"paise","status":"publish","type":"page","link":"https:\/\/www.ifbaiano.edu.br\/unidades\/valenca\/paise\/","title":{"rendered":"PAISE"},"content":{"rendered":"\n<div id=\"ProreitoriaTopoTitulo\">\n\t\t\t\t\tPrograma de Assist\u00eancia e Inclus\u00e3o Social do Estudante \u2013 PAISE \n\t\t\t\t<\/div>\n\n\n\n<p>Esse programa \u00e9 desenvolvido atrav\u00e9s de aux\u00edlios financeiros e de a\u00e7\u00f5es no C<em>ampus<\/em>, assegurados aos educandos selecionados, e tem a finalidade de ofertar apoio aos estudantes em situa\u00e7\u00e3o de vulnerabilidade socioecon\u00f4mica comprovada, que estejam regularmente matriculados em um dos cursos oferecidos pelo&nbsp;<em>campus<\/em>.&nbsp; \u00c9 necess\u00e1rio comprovar situa\u00e7\u00e3o socioecon\u00f4mica por meio de processo de avalia\u00e7\u00e3o realizado pelas Assistentes Sociais de acordo com Edital.<\/p>\n\n\n\n<div id=\"ProreitoriaTopoTitulo\">\n\t\t\t\t\tAux\u00edlios \n\t\t\t\t<\/div>\n\n\n\n<p>O PAISE engloba os aux\u00edlios moradia, creche, transporte, perman\u00eancia e material acad\u00eamico.<\/p>\n\n\n\n<ul>\n<li><strong>Aux\u00edlio Moradia:<\/strong> concess\u00e3o de recurso financeiro, fixo e mensal, para custear as despesas de aluguel aos estudantes oriundos de outros munic\u00edpios, que precisaram se mudar, em virtude do ingresso no Instituto, para a cidade do campus ou munic\u00edpio circunvizinho a fim de participar das APNPs, ensino h\u00edbrido e\/ ou das aulas presenciais.<\/li>\n<\/ul>\n\n\n\n<ul>\n<li><strong>Aux\u00edlio Creche:<\/strong> concess\u00e3o de repasse financeiro, fixo e mensal, ao estudante pai ou m\u00e3e com filho de at\u00e9 5 (cinco) anos, 11 meses e 29 dias de idade no ato da inscri\u00e7\u00e3o, ou com defici\u00eancia comprovada por laudo m\u00e9dico, que resida com o estudante e n\u00e3o possua amparo familiar para o cuidado durante o hor\u00e1rio de aula.<\/li>\n<\/ul>\n\n\n\n<ul>\n<li><strong>Aux\u00edlio Transporte:<\/strong> concess\u00e3o de repasse financeiro, fixo e mensal, a estudantes para custear as despesas com transporte, auxiliando o translado de ida e volta ou ida ou volta ao Campus durante o per\u00edodo letivo. Este aux\u00edlio n\u00e3o pode ser concedido a estudantes atendidos por programa similares, tais como transporte ou vales transportes concedidos pelas prefeituras integralmente.<\/li>\n<\/ul>\n\n\n\n<ul>\n<li><strong>Aux\u00edlio Perman\u00eancia:<\/strong> concess\u00e3o de repasse financeiro, fixo e mensal, ao estudante que n\u00e3o possui perfil para os demais aux\u00edlios n\u00e3o acumul\u00e1veis, contudo, vivem em situa\u00e7\u00e3o de vulnerabilidade, e cuja renda per capita familiar seja de at\u00e9 50% do sal\u00e1rio m\u00ednimo vigente.<\/li>\n<\/ul>\n\n\n\n<ul>\n<li><strong>Aux\u00edlio Material Acad\u00eamico: <\/strong>concess\u00e3o de repasse financeiro, \u00fanico e anual ao estudante, para custeio de material acad\u00eamico. Pode ser acumulado com outros aux\u00edlios.<\/li>\n<\/ul>\n\n\n\n<div id=\"ProreitoriaTopoTitulo\">\n\t\t\t\t\tParticipa\u00e7\u00e3o\n\t\t\t\t<\/div>\n\n\n\n<p>Para participar do PAISE, o estudante dever\u00e1 estar matriculado e com frequ\u00eancia regular em curso ofertado pelo campus, de n\u00edvel m\u00e9dio ou gradua\u00e7\u00e3o, nas modalidades presencial ou EaD (inclusive durante as APNPs ou ensino h\u00edbrido) e possuir renda per capita familiar de at\u00e9 um sal\u00e1rio m\u00ednimo e meio vigente.<\/p>\n\n\n\n<p>Em caso de d\u00favidas, o aluno pode encaminhar e-mail para&nbsp;<a href=\"mailto:clae@valenca.ifbaiano.edu.br\">clae@valenca.ifbaiano.edu.br<\/a>, ou buscar presencialmente a Coordena\u00e7\u00e3o de Assuntos Estudantis (CAE) ou o Servi\u00e7o Social do campus.<\/p>\n\n\n\n<div id=\"ProreitoriaTopoTitulo\">\n\t\t\t\t\tEditais Publicados\n\t\t\t\t<\/div>\n\n\n\n<div class=\"wp-block-file\"><a id=\"wp-block-file--media-04109ecc-4aec-4cd1-8271-dba5dbdd1dea\" href=\"https:\/\/www.ifbaiano.edu.br\/unidades\/valenca\/files\/2024\/09\/RESULTADO_PAISE20241-SEGUNDACHAMADA.pdf\">RESULTADO_PAISE20241-SEGUNDACHAMADA<br><\/a><\/div>\n\n\n\n<div class=\"wp-block-file\"><a id=\"wp-block-file--media-91ac54d6-8ca7-4a81-a62d-cc5da142ac87\" href=\"https:\/\/www.ifbaiano.edu.br\/unidades\/valenca\/files\/2024\/09\/PAISE-2024.1_Resultado-preliminar_Terceira-chamada.pdf\">PAISE-2024.1_Resultado-preliminar_Terceira-chamada<\/a><\/div>\n\n\n\n<div class=\"wp-block-file\"><a id=\"wp-block-file--media-5df054ee-54dd-4efb-bcda-24c5c98eab9f\" href=\"https:\/\/www.ifbaiano.edu.br\/unidades\/valenca\/files\/2024\/08\/RESULTADO_FINAL-PAISE-20241.pdf\">RESULTADO_FINAL-PAISE-20241<\/a><\/div>\n\n\n\n<div class=\"wp-block-file\"><a id=\"wp-block-file--media-2f281ffa-4e63-443f-b01d-198c3ad080f3\" href=\"https:\/\/www.ifbaiano.edu.br\/unidades\/valenca\/files\/2024\/07\/resultado_PAISE20241.pdf\">Resultado_PAISE 20241 &#8211; RESULTADO PRELIMINAR PAISE<\/a><\/div>\n\n\n\n<p><a href=\"https:\/\/www.ifbaiano.edu.br\/unidades\/valenca\/2022\/07\/28\/campus-valenca-publica-edital-de-selecao-para-o-programa-de-assistencia-e-inclusao-social-do-estudante-paise\/\" data-type=\"URL\">Edital 14\/2022<\/a> &#8211; Programa de Assist\u00eancia e Inclus\u00e3o Social do Estudante \u2013 PAISE 2022<\/p>\n\n\n\n<p><a href=\"https:\/\/www.ifbaiano.edu.br\/unidades\/valenca\/2022\/04\/06\/campus-valenca-lanca-edital-de-vagas-remanescentes-para-o-paise\/\">Edital n\u00ba 07\/2022<\/a> &#8211; Vagas Remanescentes \u2013 PAISE 2021.2<\/p>\n\n\n\n<p><a href=\"https:\/\/www.ifbaiano.edu.br\/unidades\/valenca\/2022\/02\/18\/programa-de-assistencia-e-inclusao-social-do-estudante-paise\/\">Edital n\u00ba 04\/2021<\/a> &#8211; Programa de Assist\u00eancia e Inclus\u00e3o Social do Estudante \u2013 PAISE 2021.2<\/p>\n","protected":false},"excerpt":{"rendered":"<p>Programa de Assist\u00eancia e Inclus\u00e3o Social do Estudante \u2013 PAISE Esse programa \u00e9 desenvolvido atrav\u00e9s de aux\u00edlios financeiros e de a\u00e7\u00f5es no Campus, assegurados aos educandos selecionados, e tem a finalidade de ofertar apoio aos estudantes em situa\u00e7\u00e3o de vulnerabilidade socioecon\u00f4mica comprovada, que estejam regularmente matriculados em um dos cursos oferecidos pelo&nbsp;campus.&nbsp; \u00c9 necess\u00e1rio comprovar [&hellip;]<\/p>\n","protected":false},"author":146,"featured_media":0,"parent":0,"menu_order":0,"comment_status":"closed","ping_status":"closed","template":"","meta":[],"_links":{"self":[{"href":"https:\/\/www.ifbaiano.edu.br\/unidades\/valenca\/wp-json\/wp\/v2\/pages\/7609"}],"collection":[{"href":"https:\/\/www.ifbaiano.edu.br\/unidades\/valenca\/wp-json\/wp\/v2\/pages"}],"about":[{"href":"https:\/\/www.ifbaiano.edu.br\/unidades\/valenca\/wp-json\/wp\/v2\/types\/page"}],"author":[{"embeddable":true,"href":"https:\/\/www.ifbaiano.edu.br\/unidades\/valenca\/wp-json\/wp\/v2\/users\/146"}],"replies":[{"embeddable":true,"href":"https:\/\/www.ifbaiano.edu.br\/unidades\/valenca\/wp-json\/wp\/v2\/comments?post=7609"}],"version-history":[{"count":14,"href":"https:\/\/www.ifbaiano.edu.br\/unidades\/valenca\/wp-json\/wp\/v2\/pages\/7609\/revisions"}],"predecessor-version":[{"id":9882,"href":"https:\/\/www.ifbaiano.edu.br\/unidades\/valenca\/wp-json\/wp\/v2\/pages\/7609\/revisions\/9882"}],"wp:attachment":[{"href":"https:\/\/www.ifbaiano.edu.br\/unidades\/valenca\/wp-json\/wp\/v2\/media?parent=7609"}],"curies":[{"name":"wp","href":"https:\/\/api.w.org\/{rel}","templated":true}]}}